{"id":129,"date":"2020-08-23T20:50:00","date_gmt":"2020-08-23T23:50:00","guid":{"rendered":"https:\/\/wp.ufpel.edu.br\/sociologiasmarginais\/?page_id=129"},"modified":"2020-08-25T22:20:11","modified_gmt":"2020-08-26T01:20:11","slug":"primeira-atividade","status":"publish","type":"page","link":"https:\/\/wp.ufpel.edu.br\/sociologiasmarginais\/leituras-dirigidas\/2020-2\/primeira-atividade\/","title":{"rendered":"Primeiro encontro"},"content":{"rendered":"<h4 style=\"text-align: center\">O PAPEL DA CULTURA E DA CI\u00caNCIA NA (RE)PRODU\u00c7\u00c3O DO MUNDO<\/h4>\n<p style=\"text-align: left\"><strong>EIXO DA CULTURA<br \/>\nPrimeiro encontro:<\/strong> 02 de setembro de 2020.<br \/>\n<strong>Hor\u00e1rio:<\/strong> 10:30 &#8211; 12:00.<br \/>\n<strong>Ministrante:<\/strong> Dra. Georgina Helena Lima Nunes &#8211; PPGE\/UFPel.<br \/>\n<strong>Limite:<\/strong> 30 vagas.<br \/>\n<strong>Modalidade:<\/strong> Online (link ser\u00e1 enviado para os\/as inscritos\/as).<\/p>\n<p style=\"text-align: center\"><strong>Texto:<\/strong> Centralidade da Cultura: notas sobre as revolu\u00e7\u00f5es culturais do nosso tempo (Stuart Hall).<br \/>\n<a href=\"https:\/\/wp.ufpel.edu.br\/sociologiasmarginais\/files\/2020\/08\/Centralidade-da-Cultura.-Notas-sobre-as-revolu\u00e7\u00f5es-culturais-do-nosso-tempo.pdf\">Centralidade da Cultura. Notas sobre as revolu\u00e7\u00f5es culturais do nosso tempo<\/a><\/p>\n<p style=\"text-align: center\"><strong><a href=\"https:\/\/docs.google.com\/forms\/d\/e\/1FAIpQLSfmqQpWb0OwcjNEnJnlyvhbOfPcqr5YubN8hBZK31VlNx_pbg\/viewform?usp=sf_link\">FORMUL\u00c1RIO PARA INSCRI\u00c7\u00c3O<\/a><\/strong><\/p>\n","protected":false},"excerpt":{"rendered":"<p>O PAPEL DA CULTURA E DA CI\u00caNCIA NA (RE)PRODU\u00c7\u00c3O DO MUNDO EIXO DA CULTURA Primeiro encontro: 02 de setembro de 2020. Hor\u00e1rio: 10:30 &#8211; 12:00. Ministrante: Dra. Georgina Helena Lima Nunes &#8211; PPGE\/UFPel. Limite: 30 vagas. Modalidade: Online (link ser\u00e1 enviado para os\/as inscritos\/as). Texto: Centralidade da Cultura: notas sobre as revolu\u00e7\u00f5es culturais do nosso [&hellip;]<\/p>\n","protected":false},"author":1064,"featured_media":0,"parent":126,"menu_order":1,"comment_status":"closed","ping_status":"closed","template":"","meta":{"jetpack_post_was_ever_published":false,"footnotes":""},"class_list":["post-129","page","type-page","status-publish","hentry"],"jetpack_sharing_enabled":true,"_links":{"self":[{"href":"https:\/\/wp.ufpel.edu.br\/sociologiasmarginais\/wp-json\/wp\/v2\/pages\/129","targetHints":{"allow":["GET"]}}],"collection":[{"href":"https:\/\/wp.ufpel.edu.br\/sociologiasmarginais\/wp-json\/wp\/v2\/pages"}],"about":[{"href":"https:\/\/wp.ufpel.edu.br\/sociologiasmarginais\/wp-json\/wp\/v2\/types\/page"}],"author":[{"embeddable":true,"href":"https:\/\/wp.ufpel.edu.br\/sociologiasmarginais\/wp-json\/wp\/v2\/users\/1064"}],"replies":[{"embeddable":true,"href":"https:\/\/wp.ufpel.edu.br\/sociologiasmarginais\/wp-json\/wp\/v2\/comments?post=129"}],"version-history":[{"count":6,"href":"https:\/\/wp.ufpel.edu.br\/sociologiasmarginais\/wp-json\/wp\/v2\/pages\/129\/revisions"}],"predecessor-version":[{"id":163,"href":"https:\/\/wp.ufpel.edu.br\/sociologiasmarginais\/wp-json\/wp\/v2\/pages\/129\/revisions\/163"}],"up":[{"embeddable":true,"href":"https:\/\/wp.ufpel.edu.br\/sociologiasmarginais\/wp-json\/wp\/v2\/pages\/126"}],"wp:attachment":[{"href":"https:\/\/wp.ufpel.edu.br\/sociologiasmarginais\/wp-json\/wp\/v2\/media?parent=129"}],"curies":[{"name":"wp","href":"https:\/\/api.w.org\/{rel}","templated":true}]}}