{"id":126,"date":"2020-08-23T20:49:18","date_gmt":"2020-08-23T23:49:18","guid":{"rendered":"https:\/\/wp.ufpel.edu.br\/sociologiasmarginais\/?page_id=126"},"modified":"2020-08-26T12:43:55","modified_gmt":"2020-08-26T15:43:55","slug":"2020-2","status":"publish","type":"page","link":"https:\/\/wp.ufpel.edu.br\/sociologiasmarginais\/leituras-dirigidas\/2020-2\/","title":{"rendered":"O papel da cultura e da ci\u00eancia na (re)produ\u00e7\u00e3o do mundo"},"content":{"rendered":"<p style=\"text-align: justify\"><strong>A\u00e7\u00e3o de Leitura Dirigida &#8211; 2020<\/strong><\/p>\n<p style=\"text-align: center\"><strong>O PAPEL DA CULTURA E DA CI\u00caNCIA NA (RE)PRODU\u00c7\u00c3O DO MUNDO<\/strong><\/p>\n<p><strong>Periodicidade:<\/strong> ser\u00e3o 03 encontros.<br \/>\n\u2794 02\/09\/2020: eixo da Cultura<br \/>\n\u2794 30\/09\/2020: eixo da Ci\u00eancia<br \/>\n\u2794 21\/10\/2020: articula\u00e7\u00e3o dos eixos Cultura e Ci\u00eancia<\/p>\n<p><strong>Carga hor\u00e1ria por encontro:<\/strong> 90 minutos (1h e 30min).<\/p>\n<p><strong>Limite:<\/strong> 30 vagas por encontro.<\/p>\n<p><strong>Modalidade:<\/strong> Online.<\/p>\n<p><strong>P\u00fablico:<\/strong> Discentes da p\u00f3s-gradua\u00e7\u00e3o, comunidade universit\u00e1ria e comunidade em geral.<\/p>\n<p style=\"text-align: justify\"><strong>Objetivo espec\u00edfico:<\/strong> Realizar a leitura cr\u00edtica sobre os aspectos concernentes \u00e0s aproxima\u00e7\u00f5es e interjei\u00e7\u00f5es que brotam entre os eixos cultural e cient\u00edfico na dimens\u00e3o de (re)produ\u00e7\u00e3o do mundo e seus valores civilizat\u00f3rios.<\/p>\n<p style=\"text-align: justify\"><strong>Metodologia:<\/strong> sele\u00e7\u00e3o de textos correlatos \u00e0 tem\u00e1tica da atividade; leitura dos textos; discuss\u00e3o dos textos em grupo, sob a coordena\u00e7\u00e3o de pesquisadores\/as convidados\/as.<\/p>\n<p><strong>D\u00favidas: <\/strong>sociologiasmarginais@gmail.com<\/p>\n","protected":false},"excerpt":{"rendered":"<p>A\u00e7\u00e3o de Leitura Dirigida &#8211; 2020 O PAPEL DA CULTURA E DA CI\u00caNCIA NA (RE)PRODU\u00c7\u00c3O DO MUNDO Periodicidade: ser\u00e3o 03 encontros. \u2794 02\/09\/2020: eixo da Cultura \u2794 30\/09\/2020: eixo da Ci\u00eancia \u2794 21\/10\/2020: articula\u00e7\u00e3o dos eixos Cultura e Ci\u00eancia Carga hor\u00e1ria por encontro: 90 minutos (1h e 30min). Limite: 30 vagas por encontro. Modalidade: Online. [&hellip;]<\/p>\n","protected":false},"author":1064,"featured_media":0,"parent":35,"menu_order":1,"comment_status":"closed","ping_status":"closed","template":"","meta":{"jetpack_post_was_ever_published":false,"footnotes":""},"class_list":["post-126","page","type-page","status-publish","hentry"],"jetpack_sharing_enabled":true,"_links":{"self":[{"href":"https:\/\/wp.ufpel.edu.br\/sociologiasmarginais\/wp-json\/wp\/v2\/pages\/126","targetHints":{"allow":["GET"]}}],"collection":[{"href":"https:\/\/wp.ufpel.edu.br\/sociologiasmarginais\/wp-json\/wp\/v2\/pages"}],"about":[{"href":"https:\/\/wp.ufpel.edu.br\/sociologiasmarginais\/wp-json\/wp\/v2\/types\/page"}],"author":[{"embeddable":true,"href":"https:\/\/wp.ufpel.edu.br\/sociologiasmarginais\/wp-json\/wp\/v2\/users\/1064"}],"replies":[{"embeddable":true,"href":"https:\/\/wp.ufpel.edu.br\/sociologiasmarginais\/wp-json\/wp\/v2\/comments?post=126"}],"version-history":[{"count":5,"href":"https:\/\/wp.ufpel.edu.br\/sociologiasmarginais\/wp-json\/wp\/v2\/pages\/126\/revisions"}],"predecessor-version":[{"id":169,"href":"https:\/\/wp.ufpel.edu.br\/sociologiasmarginais\/wp-json\/wp\/v2\/pages\/126\/revisions\/169"}],"up":[{"embeddable":true,"href":"https:\/\/wp.ufpel.edu.br\/sociologiasmarginais\/wp-json\/wp\/v2\/pages\/35"}],"wp:attachment":[{"href":"https:\/\/wp.ufpel.edu.br\/sociologiasmarginais\/wp-json\/wp\/v2\/media?parent=126"}],"curies":[{"name":"wp","href":"https:\/\/api.w.org\/{rel}","templated":true}]}}