{"id":96,"date":"2023-03-15T10:17:44","date_gmt":"2023-03-15T13:17:44","guid":{"rendered":"https:\/\/wp.ufpel.edu.br\/socialpathologies\/?page_id=96"},"modified":"2023-04-05T14:32:55","modified_gmt":"2023-04-05T17:32:55","slug":"videos-e-publicacoes","status":"publish","type":"page","link":"https:\/\/wp.ufpel.edu.br\/socialpathologies\/videos-e-publicacoes\/","title":{"rendered":"V\u00eddeos e Publica\u00e7\u00f5es"},"content":{"rendered":"<p><span style=\"font-size: 14pt;\">No dia 23 de Janeiro de 2023, foi transmitida no Youtube, a live &#8220;O Sagrado e o Humano&#8221;. Com participa\u00e7\u00e3o dos doutores em Filosofia, Jovino Pizzi e Ricardo Salas Astrain, a conversa foi conduzida por Deodato Dias.<\/span><!--more--><\/p>\n<p>&nbsp;<\/p>\n<p><span style=\"font-size: 14pt;\">O canal &#8216;Linha de Divisa&#8217; de Deodato na plataforma busca fomentar debates entrevistando pesquisadores das \u00e1reas da Filosofia, Teologia, Hist\u00f3ria, Arqueologia, entre outras.<\/span><\/p>\n<p>&nbsp;<\/p>\n<p><span style=\"font-size: 14pt;\">A participa\u00e7\u00e3o de Jovino Pizzi pode ser assistida no link abaixo:<\/span><\/p>\n<p><iframe loading=\"lazy\" title=\"YouTube video player\" src=\"https:\/\/www.youtube.com\/embed\/im8Mh5iR5SQ\" width=\"560\" height=\"315\" frameborder=\"0\" allowfullscreen=\"allowfullscreen\"><\/iframe><\/p>\n","protected":false},"excerpt":{"rendered":"<p>No dia 23 de Janeiro de 2023, foi transmitida no Youtube, a live &#8220;O Sagrado e o Humano&#8221;. Com participa\u00e7\u00e3o dos doutores em Filosofia, Jovino Pizzi e Ricardo Salas Astrain, a conversa foi conduzida por Deodato Dias.<\/p>\n","protected":false},"author":958,"featured_media":0,"parent":0,"menu_order":0,"comment_status":"closed","ping_status":"closed","template":"","meta":{"footnotes":""},"class_list":["post-96","page","type-page","status-publish","hentry","post"],"_links":{"self":[{"href":"https:\/\/wp.ufpel.edu.br\/socialpathologies\/wp-json\/wp\/v2\/pages\/96","targetHints":{"allow":["GET"]}}],"collection":[{"href":"https:\/\/wp.ufpel.edu.br\/socialpathologies\/wp-json\/wp\/v2\/pages"}],"about":[{"href":"https:\/\/wp.ufpel.edu.br\/socialpathologies\/wp-json\/wp\/v2\/types\/page"}],"author":[{"embeddable":true,"href":"https:\/\/wp.ufpel.edu.br\/socialpathologies\/wp-json\/wp\/v2\/users\/958"}],"replies":[{"embeddable":true,"href":"https:\/\/wp.ufpel.edu.br\/socialpathologies\/wp-json\/wp\/v2\/comments?post=96"}],"version-history":[{"count":3,"href":"https:\/\/wp.ufpel.edu.br\/socialpathologies\/wp-json\/wp\/v2\/pages\/96\/revisions"}],"predecessor-version":[{"id":145,"href":"https:\/\/wp.ufpel.edu.br\/socialpathologies\/wp-json\/wp\/v2\/pages\/96\/revisions\/145"}],"wp:attachment":[{"href":"https:\/\/wp.ufpel.edu.br\/socialpathologies\/wp-json\/wp\/v2\/media?parent=96"}],"curies":[{"name":"wp","href":"https:\/\/api.w.org\/{rel}","templated":true}]}}