{"id":32,"date":"2023-02-22T13:44:09","date_gmt":"2023-02-22T16:44:09","guid":{"rendered":"https:\/\/wp.ufpel.edu.br\/socialpathologies\/?page_id=32"},"modified":"2023-03-15T10:14:06","modified_gmt":"2023-03-15T13:14:06","slug":"sobre","status":"publish","type":"page","link":"https:\/\/wp.ufpel.edu.br\/socialpathologies\/sobre\/","title":{"rendered":"Sobre"},"content":{"rendered":"<p style=\"font-weight: 400;\"><span style=\"font-size: 14pt;\">Em 2018, a UFPel elaborou um projeto Institucional, centrado em duas palavras-chave para o projeto da IES: sa\u00fade e alimentos. Naquele ano, foi gestado\u00a0o Observat\u00f3rio Global de Patologias Sociais que representou, sem d\u00favidas, uma inova\u00e7\u00e3o, ao tempo que congrega pesquisadores de \u00e1reas diversas (dentro e fora da UFPel, em n\u00edvel nacional e internacional.<\/span><\/p>\n<p style=\"font-weight: 400;\"><span style=\"font-size: 14pt;\">Na sua concep\u00e7\u00e3o, o foco central est\u00e1 na qualidade de vida durante o ciclo vital.\u00a0 Atrav\u00e9s de uma vis\u00e3o multidiscipliar, o projeto re\u00fane pesquisadores das \u00e1reas das ci\u00eancias sociais, humanas e da sa\u00fade. Al\u00e9m do diagn\u00f3stico, \u00e9 saliente a preocupa\u00e7\u00e3o com pol\u00edticas de desenvolvimento sustent\u00e1vel.<\/span><\/p>\n<p><span style=\"font-weight: 400; font-size: 14pt;\">O conceito cl\u00ednico de patologias sociais, n\u00e3o apenas relativo ao diagn\u00f3stico da situa\u00e7\u00e3o ou do sofrimento social, mas no progn\u00f3stico e na interven\u00e7\u00e3o terap\u00eautica, de forma que os ant\u00eddotos destinados a dirimir ou mitigar as situa\u00e7\u00f5es de sofrimento social.<\/span><\/p>\n","protected":false},"excerpt":{"rendered":"<p>Em 2018, a UFPel elaborou um projeto Institucional, centrado em duas palavras-chave para o projeto da IES: sa\u00fade e alimentos. Naquele ano, foi gestado\u00a0o Observat\u00f3rio Global de Patologias Sociais que representou, sem d\u00favidas, uma inova\u00e7\u00e3o, ao tempo que congrega pesquisadores de \u00e1reas diversas (dentro e fora da UFPel, em n\u00edvel nacional e internacional. Na sua [&hellip;]<\/p>\n","protected":false},"author":958,"featured_media":0,"parent":0,"menu_order":0,"comment_status":"closed","ping_status":"closed","template":"","meta":{"footnotes":""},"class_list":["post-32","page","type-page","status-publish","hentry","post"],"_links":{"self":[{"href":"https:\/\/wp.ufpel.edu.br\/socialpathologies\/wp-json\/wp\/v2\/pages\/32","targetHints":{"allow":["GET"]}}],"collection":[{"href":"https:\/\/wp.ufpel.edu.br\/socialpathologies\/wp-json\/wp\/v2\/pages"}],"about":[{"href":"https:\/\/wp.ufpel.edu.br\/socialpathologies\/wp-json\/wp\/v2\/types\/page"}],"author":[{"embeddable":true,"href":"https:\/\/wp.ufpel.edu.br\/socialpathologies\/wp-json\/wp\/v2\/users\/958"}],"replies":[{"embeddable":true,"href":"https:\/\/wp.ufpel.edu.br\/socialpathologies\/wp-json\/wp\/v2\/comments?post=32"}],"version-history":[{"count":3,"href":"https:\/\/wp.ufpel.edu.br\/socialpathologies\/wp-json\/wp\/v2\/pages\/32\/revisions"}],"predecessor-version":[{"id":92,"href":"https:\/\/wp.ufpel.edu.br\/socialpathologies\/wp-json\/wp\/v2\/pages\/32\/revisions\/92"}],"wp:attachment":[{"href":"https:\/\/wp.ufpel.edu.br\/socialpathologies\/wp-json\/wp\/v2\/media?parent=32"}],"curies":[{"name":"wp","href":"https:\/\/api.w.org\/{rel}","templated":true}]}}