{"id":291,"date":"2025-09-16T14:12:59","date_gmt":"2025-09-16T17:12:59","guid":{"rendered":"https:\/\/wp.ufpel.edu.br\/socialpathologies\/?page_id=291"},"modified":"2025-10-23T18:27:41","modified_gmt":"2025-10-23T21:27:41","slug":"vjpt","status":"publish","type":"page","link":"https:\/\/wp.ufpel.edu.br\/socialpathologies\/vjpt\/","title":{"rendered":"5\u00b0 JPT"},"content":{"rendered":"<div id=\"pl-291\"  class=\"panel-layout\" ><div id=\"pg-291-0\"  class=\"panel-grid panel-no-style\" ><div id=\"pgc-291-0-0\"  class=\"panel-grid-cell\" ><div id=\"panel-291-0-0-0\" class=\"so-panel widget widget_sow-editor panel-first-child\" data-index=\"0\" ><div\n\t\t\t\n\t\t\tclass=\"so-widget-sow-editor so-widget-sow-editor-base\"\n\t\t\t\n\t\t><h3 class=\"widget-title\">Programa\u00e7\u00e3o Oficial da V Jornada de Pedagogia Triangular<\/h3>\n<div class=\"siteorigin-widget-tinymce textwidget\">\n\t<p>A <strong data-start=\"213\" data-end=\"324\">V Jornada de Pedagogia Triangular \u2013 As Ci\u00eancias nas Escolas e a Triangularidade entre os Diferentes Saberes<\/strong> j\u00e1 tem sua <strong data-start=\"336\" data-end=\"370\">programa\u00e7\u00e3o completa e oficial<\/strong> divulgada. O evento ser\u00e1 realizado nos dias <strong data-start=\"415\" data-end=\"442\">03, 04 e 05 de novembro<\/strong>, nas depend\u00eancias da <strong data-start=\"464\" data-end=\"487\">FAE e FAMET \u2013 UFPel<\/strong>.<\/p>\n<p>A programa\u00e7\u00e3o inclui <strong data-start=\"513\" data-end=\"563\">palestras, mesas de debate e oficinas de campo<\/strong>, com a presen\u00e7a de profissionais de diferentes institui\u00e7\u00f5es nacionais e internacionais. Voc\u00ea pode conferir mais informa\u00e7\u00f5es importantes sobre a programa\u00e7\u00e3o nos pr\u00f3ximos dias pelo nosso Instagram: <a href=\"https:\/\/www.instagram.com\/socialpathologies_ufpel\/\">https:\/\/www.instagram.com\/socialpathologies_ufpel\/<\/a><\/p>\n<p>As <strong data-start=\"898\" data-end=\"912\">inscri\u00e7\u00f5es <\/strong>s\u00e3o <strong data-start=\"898\" data-end=\"912\">limitadas<\/strong> e\u00a0devem ser realizadas <strong data-start=\"934\" data-end=\"1010\">pelo formul\u00e1rio: <\/strong><a href=\"https:\/\/forms.gle\/TChjxuQvXQWixVk98\">https:\/\/forms.gle\/TChjxuQvXQWixVk98<\/a><strong data-start=\"934\" data-end=\"1010\"><a href=\"https:\/\/forms.gle\/TChjxuQvXQWixVk98\"><\/a><\/strong><\/p>\n<p><img loading=\"lazy\" decoding=\"async\" class=\"alignnone size-medium wp-image-332\" src=\"https:\/\/wp.ufpel.edu.br\/socialpathologies\/files\/2025\/10\/Completa-400x225.png\" alt=\"\" width=\"400\" height=\"225\" srcset=\"https:\/\/wp.ufpel.edu.br\/socialpathologies\/files\/2025\/10\/Completa-400x225.png 400w, https:\/\/wp.ufpel.edu.br\/socialpathologies\/files\/2025\/10\/Completa-1024x576.png 1024w, https:\/\/wp.ufpel.edu.br\/socialpathologies\/files\/2025\/10\/Completa-768x432.png 768w, https:\/\/wp.ufpel.edu.br\/socialpathologies\/files\/2025\/10\/Completa-1536x864.png 1536w, https:\/\/wp.ufpel.edu.br\/socialpathologies\/files\/2025\/10\/Completa.png 1920w\" sizes=\"auto, (max-width: 400px) 100vw, 400px\" \/><\/p>\n<\/div>\n<\/div><\/div><div id=\"panel-291-0-0-1\" class=\"so-panel widget widget_sow-editor panel-last-child\" data-index=\"1\" ><div\n\t\t\t\n\t\t\tclass=\"so-widget-sow-editor so-widget-sow-editor-base\"\n\t\t\t\n\t\t><h3 class=\"widget-title\">[PR\u00c9VIA] Programa\u00e7\u00e3o Provis\u00f3ria da 5 Jornada de Pedagogia Triangular<\/h3>\n<div class=\"siteorigin-widget-tinymce textwidget\">\n\t<p>Confira a programa\u00e7\u00e3o PR\u00c9VIA e j\u00e1 reserve a data para este importante encontro acad\u00eamico, promovido pela Faculdade de Educa\u00e7\u00e3o (FaE), Departamento de Fundamentos da Educa\u00e7\u00e3o, Programa de P\u00f3s-Gradua\u00e7\u00e3o em Educa\u00e7\u00e3o (PPGE) e Observat\u00f3rio Global de Patologias Sociais (OGPS\/UFPEL). Acesse o link ao final da p\u00e1gina para se inscrever na Jornada.<\/p>\n<p>PROGRAMA\u00c7\u00c3O PROVIS\u00d3RIA DO EVENTO<\/p>\n<p>V JORNADA SOBRE A PEDAGOGIA TRIANGULAR:<\/p>\n<p>As ci\u00eancias nas escolas e a \u201ctriangularidade\u201d entre diferentes saberes<\/p>\n<p>Universidade Federal de Pelotas (UFPel)<\/p>\n<p>Faculdade de Educa\u00e7\u00e3o (FaE)<\/p>\n<p>Departamento de Fundamentos da Educa\u00e7\u00e3o<\/p>\n<p>Programa de P\u00f3s-Gradua\u00e7\u00e3o em Educa\u00e7\u00e3o (PPGE)<\/p>\n<p>Observat\u00f3rio Global de Patologias Sociais (OGPS\/UFPel)<\/p>\n<p>03 de novembro de 2025<\/p>\n<p>Manh\u00e3<\/p>\n<p>Local: CEHUS\/UFPel<\/p>\n<p>8hs: Credenciamento<\/p>\n<p>8:30 - Cerim\u00f4nia de Abertura: Coordenador Geral do Evento; Chefia do Departamento de Fundamentos da Educa\u00e7\u00e3o; Coordena\u00e7\u00e3o do PPGE\/UFPel; Pr\u00f3-Reitoria de Pesquisa e P\u00f3s-Gradua\u00e7\u00e3o UFPel.<\/p>\n<p>9h - Palestra de Abertura: \"Novas perspectivas de uma epistemologia\u00a0 triangular\" - Prof. Dr. Jovino Pizzi (PPGE\/UFPel); \u201cPor uma educa\u00e7\u00e3o Decolonial e Interseccional\u201d \u2013 Prof. Dr. Cristian Vald\u00e9s Norambuena (Chile)<\/p>\n<p>10hs: Pausa para Caf\u00e9<\/p>\n<p>10:30 - Mesa de Debate: Pr\u00e1ticas Educativas desde uma perspectiva triangular<\/p>\n<p>- Coordena\u00e7\u00e3o Maribel Andrade (P\u00f3s-doutoranda\/PPGE \u2013 UFPel): composta por professores da rede de educa\u00e7\u00e3o b\u00e1sica de Pelotas e convidados<\/p>\n<p>Tarde<\/p>\n<p>Local: Escola da Rede B\u00e1sica de Ensino \u2013 Pelotas<\/p>\n<p>14:00 \/17:00\u00a0 -\u00a0 Visita de Campo: Escolas da Rede de Ensino B\u00e1sico<\/p>\n<p>04 de novembro de 2025<\/p>\n<p>Manh\u00e3<\/p>\n<p>Local: CEHUS\/UFPel<\/p>\n<p>9hs - Palestra: Os saberes tradicionais em conex\u00e3o com o conhecimento acad\u00eamico cient\u00edfico \u2013 Profa. Dra. Giseli do Prado Siqueira (PUC\/Minas Gerais); Lissette Torres Arevalo<\/p>\n<p>10hs: Pausa para Caf\u00e9<\/p>\n<p>10:30\/12:00 - Mesa de Debate: Pr\u00e1ticas Docentes em Perspectiva Triangular Coordena\u00e7\u00e3o Diln\u00e9ia Couto: composta por p\u00f3s-graduandos em educa\u00e7\u00e3o do PPGE\/UFPel e convidados<\/p>\n<p>Tarde<\/p>\n<p>Local: Escola da Rede B\u00e1sica de Ensino \u2013 Pelotas<\/p>\n<p>Visita de Campo: Escolas da Rede de Ensino B\u00e1sico<\/p>\n<p>05 de novembro de 2025<\/p>\n<p>Manh\u00e3<\/p>\n<p>Local: CEHUS\/UFPel ou Campus Cap\u00e3o do Le\u00e3o<\/p>\n<p>9hs - Palestra de Encerramento: \u201cO di\u00e1logo de saberes, compassos e descompassos, a universidade e a escola\u201d Profa. Dra. Solange Landero (UCT\/Chile)<\/p>\n<p>10:00 - Pausa para Caf\u00e9<\/p>\n<p>10:30 - Mesa de Encerramento: Propostas, projetos e caminhos futuros - Equipe do Observat\u00f3rio Global de Patologias Sociais (OGPS\/UFPel) e Convidados<\/p>\n<p>Encerramento das Atividades<\/p>\n<p><strong>Link para inscrever-se: <a href=\"https:\/\/forms.gle\/QUx4PpGjdv32628t7\">https:\/\/forms.gle\/QUx4PpGjdv32628t7<\/a><\/strong><\/p>\n<\/div>\n<\/div><\/div><\/div><\/div><\/div>","protected":false},"excerpt":{"rendered":"<p>A V Jornada de Pedagogia Triangular \u2013 As Ci\u00eancias nas Escolas e a Triangularidade entre os Diferentes Saberes j\u00e1 tem sua programa\u00e7\u00e3o completa e oficial divulgada. O evento ser\u00e1 realizado nos dias 03, 04 e 05 de novembro, nas depend\u00eancias da FAE e FAMET \u2013 UFPel. A programa\u00e7\u00e3o inclui palestras, mesas de debate e oficinas [&hellip;]<\/p>\n","protected":false},"author":958,"featured_media":306,"parent":0,"menu_order":0,"comment_status":"closed","ping_status":"closed","template":"","meta":{"footnotes":""},"class_list":["post-291","page","type-page","status-publish","has-post-thumbnail","hentry","post","post-with-thumbnail","post-with-thumbnail-large"],"_links":{"self":[{"href":"https:\/\/wp.ufpel.edu.br\/socialpathologies\/wp-json\/wp\/v2\/pages\/291","targetHints":{"allow":["GET"]}}],"collection":[{"href":"https:\/\/wp.ufpel.edu.br\/socialpathologies\/wp-json\/wp\/v2\/pages"}],"about":[{"href":"https:\/\/wp.ufpel.edu.br\/socialpathologies\/wp-json\/wp\/v2\/types\/page"}],"author":[{"embeddable":true,"href":"https:\/\/wp.ufpel.edu.br\/socialpathologies\/wp-json\/wp\/v2\/users\/958"}],"replies":[{"embeddable":true,"href":"https:\/\/wp.ufpel.edu.br\/socialpathologies\/wp-json\/wp\/v2\/comments?post=291"}],"version-history":[{"count":3,"href":"https:\/\/wp.ufpel.edu.br\/socialpathologies\/wp-json\/wp\/v2\/pages\/291\/revisions"}],"predecessor-version":[{"id":335,"href":"https:\/\/wp.ufpel.edu.br\/socialpathologies\/wp-json\/wp\/v2\/pages\/291\/revisions\/335"}],"wp:featuredmedia":[{"embeddable":true,"href":"https:\/\/wp.ufpel.edu.br\/socialpathologies\/wp-json\/wp\/v2\/media\/306"}],"wp:attachment":[{"href":"https:\/\/wp.ufpel.edu.br\/socialpathologies\/wp-json\/wp\/v2\/media?parent=291"}],"curies":[{"name":"wp","href":"https:\/\/api.w.org\/{rel}","templated":true}]}}