{"id":239,"date":"2024-07-24T14:41:38","date_gmt":"2024-07-24T17:41:38","guid":{"rendered":"https:\/\/wp.ufpel.edu.br\/socialpathologies\/?page_id=239"},"modified":"2024-08-07T17:53:41","modified_gmt":"2024-08-07T20:53:41","slug":"4a-jpt","status":"publish","type":"page","link":"https:\/\/wp.ufpel.edu.br\/socialpathologies\/4a-jpt\/","title":{"rendered":"4\u00aa JPT"},"content":{"rendered":"<p style=\"text-align: justify;\"><span style=\"font-size: 14pt;\"><span style=\"font-weight: 400;\">A IV Jornada sobre Pedagogia Triangular \u00e9 um evento promovido pela FAPERGS, e realizado pelos Programa de P\u00f3s-Gradua\u00e7\u00e3o em Educa\u00e7\u00e3o e Programa de P\u00f3s-Gradua\u00e7\u00e3o em Odontologia da UFPel.<\/span><span style=\"font-weight: 400;\">\u00a0<\/span><\/span><\/p>\n<p style=\"text-align: justify;\"><span style=\"font-weight: 400; font-size: 14pt;\">Este evento nasce no ano de 2018, com a proposta desafiadora do professor Jovino de abordar nosso matizes afro-ib\u00e9rico e amer\u00edndios de modo a repensar os encontros e desencontros dos distintos mundos a partir da perspectiva triangular, ou seja, da rela\u00e7\u00e3o dos tr\u00eas povos.<\/span><\/p>\n<p style=\"text-align: justify;\"><span style=\"font-size: 14pt;\"><span style=\"font-weight: 400;\">Neste ano de <strong>2024<\/strong>, a &#8216;<em>IV Jornada da Pedagogia Triangular: \u00c9tica, doc\u00eancia e <\/em><\/span><span style=\"font-weight: 400;\"><em>interculturalidade<\/em>&#8216;, tem o intuito de repensar ante a perspectiva da \u00e9tica, as convivialidades entre nossos matizes afro-ib\u00e9rico e amer\u00edndio para superar patologias advindas da unilateralidade e monolinguismo etno-hist\u00f3rico e geocultural os quais perpassam a forma\u00e7\u00e3o docente.\u00a0\u00a0<\/span><\/span><\/p>\n<p style=\"text-align: justify;\"><span style=\"font-weight: 400; font-size: 14pt;\">A no\u00e7\u00e3o intercultural epist\u00eamica tamb\u00e9m comp\u00f5e o horizonte da \u00e9tica entre estes matizes passando a ser refer\u00eancia formativa na constru\u00e7\u00e3o de uma sociedade saud\u00e1vel o que inclui a forma\u00e7\u00e3o de professores.<\/span><\/p>\n<p>&nbsp;<\/p>\n<p><a href=\"https:\/\/forms.gle\/ZmR5ZDzhG7Wgx1bf8\">INSCRI\u00c7\u00d5ES:\u00a0<\/a><\/p>\n","protected":false},"excerpt":{"rendered":"<p>A IV Jornada sobre Pedagogia Triangular \u00e9 um evento promovido pela FAPERGS, e realizado pelos Programa de P\u00f3s-Gradua\u00e7\u00e3o em Educa\u00e7\u00e3o e Programa de P\u00f3s-Gradua\u00e7\u00e3o em Odontologia da UFPel.\u00a0 Este evento nasce no ano de 2018, com a proposta desafiadora do professor Jovino de abordar nosso matizes afro-ib\u00e9rico e amer\u00edndios de modo a repensar os encontros [&hellip;]<\/p>\n","protected":false},"author":958,"featured_media":0,"parent":0,"menu_order":0,"comment_status":"closed","ping_status":"closed","template":"","meta":{"footnotes":""},"class_list":["post-239","page","type-page","status-publish","hentry","post"],"_links":{"self":[{"href":"https:\/\/wp.ufpel.edu.br\/socialpathologies\/wp-json\/wp\/v2\/pages\/239","targetHints":{"allow":["GET"]}}],"collection":[{"href":"https:\/\/wp.ufpel.edu.br\/socialpathologies\/wp-json\/wp\/v2\/pages"}],"about":[{"href":"https:\/\/wp.ufpel.edu.br\/socialpathologies\/wp-json\/wp\/v2\/types\/page"}],"author":[{"embeddable":true,"href":"https:\/\/wp.ufpel.edu.br\/socialpathologies\/wp-json\/wp\/v2\/users\/958"}],"replies":[{"embeddable":true,"href":"https:\/\/wp.ufpel.edu.br\/socialpathologies\/wp-json\/wp\/v2\/comments?post=239"}],"version-history":[{"count":4,"href":"https:\/\/wp.ufpel.edu.br\/socialpathologies\/wp-json\/wp\/v2\/pages\/239\/revisions"}],"predecessor-version":[{"id":252,"href":"https:\/\/wp.ufpel.edu.br\/socialpathologies\/wp-json\/wp\/v2\/pages\/239\/revisions\/252"}],"wp:attachment":[{"href":"https:\/\/wp.ufpel.edu.br\/socialpathologies\/wp-json\/wp\/v2\/media?parent=239"}],"curies":[{"name":"wp","href":"https:\/\/api.w.org\/{rel}","templated":true}]}}