{"id":16,"date":"2023-02-06T17:25:52","date_gmt":"2023-02-06T20:25:52","guid":{"rendered":"https:\/\/wp.ufpel.edu.br\/socialpathologies\/?page_id=16"},"modified":"2023-02-06T17:32:57","modified_gmt":"2023-02-06T20:32:57","slug":"glossario","status":"publish","type":"page","link":"https:\/\/wp.ufpel.edu.br\/socialpathologies\/glossario\/","title":{"rendered":"Gloss\u00e1rio"},"content":{"rendered":"<p>Esta obra es una compilaci\u00f3n de algunas categor\u00edas relacionadas a patolog\u00edas sociales. Por sus caracter\u00edsticas y diversidad, se trata de una especie de glosario, se\u00f1alando distintas patolog\u00edas sociales que hoy d\u00eda generan sufrimiento y, por lo tanto, afectan la convivencia social. Las expresiones hacen referencia a situaciones t\u00edpicas de anom\u00edas de nuestro tiempo y, por esta raz\u00f3n, pueden contribuir para el an\u00e1lisis de los d\u00e9ficits sociales. Las consideraciones patol\u00f3gicas se relacionan al desarrollo deficitario y, por lo tanto, afectan tanto la autorrealizaci\u00f3n como la convivencia social.Esta propuesta nace del Observatorio Global de Patolog\u00edas Sociales, proyecto ligado a investigadores de la Universidad Federal de Pelotas. En \u00e9l, est\u00e1n involucrados profesores del \u00e1rea de la salud, de ciencias sociales, de filosof\u00eda y de otras a\u00e9reas. Esa experiencia de interdisciplinaridad rompe el encastillamiento monoling\u00fce para construir puentes entre distintas \u00e1reas del conocimiento.<\/p>\n<p><a href=\"http:\/\/guaiaca.ufpel.edu.br:8080\/bitstream\/prefix\/7723\/1\/Glos\u00e1rio_de_patolog\u00edas_sociales_ebook.pdf\">http:\/\/guaiaca.ufpel.edu.br:8080\/bitstream\/prefix\/7723\/1\/Glos\u00e1rio_de_patolog\u00edas_sociales_ebook.pdf<\/a><\/p>\n","protected":false},"excerpt":{"rendered":"<p>Esta obra es una compilaci\u00f3n de algunas categor\u00edas relacionadas a patolog\u00edas sociales. Por sus caracter\u00edsticas y diversidad, se trata de una especie de glosario, se\u00f1alando distintas patolog\u00edas sociales que hoy d\u00eda generan sufrimiento y, por lo tanto, afectan la convivencia social. Las expresiones hacen referencia a situaciones t\u00edpicas de anom\u00edas de nuestro tiempo y, por [&hellip;]<\/p>\n","protected":false},"author":958,"featured_media":0,"parent":0,"menu_order":0,"comment_status":"closed","ping_status":"closed","template":"","meta":{"footnotes":""},"class_list":["post-16","page","type-page","status-publish","hentry","post"],"_links":{"self":[{"href":"https:\/\/wp.ufpel.edu.br\/socialpathologies\/wp-json\/wp\/v2\/pages\/16","targetHints":{"allow":["GET"]}}],"collection":[{"href":"https:\/\/wp.ufpel.edu.br\/socialpathologies\/wp-json\/wp\/v2\/pages"}],"about":[{"href":"https:\/\/wp.ufpel.edu.br\/socialpathologies\/wp-json\/wp\/v2\/types\/page"}],"author":[{"embeddable":true,"href":"https:\/\/wp.ufpel.edu.br\/socialpathologies\/wp-json\/wp\/v2\/users\/958"}],"replies":[{"embeddable":true,"href":"https:\/\/wp.ufpel.edu.br\/socialpathologies\/wp-json\/wp\/v2\/comments?post=16"}],"version-history":[{"count":4,"href":"https:\/\/wp.ufpel.edu.br\/socialpathologies\/wp-json\/wp\/v2\/pages\/16\/revisions"}],"predecessor-version":[{"id":26,"href":"https:\/\/wp.ufpel.edu.br\/socialpathologies\/wp-json\/wp\/v2\/pages\/16\/revisions\/26"}],"wp:attachment":[{"href":"https:\/\/wp.ufpel.edu.br\/socialpathologies\/wp-json\/wp\/v2\/media?parent=16"}],"curies":[{"name":"wp","href":"https:\/\/api.w.org\/{rel}","templated":true}]}}