{"id":124,"date":"2023-03-28T18:48:26","date_gmt":"2023-03-28T21:48:26","guid":{"rendered":"https:\/\/wp.ufpel.edu.br\/socialpathologies\/?page_id=124"},"modified":"2023-04-05T13:50:10","modified_gmt":"2023-04-05T16:50:10","slug":"instituicoes","status":"publish","type":"page","link":"https:\/\/wp.ufpel.edu.br\/socialpathologies\/instituicoes\/","title":{"rendered":"Institui\u00e7\u00f5es"},"content":{"rendered":"<p>Confira algumas Institui\u00e7\u00f5es parceiras no projeto e os seus respectivos colaboradores:<\/p>\n<p>&nbsp;<\/p>\n<div class=\"gmail_default\" style=\"text-align: center;\">CHARLES FELDHAUS<\/div>\n<div style=\"text-align: center;\">UNIVERSIDADE ESTADUAL DE LONDRINA &#8211; UEL<\/div>\n<div><\/div>\n<div><\/div>\n<div class=\"gmail_default\" style=\"text-align: center;\">CRISTOBAL BALBONTIM<\/div>\n<div style=\"text-align: center;\">UNIVERSIDAD AUSTRAL &#8211; VALDIVIA, CHILE<\/div>\n<div style=\"text-align: center;\"><a href=\"https:\/\/diario.uach.cl\/tag\/dr-cristobal-balbontin\/\">https:\/\/diario.uach.cl\/tag\/dr-cristobal-balbontin\/<\/a><\/div>\n<div><\/div>\n<div><\/div>\n<div class=\"gmail_default\" style=\"text-align: center;\">CRISTI\u00c1N VALD\u00c9S NORAMBUENA<\/div>\n<div><\/div>\n<div><\/div>\n<div style=\"text-align: center;\">DELAMAR J. VOLPATO DUTRA<\/div>\n<div style=\"text-align: center;\">UNIVERSIDADE FEDERAL DE SANTA CATARINA &#8211; UFSC<br \/>\n<a href=\"https:\/\/fil.cfh.ufsc.br\/delamar-jose-volpato-dutra\/\">https:\/\/fil.cfh.ufsc.br\/delamar-jose-volpato-dutra\/<\/a><\/div>\n<div><\/div>\n<div><\/div>\n<div class=\"gmail_default\" style=\"text-align: center;\">EDUARDO A. RUEDA<\/div>\n<div style=\"text-align: center;\">UNIVERSIDAD NACIONAL &#8211; COLOMBIA<br \/>\n<a href=\"https:\/\/clacso.academia.edu\/EduardoARueda\">https:\/\/clacso.academia.edu\/EduardoARueda<\/a><\/div>\n<div><\/div>\n<div><\/div>\n<div class=\"gmail_default\" style=\"text-align: center;\">FELIPE GON\u00c7ALVES DA SILVA<\/div>\n<div class=\"gmail_default\" style=\"text-align: center;\">UNIVERSIDADE FEDERAL DO RIO GRANDE DO SUL &#8211; UFRGS<br \/>\n<a href=\"https:\/\/www.ufrgs.br\/ifch\/index.php\/br\/felipe-goncalves-silva\">https:\/\/www.ufrgs.br\/ifch\/index.php\/br\/felipe-goncalves-silva<\/a><\/div>\n<div><\/div>\n<div><\/div>\n<div class=\"gmail_default\" style=\"text-align: center;\">IVAN CANALES<\/div>\n<div style=\"text-align: center;\">UNIVERSIDAD AUTONOMA DE CHILE<\/div>\n<div><\/div>\n<div><\/div>\n<div style=\"text-align: center;\">MARIBEL DA ROSA ANDRADE<\/div>\n<div style=\"text-align: center;\">SECRETARIA MUNICIPAL DE EDUCA\u00c7\u00c3O PELOTAS &#8211; RS<\/div>\n<div><\/div>\n<div><\/div>\n<div style=\"text-align: center;\">RICARDO SALAS ASTRAIN<\/div>\n<div style=\"text-align: center;\">UNIVERSIDAD CAT\u00d3LICA DE TEMUCO<br \/>\n<a href=\"https:\/\/vip.uct.cl\/profesores\/ricardo-florentino-salas-astrain\/\">https:\/\/vip.uct.cl\/profesores\/ricardo-florentino-salas-astrain\/<\/a><\/div>\n","protected":false},"excerpt":{"rendered":"<p>Confira algumas Institui\u00e7\u00f5es parceiras no projeto e os seus respectivos colaboradores: &nbsp; CHARLES FELDHAUS UNIVERSIDADE ESTADUAL DE LONDRINA &#8211; UEL CRISTOBAL BALBONTIM UNIVERSIDAD AUSTRAL &#8211; VALDIVIA, CHILE https:\/\/diario.uach.cl\/tag\/dr-cristobal-balbontin\/ CRISTI\u00c1N VALD\u00c9S NORAMBUENA DELAMAR J. VOLPATO DUTRA UNIVERSIDADE FEDERAL DE SANTA CATARINA &#8211; UFSC https:\/\/fil.cfh.ufsc.br\/delamar-jose-volpato-dutra\/ EDUARDO A. RUEDA UNIVERSIDAD NACIONAL &#8211; COLOMBIA https:\/\/clacso.academia.edu\/EduardoARueda FELIPE GON\u00c7ALVES DA SILVA [&hellip;]<\/p>\n","protected":false},"author":958,"featured_media":0,"parent":0,"menu_order":0,"comment_status":"closed","ping_status":"closed","template":"","meta":{"footnotes":""},"class_list":["post-124","page","type-page","status-publish","hentry","post"],"_links":{"self":[{"href":"https:\/\/wp.ufpel.edu.br\/socialpathologies\/wp-json\/wp\/v2\/pages\/124","targetHints":{"allow":["GET"]}}],"collection":[{"href":"https:\/\/wp.ufpel.edu.br\/socialpathologies\/wp-json\/wp\/v2\/pages"}],"about":[{"href":"https:\/\/wp.ufpel.edu.br\/socialpathologies\/wp-json\/wp\/v2\/types\/page"}],"author":[{"embeddable":true,"href":"https:\/\/wp.ufpel.edu.br\/socialpathologies\/wp-json\/wp\/v2\/users\/958"}],"replies":[{"embeddable":true,"href":"https:\/\/wp.ufpel.edu.br\/socialpathologies\/wp-json\/wp\/v2\/comments?post=124"}],"version-history":[{"count":5,"href":"https:\/\/wp.ufpel.edu.br\/socialpathologies\/wp-json\/wp\/v2\/pages\/124\/revisions"}],"predecessor-version":[{"id":130,"href":"https:\/\/wp.ufpel.edu.br\/socialpathologies\/wp-json\/wp\/v2\/pages\/124\/revisions\/130"}],"wp:attachment":[{"href":"https:\/\/wp.ufpel.edu.br\/socialpathologies\/wp-json\/wp\/v2\/media?parent=124"}],"curies":[{"name":"wp","href":"https:\/\/api.w.org\/{rel}","templated":true}]}}