{"id":23,"date":"2022-10-17T09:57:48","date_gmt":"2022-10-17T12:57:48","guid":{"rendered":"https:\/\/wp.ufpel.edu.br\/smcena\/?page_id=23"},"modified":"2024-04-30T18:38:43","modified_gmt":"2024-04-30T21:38:43","slug":"informacoes-para-professores","status":"publish","type":"page","link":"https:\/\/wp.ufpel.edu.br\/smcena\/informacoes-para-professores\/","title":{"rendered":"Materiais de apoio"},"content":{"rendered":"<p>Nesse menu est\u00e3o os materiais de apoio para as rodas de conversa e brincadeira e aqueles utilizados no curso de aperfei\u00e7oamento para professores.<\/p>\n<p>Para acess\u00e1-los utilize os submenus abaixo deste menu principal.<\/p>\n","protected":false},"excerpt":{"rendered":"<p>Nesse menu est\u00e3o os materiais de apoio para as rodas de conversa e brincadeira e aqueles utilizados no curso de aperfei\u00e7oamento para professores. Para acess\u00e1-los utilize os submenus abaixo deste menu principal.<\/p>\n","protected":false},"author":1240,"featured_media":0,"parent":0,"menu_order":2,"comment_status":"closed","ping_status":"closed","template":"","meta":{"footnotes":""},"class_list":["post-23","page","type-page","status-publish","hentry","post"],"jetpack_sharing_enabled":true,"_links":{"self":[{"href":"https:\/\/wp.ufpel.edu.br\/smcena\/wp-json\/wp\/v2\/pages\/23","targetHints":{"allow":["GET"]}}],"collection":[{"href":"https:\/\/wp.ufpel.edu.br\/smcena\/wp-json\/wp\/v2\/pages"}],"about":[{"href":"https:\/\/wp.ufpel.edu.br\/smcena\/wp-json\/wp\/v2\/types\/page"}],"author":[{"embeddable":true,"href":"https:\/\/wp.ufpel.edu.br\/smcena\/wp-json\/wp\/v2\/users\/1240"}],"replies":[{"embeddable":true,"href":"https:\/\/wp.ufpel.edu.br\/smcena\/wp-json\/wp\/v2\/comments?post=23"}],"version-history":[{"count":12,"href":"https:\/\/wp.ufpel.edu.br\/smcena\/wp-json\/wp\/v2\/pages\/23\/revisions"}],"predecessor-version":[{"id":245,"href":"https:\/\/wp.ufpel.edu.br\/smcena\/wp-json\/wp\/v2\/pages\/23\/revisions\/245"}],"wp:attachment":[{"href":"https:\/\/wp.ufpel.edu.br\/smcena\/wp-json\/wp\/v2\/media?parent=23"}],"curies":[{"name":"wp","href":"https:\/\/api.w.org\/{rel}","templated":true}]}}