{"id":971,"date":"2018-01-15T09:00:13","date_gmt":"2018-01-15T11:00:13","guid":{"rendered":"https:\/\/wp.ufpel.edu.br\/sisu\/?page_id=971"},"modified":"2023-01-05T13:52:49","modified_gmt":"2023-01-05T16:52:49","slug":"resultados-da-avaliacao-de-deficiencia-2018-1","status":"publish","type":"page","link":"https:\/\/wp.ufpel.edu.br\/sisu\/resultado-da-avaliacao-de-deficiencia\/resultados-da-avaliacao-de-deficiencia-2018-1\/","title":{"rendered":"Resultados da avalia\u00e7\u00e3o de defici\u00eancia 2018\/1"},"content":{"rendered":"<p><a href=\"https:\/\/wp.ufpel.edu.br\/sisu\/2018\/03\/05\/resultado-preliminar-sisu-2018-01-lista-de-espera-primeira-chamada\/\">Resultado Final &#8211; An\u00e1lise de Defici\u00eancia &#8211; Primeira Convoca\u00e7\u00e3o<\/a><\/p>\n<p><a href=\"https:\/\/wp.ufpel.edu.br\/sisu\/2018\/02\/21\/resultado-final-sisu-2018-01\/\">Resultado Final &#8211; An\u00e1lise de Defici\u00eancia &#8211; Chamada Regular<\/a><\/p>\n<p><a href=\"https:\/\/wp.ufpel.edu.br\/sisu\/files\/2018\/02\/relat%C3%B3rio_parecer_cotas_Preliminar.pdf\">relat\u00f3rio_parecer_cotas_Preliminar<\/a><\/p>\n","protected":false},"excerpt":{"rendered":"<p>Resultado Final &#8211; An\u00e1lise de Defici\u00eancia &#8211; Primeira Convoca\u00e7\u00e3o Resultado Final &#8211; An\u00e1lise de Defici\u00eancia &#8211; Chamada Regular relat\u00f3rio_parecer_cotas_Preliminar<\/p>\n","protected":false},"author":743,"featured_media":0,"parent":51,"menu_order":0,"comment_status":"closed","ping_status":"closed","template":"","meta":{"advanced_seo_description":"","jetpack_seo_html_title":"","jetpack_seo_noindex":false,"jetpack_post_was_ever_published":false,"footnotes":""},"class_list":["post-971","page","type-page","status-publish","hentry"],"jetpack_sharing_enabled":true,"jetpack_shortlink":"https:\/\/wp.me\/P8Nz4H-fF","jetpack-related-posts":[{"id":1642,"url":"https:\/\/wp.ufpel.edu.br\/sisu\/resultado-da-avaliacao-de-deficiencia\/resultados-da-avaliacao-de-deficiencia-2018-2\/","url_meta":{"origin":971,"position":0},"title":"Resultados da avalia\u00e7\u00e3o de defici\u00eancia 2018\/2","author":"sisu","date":"30\/07\/2018","format":false,"excerpt":"Resultado Final \u2013 An\u00e1lise de Defici\u00eancia \u2013 Primeira Convoca\u00e7\u00e3o Resultado Preliminar \u2013 An\u00e1lise de Defici\u00eancia \u2013 Segunda Convoca\u00e7\u00e3o","rel":"","context":"Post similar","block_context":{"text":"Post similar","link":""},"img":{"alt_text":"","src":"","width":0,"height":0},"classes":[]},{"id":378,"url":"https:\/\/wp.ufpel.edu.br\/sisu\/resultado-da-avaliacao-de-deficiencia\/resultados-da-avaliacao-de-deficiencia-20172\/","url_meta":{"origin":971,"position":1},"title":"Resultados da avalia\u00e7\u00e3o de defici\u00eancia 2017\/2","author":"COACE","date":"14\/06\/2017","format":false,"excerpt":"Resultado Final SISU 2017","rel":"","context":"Post similar","block_context":{"text":"Post similar","link":""},"img":{"alt_text":"","src":"","width":0,"height":0},"classes":[]},{"id":51,"url":"https:\/\/wp.ufpel.edu.br\/sisu\/resultado-da-avaliacao-de-deficiencia\/","url_meta":{"origin":971,"position":2},"title":"Resultados da avalia\u00e7\u00e3o de defici\u00eancia","author":"COACE","date":"01\/06\/2017","format":false,"excerpt":"Resultados da avalia\u00e7\u00e3o de defici\u00eancia Resultados da avalia\u00e7\u00e3o de defici\u00eancia SISU 2018\/2 Resultados da avalia\u00e7\u00e3o de defici\u00eancia SISU 2018\/1 Resultados da avalia\u00e7\u00e3o de defici\u00eancia SISU 2017\/2","rel":"","context":"Post similar","block_context":{"text":"Post similar","link":""},"img":{"alt_text":"","src":"","width":0,"height":0},"classes":[]},{"id":331,"url":"https:\/\/wp.ufpel.edu.br\/sisu\/editais-selecao-socioeconomica\/resultados-da-avaliacao-socioeconomica-sisu-20171\/","url_meta":{"origin":971,"position":3},"title":"Resultados da avalia\u00e7\u00e3o socioecon\u00f4mica SISU 2017\/1","author":"prae","date":"06\/06\/2017","format":false,"excerpt":"SISU RESULTADO PARCIAL DO EDITAL 03\/2017-CRA \u2013 COMUNICADO 16 SISU RESULTADO PARCIAL DO EDITAL 03\/2017-CRA \u2013 COMUNICADO 12 SISU Ver\u00e3o 2017 e PAVE \u2013 Resultado FINAL da an\u00e1lise socioecon\u00f4mica \u2013 Comunicados 10 e 11 RESULTADO FINAL DOS EDITAIS 003 e 004\/2017-CRA SISU\/ENEM VER\u00c3O 2017 e PAVE COMUNICADOS 10 E 11\u2026","rel":"","context":"Post similar","block_context":{"text":"Post similar","link":""},"img":{"alt_text":"","src":"","width":0,"height":0},"classes":[]},{"id":97,"url":"https:\/\/wp.ufpel.edu.br\/sisu\/documentos\/l13\/","url_meta":{"origin":971,"position":4},"title":"LI_PCD","author":"sisu","date":"01\/06\/2017","format":false,"excerpt":"LI_PCD - Candidatos com defici\u00eancia, independentemente da renda, que tenham cursado integralmente o ensino m\u00e9dio em escolas p\u00fablicas ou em escolas comunit\u00e1rias que atuam no \u00e2mbito da educa\u00e7\u00e3o do campo conveniadas com o poder p\u00fablico (Lei n\u00ba 12.711\/2012).","rel":"","context":"Post similar","block_context":{"text":"Post similar","link":""},"img":{"alt_text":"","src":"","width":0,"height":0},"classes":[]},{"id":18,"url":"https:\/\/wp.ufpel.edu.br\/sisu\/editais\/","url_meta":{"origin":971,"position":5},"title":"Editais de matr\u00edculas","author":"sisu","date":"01\/06\/2017","format":false,"excerpt":"O SiSU \u00e9 a principal forma de ingresso nos cursos de gradua\u00e7\u00e3o da UFPel. \u00c9 preciso fazer o Exame Nacional do Ensino M\u00e9dio (ENEM) e realizar a inscri\u00e7\u00e3o pelo Sistema de Sele\u00e7\u00e3o Unificada (SiSU). Confira abaixo as informa\u00e7\u00f5es sobre as matr\u00edculas: Acesse o passo a passo para realizar a sua\u2026","rel":"","context":"Post similar","block_context":{"text":"Post similar","link":""},"img":{"alt_text":"","src":"https:\/\/i0.wp.com\/wp.ufpel.edu.br\/sisu\/files\/2024\/02\/LISTA-DE-ESPERA.png?resize=350%2C200&ssl=1","width":350,"height":200,"srcset":"https:\/\/i0.wp.com\/wp.ufpel.edu.br\/sisu\/files\/2024\/02\/LISTA-DE-ESPERA.png?resize=350%2C200&ssl=1 1x, https:\/\/i0.wp.com\/wp.ufpel.edu.br\/sisu\/files\/2024\/02\/LISTA-DE-ESPERA.png?resize=525%2C300&ssl=1 1.5x, https:\/\/i0.wp.com\/wp.ufpel.edu.br\/sisu\/files\/2024\/02\/LISTA-DE-ESPERA.png?resize=700%2C400&ssl=1 2x, https:\/\/i0.wp.com\/wp.ufpel.edu.br\/sisu\/files\/2024\/02\/LISTA-DE-ESPERA.png?resize=1050%2C600&ssl=1 3x"},"classes":[]}],"publishpress_future_action":{"enabled":false,"date":"2026-04-15 23:01:13","action":"change-status","newStatus":"draft","terms":[],"taxonomy":"","extraData":[]},"publishpress_future_workflow_manual_trigger":{"enabledWorkflows":[]},"_links":{"self":[{"href":"https:\/\/wp.ufpel.edu.br\/sisu\/wp-json\/wp\/v2\/pages\/971","targetHints":{"allow":["GET"]}}],"collection":[{"href":"https:\/\/wp.ufpel.edu.br\/sisu\/wp-json\/wp\/v2\/pages"}],"about":[{"href":"https:\/\/wp.ufpel.edu.br\/sisu\/wp-json\/wp\/v2\/types\/page"}],"author":[{"embeddable":true,"href":"https:\/\/wp.ufpel.edu.br\/sisu\/wp-json\/wp\/v2\/users\/743"}],"replies":[{"embeddable":true,"href":"https:\/\/wp.ufpel.edu.br\/sisu\/wp-json\/wp\/v2\/comments?post=971"}],"version-history":[{"count":5,"href":"https:\/\/wp.ufpel.edu.br\/sisu\/wp-json\/wp\/v2\/pages\/971\/revisions"}],"predecessor-version":[{"id":4677,"href":"https:\/\/wp.ufpel.edu.br\/sisu\/wp-json\/wp\/v2\/pages\/971\/revisions\/4677"}],"up":[{"embeddable":true,"href":"https:\/\/wp.ufpel.edu.br\/sisu\/wp-json\/wp\/v2\/pages\/51"}],"wp:attachment":[{"href":"https:\/\/wp.ufpel.edu.br\/sisu\/wp-json\/wp\/v2\/media?parent=971"}],"curies":[{"name":"wp","href":"https:\/\/api.w.org\/{rel}","templated":true}]}}