{"id":856,"date":"2017-12-06T10:11:41","date_gmt":"2017-12-06T12:11:41","guid":{"rendered":"https:\/\/wp.ufpel.edu.br\/sisu\/?page_id=856"},"modified":"2023-01-05T16:59:55","modified_gmt":"2023-01-05T19:59:55","slug":"sisu-2017-2","status":"publish","type":"page","link":"https:\/\/wp.ufpel.edu.br\/sisu\/editais\/sisu-2017-2\/","title":{"rendered":"SISU 2017\/2"},"content":{"rendered":"<p><strong>Editais e convoca\u00e7\u00f5es \u2013 SISU 2017\/2<\/strong><\/p>\n<ul>\n<li><a href=\"https:\/\/wp.ufpel.edu.br\/sisu\/files\/2017\/06\/1-termo-de-ades%C3%A3o-sisu-2017_2.pdf\">Termo de ades\u00e3o 2017\/2<\/a><\/li>\n<li><a href=\"https:\/\/wp.ufpel.edu.br\/sisu\/files\/2017\/06\/Edital_011_2017.pdf\" target=\"_blank\" rel=\"noopener noreferrer\">Edital_011_2017_Chamada_Regular<\/a>\n<ul>\n<li><a href=\"https:\/\/wp.ufpel.edu.br\/sisu\/files\/2017\/06\/Aprovados-chamada-regular-SISU-2017.2.pdf\">Aprovados chamada regular<\/a><\/li>\n<\/ul>\n<\/li>\n<li><a href=\"https:\/\/wp.ufpel.edu.br\/sisu\/files\/2017\/06\/Edital_013_2017_sisu_lista_espera.pdf\">Edital_013_2017_Lista_de_Espera<\/a>\n<ul>\n<li><a href=\"https:\/\/wp.ufpel.edu.br\/sisu\/files\/2017\/06\/SISU_2017_2_lista_espera_ampla.pdf\">Lista_espera da UFPel_Ampla Concorrencia<\/a><\/li>\n<li><a href=\"https:\/\/wp.ufpel.edu.br\/sisu\/files\/2017\/06\/SISU_2017_2_lista_espera_cotas.pdf\">Lista_espera da UFPel_Cotas<\/a><\/li>\n<\/ul>\n<\/li>\n<li><a href=\"https:\/\/wp.ufpel.edu.br\/sisu\/files\/2017\/06\/Primeira-Convoca%C3%A7%C3%A3o.pdf\">Primeira Convoca\u00e7\u00e3o<\/a><\/li>\n<li><a href=\"https:\/\/wp.ufpel.edu.br\/sisu\/files\/2017\/07\/SISU_2017_2_Segunda-Convoca%C3%A7%C3%A3o.pdf\">Segunda Convoca\u00e7\u00e3o<\/a><\/li>\n<li><a href=\"https:\/\/wp.ufpel.edu.br\/sisu\/files\/2017\/08\/SISU_2017_2_Terceira_Convoca%C3%A7%C3%A3o.pdf\">Terceira_Convoca\u00e7\u00e3o<\/a><\/li>\n<li><a href=\"https:\/\/wp.ufpel.edu.br\/sisu\/files\/2017\/06\/Convoca%C3%A7%C3%A3o_Lista-de-Espera-UFPel-Quarta-Convoca%C3%A7%C3%A3o.pdf\">Quarta Convoca\u00e7\u00e3o<\/a><\/li>\n<li><a href=\"https:\/\/wp.ufpel.edu.br\/sisu\/files\/2017\/09\/Convoca%C3%A7%C3%A3o_Lista-de-Espera-UFPel-Quinta-Convoca%C3%A7%C3%A3o.pdf\">Quinta Convoca\u00e7\u00e3o<\/a><\/li>\n<li><a href=\"https:\/\/wp.ufpel.edu.br\/sisu\/files\/2017\/09\/Convoca%C3%A7%C3%A3o_Lista-de-Espera-UFPel-Sexta-Convoca%C3%A7%C3%A3o.pdf\">Sexta Convoca\u00e7\u00e3o<\/a><\/li>\n<li><a href=\"https:\/\/wp.ufpel.edu.br\/sisu\/files\/2017\/06\/Convoca%C3%A7%C3%A3o_Lista-de-Espera-UFPel-S%C3%A9tima-Convoca%C3%A7%C3%A3o.pdf\">S\u00e9tima Convoca\u00e7\u00e3o<\/a><\/li>\n<li><a href=\"https:\/\/wp.ufpel.edu.br\/sisu\/files\/2017\/10\/Convoca%C3%A7%C3%A3o_Lista-de-Espera-UFPel-Oitava-Convoca%C3%A7%C3%A3o.pdf\">Oitava Convoca\u00e7\u00e3o<\/a><\/li>\n<li><a href=\"https:\/\/wp.ufpel.edu.br\/sisu\/files\/2017\/12\/Convoca%C3%A7%C3%A3o_Lista-de-Espera-UFPel-Nona-Convoca%C3%A7%C3%A3o.pdf\">Nona_Convoca\u00e7\u00e3o<\/a><\/li>\n<\/ul>\n\n\n<ul class=\"wp-block-list\">\n<li><strong>Resultados para ingresso nas cotas<\/strong>\n<ul class=\"wp-block-list\">\n<li><a href=\"https:\/\/wp.ufpel.edu.br\/sisu\/resultado-da-avaliacao-de-deficiencia\/\">Resultados da avalia\u00e7\u00e3o de defici\u00eancia<\/a><\/li>\n\n\n\n<li><a href=\"https:\/\/wp.ufpel.edu.br\/sisu\/resultado-da-avaliacao-etnico-racial\/\">Resultados da avalia\u00e7\u00e3o \u00e9tnico-racial<\/a><\/li>\n\n\n\n<li><a href=\"https:\/\/wp.ufpel.edu.br\/sisu\/editais-selecao-socioeconomica\/\">Resultados da avalia\u00e7\u00e3o socioecon\u00f4mica<\/a><\/li>\n<\/ul>\n<\/li>\n<\/ul>\n","protected":false},"excerpt":{"rendered":"<p>Editais e convoca\u00e7\u00f5es \u2013 SISU 2017\/2 Termo de ades\u00e3o 2017\/2 Edital_011_2017_Chamada_Regular Aprovados chamada regular Edital_013_2017_Lista_de_Espera Lista_espera da UFPel_Ampla Concorrencia Lista_espera da UFPel_Cotas Primeira Convoca\u00e7\u00e3o Segunda Convoca\u00e7\u00e3o Terceira_Convoca\u00e7\u00e3o Quarta Convoca\u00e7\u00e3o Quinta Convoca\u00e7\u00e3o Sexta Convoca\u00e7\u00e3o S\u00e9tima Convoca\u00e7\u00e3o Oitava Convoca\u00e7\u00e3o Nona_Convoca\u00e7\u00e3o<\/p>\n","protected":false},"author":743,"featured_media":0,"parent":18,"menu_order":0,"comment_status":"closed","ping_status":"closed","template":"","meta":{"advanced_seo_description":"","jetpack_seo_html_title":"","jetpack_seo_noindex":false,"jetpack_post_was_ever_published":false,"footnotes":""},"class_list":["post-856","page","type-page","status-publish","hentry"],"jetpack_sharing_enabled":true,"jetpack_shortlink":"https:\/\/wp.me\/P8Nz4H-dO","jetpack-related-posts":[{"id":348,"url":"https:\/\/wp.ufpel.edu.br\/sisu\/resultado-da-avaliacao-etnico-racial\/resultados-da-avaliacao-etnico-racial-sisu-20171\/","url_meta":{"origin":856,"position":0},"title":"Resultados da avalia\u00e7\u00e3o \u00e9tnico-racial SISU 2017\/1","author":"cid","date":"06\/06\/2017","format":false,"excerpt":"SISU - Avalia\u00e7\u00e3o do Componente \u00c9tnico-Racial (CCICE) Resultado FINAL comunicado n\u00ba 16 2017, lista de espera da UFPEL - SISU Ver\u00e3o 2017 SISU - Avalia\u00e7\u00e3o do Componente \u00c9tnico-Racial (CCICE) Resultado FINAL comunicado n\u00ba 12 2017, lista de espera da UFPEL - SISU Ver\u00e3o 2017 SISU \u2013 Avalia\u00e7\u00e3o do Componente \u00c9tnico-Racial\u2026","rel":"","context":"Post similar","block_context":{"text":"Post similar","link":""},"img":{"alt_text":"","src":"","width":0,"height":0},"classes":[]},{"id":331,"url":"https:\/\/wp.ufpel.edu.br\/sisu\/editais-selecao-socioeconomica\/resultados-da-avaliacao-socioeconomica-sisu-20171\/","url_meta":{"origin":856,"position":1},"title":"Resultados da avalia\u00e7\u00e3o socioecon\u00f4mica SISU 2017\/1","author":"prae","date":"06\/06\/2017","format":false,"excerpt":"SISU RESULTADO PARCIAL DO EDITAL 03\/2017-CRA \u2013 COMUNICADO 16 SISU RESULTADO PARCIAL DO EDITAL 03\/2017-CRA \u2013 COMUNICADO 12 SISU Ver\u00e3o 2017 e PAVE \u2013 Resultado FINAL da an\u00e1lise socioecon\u00f4mica \u2013 Comunicados 10 e 11 RESULTADO FINAL DOS EDITAIS 003 e 004\/2017-CRA SISU\/ENEM VER\u00c3O 2017 e PAVE COMUNICADOS 10 E 11\u2026","rel":"","context":"Post similar","block_context":{"text":"Post similar","link":""},"img":{"alt_text":"","src":"","width":0,"height":0},"classes":[]},{"id":48,"url":"https:\/\/wp.ufpel.edu.br\/sisu\/resultado-da-avaliacao-etnico-racial\/","url_meta":{"origin":856,"position":2},"title":"Resultados da avalia\u00e7\u00e3o \u00e9tnico-racial","author":"cid","date":"01\/06\/2017","format":false,"excerpt":"Resultados da avalia\u00e7\u00e3o \u00e9tnico-racial Resultados da avalia\u00e7\u00e3o \u00e9tnico-racial SISU 2020\/1 Resultados da avalia\u00e7\u00e3o \u00e9tnico-racial SISU 2019\/2 Resultados da avalia\u00e7\u00e3o \u00e9tnico-racial SISU 2019\/1 Resultados da avalia\u00e7\u00e3o \u00e9tnico-racial SISU 2018\/2 Resultados da avalia\u00e7\u00e3o \u00e9tnico-racial SISU 2018\/1 Resultados da avalia\u00e7\u00e3o \u00e9tnico-racial SISU 2017\/2 Resultados da avalia\u00e7\u00e3o \u00e9tnico-racial SISU 2017\/1","rel":"","context":"Post similar","block_context":{"text":"Post similar","link":""},"img":{"alt_text":"","src":"","width":0,"height":0},"classes":[]},{"id":2985,"url":"https:\/\/wp.ufpel.edu.br\/sisu\/resultado-da-avaliacao-etnico-racial\/resultados-da-avaliacao-etnico-racial-sisu-2020-1\/","url_meta":{"origin":856,"position":3},"title":"Resultados da avalia\u00e7\u00e3o \u00e9tnico-racial SISU 2020\/1","author":"naaf","date":"11\/02\/2020","format":false,"excerpt":"Relat\u00f3rio Preliminar SISU 2020\/1 - Chamada Regular Relat\u00f3rio_Definitivo_SISU_2020-1_Chamada Regular Relat\u00f3rio Preliminar SISU 2020\/1 - Lista de Espera 1\u00aa Convoca\u00e7\u00e3o Relat\u00f3rio Definitivo SISU 2020\/1 - Lista de Espera 1\u00aa Convoca\u00e7\u00e3o Relat\u00f3rio Preliminar SISU 2020\/1 - Lista de Espera 2\u00aa Convoca\u00e7\u00e3o Relat\u00f3rio Definitivo SISU 2020\/1 \u2013 Lista de Espera 2\u00aa Convoca\u00e7\u00e3o Relat\u00f3rio\u2026","rel":"","context":"Post similar","block_context":{"text":"Post similar","link":""},"img":{"alt_text":"","src":"","width":0,"height":0},"classes":[]},{"id":4554,"url":"https:\/\/wp.ufpel.edu.br\/sisu\/resultado-da-avaliacao-etnico-racial\/resultados-da-avaliacao-etnico-racial-sisu-2022-1\/","url_meta":{"origin":856,"position":4},"title":"Resultados da avalia\u00e7\u00e3o \u00e9tnico-racial SISU 2022\/1","author":"COACE","date":"27\/10\/2022","format":false,"excerpt":"Relat\u00f3rio Final - SISU-PAVE 2022-1 - Chamada regular - Cursos com lista de espera Relat\u00f3rio Final - SISU-PAVE - listas de espera 2022-1 Relat\u00f3rio Final - SISU-PAVE - Bancas de segunda chamada - 2022-1 Relat\u00f3rio Final - SISU-PAVE - Cursos sem lista de espera 2022-1 Relat\u00f3rio Final - SISU-PAVE -\u2026","rel":"","context":"Post similar","block_context":{"text":"Post similar","link":""},"img":{"alt_text":"","src":"","width":0,"height":0},"classes":[]},{"id":45,"url":"https:\/\/wp.ufpel.edu.br\/sisu\/editais-selecao-socioeconomica\/","url_meta":{"origin":856,"position":5},"title":"Resultados Sele\u00e7\u00e3o Socioecon\u00f4mica","author":"prae","date":"01\/06\/2017","format":false,"excerpt":"SISU 2022 2022\/2 Chamada Regular: Banca Socioecon\u00f4mica - Inscri\u00e7\u00f5es Completas\/Incompletas Banca Socioecon\u00f4mica - Resultado Preliminar Banca Socioecon\u00f4mica - Resultado Final 1a Convoca\u00e7\u00e3o: Banca Socioecon\u00f4mica - Inscri\u00e7\u00f5es Completas\/Incompletas Banca Socioecon\u00f4mica - Resultado Preliminar Banca Socioecon\u00f4mica - Resultado Final 2a Convoca\u00e7\u00e3o: Banca Socioecon\u00f4mica - Resultado Preliminar Banca Socioecon\u00f4mica - Resultado Final 3a\u2026","rel":"","context":"Post similar","block_context":{"text":"Post similar","link":""},"img":{"alt_text":"","src":"","width":0,"height":0},"classes":[]}],"publishpress_future_action":{"enabled":false,"date":"2026-04-14 02:23:48","action":"change-status","newStatus":"draft","terms":[],"taxonomy":"","extraData":[]},"publishpress_future_workflow_manual_trigger":{"enabledWorkflows":[]},"_links":{"self":[{"href":"https:\/\/wp.ufpel.edu.br\/sisu\/wp-json\/wp\/v2\/pages\/856","targetHints":{"allow":["GET"]}}],"collection":[{"href":"https:\/\/wp.ufpel.edu.br\/sisu\/wp-json\/wp\/v2\/pages"}],"about":[{"href":"https:\/\/wp.ufpel.edu.br\/sisu\/wp-json\/wp\/v2\/types\/page"}],"author":[{"embeddable":true,"href":"https:\/\/wp.ufpel.edu.br\/sisu\/wp-json\/wp\/v2\/users\/743"}],"replies":[{"embeddable":true,"href":"https:\/\/wp.ufpel.edu.br\/sisu\/wp-json\/wp\/v2\/comments?post=856"}],"version-history":[{"count":8,"href":"https:\/\/wp.ufpel.edu.br\/sisu\/wp-json\/wp\/v2\/pages\/856\/revisions"}],"predecessor-version":[{"id":4753,"href":"https:\/\/wp.ufpel.edu.br\/sisu\/wp-json\/wp\/v2\/pages\/856\/revisions\/4753"}],"up":[{"embeddable":true,"href":"https:\/\/wp.ufpel.edu.br\/sisu\/wp-json\/wp\/v2\/pages\/18"}],"wp:attachment":[{"href":"https:\/\/wp.ufpel.edu.br\/sisu\/wp-json\/wp\/v2\/media?parent=856"}],"curies":[{"name":"wp","href":"https:\/\/api.w.org\/{rel}","templated":true}]}}