{"id":45,"date":"2017-06-01T12:07:35","date_gmt":"2017-06-01T15:07:35","guid":{"rendered":"https:\/\/wp.ufpel.edu.br\/sisu\/?page_id=45"},"modified":"2022-12-20T15:02:20","modified_gmt":"2022-12-20T18:02:20","slug":"editais-selecao-socioeconomica","status":"publish","type":"page","link":"https:\/\/wp.ufpel.edu.br\/sisu\/editais-selecao-socioeconomica\/","title":{"rendered":"Resultados Sele\u00e7\u00e3o Socioecon\u00f4mica"},"content":{"rendered":"<ul>\n<li><strong>SISU 2022<\/strong><\/li>\n<\/ul>\n<p style=\"padding-left: 40px;\">2022\/2<\/p>\n<p style=\"padding-left: 80px;\">Chamada Regular:<\/p>\n<ul>\n<li style=\"list-style-type: none;\">\n<ul>\n<li style=\"list-style-type: none;\">\n<ul>\n<li><a href=\"https:\/\/wp.ufpel.edu.br\/sisu\/files\/2022\/08\/Chamada-Regular-SISU-2022_2-Selecao-Socioeconomica-respostas.pdf\">Banca Socioecon\u00f4mica &#8211; Inscri\u00e7\u00f5es Completas\/Incompletas<\/a><\/li>\n<li><a href=\"https:\/\/wp.ufpel.edu.br\/sisu\/files\/2022\/10\/SEI_23110.039737_2022_94_preliminar_sisu_chamada_regular_v1.pdf\" target=\"_blank\" rel=\"noopener\">Banca Socioecon\u00f4mica &#8211; Resultado Preliminar<\/a><\/li>\n<li><a href=\"https:\/\/wp.ufpel.edu.br\/sisu\/files\/2022\/11\/SEI_23110.039737_2022_94_final.pdf\">Banca Socioecon\u00f4mica &#8211; Resultado Final<\/a><\/li>\n<\/ul>\n<\/li>\n<\/ul>\n<\/li>\n<\/ul>\n<p style=\"padding-left: 80px;\">1a Convoca\u00e7\u00e3o:<\/p>\n<ul>\n<li style=\"list-style-type: none;\">\n<ul>\n<li style=\"list-style-type: none;\">\n<ul>\n<li><a href=\"https:\/\/wp.ufpel.edu.br\/sisu\/files\/2022\/10\/SEI_23110.039806_2022_60_InscricoesCompletasIncompletas.pdf\">Banca Socioecon\u00f4mica &#8211; Inscri\u00e7\u00f5es Completas\/Incompletas<\/a><\/li>\n<li><a href=\"https:\/\/wp.ufpel.edu.br\/sisu\/files\/2022\/11\/Resultado-Preliminar.pdf\">Banca Socioecon\u00f4mica &#8211; Resultado Preliminar<\/a><\/li>\n<li><a href=\"https:\/\/wp.ufpel.edu.br\/sisu\/files\/2022\/12\/SEI_23110.039806_2022_60.pdf\">Banca Socioecon\u00f4mica &#8211; Resultado Final<\/a><\/li>\n<\/ul>\n<\/li>\n<\/ul>\n<\/li>\n<\/ul>\n<p style=\"padding-left: 80px;\">2a Convoca\u00e7\u00e3o:<\/p>\n<ul>\n<li style=\"list-style-type: none;\">\n<ul>\n<li style=\"list-style-type: none;\">\n<ul>\n<li><a href=\"https:\/\/wp.ufpel.edu.br\/sisu\/files\/2022\/11\/Resultado-Preliminar-1.pdf\">Banca Socioecon\u00f4mica &#8211; Resultado Preliminar<\/a><\/li>\n<li><a href=\"https:\/\/wp.ufpel.edu.br\/sisu\/files\/2022\/12\/Resultado-Final.pdf\">Banca Socioecon\u00f4mica &#8211; Resultado Final<\/a><\/li>\n<\/ul>\n<\/li>\n<\/ul>\n<\/li>\n<\/ul>\n<p style=\"padding-left: 80px;\">3a Convoca\u00e7\u00e3o:<\/p>\n<ul>\n<li style=\"list-style-type: none;\">\n<ul>\n<li style=\"list-style-type: none;\">\n<ul>\n<li><a href=\"https:\/\/wp.ufpel.edu.br\/sisu\/files\/2022\/11\/Resultado-Preliminar-2.pdf\">Resultado Preliminar &#8211; Resultado Preliminar<\/a><\/li>\n<li><a href=\"https:\/\/wp.ufpel.edu.br\/sisu\/files\/2022\/12\/Resultado-Final-2.pdf\">Banca Socioecon\u00f4mica &#8211; Resultado Final<\/a><\/li>\n<\/ul>\n<\/li>\n<\/ul>\n<\/li>\n<\/ul>\n<p>&nbsp;<\/p>\n<p style=\"padding-left: 40px;\">2022\/1<\/p>\n<p>&nbsp;<\/p>\n<p style=\"padding-left: 40px;\">Chamada Regular: <a href=\"https:\/\/wp.ufpel.edu.br\/sisu\/files\/2022\/03\/SEI_23110.006034_2022_80_Edital_PRAE_09_22_SISU_Chamada_Regular_2022_1.pdf\">Edital Vinculado PRAE 09\/22 &#8211; SISU Chamada Regular 2022\/1<\/a><\/p>\n<p style=\"padding-left: 80px;\">Lista de inscri\u00e7\u00f5es completas e incompletas: <a href=\"https:\/\/wp.ufpel.edu.br\/sisu\/files\/2022\/03\/SEI_23110.006034_2022_80_Edital_PRAE_09_22_SISU_Chamada_Regular_2022_1-1.pdf\">Edital Vinculado PRAE 09\/22 &#8211; SISU Chamada Regular 2022\/1<\/a><\/p>\n<p style=\"padding-left: 80px;\">Resultado Preliminar: <a href=\"https:\/\/wp.ufpel.edu.br\/sisu\/files\/2022\/04\/SEI_23110.006034_2022_80_Edital_PRAE_09_22_SISU_Chamada_Regular_2022_1.pdf\">Edital Vinculado PRAE 09\/22 &#8211; SISU Chamada Regular 2022\/1<\/a><\/p>\n<p style=\"padding-left: 80px;\">Resultado Final: <a href=\"https:\/\/wp.ufpel.edu.br\/sisu\/files\/2022\/05\/SEI_23110.006034_2022_80_Edital_PRAE_09_22_SISU_Chamada_Regular_2022_1_FINAL.pdf\">Edital Vinculado PRAE 09\/22 &#8211; SISU Chamada Regular 2022\/1<\/a><\/p>\n<p>&nbsp;<\/p>\n<p style=\"padding-left: 40px;\">Primeira Convoca\u00e7\u00e3o: <a href=\"https:\/\/wp.ufpel.edu.br\/sisu\/files\/2022\/04\/SEI_23110.011241_2022_56_Edital_PRAE_14_22_SISU_1a_Convocacao_2022_1.pdf\">Edital Vinculado PRAE 15\/22 &#8211; SISU Primeira Convoca\u00e7\u00e3o 2022\/1<\/a><\/p>\n<p style=\"padding-left: 80px;\">Lista de inscri\u00e7\u00f5es completas e incompletas: <a href=\"https:\/\/wp.ufpel.edu.br\/sisu\/files\/2022\/04\/SEI_23110.011241_2022_56-1.pdf\">Edital Vinculado PRAE 15\/22 &#8211; SISU Primeira Convoca\u00e7\u00e3o 2022\/1<\/a><\/p>\n<p style=\"padding-left: 80px;\">Resultado Preliminar: <a href=\"https:\/\/wp.ufpel.edu.br\/sisu\/files\/2022\/06\/SEI_23110.011241_2022_56.pdf\">Edital Vinculado PRAE 15\/22 &#8211; SISU Primeira Convoca\u00e7\u00e3o 2022\/1<\/a><\/p>\n<p style=\"padding-left: 80px;\">Resultado Final: <a href=\"https:\/\/wp.ufpel.edu.br\/sisu\/files\/2022\/06\/SEI_23110.011241_2022_56_1A-CONVOCACAO-SISU-2022_1.pdf\">Edital Vinculado PRAE 15\/22 &#8211; SISU Primeira Convoca\u00e7\u00e3o 2022\/1<\/a><\/p>\n<p>&nbsp;<\/p>\n<p style=\"padding-left: 40px;\">Segunda Convoca\u00e7\u00e3o: <a href=\"https:\/\/wp.ufpel.edu.br\/sisu\/files\/2022\/04\/SEI_23110.013676_2022_35_Edital_PRAE_16_22_SISU_Segunda_Convocacao_2022_1.pdf\">Edital Vinculado PRAE 16\/22 &#8211; SISU Segunda Convoca\u00e7\u00e3o 2022\/1<\/a><\/p>\n<p style=\"padding-left: 80px;\">Lista de inscri\u00e7\u00f5es completas e incompletas: <a href=\"https:\/\/wp.ufpel.edu.br\/sisu\/files\/2022\/05\/SEI_23110.013676_2022_35_Edital_PRAE_16_22_SISU_Segunda_Convocacao_2022_1_lista2.pdf\">Edital Vinculado PRAE 16\/22 &#8211; SISU Segunda Convoca\u00e7\u00e3o 2022\/1<\/a><\/p>\n<p style=\"padding-left: 80px;\">Resultado Preliminar: <a href=\"https:\/\/wp.ufpel.edu.br\/sisu\/files\/2022\/06\/SEI_23110.013676_2022_35_Preliminar.pdf\">Edital Vinculado PRAE 16\/22 &#8211; SISU Segunda Convoca\u00e7\u00e3o 2022\/1<\/a><\/p>\n<p style=\"padding-left: 80px;\">Resultado Final: <a href=\"https:\/\/wp.ufpel.edu.br\/sisu\/files\/2022\/06\/SEI_23110.013676_2022_35_Edital_PRAE_16_22_SISU_Segunda_Convocacao_2022_1_final.pdf\">Edital Vinculado PRAE 16\/22 &#8211; SISU Segunda Convoca\u00e7\u00e3o 2022\/1<\/a><\/p>\n<p>&nbsp;<\/p>\n<p style=\"padding-left: 40px;\">Terceira Convoca\u00e7\u00e3o: <a href=\"https:\/\/wp.ufpel.edu.br\/sisu\/files\/2022\/05\/SEI_23110.015647_2022_16_Edital_17_22_Terceria_Convocacao_SISU_2022_1.pdf\">Edital Vinculado PRAE 17\/22 &#8211; SISU Terceira Convoca\u00e7\u00e3o 2022\/1<\/a><\/p>\n<p style=\"padding-left: 80px;\">Lista de inscri\u00e7\u00f5es completas e incompletas: <a href=\"https:\/\/wp.ufpel.edu.br\/sisu\/files\/2022\/05\/SEI_23110.015647_2022_16_Edital_17_22_Terceria_Convocacao_SISU_2022_1-1.pdf\">Edital Vinculado PRAE 17\/22 &#8211; SISU Terceira Convoca\u00e7\u00e3o 2022\/1<\/a><\/p>\n<p style=\"padding-left: 80px;\">Resultado Preliminar: <a href=\"https:\/\/wp.ufpel.edu.br\/sisu\/files\/2022\/06\/SEI_23110.015647_2022_16_Edital_17_22_Terceria_Convocacao_SISU_2022_1.pdf\">Edital Vinculado PRAE 17\/22 &#8211; SISU Terceira Convoca\u00e7\u00e3o 2022\/1<\/a><\/p>\n<p style=\"padding-left: 80px;\">Resultado Final: <a href=\"https:\/\/wp.ufpel.edu.br\/sisu\/files\/2022\/06\/SEI_23110.015647_2022_16_Edital_17_22_Terceria_Convocacao_SISU_2022_1_final.pdf\">Edital Vinculado PRAE 17\/22 &#8211; SISU Terceira Convoca\u00e7\u00e3o 2022\/1<\/a><\/p>\n<p>&nbsp;<\/p>\n<p style=\"padding-left: 40px;\">Quarta Convoca\u00e7\u00e3o: <a href=\"https:\/\/wp.ufpel.edu.br\/sisu\/files\/2022\/05\/SEI_23110.017286_2022_34_Edital_18_22_SISU_Quarta_Convocacao_2022_1.pdf\">Edital Vinculado PRAE 18\/22 &#8211; SISU Quarta Convoca\u00e7\u00e3o 2022\/1<\/a><\/p>\n<p style=\"padding-left: 80px;\">Lista de Inscri\u00e7\u00f5es completas\/incompletas: <a href=\"https:\/\/wp.ufpel.edu.br\/sisu\/files\/2022\/05\/SEI_23110.017286_2022_34_Edital_18_22_SISU_Quarta_Convocacao_2022_1-1.pdf\">Edital Vinculado PRAE 18\/22 &#8211; SISU Quarta Convoca\u00e7\u00e3o 2022\/1<\/a><\/p>\n<p style=\"padding-left: 80px;\">Resultado Preliminar: <a href=\"https:\/\/wp.ufpel.edu.br\/sisu\/files\/2022\/06\/SEI_23110.017286_2022_34_Edital_18_22_SISU_Quarta_Convocacao_2022_1.pdf\">Edital Vinculado PRAE 18\/22 &#8211; SISU Quarta Convoca\u00e7\u00e3o 2022\/1<\/a><\/p>\n<p style=\"padding-left: 80px;\">Resultado Final: <a href=\"https:\/\/wp.ufpel.edu.br\/sisu\/files\/2022\/06\/SEI_23110.017286_2022_34_Edital_18_22_SISU_Quarta_Convocacao_2022_1_final.pdf\">Edital Vinculado PRAE 18\/22 &#8211; SISU Quarta Convoca\u00e7\u00e3o 2022\/1<\/a><\/p>\n<p>&nbsp;<\/p>\n<p style=\"padding-left: 40px;\">Chamada Curso de Direito: <a href=\"https:\/\/wp.ufpel.edu.br\/sisu\/files\/2022\/06\/SEI_23110.021829_2022_18_Edital_20_22_SISU_2022_1_Chamada_Curso_De_Direito-1.pdf\">Edital Vinculado PRAE 20\/22 &#8211; SISU 2022\/1 Chamada Curso de Direito<\/a><\/p>\n<p style=\"padding-left: 80px;\">Lista de inscri\u00e7\u00f5es completas\/incompletas: <a href=\"https:\/\/wp.ufpel.edu.br\/sisu\/files\/2022\/06\/SEI_23110.021829_2022_18_Edital_20_22_SISU_2022_1_Chamada_Curso_De_Direito-2.pdf\">Edital Vinculado PRAE 20\/22 &#8211; SISU 2022\/1 Chamada Curso de Direito<\/a><\/p>\n<p style=\"padding-left: 80px;\">Resultado Preliminar: N\u00e3o houve<\/p>\n<p style=\"padding-left: 80px;\">Resultado Final: <a href=\"https:\/\/wp.ufpel.edu.br\/sisu\/files\/2022\/06\/SEI_23110.021829_2022_18_Edital_20_22_SISU_2022_1_Chamada_Curso_De_Direito_final.pdf\">Edital Vinculado PRAE 20\/22 &#8211; SISU 2022\/1 Chamada Curso de Direito<\/a><\/p>\n<p>&nbsp;<\/p>\n<p style=\"padding-left: 40px;\">Quinta Convoca\u00e7\u00e3o: <a href=\"https:\/\/wp.ufpel.edu.br\/sisu\/files\/2022\/06\/SEI_23110.022115_2022_27_Edital_22_22_SISU_Quinta_Convocacao_2022_1.pdf\">Edital Vinculado PRAE 22\/22 &#8211; SISU Quinta Convoca\u00e7\u00e3o 2022\/1<\/a><\/p>\n<p style=\"padding-left: 80px;\">Lista de inscri\u00e7\u00f5es completas\/incompletas: <a href=\"https:\/\/wp.ufpel.edu.br\/sisu\/files\/2022\/06\/SEI_23110.022115_2022_27_Edital_22_22_SISU_5_Conovcacao_2022_1.pdf\">Edital Vinculado PRAE 22\/22 &#8211; SISU Quinta Convoca\u00e7\u00e3o 2022\/1<\/a><\/p>\n<p style=\"padding-left: 80px;\">Resultado Preliminar: <a href=\"https:\/\/wp.ufpel.edu.br\/sisu\/files\/2022\/07\/SEI_23110.022115_2022_27_Edital_22_22_SISU_5_Conovcacao_2022_1_preliminar.pdf\">Edital Vinculado PRAE 22\/22 &#8211; SISU Quinta Convoca\u00e7\u00e3o 2022\/1<\/a><\/p>\n<p style=\"padding-left: 80px;\">Resultado Final: <a href=\"https:\/\/wp.ufpel.edu.br\/sisu\/files\/2022\/08\/SEI_23110.022115_2022_27_sisu_5a_final.pdf\">Edital Vinculado PRAE 22\/22 &#8211; SISU Quinta Convoca\u00e7\u00e3o 2022\/1<\/a><\/p>\n<p>&nbsp;<\/p>\n<p style=\"padding-left: 40px;\">Chamada Especial 1a Convoca\u00e7\u00e3o:\u00a0<a href=\"https:\/\/wp.ufpel.edu.br\/sisu\/files\/2022\/07\/SEI_23110.024527_2022_00_Edital_23_22_Chamada_Especial_SISU_2022_1_1_Convocacao-2.pdf\">Edital Vinculado 23\/22 &#8211; Chamada Especial SISU 2022\/1 1a Convoca\u00e7\u00e3o<\/a><\/p>\n<p style=\"padding-left: 80px;\">Lista de inscri\u00e7\u00f5es completas\/incompletas: <a href=\"https:\/\/wp.ufpel.edu.br\/sisu\/files\/2022\/07\/SEI_23110.024527_2022_00_Edital_23_22_Chamada_Especial_SISU_2022_1_1_Convocacao_lista.pdf\">Edital Vinculado 23\/22 &#8211; Chamada Especial SISU 2022\/1 1a Convoca\u00e7\u00e3o<\/a><\/p>\n<p style=\"padding-left: 80px;\">Resultado Preliminar: <a href=\"https:\/\/wp.ufpel.edu.br\/sisu\/files\/2022\/08\/SEI_23110.024527_2022_00_Edital_23_22_Chamada_Especial_SISU_2022_1_1_Convocacao_preliminar.pdf\">Edital Vinculado 23\/22 &#8211; Chamada Especial SISU 2022\/1 1a Convoca\u00e7\u00e3o<\/a><\/p>\n<p style=\"padding-left: 80px;\">Resultado Final: <a href=\"https:\/\/wp.ufpel.edu.br\/sisu\/files\/2022\/09\/SEI_23110.024527_2022_00_Edital_23_22_Chamada_Especial_SISU_2022_1_1_Convocacao_finalv4.pdf\">Edital Vinculado 23\/22 &#8211; Chamada Especial SISU 2022\/1 1a Convoca\u00e7\u00e3o<\/a><\/p>\n<p>&nbsp;<\/p>\n<p style=\"padding-left: 40px;\">Chamada Especial 2a, 3a e 4a Convoca\u00e7\u00e3o:<\/p>\n<p style=\"padding-left: 80px;\">Edital: <a href=\"https:\/\/wp.ufpel.edu.br\/prae\/files\/2022\/08\/SEI_23110.031671_2022_94_Edital_PRAE_27_22_Diversos_ingressos_v1.pdf\">Edital Vinculado PRAE 27\/2022 &#8211; SISU &#8211; Chamada Especial 2a, 3a e 4a Convoca\u00e7\u00e3o 2022\/1, PAVE &#8211; Chamada Especial 2a, 3a e 4a Convoca\u00e7\u00e3o 2022\/1, Processo Seletivo Complementar para Medicina (Reingresso, Reop\u00e7\u00e3o e Transfer\u00eancia) &#8211; 2022\/1 e Processo Seletivo Simplificado &#8211; 1a Convoca\u00e7\u00e3o \u2013 2022\/1<\/a><\/p>\n<p style=\"padding-left: 80px;\">Resultado Preliminar: <a href=\"https:\/\/wp.ufpel.edu.br\/prae\/files\/2022\/11\/SEI_23110.031671_2022_94_Edital_PRAE_27_22_Diversos_ingressos_v4.pdf\">Edital Vinculado PRAE 27\/2022 &#8211; SISU &#8211; Chamada Especial 2a, 3a e 4a Convoca\u00e7\u00e3o 2022\/1, PAVE &#8211; Chamada Especial 2a, 3a e 4a Convoca\u00e7\u00e3o 2022\/1, Processo Seletivo Complementar para Medicina (Reingresso, Reop\u00e7\u00e3o e Transfer\u00eancia) &#8211; 2022\/1 e Processo Seletivo Simplificado &#8211; 1a Convoca\u00e7\u00e3o \u2013 2022\/1<\/a><\/p>\n<p style=\"padding-left: 80px;\">Resultado Final: <a href=\"https:\/\/wp.ufpel.edu.br\/prae\/files\/2022\/11\/SEI_23110.031671_2022_94_Edital_PRAE_27_22_Diversos_ingressos_v4.pdf\">Edital Vinculado PRAE 27\/2022 &#8211; SISU &#8211; Chamada Especial 2a, 3a e 4a Convoca\u00e7\u00e3o 2022\/1, PAVE &#8211; Chamada Especial 2a, 3a e 4a Convoca\u00e7\u00e3o 2022\/1, Processo Seletivo Complementar para Medicina (Reingresso, Reop\u00e7\u00e3o e Transfer\u00eancia) &#8211; 2022\/1 e Processo Seletivo Simplificado &#8211; 1a Convoca\u00e7\u00e3o \u2013 2022\/1<\/a><\/p>\n<p>&nbsp;<\/p>\n<ul>\n<li><strong>SISU 2021<\/strong><\/li>\n<\/ul>\n<p><a href=\"https:\/\/wp.ufpel.edu.br\/prae\/coordenacao_de_ingresso_e_beneficios\/editais\/editais-2021\/editais-2021-2\/\">Resultado da avalia\u00e7\u00e3o socioecon\u00f4mica SISU 2021\/2<\/a><\/p>\n<p><a href=\"https:\/\/wp.ufpel.edu.br\/prae\/coordenacao_de_ingresso_e_beneficios\/editais\/editais-2021\/editais-2021-1\/sisu\/\">Resultado da avalia\u00e7\u00e3o socioecon\u00f4mica SISU 2021\/1<\/a><\/p>\n<ul>\n<li><strong>SISU 2020<\/strong><\/li>\n<\/ul>\n<p><a href=\"https:\/\/wp.ufpel.edu.br\/prae\/coordenacao_de_integracao_estudantil\/editais\/editais-2020-2\/editais-2020-2\/\">Resultado da avalia\u00e7\u00e3o socioecon\u00f4mica SISU 2020\/2<\/a><\/p>\n<p><a href=\"https:\/\/wp.ufpel.edu.br\/prae\/coordenacao_de_integracao_estudantil\/editais\/editais-2020\/\">Resultado da avalia\u00e7\u00e3o socioecon\u00f4mica SISU 2020\/1<\/a><\/p>\n<ul>\n<li><strong>SISU 2019<\/strong><\/li>\n<\/ul>\n<p><a href=\"https:\/\/wp.ufpel.edu.br\/sisu\/resultado-da-analise-socioeconomica\/resultado-da-avaliacao-socioeconomica-sisu-2019-2\/\">Resultado da avalia\u00e7\u00e3o socioecon\u00f4mica SISU 2019\/2<\/a><\/p>\n<p><a href=\"https:\/\/wp.ufpel.edu.br\/sisu\/resultado-da-analise-socioeconomica\/resultado-da-avaliacao-socioeconomica-2019-1\/\">Resultado da avalia\u00e7\u00e3o socioecon\u00f4mica SISU 2019\/1<\/a><\/p>\n<ul>\n<li><strong>SISU 2018<\/strong><\/li>\n<\/ul>\n<p><a href=\"https:\/\/wp.ufpel.edu.br\/sisu\/resultado-da-analise-socioeconomica\/resultado-da-avaliacao-socioeconomica-sisu-2018-2\/\">Resultado da avalia\u00e7\u00e3o socioecon\u00f4mica SISU 2018\/2<\/a><\/p>\n<p><a href=\"https:\/\/wp.ufpel.edu.br\/sisu\/resultado-da-analise-socioeconomica\/resultados-da-avaliacao-socioeconomica-sisu-2018-1\/\">Resultados da avalia\u00e7\u00e3o socioecon\u00f4mica SISU 2018\/1<\/a><\/p>\n<ul>\n<li><strong>SISU 2017<\/strong><\/li>\n<\/ul>\n<p><a href=\"https:\/\/wp.ufpel.edu.br\/sisu\/resultado-da-analise-socioeconomica\/resultados-da-avaliacao-socioeconomica-sisu-20172\/\">Resultados da avalia\u00e7\u00e3o socioecon\u00f4mica SISU 2017\/2<\/a><\/p>\n<p><a href=\"https:\/\/wp.ufpel.edu.br\/sisu\/resultados-da-avaliacao-socioeconomica-sisu-20171\/\">Resultados da avalia\u00e7\u00e3o socioecon\u00f4mica SISU 2017\/1<\/a><\/p>\n<p>&nbsp;<\/p>\n<p>&nbsp;<\/p>\n","protected":false},"excerpt":{"rendered":"<p>SISU 2022 2022\/2 Chamada Regular: Banca Socioecon\u00f4mica &#8211; Inscri\u00e7\u00f5es Completas\/Incompletas Banca Socioecon\u00f4mica &#8211; Resultado Preliminar Banca Socioecon\u00f4mica &#8211; Resultado Final 1a Convoca\u00e7\u00e3o: Banca Socioecon\u00f4mica &#8211; Inscri\u00e7\u00f5es Completas\/Incompletas Banca Socioecon\u00f4mica &#8211; Resultado Preliminar Banca Socioecon\u00f4mica &#8211; Resultado Final 2a Convoca\u00e7\u00e3o: Banca Socioecon\u00f4mica &#8211; Resultado Preliminar Banca Socioecon\u00f4mica &#8211; Resultado Final 3a Convoca\u00e7\u00e3o: Resultado Preliminar &#8211; Resultado [&hellip;]<\/p>\n","protected":false},"author":229,"featured_media":0,"parent":0,"menu_order":0,"comment_status":"closed","ping_status":"closed","template":"","meta":{"advanced_seo_description":"","jetpack_seo_html_title":"","jetpack_seo_noindex":false,"jetpack_post_was_ever_published":false,"footnotes":""},"class_list":["post-45","page","type-page","status-publish","hentry"],"jetpack_sharing_enabled":true,"jetpack_shortlink":"https:\/\/wp.me\/P8Nz4H-J","jetpack-related-posts":[{"id":331,"url":"https:\/\/wp.ufpel.edu.br\/sisu\/editais-selecao-socioeconomica\/resultados-da-avaliacao-socioeconomica-sisu-20171\/","url_meta":{"origin":45,"position":0},"title":"Resultados da avalia\u00e7\u00e3o socioecon\u00f4mica SISU 2017\/1","author":"prae","date":"06\/06\/2017","format":false,"excerpt":"SISU RESULTADO PARCIAL DO EDITAL 03\/2017-CRA \u2013 COMUNICADO 16 SISU RESULTADO PARCIAL DO EDITAL 03\/2017-CRA \u2013 COMUNICADO 12 SISU Ver\u00e3o 2017 e PAVE \u2013 Resultado FINAL da an\u00e1lise socioecon\u00f4mica \u2013 Comunicados 10 e 11 RESULTADO FINAL DOS EDITAIS 003 e 004\/2017-CRA SISU\/ENEM VER\u00c3O 2017 e PAVE COMUNICADOS 10 E 11\u2026","rel":"","context":"Post similar","block_context":{"text":"Post similar","link":""},"img":{"alt_text":"","src":"","width":0,"height":0},"classes":[]},{"id":373,"url":"https:\/\/wp.ufpel.edu.br\/sisu\/editais-selecao-socioeconomica\/resultados-da-avaliacao-socioeconomica-sisu-20172\/","url_meta":{"origin":45,"position":1},"title":"Resultados da avalia\u00e7\u00e3o socioecon\u00f4mica SISU 2017\/2","author":"prae","date":"14\/06\/2017","format":false,"excerpt":"RESULTADO FINAL DO EDITAL 13\/2017 \u2013 CRA SISU 2017\/2 CHAMADA REGULAR 1\u00aa, 2\u00aa, 3\u00aa, 4\u00aa, 5\u00aa, 6\u00aa CONVOCA\u00c7\u00d5ES - COTAS SOCIAIS RESULTADO FINAL - 9\u00aa CONVOCA\u00c7\u00c3O - ODONTOLOGIA - COTAS SOCIAIS L1, L2, L9 E L10 RESULTADO FINAL DO EDITAL 13\/2017-CRA PAVE 8\u00aa CONVOCA\u00c7\u00c3O COMUNICADO 20 COTAS SOCIAIS L1, L2,\u2026","rel":"","context":"Post similar","block_context":{"text":"Post similar","link":""},"img":{"alt_text":"","src":"","width":0,"height":0},"classes":[]},{"id":1615,"url":"https:\/\/wp.ufpel.edu.br\/sisu\/editais-selecao-socioeconomica\/resultado-da-avaliacao-socioeconomica-sisu-2018-2\/","url_meta":{"origin":45,"position":2},"title":"Resultados da avalia\u00e7\u00e3o socioecon\u00f4mica SISU 2018\/2","author":"prae","date":"23\/07\/2018","format":false,"excerpt":"RESULTADO FINAL DO EDITAL CRA N\u00ba 13\/2018 MATR\u00cdCULAS SISU 2018\/2 9\u00aa CONVOCA\u00c7\u00c3O RESULTADO FINAL DO EDITAL CRA N\u00ba 13\/2018 MATR\u00cdCULAS SISU 2018\/2 8\u00aa CONVOCA\u00c7\u00c3O RESULTADO PARCIAL DO EDITAL CRA N\u00ba 13\/2018 MATR\u00cdCULAS SISU 2018\/2 9\u00aa CONVOCA\u00c7\u00c3O RESULTADO PARCIAL DO EDITAL CRA N\u00ba 13\/2018 MATR\u00cdCULAS SISU 2018\/2 8\u00aa CONVOCA\u00c7\u00c3O RESULTADO FINAL\u2026","rel":"","context":"Post similar","block_context":{"text":"Post similar","link":""},"img":{"alt_text":"","src":"","width":0,"height":0},"classes":[]},{"id":2121,"url":"https:\/\/wp.ufpel.edu.br\/sisu\/editais-selecao-socioeconomica\/resultado-da-avaliacao-socioeconomica-2019-1\/","url_meta":{"origin":45,"position":3},"title":"Resultados da avalia\u00e7\u00e3o socioecon\u00f4mica SISU 2019\/1","author":"prae","date":"22\/02\/2019","format":false,"excerpt":"RESULTADO FINAL DO EDITAL CRA n\u00ba 03\/2019 6\u00aa CONVOCA\u00c7\u00c3O \u2013 SISU 2019\/1 COTAS SOCIAIS L1, L2, L9 e L10 RESULTADO FINAL DO EDITAL CRA n\u00ba 03\/2019 5\u00aa CONVOCA\u00c7\u00c3O \u2013 SISU 2019\/1 COTAS SOCIAIS L1, L2, L9 e L10 RESULTADO FINAL DO EDITAL CRA n\u00ba 03\/2019 3\u00aa CONVOCA\u00c7\u00c3O \u2013 SISU 2019\/1\u2026","rel":"","context":"Post similar","block_context":{"text":"Post similar","link":""},"img":{"alt_text":"","src":"","width":0,"height":0},"classes":[]},{"id":2446,"url":"https:\/\/wp.ufpel.edu.br\/sisu\/editais-selecao-socioeconomica\/resultado-da-avaliacao-socioeconomica-sisu-2019-2\/","url_meta":{"origin":45,"position":4},"title":"Resultados da avalia\u00e7\u00e3o socioecon\u00f4mica SISU 2019\/2","author":"prae","date":"28\/06\/2019","format":false,"excerpt":"RESULTADO FINAL DO EDITAL 07\/2019 COTAS SOCIAIS L1, L2, L9 e L10 7\u00aa CONVOCA\u00c7\u00c3O SISU 2019\/2 RESULTADO FINAL DO EDITAL 07\/2019 COTAS SOCIAIS L1, L2, L9 e L10 8\u00aa CONVOCA\u00c7\u00c3O SISU2019\/2 RESULTADO PARCIAL DO EDITAL 07\/2019 CRA SISU 2019\/2 7\u00aa CONVOCA\u00c7\u00c3O COTAS SOCIAIS L1, L2, L9 e L10 RESULTADO FINAL\u2026","rel":"","context":"Post similar","block_context":{"text":"Post similar","link":""},"img":{"alt_text":"","src":"","width":0,"height":0},"classes":[]},{"id":967,"url":"https:\/\/wp.ufpel.edu.br\/sisu\/editais-selecao-socioeconomica\/resultados-da-avaliacao-socioeconomica-sisu-2018-1\/","url_meta":{"origin":45,"position":5},"title":"Resultados da avalia\u00e7\u00e3o socioecon\u00f4mica SISU 2018\/1","author":"sisu","date":"15\/01\/2018","format":false,"excerpt":"RETIFICA\u00c7\u00c3O DO RESULTADO FINAL DO EDITAL 004\/2018 \u2013 COTA SOCIAL L1 6\u00b0 CONVOCA\u00c7\u00c3O\u2013SISU 2018\/1 RESULTADO FINAL DO EDITAL 004\/2018 COTAS SOCIAIS L1, L2, L9 e L10 11\u00aa CONVOCA\u00c7\u00c3O- SISU 2018\/1 RESULTADO FINAL DO EDITAL 004\/2018 COTAS SOCIAIS L1, L2, L9 e L10 9\u00aa CONVOCA\u00c7\u00c3O- SISU 2018\/1 RESULTADO FINAL DO EDITAL\u2026","rel":"","context":"Post similar","block_context":{"text":"Post similar","link":""},"img":{"alt_text":"","src":"","width":0,"height":0},"classes":[]}],"publishpress_future_action":{"enabled":false,"date":"2026-04-24 11:29:12","action":"change-status","newStatus":"draft","terms":[],"taxonomy":"","extraData":[]},"publishpress_future_workflow_manual_trigger":{"enabledWorkflows":[]},"_links":{"self":[{"href":"https:\/\/wp.ufpel.edu.br\/sisu\/wp-json\/wp\/v2\/pages\/45","targetHints":{"allow":["GET"]}}],"collection":[{"href":"https:\/\/wp.ufpel.edu.br\/sisu\/wp-json\/wp\/v2\/pages"}],"about":[{"href":"https:\/\/wp.ufpel.edu.br\/sisu\/wp-json\/wp\/v2\/types\/page"}],"author":[{"embeddable":true,"href":"https:\/\/wp.ufpel.edu.br\/sisu\/wp-json\/wp\/v2\/users\/229"}],"replies":[{"embeddable":true,"href":"https:\/\/wp.ufpel.edu.br\/sisu\/wp-json\/wp\/v2\/comments?post=45"}],"version-history":[{"count":113,"href":"https:\/\/wp.ufpel.edu.br\/sisu\/wp-json\/wp\/v2\/pages\/45\/revisions"}],"predecessor-version":[{"id":4638,"href":"https:\/\/wp.ufpel.edu.br\/sisu\/wp-json\/wp\/v2\/pages\/45\/revisions\/4638"}],"wp:attachment":[{"href":"https:\/\/wp.ufpel.edu.br\/sisu\/wp-json\/wp\/v2\/media?parent=45"}],"curies":[{"name":"wp","href":"https:\/\/api.w.org\/{rel}","templated":true}]}}