{"id":381,"date":"2017-06-14T10:23:12","date_gmt":"2017-06-14T13:23:12","guid":{"rendered":"https:\/\/wp.ufpel.edu.br\/sisu\/?page_id=381"},"modified":"2018-01-03T09:04:57","modified_gmt":"2018-01-03T11:04:57","slug":"resultados-da-avaliacao-etnico-racial-sisu-20172","status":"publish","type":"page","link":"https:\/\/wp.ufpel.edu.br\/sisu\/resultado-da-avaliacao-etnico-racial\/resultados-da-avaliacao-etnico-racial-sisu-20172\/","title":{"rendered":"Resultados da avalia\u00e7\u00e3o \u00e9tnico-racial SISU 2017\/2"},"content":{"rendered":"<h3><span style=\"font-family: arial, helvetica, sans-serif\">Acesse aqui os relat\u00f3rios referentes a matr\u00edcula na Chamada Regular do SISU 2017\/2:<\/span><\/h3>\n<p><span style=\"font-family: arial, helvetica, sans-serif\"><a href=\"https:\/\/wp.ufpel.edu.br\/sisu\/files\/2017\/06\/relatorio-preliminar-SISU-Inverno-2017-02.pdf\">Relat\u00f3rio Preliminar SISU\/Inverno 2017\/2 &#8211; Chamada Regular<\/a><\/span><\/p>\n<p><span style=\"font-family: arial, helvetica, sans-serif\"><a href=\"https:\/\/wp.ufpel.edu.br\/sisu\/files\/2017\/06\/Relat\u00f3rio-Final-Cotas-Etnico-Raciais-Chamada-Regular-2017-2.pdf\">Relat\u00f3rio Final Cotas Etnico Raciais &#8211; Chamada Regular &#8211; 2017-2<\/a><\/span><\/p>\n<p>&nbsp;<\/p>\n<h3><span style=\"font-family: arial, helvetica, sans-serif\">Acesse aqui os relat\u00f3rios referentes a matr\u00edcula na Primeira Convoca\u00e7\u00e3o da Lista de Espera da UFPel &#8211; SISU 2017\/2:<\/span><\/h3>\n<p><span style=\"font-family: arial, helvetica, sans-serif\"><a href=\"https:\/\/wp.ufpel.edu.br\/sisu\/files\/2017\/06\/Relat\u00f3rio-Preliminar-Cotas-\u00c9TNICO-RACIAIS-Primeira-Convoca\u00e7\u00e3o-2017-2-entre-os-dias-17-18-e-19-julho.pdf\">Relat\u00f3rio Preliminar Cotas \u00c9TNICO RACIAIS Primeira Convoca\u00e7\u00e3o 2017-2 entre os dias 17 18 e 19 julho<\/a><\/span><\/p>\n<p><span style=\"font-family: arial, helvetica, sans-serif\"><a href=\"https:\/\/wp.ufpel.edu.br\/sisu\/files\/2017\/06\/Relat\u00f3rio-Definitivo-da-Primeira-Convoca\u00e7\u00e3o-das-Cotas-Etnico-Raciais-de-17-a-19-de-Julho-de-2017.pdf\">Relat\u00f3rio Final SISU\/Inverno 2017\/2 &#8211; Primeira Convoca\u00e7\u00e3o<\/a><\/span><\/p>\n<p>&nbsp;<\/p>\n<h3><span style=\"font-family: arial, helvetica, sans-serif\">Acesse aqui os relat\u00f3rios referentes a matr\u00edcula na Segunda Convoca\u00e7\u00e3o da Lista de Espera da UFPel &#8211; SISU 2017\/2:<\/span><\/h3>\n<p><span style=\"font-family: arial, helvetica, sans-serif\"><a href=\"https:\/\/wp.ufpel.edu.br\/sisu\/files\/2017\/08\/Relat\u00f3rio-Preliminar-das-Cotas-\u00c9tnico-Raciais-\u2013-Segunda-Convoca\u00e7\u00e3o-\u2013-28-de-Julho-de-2017-\u2013-Edital-0132017-02-Lista-de-Espera.pdf\">Relat\u00f3rio Preliminar das Cotas \u00c9tnico-Raciais \u2013 Segunda Convoca\u00e7\u00e3o \u2013 28 de Julho de 2017 \u2013 Edital 0132017-02 Lista de Espera<\/a><\/span><\/p>\n<p>&nbsp;<\/p>\n<h3><\/h3>\n<h3><span style=\"font-family: arial, helvetica, sans-serif\">Acesse aqui os relat\u00f3rios referentes a matr\u00edcula na Terceira Convoca\u00e7\u00e3o da Lista de Espera da UFPel &#8211; SISU 2017\/2:<\/span><\/h3>\n<p><a href=\"https:\/\/wp.ufpel.edu.br\/sisu\/files\/2017\/08\/Relat\u00f3rio-Preliminar-das-Cotas-\u00c9tnico-Raciais-\u2013-Terceira-Convoca\u00e7\u00e3o-\u2013-10-de-agosto-de-2017-\u2013-Edital-0132017-02-Lista-de-Espera.pdf\"><span style=\"font-family: arial, helvetica, sans-serif\">Relat\u00f3rio Preliminar das Cotas \u00c9tnico-Raciais \u2013 Terceira Convoca\u00e7\u00e3o \u2013 10 de agosto de 2017 \u2013 Edital 0132017-02 Lista de Espera<\/span><\/a><\/p>\n<p><span style=\"font-family: arial, helvetica, sans-serif\"><a href=\"https:\/\/wp.ufpel.edu.br\/sisu\/files\/2017\/09\/Relat\u00f3rio-Final-das-Cotas-\u00c9tnico-Raciais-\u2013-Terceira-Convoca\u00e7\u00e3o-\u2013-10-de-agosto-de-2017-\u2013-Edital-0132017-02-Lista-de-Espera.pdf\">Relat\u00f3rio Final das Cotas \u00c9tnico-Raciais \u2013 Terceira Convoca\u00e7\u00e3o \u2013 10 de agosto de 2017 \u2013 Edital 0132017-02 Lista de Espera<\/a><\/span><\/p>\n<h3><\/h3>\n<h3><span style=\"font-family: arial,helvetica,sans-serif\">Acesse aqui os relat\u00f3rios referentes a matr\u00edcula na Quarta Convoca\u00e7\u00e3o da Lista de Espera da UFPel &#8211; SISU 2017\/2:<\/span><\/h3>\n<p><a href=\"https:\/\/wp.ufpel.edu.br\/sisu\/files\/2017\/06\/Relat\u00f3rio-Preliminar-das-Cotas-\u00c9tnico-Raciais-\u2013-quarta-Convoca\u00e7\u00e3o-\u2013-24-de-agosto-de-2017-\u2013-Edital-013-2017-02-Lista-de-Espera.pdf\"><span style=\"font-family: arial,helvetica,sans-serif\">Relat\u00f3rio Preliminar das Cotas \u00c9tnico-Raciais \u2013 quarta Convoca\u00e7\u00e3o \u2013 24 de agosto de 2017 \u2013 Edital 013-2017-02 Lista de Espera<\/span><\/a><\/p>\n<p><span style=\"font-family: arial, helvetica, sans-serif\"><a href=\"https:\/\/wp.ufpel.edu.br\/sisu\/files\/2017\/09\/Relat\u00f3rio-Final-das-Cotas-\u00c9tnico-Raciais-\u2013-Quarta-Convoca\u00e7\u00e3o-\u2013-24-de-agosto-de-2017-\u2013-Edital-0132017-02-Lista-de-Espera.pdf\">Relat\u00f3rio Final das Cotas \u00c9tnico-Raciais \u2013 Quarta Convoca\u00e7\u00e3o \u2013 24 de agosto de 2017 \u2013 Edital 0132017-02 Lista de Espera<\/a><\/span><\/p>\n<p>&nbsp;<\/p>\n<h3><span style=\"font-family: arial, helvetica, sans-serif\">Acesse aqui os relat\u00f3rios referentes a matr\u00edcula na Quinta Convoca\u00e7\u00e3o da Lista de Espera da UFPel &#8211; SISU 2017\/2:<\/span><\/h3>\n<p><span style=\"font-family: arial, helvetica, sans-serif\"><a href=\"https:\/\/wp.ufpel.edu.br\/sisu\/files\/2017\/09\/Relat\u00f3rio-Preliminar-das-Cotas-\u00c9tnico-Raciais-\u2013-Quinta-Convoca\u00e7\u00e3o-\u2013-18-de-setembro-de-2017-\u2013-Edital-013-2017-02-Lista-de-Espera.pdf\">Relat\u00f3rio Preliminar das Cotas \u00c9tnico-Raciais \u2013 Quinta Convoca\u00e7\u00e3o \u2013 18 de setembro de 2017 \u2013 Edital 013-2017-02 Lista de Espera<\/a><\/span><\/p>\n<pre><span style=\"font-family: arial, helvetica, sans-serif\"><a href=\"https:\/\/wp.ufpel.edu.br\/sisu\/files\/2017\/09\/Relat\u00f3rio-Final-das-Cotas-\u00c9tnico-Raciais-\u2013-Quinta-Convoca\u00e7\u00e3o-\u2013-18-de-setembro-de-2017-\u2013-Edital-013-2017-02-Lista-de-Espera.pdf\">Relat\u00f3rio Final das Cotas \u00c9tnico-Raciais \u2013 Quinta Convoca\u00e7\u00e3o \u2013 18 de setembro de 2017 \u2013 Edital 013-2017-02 Lista de Espera<\/a><\/span><\/pre>\n<p>&nbsp;<\/p>\n<h3><span style=\"font-family: arial, helvetica, sans-serif\">Acesse aqui os relat\u00f3rios referentes a matr\u00edcula na Sexta Convoca\u00e7\u00e3o da Lista de Espera da UFPel &#8211; SISU 2017\/2:<\/span><\/h3>\n<p><span style=\"font-family: arial, helvetica, sans-serif\"><a href=\"https:\/\/wp.ufpel.edu.br\/sisu\/files\/2017\/10\/Relat\u00f3rio-Preliminar-das-Cotas-\u00c9tnico-Raciais-\u2013-Sexta-Convoca\u00e7\u00e3o-\u2013-4-de-outubro-de-2017-\u2013-Edital-013-2017-02-Lista-de-Espera.pdf\">Relat\u00f3rio Preliminar das Cotas \u00c9tnico-Raciais \u2013 Sexta Convoca\u00e7\u00e3o \u2013 4 de outubro de 2017 \u2013 <\/a><\/span><a href=\"https:\/\/wp.ufpel.edu.br\/sisu\/files\/2017\/10\/Relat\u00f3rio-Preliminar-das-Cotas-\u00c9tnico-Raciais-\u2013-Sexta-Convoca\u00e7\u00e3o-\u2013-4-de-outubro-de-2017-\u2013-Edital-013-2017-02-Lista-de-Espera.pdf\">Edital 013-2017-02 Lista de Espera<\/a><\/p>\n<p><span style=\"font-family: arial,helvetica,sans-serif\"><a href=\"https:\/\/wp.ufpel.edu.br\/sisu\/files\/2017\/11\/Relat\u00f3rio-Final-das-Cotas-\u00c9tnico-Raciais-\u2013-Sexta-Convoca\u00e7\u00e3o-\u2013-4-de-outubro-de-2017-\u2013-Edital-013-2017-02-Lista-de-Espera.pdf\">Relat\u00f3rio Final das Cotas \u00c9tnico-Raciais \u2013 Sexta Convoca\u00e7\u00e3o \u2013 4 de outubro de 2017 \u2013 Edital 013-2017-02 Lista de Espera<\/a><\/span><\/p>\n<p>&nbsp;<\/p>\n<h3><span style=\"font-family: arial, helvetica, sans-serif\">Acesse aqui os relat\u00f3rios referentes a matr\u00edcula na S\u00e9tima Convoca\u00e7\u00e3o da Lista de Espera da UFPel &#8211; SISU 2017\/2:<\/span><\/h3>\n<p><span style=\"font-family: arial, helvetica, sans-serif\"><a href=\"https:\/\/wp.ufpel.edu.br\/sisu\/files\/2017\/10\/Relat\u00f3rio-Preliminar-das-Cotas-\u00c9tnico-Raciais-\u2013-S\u00e9tima-Convoca\u00e7\u00e3o-\u2013-9-de-outubro-de-2017-\u2013-Edital-013-2017-02-Lista-de-Espera.pdf\">Relat\u00f3rio Preliminar das Cotas \u00c9tnico-Raciais \u2013 S\u00e9tima Convoca\u00e7\u00e3o \u2013 9 de outubro de 2017 \u2013 Edital 013-2017-02 Lista de Espera<\/a><\/span><\/p>\n<p><a href=\"https:\/\/wp.ufpel.edu.br\/sisu\/files\/2017\/11\/Relat\u00f3rio-Final-das-Cotas-\u00c9tnico-Raciais-\u2013-S\u00e9tima-Convoca\u00e7\u00e3o-\u2013-9-de-outubro-de-2017-\u2013-Edital-013-2017-02-Lista-de-Espera.pdf\"><span style=\"font-family: arial,helvetica,sans-serif\">Relat\u00f3rio Final das Cotas \u00c9tnico-Raciais \u2013 S\u00e9tima Convoca\u00e7\u00e3o \u2013 9 de outubro de 2017 \u2013 Edital 013-2017-02 Lista de Espera<\/span><\/a><\/p>\n","protected":false},"excerpt":{"rendered":"<p>Acesse aqui os relat\u00f3rios referentes a matr\u00edcula na Chamada Regular do SISU 2017\/2: Relat\u00f3rio Preliminar SISU\/Inverno 2017\/2 &#8211; Chamada Regular Relat\u00f3rio Final Cotas Etnico Raciais &#8211; Chamada Regular &#8211; 2017-2 &nbsp; Acesse aqui os relat\u00f3rios referentes a matr\u00edcula na Primeira Convoca\u00e7\u00e3o da Lista de Espera da UFPel &#8211; SISU 2017\/2: Relat\u00f3rio Preliminar Cotas \u00c9TNICO RACIAIS [&hellip;]<\/p>\n","protected":false},"author":766,"featured_media":0,"parent":48,"menu_order":0,"comment_status":"closed","ping_status":"closed","template":"","meta":{"advanced_seo_description":"","jetpack_seo_html_title":"","jetpack_seo_noindex":false,"jetpack_post_was_ever_published":false,"footnotes":""},"class_list":["post-381","page","type-page","status-publish","hentry"],"jetpack_sharing_enabled":true,"jetpack_shortlink":"https:\/\/wp.me\/P8Nz4H-69","jetpack-related-posts":[{"id":977,"url":"https:\/\/wp.ufpel.edu.br\/sisu\/resultado-da-avaliacao-etnico-racial\/resultados-da-avaliacao-etnico-racial-sisu-2018-1\/","url_meta":{"origin":381,"position":0},"title":"Resultados da avalia\u00e7\u00e3o \u00e9tnico-racial SISU 2018\/1","author":"sisu","date":"15\/01\/2018","format":false,"excerpt":"IMPORTANTE: Se o seu nome consta no\u00a0Relat\u00f3rio Preliminar do SISU 2018\/1\u00a0como INDEFERIDO e voc\u00ea pretende entrar com Recurso, siga as diretrizes indicadas abaixo: Em caso de indeferimento o candidato(a) poder\u00e1 apresentar recurso por escrito e encaminh\u00e1-lo \u00e0 Comiss\u00e3o de Controle na Identifica\u00e7\u00e3o do Componente \u00c9tnico-racial \u2013 CCICE \u2013 no prazo\u2026","rel":"","context":"Post similar","block_context":{"text":"Post similar","link":""},"img":{"alt_text":"","src":"","width":0,"height":0},"classes":[]},{"id":2037,"url":"https:\/\/wp.ufpel.edu.br\/sisu\/resultado-da-avaliacao-etnico-racial\/resultados-da-avaliacao-etnico-racial-sisu-2019-1\/","url_meta":{"origin":381,"position":1},"title":"Resultados da avalia\u00e7\u00e3o \u00e9tnico-racial SISU 2019\/1","author":"naaf","date":"18\/12\/2018","format":false,"excerpt":"IMPORTANTE: Se o seu nome consta no\u00a0Relat\u00f3rio Preliminar do SISU 2019\/1\u00a0como INDEFERIDO e voc\u00ea pretende interpor Recurso, siga as diretrizes indicadas abaixo: Em caso de indeferimento o candidato(a) poder\u00e1 apresentar recurso por escrito e encaminh\u00e1-lo \u00e0 Comiss\u00e3o de Controle na Identifica\u00e7\u00e3o do Componente \u00c9tnico-racial \u2013 CCICE \u2013 no prazo de\u2026","rel":"","context":"Post similar","block_context":{"text":"Post similar","link":""},"img":{"alt_text":"","src":"","width":0,"height":0},"classes":[]},{"id":1492,"url":"https:\/\/wp.ufpel.edu.br\/sisu\/resultado-da-avaliacao-etnico-racial\/resultados-da-avaliacao-etnico-racial-sisu-2018-2\/","url_meta":{"origin":381,"position":2},"title":"Resultados da avalia\u00e7\u00e3o \u00e9tnico-racial SISU 2018\/2","author":"naaf","date":"18\/06\/2018","format":false,"excerpt":"IMPORTANTE: Se o seu nome consta no\u00a0Relat\u00f3rio Preliminar do SISU 2018\/2\u00a0como INDEFERIDO e voc\u00ea pretende interpor Recurso, siga as diretrizes indicadas abaixo: Em caso de indeferimento o candidato(a) poder\u00e1 apresentar recurso por escrito e encaminh\u00e1-lo \u00e0 Comiss\u00e3o de Controle na Identifica\u00e7\u00e3o do Componente \u00c9tnico-racial \u2013 CCICE \u2013 no prazo de\u2026","rel":"","context":"Post similar","block_context":{"text":"Post similar","link":""},"img":{"alt_text":"","src":"","width":0,"height":0},"classes":[]},{"id":2394,"url":"https:\/\/wp.ufpel.edu.br\/sisu\/resultado-da-avaliacao-etnico-racial\/resultados-da-avaliacao-etnico-racial-sisu-2019-2\/","url_meta":{"origin":381,"position":3},"title":"Resultados da avalia\u00e7\u00e3o \u00e9tnico-racial SISU 2019\/2","author":"naaf","date":"18\/06\/2019","format":false,"excerpt":"IMPORTANTE: Se o seu nome consta no\u00a0Relat\u00f3rio Preliminar acima\u00a0como INDEFERIDO e voc\u00ea pretende entrar com Recurso, siga as diretrizes indicadas abaixo: Em caso de indeferimento o(a) candidato(a) poder\u00e1 encaminhar Recurso \u00e0 Comiss\u00e3o de Controle na Identifica\u00e7\u00e3o do Componente \u00c9tnico-racial (CCICE), no prazo de 72 horas contadas a partir da divulga\u00e7\u00e3o\u2026","rel":"","context":"Post similar","block_context":{"text":"Post similar","link":""},"img":{"alt_text":"","src":"","width":0,"height":0},"classes":[]},{"id":2985,"url":"https:\/\/wp.ufpel.edu.br\/sisu\/resultado-da-avaliacao-etnico-racial\/resultados-da-avaliacao-etnico-racial-sisu-2020-1\/","url_meta":{"origin":381,"position":4},"title":"Resultados da avalia\u00e7\u00e3o \u00e9tnico-racial SISU 2020\/1","author":"naaf","date":"11\/02\/2020","format":false,"excerpt":"Relat\u00f3rio Preliminar SISU 2020\/1 - Chamada Regular Relat\u00f3rio_Definitivo_SISU_2020-1_Chamada Regular Relat\u00f3rio Preliminar SISU 2020\/1 - Lista de Espera 1\u00aa Convoca\u00e7\u00e3o Relat\u00f3rio Definitivo SISU 2020\/1 - Lista de Espera 1\u00aa Convoca\u00e7\u00e3o Relat\u00f3rio Preliminar SISU 2020\/1 - Lista de Espera 2\u00aa Convoca\u00e7\u00e3o Relat\u00f3rio Definitivo SISU 2020\/1 \u2013 Lista de Espera 2\u00aa Convoca\u00e7\u00e3o Relat\u00f3rio\u2026","rel":"","context":"Post similar","block_context":{"text":"Post similar","link":""},"img":{"alt_text":"","src":"","width":0,"height":0},"classes":[]},{"id":4554,"url":"https:\/\/wp.ufpel.edu.br\/sisu\/resultado-da-avaliacao-etnico-racial\/resultados-da-avaliacao-etnico-racial-sisu-2022-1\/","url_meta":{"origin":381,"position":5},"title":"Resultados da avalia\u00e7\u00e3o \u00e9tnico-racial SISU 2022\/1","author":"COACE","date":"27\/10\/2022","format":false,"excerpt":"Relat\u00f3rio Final - SISU-PAVE 2022-1 - Chamada regular - Cursos com lista de espera Relat\u00f3rio Final - SISU-PAVE - listas de espera 2022-1 Relat\u00f3rio Final - SISU-PAVE - Bancas de segunda chamada - 2022-1 Relat\u00f3rio Final - SISU-PAVE - Cursos sem lista de espera 2022-1 Relat\u00f3rio Final - SISU-PAVE -\u2026","rel":"","context":"Post similar","block_context":{"text":"Post similar","link":""},"img":{"alt_text":"","src":"","width":0,"height":0},"classes":[]}],"publishpress_future_action":{"enabled":false,"date":"2026-05-13 00:21:39","action":"change-status","newStatus":"draft","terms":[],"taxonomy":"","extraData":[]},"publishpress_future_workflow_manual_trigger":{"enabledWorkflows":[]},"_links":{"self":[{"href":"https:\/\/wp.ufpel.edu.br\/sisu\/wp-json\/wp\/v2\/pages\/381","targetHints":{"allow":["GET"]}}],"collection":[{"href":"https:\/\/wp.ufpel.edu.br\/sisu\/wp-json\/wp\/v2\/pages"}],"about":[{"href":"https:\/\/wp.ufpel.edu.br\/sisu\/wp-json\/wp\/v2\/types\/page"}],"author":[{"embeddable":true,"href":"https:\/\/wp.ufpel.edu.br\/sisu\/wp-json\/wp\/v2\/users\/766"}],"replies":[{"embeddable":true,"href":"https:\/\/wp.ufpel.edu.br\/sisu\/wp-json\/wp\/v2\/comments?post=381"}],"version-history":[{"count":28,"href":"https:\/\/wp.ufpel.edu.br\/sisu\/wp-json\/wp\/v2\/pages\/381\/revisions"}],"predecessor-version":[{"id":945,"href":"https:\/\/wp.ufpel.edu.br\/sisu\/wp-json\/wp\/v2\/pages\/381\/revisions\/945"}],"up":[{"embeddable":true,"href":"https:\/\/wp.ufpel.edu.br\/sisu\/wp-json\/wp\/v2\/pages\/48"}],"wp:attachment":[{"href":"https:\/\/wp.ufpel.edu.br\/sisu\/wp-json\/wp\/v2\/media?parent=381"}],"curies":[{"name":"wp","href":"https:\/\/api.w.org\/{rel}","templated":true}]}}