{"id":378,"date":"2017-06-14T10:22:29","date_gmt":"2017-06-14T13:22:29","guid":{"rendered":"https:\/\/wp.ufpel.edu.br\/sisu\/?page_id=378"},"modified":"2017-06-27T13:27:21","modified_gmt":"2017-06-27T16:27:21","slug":"resultados-da-avaliacao-de-deficiencia-20172","status":"publish","type":"page","link":"https:\/\/wp.ufpel.edu.br\/sisu\/resultado-da-avaliacao-de-deficiencia\/resultados-da-avaliacao-de-deficiencia-20172\/","title":{"rendered":"Resultados da avalia\u00e7\u00e3o de defici\u00eancia 2017\/2"},"content":{"rendered":"<p><a href=\"https:\/\/wp.ufpel.edu.br\/sisu\/resultado-final-da-avaliacao-do-ingresso-por-cotas-para-pessoas-com-deficiencia-edital-no-0112017-sisu-201702-chamada-regular__trashed\/resultado-final-sisu-2017\/\" rel=\"attachment wp-att-459\">Resultado Final SISU 2017<\/a><\/p>\n","protected":false},"excerpt":{"rendered":"<p>Resultado Final SISU 2017<\/p>\n","protected":false},"author":359,"featured_media":0,"parent":51,"menu_order":0,"comment_status":"closed","ping_status":"closed","template":"","meta":{"advanced_seo_description":"","jetpack_seo_html_title":"","jetpack_seo_noindex":false,"jetpack_post_was_ever_published":false,"footnotes":""},"class_list":["post-378","page","type-page","status-publish","hentry"],"jetpack_sharing_enabled":true,"jetpack_shortlink":"https:\/\/wp.me\/P8Nz4H-66","jetpack-related-posts":[{"id":51,"url":"https:\/\/wp.ufpel.edu.br\/sisu\/resultado-da-avaliacao-de-deficiencia\/","url_meta":{"origin":378,"position":0},"title":"Resultados da avalia\u00e7\u00e3o de defici\u00eancia","author":"COACE","date":"01\/06\/2017","format":false,"excerpt":"Resultados da avalia\u00e7\u00e3o de defici\u00eancia Resultados da avalia\u00e7\u00e3o de defici\u00eancia SISU 2018\/2 Resultados da avalia\u00e7\u00e3o de defici\u00eancia SISU 2018\/1 Resultados da avalia\u00e7\u00e3o de defici\u00eancia SISU 2017\/2","rel":"","context":"Post similar","block_context":{"text":"Post similar","link":""},"img":{"alt_text":"","src":"","width":0,"height":0},"classes":[]},{"id":1642,"url":"https:\/\/wp.ufpel.edu.br\/sisu\/resultado-da-avaliacao-de-deficiencia\/resultados-da-avaliacao-de-deficiencia-2018-2\/","url_meta":{"origin":378,"position":1},"title":"Resultados da avalia\u00e7\u00e3o de defici\u00eancia 2018\/2","author":"sisu","date":"30\/07\/2018","format":false,"excerpt":"Resultado Final \u2013 An\u00e1lise de Defici\u00eancia \u2013 Primeira Convoca\u00e7\u00e3o Resultado Preliminar \u2013 An\u00e1lise de Defici\u00eancia \u2013 Segunda Convoca\u00e7\u00e3o","rel":"","context":"Post similar","block_context":{"text":"Post similar","link":""},"img":{"alt_text":"","src":"","width":0,"height":0},"classes":[]},{"id":971,"url":"https:\/\/wp.ufpel.edu.br\/sisu\/resultado-da-avaliacao-de-deficiencia\/resultados-da-avaliacao-de-deficiencia-2018-1\/","url_meta":{"origin":378,"position":2},"title":"Resultados da avalia\u00e7\u00e3o de defici\u00eancia 2018\/1","author":"sisu","date":"15\/01\/2018","format":false,"excerpt":"Resultado Final - An\u00e1lise de Defici\u00eancia - Primeira Convoca\u00e7\u00e3o Resultado Final - An\u00e1lise de Defici\u00eancia - Chamada Regular relat\u00f3rio_parecer_cotas_Preliminar","rel":"","context":"Post similar","block_context":{"text":"Post similar","link":""},"img":{"alt_text":"","src":"","width":0,"height":0},"classes":[]},{"id":348,"url":"https:\/\/wp.ufpel.edu.br\/sisu\/resultado-da-avaliacao-etnico-racial\/resultados-da-avaliacao-etnico-racial-sisu-20171\/","url_meta":{"origin":378,"position":3},"title":"Resultados da avalia\u00e7\u00e3o \u00e9tnico-racial SISU 2017\/1","author":"cid","date":"06\/06\/2017","format":false,"excerpt":"SISU - Avalia\u00e7\u00e3o do Componente \u00c9tnico-Racial (CCICE) Resultado FINAL comunicado n\u00ba 16 2017, lista de espera da UFPEL - SISU Ver\u00e3o 2017 SISU - Avalia\u00e7\u00e3o do Componente \u00c9tnico-Racial (CCICE) Resultado FINAL comunicado n\u00ba 12 2017, lista de espera da UFPEL - SISU Ver\u00e3o 2017 SISU \u2013 Avalia\u00e7\u00e3o do Componente \u00c9tnico-Racial\u2026","rel":"","context":"Post similar","block_context":{"text":"Post similar","link":""},"img":{"alt_text":"","src":"","width":0,"height":0},"classes":[]},{"id":856,"url":"https:\/\/wp.ufpel.edu.br\/sisu\/editais\/sisu-2017-2\/","url_meta":{"origin":378,"position":4},"title":"SISU 2017\/2","author":"sisu","date":"06\/12\/2017","format":false,"excerpt":"Editais e convoca\u00e7\u00f5es \u2013 SISU 2017\/2 Termo de ades\u00e3o 2017\/2 Edital_011_2017_Chamada_Regular Aprovados chamada regular Edital_013_2017_Lista_de_Espera Lista_espera da UFPel_Ampla Concorrencia Lista_espera da UFPel_Cotas Primeira Convoca\u00e7\u00e3o Segunda Convoca\u00e7\u00e3o Terceira_Convoca\u00e7\u00e3o Quarta Convoca\u00e7\u00e3o Quinta Convoca\u00e7\u00e3o Sexta Convoca\u00e7\u00e3o S\u00e9tima Convoca\u00e7\u00e3o Oitava Convoca\u00e7\u00e3o Nona_Convoca\u00e7\u00e3o Resultados para ingresso nas cotas Resultados da avalia\u00e7\u00e3o de defici\u00eancia Resultados da\u2026","rel":"","context":"Post similar","block_context":{"text":"Post similar","link":""},"img":{"alt_text":"","src":"","width":0,"height":0},"classes":[]},{"id":45,"url":"https:\/\/wp.ufpel.edu.br\/sisu\/editais-selecao-socioeconomica\/","url_meta":{"origin":378,"position":5},"title":"Resultados Sele\u00e7\u00e3o Socioecon\u00f4mica","author":"prae","date":"01\/06\/2017","format":false,"excerpt":"SISU 2022 2022\/2 Chamada Regular: Banca Socioecon\u00f4mica - Inscri\u00e7\u00f5es Completas\/Incompletas Banca Socioecon\u00f4mica - Resultado Preliminar Banca Socioecon\u00f4mica - Resultado Final 1a Convoca\u00e7\u00e3o: Banca Socioecon\u00f4mica - Inscri\u00e7\u00f5es Completas\/Incompletas Banca Socioecon\u00f4mica - Resultado Preliminar Banca Socioecon\u00f4mica - Resultado Final 2a Convoca\u00e7\u00e3o: Banca Socioecon\u00f4mica - Resultado Preliminar Banca Socioecon\u00f4mica - Resultado Final 3a\u2026","rel":"","context":"Post similar","block_context":{"text":"Post similar","link":""},"img":{"alt_text":"","src":"","width":0,"height":0},"classes":[]}],"publishpress_future_action":{"enabled":false,"date":"2026-04-15 23:01:32","action":"change-status","newStatus":"draft","terms":[],"taxonomy":"","extraData":[]},"publishpress_future_workflow_manual_trigger":{"enabledWorkflows":[]},"_links":{"self":[{"href":"https:\/\/wp.ufpel.edu.br\/sisu\/wp-json\/wp\/v2\/pages\/378","targetHints":{"allow":["GET"]}}],"collection":[{"href":"https:\/\/wp.ufpel.edu.br\/sisu\/wp-json\/wp\/v2\/pages"}],"about":[{"href":"https:\/\/wp.ufpel.edu.br\/sisu\/wp-json\/wp\/v2\/types\/page"}],"author":[{"embeddable":true,"href":"https:\/\/wp.ufpel.edu.br\/sisu\/wp-json\/wp\/v2\/users\/359"}],"replies":[{"embeddable":true,"href":"https:\/\/wp.ufpel.edu.br\/sisu\/wp-json\/wp\/v2\/comments?post=378"}],"version-history":[{"count":4,"href":"https:\/\/wp.ufpel.edu.br\/sisu\/wp-json\/wp\/v2\/pages\/378\/revisions"}],"predecessor-version":[{"id":467,"href":"https:\/\/wp.ufpel.edu.br\/sisu\/wp-json\/wp\/v2\/pages\/378\/revisions\/467"}],"up":[{"embeddable":true,"href":"https:\/\/wp.ufpel.edu.br\/sisu\/wp-json\/wp\/v2\/pages\/51"}],"wp:attachment":[{"href":"https:\/\/wp.ufpel.edu.br\/sisu\/wp-json\/wp\/v2\/media?parent=378"}],"curies":[{"name":"wp","href":"https:\/\/api.w.org\/{rel}","templated":true}]}}