{"id":3778,"date":"2021-08-25T14:11:58","date_gmt":"2021-08-25T17:11:58","guid":{"rendered":"https:\/\/wp.ufpel.edu.br\/sisu\/?page_id=3778"},"modified":"2025-09-26T17:16:41","modified_gmt":"2025-09-26T20:16:41","slug":"notas-de-corte","status":"publish","type":"page","link":"https:\/\/wp.ufpel.edu.br\/sisu\/notas-de-corte\/","title":{"rendered":"Notas de corte"},"content":{"rendered":"<style>.wp-block-kadence-advancedheading.kt-adv-heading3778_ae4630-35, .wp-block-kadence-advancedheading.kt-adv-heading3778_ae4630-35[data-kb-block=\"kb-adv-heading3778_ae4630-35\"]{font-size:16px;font-weight:400;font-style:normal;font-family:Raleway;color:#3f3f64;}.wp-block-kadence-advancedheading.kt-adv-heading3778_ae4630-35 mark.kt-highlight, .wp-block-kadence-advancedheading.kt-adv-heading3778_ae4630-35[data-kb-block=\"kb-adv-heading3778_ae4630-35\"] mark.kt-highlight{font-style:normal;color:#f76a0c;-webkit-box-decoration-break:clone;box-decoration-break:clone;padding-top:0px;padding-right:0px;padding-bottom:0px;padding-left:0px;}.wp-block-kadence-advancedheading.kt-adv-heading3778_ae4630-35 img.kb-inline-image, .wp-block-kadence-advancedheading.kt-adv-heading3778_ae4630-35[data-kb-block=\"kb-adv-heading3778_ae4630-35\"] img.kb-inline-image{width:150px;vertical-align:baseline;}<\/style>\n<p class=\"kt-adv-heading3778_ae4630-35 wp-block-kadence-advancedheading\" data-kb-block=\"kb-adv-heading3778_ae4630-35\"><strong>SiSU UFPEL &#8211; Notas de Corte<\/strong><\/p>\n\n\n<style>.wp-block-kadence-advancedheading.kt-adv-heading3778_e9139d-1a, .wp-block-kadence-advancedheading.kt-adv-heading3778_e9139d-1a[data-kb-block=\"kb-adv-heading3778_e9139d-1a\"]{text-align:left;font-weight:400;font-style:normal;font-family:Raleway;}.wp-block-kadence-advancedheading.kt-adv-heading3778_e9139d-1a mark.kt-highlight, .wp-block-kadence-advancedheading.kt-adv-heading3778_e9139d-1a[data-kb-block=\"kb-adv-heading3778_e9139d-1a\"] mark.kt-highlight{font-style:normal;color:#f76a0c;-webkit-box-decoration-break:clone;box-decoration-break:clone;padding-top:0px;padding-right:0px;padding-bottom:0px;padding-left:0px;}.wp-block-kadence-advancedheading.kt-adv-heading3778_e9139d-1a img.kb-inline-image, .wp-block-kadence-advancedheading.kt-adv-heading3778_e9139d-1a[data-kb-block=\"kb-adv-heading3778_e9139d-1a\"] img.kb-inline-image{width:150px;vertical-align:baseline;}<\/style>\n<p class=\"kt-adv-heading3778_e9139d-1a wp-block-kadence-advancedheading\" data-kb-block=\"kb-adv-heading3778_e9139d-1a\">Consulte as notas de corte do SiSU para ingresso nos cursos da UFPel. Considera-se a nota do \u00faltimo ingressante por curso, per\u00edodo e cota.<\/p>\n\n\n<style>.wp-block-kadence-advancedheading.kt-adv-heading3778_0157e3-a2, .wp-block-kadence-advancedheading.kt-adv-heading3778_0157e3-a2[data-kb-block=\"kb-adv-heading3778_0157e3-a2\"]{font-size:16px;font-weight:400;font-style:normal;font-family:Raleway;color:#5b619e;}.wp-block-kadence-advancedheading.kt-adv-heading3778_0157e3-a2 mark.kt-highlight, .wp-block-kadence-advancedheading.kt-adv-heading3778_0157e3-a2[data-kb-block=\"kb-adv-heading3778_0157e3-a2\"] mark.kt-highlight{font-style:normal;color:#f76a0c;-webkit-box-decoration-break:clone;box-decoration-break:clone;padding-top:0px;padding-right:0px;padding-bottom:0px;padding-left:0px;}.wp-block-kadence-advancedheading.kt-adv-heading3778_0157e3-a2 img.kb-inline-image, .wp-block-kadence-advancedheading.kt-adv-heading3778_0157e3-a2[data-kb-block=\"kb-adv-heading3778_0157e3-a2\"] img.kb-inline-image{width:150px;vertical-align:baseline;}<\/style>\n<p class=\"kt-adv-heading3778_0157e3-a2 wp-block-kadence-advancedheading\" data-kb-block=\"kb-adv-heading3778_0157e3-a2\"><strong>2025\/1:<\/strong> <a href=\"https:\/\/wp.ufpel.edu.br\/sisu\/files\/2025\/05\/2025.1.pdf\">Notas de corte &#8211; 2025\/1<\/a><br><strong>2025\/2:<\/strong> <a href=\"https:\/\/wp.ufpel.edu.br\/sisu\/files\/2025\/09\/ponto_corte_2025_2.pdf\" data-type=\"link\" data-id=\"https:\/\/wp.ufpel.edu.br\/sisu\/files\/2025\/09\/ponto_corte_2025_2.pdf\">Notas de corte &#8211; 2025\/2<\/a><\/p>\n\n\n<style>.wp-block-kadence-advancedheading.kt-adv-heading3778_50173c-d4, .wp-block-kadence-advancedheading.kt-adv-heading3778_50173c-d4[data-kb-block=\"kb-adv-heading3778_50173c-d4\"]{font-size:16px;font-weight:400;font-style:normal;font-family:Raleway;color:#5b619e;}.wp-block-kadence-advancedheading.kt-adv-heading3778_50173c-d4 mark.kt-highlight, .wp-block-kadence-advancedheading.kt-adv-heading3778_50173c-d4[data-kb-block=\"kb-adv-heading3778_50173c-d4\"] mark.kt-highlight{font-style:normal;color:#f76a0c;-webkit-box-decoration-break:clone;box-decoration-break:clone;padding-top:0px;padding-right:0px;padding-bottom:0px;padding-left:0px;}.wp-block-kadence-advancedheading.kt-adv-heading3778_50173c-d4 img.kb-inline-image, .wp-block-kadence-advancedheading.kt-adv-heading3778_50173c-d4[data-kb-block=\"kb-adv-heading3778_50173c-d4\"] img.kb-inline-image{width:150px;vertical-align:baseline;}<\/style>\n<p class=\"kt-adv-heading3778_50173c-d4 wp-block-kadence-advancedheading\" data-kb-block=\"kb-adv-heading3778_50173c-d4\"><strong>2024\/1:<\/strong> <a href=\"https:\/\/wp.ufpel.edu.br\/sisu\/files\/2024\/08\/2024.1.pdf\">Notas de corte &#8211; 2024\/1<\/a><br><strong>2024\/2:<\/strong> <a href=\"https:\/\/wp.ufpel.edu.br\/sisu\/files\/2024\/12\/2024.2.pdf\" data-type=\"link\" data-id=\"https:\/\/wp.ufpel.edu.br\/sisu\/files\/2024\/12\/2024.2.pdf\">Notas de corte &#8211; 2024\/2<\/a><\/p>\n\n\n<style>.wp-block-kadence-advancedheading.kt-adv-heading3778_87b344-27, .wp-block-kadence-advancedheading.kt-adv-heading3778_87b344-27[data-kb-block=\"kb-adv-heading3778_87b344-27\"]{font-size:16px;font-weight:400;font-style:normal;font-family:Raleway;color:#5b619e;}.wp-block-kadence-advancedheading.kt-adv-heading3778_87b344-27 mark.kt-highlight, .wp-block-kadence-advancedheading.kt-adv-heading3778_87b344-27[data-kb-block=\"kb-adv-heading3778_87b344-27\"] mark.kt-highlight{font-style:normal;color:#f76a0c;-webkit-box-decoration-break:clone;box-decoration-break:clone;padding-top:0px;padding-right:0px;padding-bottom:0px;padding-left:0px;}.wp-block-kadence-advancedheading.kt-adv-heading3778_87b344-27 img.kb-inline-image, .wp-block-kadence-advancedheading.kt-adv-heading3778_87b344-27[data-kb-block=\"kb-adv-heading3778_87b344-27\"] img.kb-inline-image{width:150px;vertical-align:baseline;}<\/style>\n<p class=\"kt-adv-heading3778_87b344-27 wp-block-kadence-advancedheading\" data-kb-block=\"kb-adv-heading3778_87b344-27\"><strong>2023\/1:<\/strong> <a href=\"https:\/\/wp.ufpel.edu.br\/sisu\/files\/2023\/06\/2023.1.pdf\">Notas de corte &#8211; 2023\/1<\/a><br><strong>2023\/2:<\/strong> <a href=\"https:\/\/wp.ufpel.edu.br\/sisu\/files\/2023\/11\/2023.2.pdf\">Notas de corte &#8211; 2023\/2<\/a><\/p>\n\n\n<style>.wp-block-kadence-advancedheading.kt-adv-heading3778_e4e4b0-f6, .wp-block-kadence-advancedheading.kt-adv-heading3778_e4e4b0-f6[data-kb-block=\"kb-adv-heading3778_e4e4b0-f6\"]{font-size:16px;font-weight:400;font-style:normal;font-family:Raleway;color:#5b619e;}.wp-block-kadence-advancedheading.kt-adv-heading3778_e4e4b0-f6 mark.kt-highlight, .wp-block-kadence-advancedheading.kt-adv-heading3778_e4e4b0-f6[data-kb-block=\"kb-adv-heading3778_e4e4b0-f6\"] mark.kt-highlight{font-style:normal;color:#f76a0c;-webkit-box-decoration-break:clone;box-decoration-break:clone;padding-top:0px;padding-right:0px;padding-bottom:0px;padding-left:0px;}.wp-block-kadence-advancedheading.kt-adv-heading3778_e4e4b0-f6 img.kb-inline-image, .wp-block-kadence-advancedheading.kt-adv-heading3778_e4e4b0-f6[data-kb-block=\"kb-adv-heading3778_e4e4b0-f6\"] img.kb-inline-image{width:150px;vertical-align:baseline;}<\/style>\n<p class=\"kt-adv-heading3778_e4e4b0-f6 wp-block-kadence-advancedheading\" data-kb-block=\"kb-adv-heading3778_e4e4b0-f6\"><strong>2022\/1:<\/strong> <a href=\"https:\/\/wp.ufpel.edu.br\/sisu\/files\/2022\/07\/2022.1.pdf\">Notas de corte &#8211; 2022\/1<\/a><br><strong>2022\/2:<\/strong> <a href=\"https:\/\/wp.ufpel.edu.br\/sisu\/files\/2023\/02\/2022.2.pdf\">Notas de corte &#8211; 2022\/2<\/a><\/p>\n\n\n<style>.wp-block-kadence-advancedheading.kt-adv-heading3778_6f85bd-b5, .wp-block-kadence-advancedheading.kt-adv-heading3778_6f85bd-b5[data-kb-block=\"kb-adv-heading3778_6f85bd-b5\"]{font-size:16px;font-weight:400;font-style:normal;font-family:Raleway;color:#5b619e;}.wp-block-kadence-advancedheading.kt-adv-heading3778_6f85bd-b5 mark.kt-highlight, .wp-block-kadence-advancedheading.kt-adv-heading3778_6f85bd-b5[data-kb-block=\"kb-adv-heading3778_6f85bd-b5\"] mark.kt-highlight{font-style:normal;color:#f76a0c;-webkit-box-decoration-break:clone;box-decoration-break:clone;padding-top:0px;padding-right:0px;padding-bottom:0px;padding-left:0px;}.wp-block-kadence-advancedheading.kt-adv-heading3778_6f85bd-b5 img.kb-inline-image, .wp-block-kadence-advancedheading.kt-adv-heading3778_6f85bd-b5[data-kb-block=\"kb-adv-heading3778_6f85bd-b5\"] img.kb-inline-image{width:150px;vertical-align:baseline;}<\/style>\n<p class=\"kt-adv-heading3778_6f85bd-b5 wp-block-kadence-advancedheading\" data-kb-block=\"kb-adv-heading3778_6f85bd-b5\"><strong>2021\/1:<\/strong> &nbsp;<a href=\"https:\/\/wp.ufpel.edu.br\/sisu\/files\/2021\/08\/2021.1.pdf\">Notas de corte &#8211; 2021\/1<\/a><br><strong>2021\/2:<\/strong>&nbsp; <a href=\"https:\/\/wp.ufpel.edu.br\/sisu\/files\/2022\/03\/2021.2.pdf\">Notas de corte &#8211; 2021\/2<\/a><\/p>\n\n\n<style>.wp-block-kadence-advancedheading.kt-adv-heading3778_1b091c-f2, .wp-block-kadence-advancedheading.kt-adv-heading3778_1b091c-f2[data-kb-block=\"kb-adv-heading3778_1b091c-f2\"]{font-size:16px;font-weight:400;font-style:normal;font-family:Raleway;color:#5b619e;}.wp-block-kadence-advancedheading.kt-adv-heading3778_1b091c-f2 mark.kt-highlight, .wp-block-kadence-advancedheading.kt-adv-heading3778_1b091c-f2[data-kb-block=\"kb-adv-heading3778_1b091c-f2\"] mark.kt-highlight{font-style:normal;color:#f76a0c;-webkit-box-decoration-break:clone;box-decoration-break:clone;padding-top:0px;padding-right:0px;padding-bottom:0px;padding-left:0px;}.wp-block-kadence-advancedheading.kt-adv-heading3778_1b091c-f2 img.kb-inline-image, .wp-block-kadence-advancedheading.kt-adv-heading3778_1b091c-f2[data-kb-block=\"kb-adv-heading3778_1b091c-f2\"] img.kb-inline-image{width:150px;vertical-align:baseline;}<\/style>\n<p class=\"kt-adv-heading3778_1b091c-f2 wp-block-kadence-advancedheading\" data-kb-block=\"kb-adv-heading3778_1b091c-f2\"><strong>2020\/1:<\/strong> <a href=\"https:\/\/wp.ufpel.edu.br\/sisu\/files\/2021\/08\/2020.1.pdf\">Notas de corte &#8211; 2020\/1<\/a><br><strong>2020\/2: <\/strong><a href=\"https:\/\/wp.ufpel.edu.br\/sisu\/files\/2021\/08\/2020.2.pdf\">Notas de corte &#8211; 2020\/2<\/a><\/p>\n\n\n<style>.wp-block-kadence-advancedheading.kt-adv-heading3778_7768ae-19, .wp-block-kadence-advancedheading.kt-adv-heading3778_7768ae-19[data-kb-block=\"kb-adv-heading3778_7768ae-19\"]{font-size:16px;font-weight:400;font-style:normal;font-family:Raleway;color:#5b619e;}.wp-block-kadence-advancedheading.kt-adv-heading3778_7768ae-19 mark.kt-highlight, .wp-block-kadence-advancedheading.kt-adv-heading3778_7768ae-19[data-kb-block=\"kb-adv-heading3778_7768ae-19\"] mark.kt-highlight{font-style:normal;color:#f76a0c;-webkit-box-decoration-break:clone;box-decoration-break:clone;padding-top:0px;padding-right:0px;padding-bottom:0px;padding-left:0px;}.wp-block-kadence-advancedheading.kt-adv-heading3778_7768ae-19 img.kb-inline-image, .wp-block-kadence-advancedheading.kt-adv-heading3778_7768ae-19[data-kb-block=\"kb-adv-heading3778_7768ae-19\"] img.kb-inline-image{width:150px;vertical-align:baseline;}<\/style>\n<p class=\"kt-adv-heading3778_7768ae-19 wp-block-kadence-advancedheading\" data-kb-block=\"kb-adv-heading3778_7768ae-19\"><strong>2019\/1:<\/strong> <a href=\"https:\/\/wp.ufpel.edu.br\/sisu\/files\/2021\/08\/2019.1.pdf\">Notas de corte &#8211; 2019\/1<\/a><br><strong>2019\/2:<\/strong> <a href=\"https:\/\/wp.ufpel.edu.br\/sisu\/files\/2021\/08\/2019.2.pdf\">Notas de corte &#8211; 2019\/2<\/a><\/p>\n\n\n<style>.wp-block-kadence-advancedheading.kt-adv-heading3778_de0c1f-a5, .wp-block-kadence-advancedheading.kt-adv-heading3778_de0c1f-a5[data-kb-block=\"kb-adv-heading3778_de0c1f-a5\"]{font-size:16px;font-weight:400;font-style:normal;font-family:Raleway;color:#5b619e;}.wp-block-kadence-advancedheading.kt-adv-heading3778_de0c1f-a5 mark.kt-highlight, .wp-block-kadence-advancedheading.kt-adv-heading3778_de0c1f-a5[data-kb-block=\"kb-adv-heading3778_de0c1f-a5\"] mark.kt-highlight{font-style:normal;color:#f76a0c;-webkit-box-decoration-break:clone;box-decoration-break:clone;padding-top:0px;padding-right:0px;padding-bottom:0px;padding-left:0px;}.wp-block-kadence-advancedheading.kt-adv-heading3778_de0c1f-a5 img.kb-inline-image, .wp-block-kadence-advancedheading.kt-adv-heading3778_de0c1f-a5[data-kb-block=\"kb-adv-heading3778_de0c1f-a5\"] img.kb-inline-image{width:150px;vertical-align:baseline;}<\/style>\n<p class=\"kt-adv-heading3778_de0c1f-a5 wp-block-kadence-advancedheading\" data-kb-block=\"kb-adv-heading3778_de0c1f-a5\"><strong>2018\/1: <\/strong><a href=\"https:\/\/wp.ufpel.edu.br\/sisu\/files\/2021\/08\/2018.1.pdf\">Notas de corte &#8211; 2018\/1<\/a><br><strong>2018\/2:<\/strong> <a href=\"https:\/\/wp.ufpel.edu.br\/sisu\/files\/2021\/08\/2018.2.pdf\">Notas de corte &#8211; 2018\/2<\/a><\/p>\n\n\n<style>.wp-block-kadence-advancedheading.kt-adv-heading3778_0e4220-d1, .wp-block-kadence-advancedheading.kt-adv-heading3778_0e4220-d1[data-kb-block=\"kb-adv-heading3778_0e4220-d1\"]{font-size:16px;font-weight:400;font-style:normal;font-family:Raleway;color:#5b619e;}.wp-block-kadence-advancedheading.kt-adv-heading3778_0e4220-d1 mark.kt-highlight, .wp-block-kadence-advancedheading.kt-adv-heading3778_0e4220-d1[data-kb-block=\"kb-adv-heading3778_0e4220-d1\"] mark.kt-highlight{font-style:normal;color:#f76a0c;-webkit-box-decoration-break:clone;box-decoration-break:clone;padding-top:0px;padding-right:0px;padding-bottom:0px;padding-left:0px;}.wp-block-kadence-advancedheading.kt-adv-heading3778_0e4220-d1 img.kb-inline-image, .wp-block-kadence-advancedheading.kt-adv-heading3778_0e4220-d1[data-kb-block=\"kb-adv-heading3778_0e4220-d1\"] img.kb-inline-image{width:150px;vertical-align:baseline;}<\/style>\n<p class=\"kt-adv-heading3778_0e4220-d1 wp-block-kadence-advancedheading\" data-kb-block=\"kb-adv-heading3778_0e4220-d1\"><strong>2017\/2: <\/strong><a href=\"https:\/\/wp.ufpel.edu.br\/sisu\/files\/2021\/08\/2017.2.pdf\">Notas de corte &#8211; 2017\/2<\/a><\/p>\n","protected":false},"excerpt":{"rendered":"<p>SiSU UFPEL &#8211; Notas de Corte Consulte as notas de corte do SiSU para ingresso nos cursos da UFPel. Considera-se a nota do \u00faltimo ingressante por curso, per\u00edodo e cota. 2025\/1: Notas de corte &#8211; 2025\/12025\/2: Notas de corte &#8211; 2025\/2 2024\/1: Notas de corte &#8211; 2024\/12024\/2: Notas de corte &#8211; 2024\/2 2023\/1: Notas de [&hellip;]<\/p>\n","protected":false},"author":743,"featured_media":0,"parent":0,"menu_order":0,"comment_status":"closed","ping_status":"closed","template":"","meta":{"advanced_seo_description":"","jetpack_seo_html_title":"","jetpack_seo_noindex":false,"jetpack_post_was_ever_published":false,"footnotes":""},"class_list":["post-3778","page","type-page","status-publish","hentry"],"jetpack_sharing_enabled":true,"jetpack_shortlink":"https:\/\/wp.me\/P8Nz4H-YW","jetpack-related-posts":[{"id":348,"url":"https:\/\/wp.ufpel.edu.br\/sisu\/resultado-da-avaliacao-etnico-racial\/resultados-da-avaliacao-etnico-racial-sisu-20171\/","url_meta":{"origin":3778,"position":0},"title":"Resultados da avalia\u00e7\u00e3o \u00e9tnico-racial SISU 2017\/1","author":"cid","date":"06\/06\/2017","format":false,"excerpt":"SISU - Avalia\u00e7\u00e3o do Componente \u00c9tnico-Racial (CCICE) Resultado FINAL comunicado n\u00ba 16 2017, lista de espera da UFPEL - SISU Ver\u00e3o 2017 SISU - Avalia\u00e7\u00e3o do Componente \u00c9tnico-Racial (CCICE) Resultado FINAL comunicado n\u00ba 12 2017, lista de espera da UFPEL - SISU Ver\u00e3o 2017 SISU \u2013 Avalia\u00e7\u00e3o do Componente \u00c9tnico-Racial\u2026","rel":"","context":"Post similar","block_context":{"text":"Post similar","link":""},"img":{"alt_text":"","src":"","width":0,"height":0},"classes":[]},{"id":1981,"url":"https:\/\/wp.ufpel.edu.br\/sisu\/editais\/sisu-2018-2\/","url_meta":{"origin":3778,"position":1},"title":"SISU 2018\/2","author":"sisu","date":"16\/11\/2018","format":false,"excerpt":"Editais e convoca\u00e7\u00f5es \u2013\u00a0SISU 2018\/2 Termo de Ades\u00e3o 2018\/2 Edital 013\/2018 \u2013 Chamada Regular Aprovados \u2013 Chamada Regular Edital 014\/2018 \u2013 Lista de Espera SISU 20182 \u2013 Lista de Espera UFPel \u2013 Geral SISU 20182 \u2013 Lista de Espera UFPel \u2013 Cotas Primeira convoca\u00e7\u00e3o Segunda convoca\u00e7\u00e3o Terceira convoca\u00e7\u00e3o Quarta Convoca\u00e7\u00e3o\u2026","rel":"","context":"Post similar","block_context":{"text":"Post similar","link":""},"img":{"alt_text":"","src":"","width":0,"height":0},"classes":[]},{"id":381,"url":"https:\/\/wp.ufpel.edu.br\/sisu\/resultado-da-avaliacao-etnico-racial\/resultados-da-avaliacao-etnico-racial-sisu-20172\/","url_meta":{"origin":3778,"position":2},"title":"Resultados da avalia\u00e7\u00e3o \u00e9tnico-racial SISU 2017\/2","author":"cid","date":"14\/06\/2017","format":false,"excerpt":"Acesse aqui os relat\u00f3rios referentes a matr\u00edcula na Chamada Regular do SISU 2017\/2: Relat\u00f3rio Preliminar SISU\/Inverno 2017\/2 - Chamada Regular Relat\u00f3rio Final Cotas Etnico Raciais - Chamada Regular - 2017-2 \u00a0 Acesse aqui os relat\u00f3rios referentes a matr\u00edcula na Primeira Convoca\u00e7\u00e3o da Lista de Espera da UFPel - SISU 2017\/2:\u2026","rel":"","context":"Post similar","block_context":{"text":"Post similar","link":""},"img":{"alt_text":"","src":"","width":0,"height":0},"classes":[]},{"id":51,"url":"https:\/\/wp.ufpel.edu.br\/sisu\/resultado-da-avaliacao-de-deficiencia\/","url_meta":{"origin":3778,"position":3},"title":"Resultados da avalia\u00e7\u00e3o de defici\u00eancia","author":"COACE","date":"01\/06\/2017","format":false,"excerpt":"Resultados da avalia\u00e7\u00e3o de defici\u00eancia Resultados da avalia\u00e7\u00e3o de defici\u00eancia SISU 2018\/2 Resultados da avalia\u00e7\u00e3o de defici\u00eancia SISU 2018\/1 Resultados da avalia\u00e7\u00e3o de defici\u00eancia SISU 2017\/2","rel":"","context":"Post similar","block_context":{"text":"Post similar","link":""},"img":{"alt_text":"","src":"","width":0,"height":0},"classes":[]},{"id":4554,"url":"https:\/\/wp.ufpel.edu.br\/sisu\/resultado-da-avaliacao-etnico-racial\/resultados-da-avaliacao-etnico-racial-sisu-2022-1\/","url_meta":{"origin":3778,"position":4},"title":"Resultados da avalia\u00e7\u00e3o \u00e9tnico-racial SISU 2022\/1","author":"COACE","date":"27\/10\/2022","format":false,"excerpt":"Relat\u00f3rio Final - SISU-PAVE 2022-1 - Chamada regular - Cursos com lista de espera Relat\u00f3rio Final - SISU-PAVE - listas de espera 2022-1 Relat\u00f3rio Final - SISU-PAVE - Bancas de segunda chamada - 2022-1 Relat\u00f3rio Final - SISU-PAVE - Cursos sem lista de espera 2022-1 Relat\u00f3rio Final - SISU-PAVE -\u2026","rel":"","context":"Post similar","block_context":{"text":"Post similar","link":""},"img":{"alt_text":"","src":"","width":0,"height":0},"classes":[]},{"id":378,"url":"https:\/\/wp.ufpel.edu.br\/sisu\/resultado-da-avaliacao-de-deficiencia\/resultados-da-avaliacao-de-deficiencia-20172\/","url_meta":{"origin":3778,"position":5},"title":"Resultados da avalia\u00e7\u00e3o de defici\u00eancia 2017\/2","author":"COACE","date":"14\/06\/2017","format":false,"excerpt":"Resultado Final SISU 2017","rel":"","context":"Post similar","block_context":{"text":"Post similar","link":""},"img":{"alt_text":"","src":"","width":0,"height":0},"classes":[]}],"publishpress_future_action":{"enabled":false,"date":"2026-04-14 15:16:20","action":"change-status","newStatus":"draft","terms":[],"taxonomy":"","extraData":[]},"publishpress_future_workflow_manual_trigger":{"enabledWorkflows":[]},"_links":{"self":[{"href":"https:\/\/wp.ufpel.edu.br\/sisu\/wp-json\/wp\/v2\/pages\/3778","targetHints":{"allow":["GET"]}}],"collection":[{"href":"https:\/\/wp.ufpel.edu.br\/sisu\/wp-json\/wp\/v2\/pages"}],"about":[{"href":"https:\/\/wp.ufpel.edu.br\/sisu\/wp-json\/wp\/v2\/types\/page"}],"author":[{"embeddable":true,"href":"https:\/\/wp.ufpel.edu.br\/sisu\/wp-json\/wp\/v2\/users\/743"}],"replies":[{"embeddable":true,"href":"https:\/\/wp.ufpel.edu.br\/sisu\/wp-json\/wp\/v2\/comments?post=3778"}],"version-history":[{"count":3,"href":"https:\/\/wp.ufpel.edu.br\/sisu\/wp-json\/wp\/v2\/pages\/3778\/revisions"}],"predecessor-version":[{"id":6569,"href":"https:\/\/wp.ufpel.edu.br\/sisu\/wp-json\/wp\/v2\/pages\/3778\/revisions\/6569"}],"wp:attachment":[{"href":"https:\/\/wp.ufpel.edu.br\/sisu\/wp-json\/wp\/v2\/media?parent=3778"}],"curies":[{"name":"wp","href":"https:\/\/api.w.org\/{rel}","templated":true}]}}