{"id":33,"date":"2017-06-01T11:29:12","date_gmt":"2017-06-01T14:29:12","guid":{"rendered":"https:\/\/wp.ufpel.edu.br\/sisu\/?page_id=33"},"modified":"2025-08-27T17:52:55","modified_gmt":"2025-08-27T20:52:55","slug":"a0","status":"publish","type":"page","link":"https:\/\/wp.ufpel.edu.br\/sisu\/documentos\/a0\/","title":{"rendered":"AC"},"content":{"rendered":"<style>.wp-block-kadence-advancedheading.kt-adv-heading33_8c1696-6b, .wp-block-kadence-advancedheading.kt-adv-heading33_8c1696-6b[data-kb-block=\"kb-adv-heading33_8c1696-6b\"]{text-align:left;font-size:20px;font-weight:400;font-style:normal;font-family:Raleway;color:#5b619e;}.wp-block-kadence-advancedheading.kt-adv-heading33_8c1696-6b mark.kt-highlight, .wp-block-kadence-advancedheading.kt-adv-heading33_8c1696-6b[data-kb-block=\"kb-adv-heading33_8c1696-6b\"] mark.kt-highlight{font-style:normal;color:#f76a0c;-webkit-box-decoration-break:clone;box-decoration-break:clone;padding-top:0px;padding-right:0px;padding-bottom:0px;padding-left:0px;}.wp-block-kadence-advancedheading.kt-adv-heading33_8c1696-6b img.kb-inline-image, .wp-block-kadence-advancedheading.kt-adv-heading33_8c1696-6b[data-kb-block=\"kb-adv-heading33_8c1696-6b\"] img.kb-inline-image{width:150px;vertical-align:baseline;}<\/style>\n<p class=\"kt-adv-heading33_8c1696-6b wp-block-kadence-advancedheading\" data-kb-block=\"kb-adv-heading33_8c1696-6b\">AC &#8211; Ampla Concorr\u00eancia<\/p>\n\n\n\n<hr class=\"wp-block-separator has-css-opacity is-style-wide\"\/>\n\n\n\n<div class=\"wp-block-group\"><div class=\"wp-block-group__inner-container is-layout-flow wp-block-group-is-layout-flow\"><style>.wp-block-kadence-advancedheading.kt-adv-heading3594_f23a50-c7, .wp-block-kadence-advancedheading.kt-adv-heading3594_f23a50-c7[data-kb-block=\"kb-adv-heading3594_f23a50-c7\"]{text-align:left;font-size:18px;font-style:normal;color:#5b619e;}.wp-block-kadence-advancedheading.kt-adv-heading3594_f23a50-c7 mark.kt-highlight, .wp-block-kadence-advancedheading.kt-adv-heading3594_f23a50-c7[data-kb-block=\"kb-adv-heading3594_f23a50-c7\"] mark.kt-highlight{font-style:normal;color:#f76a0c;-webkit-box-decoration-break:clone;box-decoration-break:clone;padding-top:0px;padding-right:0px;padding-bottom:0px;padding-left:0px;}.wp-block-kadence-advancedheading.kt-adv-heading3594_f23a50-c7 img.kb-inline-image, .wp-block-kadence-advancedheading.kt-adv-heading3594_f23a50-c7[data-kb-block=\"kb-adv-heading3594_f23a50-c7\"] img.kb-inline-image{width:150px;vertical-align:baseline;}<\/style>\n<p class=\"kt-adv-heading3594_f23a50-c7 wp-block-kadence-advancedheading\" data-kb-block=\"kb-adv-heading3594_f23a50-c7\">Documentos de cadastro:<\/p>\n\n\n<style>.wp-block-kadence-iconlist.kt-svg-icon-list-items3594_38c6bd-4b:not(.this-stops-third-party-issues){margin-top:0px;margin-bottom:0px;}.wp-block-kadence-iconlist.kt-svg-icon-list-items3594_38c6bd-4b ul.kt-svg-icon-list:not(.this-prevents-issues):not(.this-stops-third-party-issues):not(.tijsloc){margin-top:0px;margin-right:0px;margin-bottom:var(--global-kb-spacing-sm, 1.5rem);margin-left:0px;}.wp-block-kadence-iconlist.kt-svg-icon-list-items3594_38c6bd-4b ul.kt-svg-icon-list{grid-row-gap:5px;}.wp-block-kadence-iconlist.kt-svg-icon-list-items3594_38c6bd-4b ul.kt-svg-icon-list .kt-svg-icon-list-item-wrap .kt-svg-icon-list-single{margin-right:10px;}.kt-svg-icon-list-items3594_38c6bd-4b ul.kt-svg-icon-list .kt-svg-icon-list-level-0 .kt-svg-icon-list-single svg{font-size:20px;}.wp-block-kadence-iconlist.kt-svg-icon-list-items3594_38c6bd-4b ul.kt-svg-icon-list .wp-block-kadence-listitem a{color:#5b619e;}.wp-block-kadence-iconlist.kt-svg-icon-list-items3594_38c6bd-4b ul.kt-svg-icon-list .wp-block-kadence-listitem a:hover{color:#849ada;}<\/style>\n<div class=\"wp-block-kadence-iconlist kt-svg-icon-list-items kt-svg-icon-list-items3594_38c6bd-4b kt-svg-icon-list-columns-1 alignnone\"><ul class=\"kt-svg-icon-list\"><style>.kt-svg-icon-list-item-3594_9edeff-cf .kt-svg-icon-list-text mark.kt-highlight{background-color:unset;font-style:normal;color:#f76a0c;-webkit-box-decoration-break:clone;box-decoration-break:clone;padding-top:0px;padding-right:0px;padding-bottom:0px;padding-left:0px;}<\/style>\n<li class=\"wp-block-kadence-listitem kt-svg-icon-list-item-wrap kt-svg-icon-list-item-3594_9edeff-cf\"><span class=\"kb-svg-icon-wrap kb-svg-icon-fe_checkCircle kt-svg-icon-list-single\"><svg viewBox=\"0 0 24 24\"  fill=\"none\" stroke=\"currentColor\" stroke-width=\"2\" stroke-linecap=\"round\" stroke-linejoin=\"round\" xmlns=\"http:\/\/www.w3.org\/2000\/svg\"  aria-hidden=\"true\"><path d=\"M22 11.08V12a10 10 0 1 1-5.93-9.14\"\/><polyline points=\"22 4 12 14.01 9 11.01\"\/><\/svg><\/span><span class=\"kt-svg-icon-list-text\"><a href=\"https:\/\/cobalto.ufpel.edu.br\/academico\/processoSeletivo\/fichaOnline\"><span style=\"text-decoration: underline;\">Ficha de cadastro preenchida<\/span><\/a> (dispon\u00edvel somente no per\u00edodo estabelecido em edital);<\/span><\/li>\n\n\n<style>.kt-svg-icon-list-item-3594_c42ce6-77 .kt-svg-icon-list-text mark.kt-highlight{background-color:unset;font-style:normal;color:#f76a0c;-webkit-box-decoration-break:clone;box-decoration-break:clone;padding-top:0px;padding-right:0px;padding-bottom:0px;padding-left:0px;}<\/style>\n<li class=\"wp-block-kadence-listitem kt-svg-icon-list-item-wrap kt-svg-icon-list-item-3594_c42ce6-77\"><span class=\"kb-svg-icon-wrap kb-svg-icon-fe_checkCircle kt-svg-icon-list-single\"><svg viewBox=\"0 0 24 24\"  fill=\"none\" stroke=\"currentColor\" stroke-width=\"2\" stroke-linecap=\"round\" stroke-linejoin=\"round\" xmlns=\"http:\/\/www.w3.org\/2000\/svg\"  aria-hidden=\"true\"><path d=\"M22 11.08V12a10 10 0 1 1-5.93-9.14\"\/><polyline points=\"22 4 12 14.01 9 11.01\"\/><\/svg><\/span><span class=\"kt-svg-icon-list-text\">C\u00e9dula de Identidade&nbsp;(RG)&nbsp;atualizada, de modo que seja poss\u00edvel o reconhecimento por foto e assinatura;<\/span><\/li>\n\n\n<style>.kt-svg-icon-list-item-3594_e87100-41 .kt-svg-icon-list-text mark.kt-highlight{background-color:unset;font-style:normal;color:#f76a0c;-webkit-box-decoration-break:clone;box-decoration-break:clone;padding-top:0px;padding-right:0px;padding-bottom:0px;padding-left:0px;}<\/style>\n<li class=\"wp-block-kadence-listitem kt-svg-icon-list-item-wrap kt-svg-icon-list-item-3594_e87100-41\"><span class=\"kb-svg-icon-wrap kb-svg-icon-fe_checkCircle kt-svg-icon-list-single\"><svg viewBox=\"0 0 24 24\"  fill=\"none\" stroke=\"currentColor\" stroke-width=\"2\" stroke-linecap=\"round\" stroke-linejoin=\"round\" xmlns=\"http:\/\/www.w3.org\/2000\/svg\"  aria-hidden=\"true\"><path d=\"M22 11.08V12a10 10 0 1 1-5.93-9.14\"\/><polyline points=\"22 4 12 14.01 9 11.01\"\/><\/svg><\/span><span class=\"kt-svg-icon-list-text\">CPF;<\/span><\/li>\n\n\n<style>.kt-svg-icon-list-item-3594_fd74c8-79 .kt-svg-icon-list-text mark.kt-highlight{background-color:unset;font-style:normal;color:#f76a0c;-webkit-box-decoration-break:clone;box-decoration-break:clone;padding-top:0px;padding-right:0px;padding-bottom:0px;padding-left:0px;}<\/style>\n<li class=\"wp-block-kadence-listitem kt-svg-icon-list-item-wrap kt-svg-icon-list-item-3594_fd74c8-79\"><span class=\"kb-svg-icon-wrap kb-svg-icon-fe_checkCircle kt-svg-icon-list-single\"><svg viewBox=\"0 0 24 24\"  fill=\"none\" stroke=\"currentColor\" stroke-width=\"2\" stroke-linecap=\"round\" stroke-linejoin=\"round\" xmlns=\"http:\/\/www.w3.org\/2000\/svg\"  aria-hidden=\"true\"><path d=\"M22 11.08V12a10 10 0 1 1-5.93-9.14\"\/><polyline points=\"22 4 12 14.01 9 11.01\"\/><\/svg><\/span><span class=\"kt-svg-icon-list-text\">Certid\u00e3o de nascimento&nbsp;ou&nbsp;casamento;<\/span><\/li>\n\n\n<style>.kt-svg-icon-list-item-3594_fef886-43 .kt-svg-icon-list-text mark.kt-highlight{background-color:unset;font-style:normal;color:#f76a0c;-webkit-box-decoration-break:clone;box-decoration-break:clone;padding-top:0px;padding-right:0px;padding-bottom:0px;padding-left:0px;}<\/style>\n<li class=\"wp-block-kadence-listitem kt-svg-icon-list-item-wrap kt-svg-icon-list-item-3594_fef886-43\"><span class=\"kb-svg-icon-wrap kb-svg-icon-fe_checkCircle kt-svg-icon-list-single\"><svg viewBox=\"0 0 24 24\"  fill=\"none\" stroke=\"currentColor\" stroke-width=\"2\" stroke-linecap=\"round\" stroke-linejoin=\"round\" xmlns=\"http:\/\/www.w3.org\/2000\/svg\"  aria-hidden=\"true\"><path d=\"M22 11.08V12a10 10 0 1 1-5.93-9.14\"\/><polyline points=\"22 4 12 14.01 9 11.01\"\/><\/svg><\/span><span class=\"kt-svg-icon-list-text\"><a href=\"https:\/\/www.tse.jus.br\/eleitor\/certidoes\/certidao-de-quitacao-eleitoral\">D<span style=\"text-decoration: underline;\">ocumento que comprove estar em dia com a justi\u00e7a eleitoral<\/span><\/a>;<\/span><\/li>\n\n\n<style>.kt-svg-icon-list-item-3594_9ef536-1c .kt-svg-icon-list-text mark.kt-highlight{background-color:unset;font-style:normal;color:#f76a0c;-webkit-box-decoration-break:clone;box-decoration-break:clone;padding-top:0px;padding-right:0px;padding-bottom:0px;padding-left:0px;}<\/style>\n<li class=\"wp-block-kadence-listitem kt-svg-icon-list-item-wrap kt-svg-icon-list-item-3594_9ef536-1c\"><span class=\"kb-svg-icon-wrap kb-svg-icon-fe_checkCircle kt-svg-icon-list-single\"><svg viewBox=\"0 0 24 24\"  fill=\"none\" stroke=\"currentColor\" stroke-width=\"2\" stroke-linecap=\"round\" stroke-linejoin=\"round\" xmlns=\"http:\/\/www.w3.org\/2000\/svg\"  aria-hidden=\"true\"><path d=\"M22 11.08V12a10 10 0 1 1-5.93-9.14\"\/><polyline points=\"22 4 12 14.01 9 11.01\"\/><\/svg><\/span><span class=\"kt-svg-icon-list-text\">Documento que comprove estar em dia com as obriga\u00e7\u00f5es militares;<\/span><\/li>\n\n\n<style>.kt-svg-icon-list-item-3594_84f843-6c .kt-svg-icon-list-text mark.kt-highlight{background-color:unset;font-style:normal;color:#f76a0c;-webkit-box-decoration-break:clone;box-decoration-break:clone;padding-top:0px;padding-right:0px;padding-bottom:0px;padding-left:0px;}<\/style>\n<li class=\"wp-block-kadence-listitem kt-svg-icon-list-item-wrap kt-svg-icon-list-item-3594_84f843-6c\"><span class=\"kb-svg-icon-wrap kb-svg-icon-fe_checkCircle kt-svg-icon-list-single\"><svg viewBox=\"0 0 24 24\"  fill=\"none\" stroke=\"currentColor\" stroke-width=\"2\" stroke-linecap=\"round\" stroke-linejoin=\"round\" xmlns=\"http:\/\/www.w3.org\/2000\/svg\"  aria-hidden=\"true\"><path d=\"M22 11.08V12a10 10 0 1 1-5.93-9.14\"\/><polyline points=\"22 4 12 14.01 9 11.01\"\/><\/svg><\/span><span class=\"kt-svg-icon-list-text\">Hist\u00f3rico Escolar do Ensino M\u00e9dio;<\/span><\/li>\n\n\n<style>.kt-svg-icon-list-item-3594_675c44-59 .kt-svg-icon-list-text mark.kt-highlight{background-color:unset;font-style:normal;color:#f76a0c;-webkit-box-decoration-break:clone;box-decoration-break:clone;padding-top:0px;padding-right:0px;padding-bottom:0px;padding-left:0px;}<\/style>\n<li class=\"wp-block-kadence-listitem kt-svg-icon-list-item-wrap kt-svg-icon-list-item-3594_675c44-59\"><span class=\"kb-svg-icon-wrap kb-svg-icon-fe_checkCircle kt-svg-icon-list-single\"><svg viewBox=\"0 0 24 24\"  fill=\"none\" stroke=\"currentColor\" stroke-width=\"2\" stroke-linecap=\"round\" stroke-linejoin=\"round\" xmlns=\"http:\/\/www.w3.org\/2000\/svg\"  aria-hidden=\"true\"><path d=\"M22 11.08V12a10 10 0 1 1-5.93-9.14\"\/><polyline points=\"22 4 12 14.01 9 11.01\"\/><\/svg><\/span><span class=\"kt-svg-icon-list-text\">Certificado de Conclus\u00e3o do Ensino M\u00e9dio ou do Diploma do Ensino M\u00e9dio.<\/span><\/li>\n<\/ul><\/div>\n<\/div><\/div>\n\n\n\n<div class=\"wp-block-group\"><div class=\"wp-block-group__inner-container is-layout-flow wp-block-group-is-layout-flow\">\n<p class=\"has-18-font-size\">Observa\u00e7\u00f5es<strong>:<\/strong><\/p>\n\n\n\n<p>Para candidatos estrangeiros:<\/p>\n\n\n<style>.wp-block-kadence-iconlist.kt-svg-icon-list-items3593_526545-f1:not(.this-stops-third-party-issues){margin-top:0px;margin-bottom:0px;}.wp-block-kadence-iconlist.kt-svg-icon-list-items3593_526545-f1 ul.kt-svg-icon-list:not(.this-prevents-issues):not(.this-stops-third-party-issues):not(.tijsloc){margin-top:0px;margin-right:0px;margin-bottom:var(--global-kb-spacing-sm, 1.5rem);margin-left:0px;}.wp-block-kadence-iconlist.kt-svg-icon-list-items3593_526545-f1 ul.kt-svg-icon-list{grid-row-gap:5px;}.wp-block-kadence-iconlist.kt-svg-icon-list-items3593_526545-f1 ul.kt-svg-icon-list .kt-svg-icon-list-item-wrap .kt-svg-icon-list-single{margin-right:10px;}.kt-svg-icon-list-items3593_526545-f1 ul.kt-svg-icon-list .kt-svg-icon-list-level-0 .kt-svg-icon-list-single svg{font-size:20px;}<\/style>\n<div class=\"wp-block-kadence-iconlist kt-svg-icon-list-items kt-svg-icon-list-items3593_526545-f1 kt-svg-icon-list-columns-1 alignnone\"><ul class=\"kt-svg-icon-list\"><style>.kt-svg-icon-list-item-3593_c7c85c-bd .kt-svg-icon-list-text mark.kt-highlight{background-color:unset;font-style:normal;color:#f76a0c;-webkit-box-decoration-break:clone;box-decoration-break:clone;padding-top:0px;padding-right:0px;padding-bottom:0px;padding-left:0px;}<\/style>\n<li class=\"wp-block-kadence-listitem kt-svg-icon-list-item-wrap kt-svg-icon-list-item-3593_c7c85c-bd\"><span class=\"kb-svg-icon-wrap kb-svg-icon-fe_checkCircle kt-svg-icon-list-single\"><svg viewBox=\"0 0 24 24\"  fill=\"none\" stroke=\"currentColor\" stroke-width=\"2\" stroke-linecap=\"round\" stroke-linejoin=\"round\" xmlns=\"http:\/\/www.w3.org\/2000\/svg\"  aria-hidden=\"true\"><path d=\"M22 11.08V12a10 10 0 1 1-5.93-9.14\"\/><polyline points=\"22 4 12 14.01 9 11.01\"\/><\/svg><\/span><span class=\"kt-svg-icon-list-text\">Registro Nacional de Estrangeiro (RNE) ou Carteira de Registro Nacional Migrat\u00f3rio&nbsp;(CRNM).<\/span><\/li>\n\n\n<style>.kt-svg-icon-list-item-3593_d056e7-b6 .kt-svg-icon-list-text mark.kt-highlight{background-color:unset;font-style:normal;color:#f76a0c;-webkit-box-decoration-break:clone;box-decoration-break:clone;padding-top:0px;padding-right:0px;padding-bottom:0px;padding-left:0px;}<\/style>\n<li class=\"wp-block-kadence-listitem kt-svg-icon-list-item-wrap kt-svg-icon-list-item-3593_d056e7-b6\"><span class=\"kb-svg-icon-wrap kb-svg-icon-fe_checkCircle kt-svg-icon-list-single\"><svg viewBox=\"0 0 24 24\"  fill=\"none\" stroke=\"currentColor\" stroke-width=\"2\" stroke-linecap=\"round\" stroke-linejoin=\"round\" xmlns=\"http:\/\/www.w3.org\/2000\/svg\"  aria-hidden=\"true\"><path d=\"M22 11.08V12a10 10 0 1 1-5.93-9.14\"\/><polyline points=\"22 4 12 14.01 9 11.01\"\/><\/svg><\/span><span class=\"kt-svg-icon-list-text\">Os documentos estrangeiros devem ser autenticados pela Autoridade Consular Brasileira, no pa\u00eds de origem, e acompanhados da respectiva tradu\u00e7\u00e3o oficial, caso necess\u00e1rio (L\u00edngua diferente do Portugu\u00eas ou Espanhol);<\/span><\/li>\n\n\n<style>.kt-svg-icon-list-item-3593_af2d3d-7f .kt-svg-icon-list-text mark.kt-highlight{background-color:unset;font-style:normal;color:#f76a0c;-webkit-box-decoration-break:clone;box-decoration-break:clone;padding-top:0px;padding-right:0px;padding-bottom:0px;padding-left:0px;}<\/style>\n<li class=\"wp-block-kadence-listitem kt-svg-icon-list-item-wrap kt-svg-icon-list-item-3593_af2d3d-7f\"><span class=\"kb-svg-icon-wrap kb-svg-icon-fe_checkCircle kt-svg-icon-list-single\"><svg viewBox=\"0 0 24 24\"  fill=\"none\" stroke=\"currentColor\" stroke-width=\"2\" stroke-linecap=\"round\" stroke-linejoin=\"round\" xmlns=\"http:\/\/www.w3.org\/2000\/svg\"  aria-hidden=\"true\"><path d=\"M22 11.08V12a10 10 0 1 1-5.93-9.14\"\/><polyline points=\"22 4 12 14.01 9 11.01\"\/><\/svg><\/span><span class=\"kt-svg-icon-list-text\">Candidatos que tenham realizado estudos equivalentes ao Ensino M\u00e9dio, no todo ou em parte, no exterior devem entregar Parecer da equival\u00eancia de estudos da Secretaria da Educa\u00e7\u00e3o, conforme Resolu\u00e7\u00e3o n\u00ba 317\/2011, do Conselho Estadual de Educa\u00e7\u00e3o\/RS.<\/span><\/li>\n<\/ul><\/div>\n\n\n\n<p>Avisos<strong>:<\/strong><\/p>\n\n\n<style>.wp-block-kadence-iconlist.kt-svg-icon-list-items3593_fa08f7-b8:not(.this-stops-third-party-issues){margin-top:0px;margin-bottom:0px;}.wp-block-kadence-iconlist.kt-svg-icon-list-items3593_fa08f7-b8 ul.kt-svg-icon-list:not(.this-prevents-issues):not(.this-stops-third-party-issues):not(.tijsloc){margin-top:0px;margin-right:0px;margin-bottom:10px;margin-left:0px;}.wp-block-kadence-iconlist.kt-svg-icon-list-items3593_fa08f7-b8 ul.kt-svg-icon-list{grid-row-gap:10px;}.wp-block-kadence-iconlist.kt-svg-icon-list-items3593_fa08f7-b8 ul.kt-svg-icon-list .kt-svg-icon-list-item-wrap .kt-svg-icon-list-single{margin-right:10px;}.kt-svg-icon-list-items3593_fa08f7-b8 ul.kt-svg-icon-list .kt-svg-icon-list-item-wrap, .kt-svg-icon-list-items3593_fa08f7-b8 ul.kt-svg-icon-list .kt-svg-icon-list-item-wrap a{font-size:16px;}.wp-block-kadence-iconlist.kt-svg-icon-list-items3593_fa08f7-b8 ul.kt-svg-icon-list .wp-block-kadence-listitem a{color:#5b619e;}.wp-block-kadence-iconlist.kt-svg-icon-list-items3593_fa08f7-b8 ul.kt-svg-icon-list .wp-block-kadence-listitem a:hover{color:#849ada;}<\/style>\n<div class=\"wp-block-kadence-iconlist kt-svg-icon-list-items kt-svg-icon-list-items3593_fa08f7-b8 kt-svg-icon-list-columns-1 alignnone\"><ul class=\"kt-svg-icon-list\"><style>.kt-svg-icon-list-item-3593_b21af2-2c .kt-svg-icon-list-text mark.kt-highlight{background-color:unset;font-style:normal;color:#f76a0c;-webkit-box-decoration-break:clone;box-decoration-break:clone;padding-top:0px;padding-right:0px;padding-bottom:0px;padding-left:0px;}<\/style>\n<li class=\"wp-block-kadence-listitem kt-svg-icon-list-item-wrap kt-svg-icon-list-item-3593_b21af2-2c\"><span class=\"kb-svg-icon-wrap kb-svg-icon-fe_alertTriangle kt-svg-icon-list-single\"><svg viewBox=\"0 0 24 24\"  fill=\"none\" stroke=\"currentColor\" stroke-width=\"2\" stroke-linecap=\"round\" stroke-linejoin=\"round\" xmlns=\"http:\/\/www.w3.org\/2000\/svg\"  aria-hidden=\"true\"><path d=\"M10.29 3.86L1.82 18a2 2 0 0 0 1.71 3h16.94a2 2 0 0 0 1.71-3L13.71 3.86a2 2 0 0 0-3.42 0z\"\/><line x1=\"12\" y1=\"9\" x2=\"12\" y2=\"13\"\/><line x1=\"12\" y1=\"17\" x2=\"12\" y2=\"17\"\/><\/svg><\/span><span class=\"kt-svg-icon-list-text\">Menores de 18 anos ficam dispensados de apresentar documento que&nbsp;comprove estar em dia com a justi\u00e7a eleitoral.<\/span><\/li>\n\n\n<style>.kt-svg-icon-list-item-3593_966db2-82 .kt-svg-icon-list-text mark.kt-highlight{background-color:unset;font-style:normal;color:#f76a0c;-webkit-box-decoration-break:clone;box-decoration-break:clone;padding-top:0px;padding-right:0px;padding-bottom:0px;padding-left:0px;}<\/style>\n<li class=\"wp-block-kadence-listitem kt-svg-icon-list-item-wrap kt-svg-icon-list-item-3593_966db2-82\"><span class=\"kb-svg-icon-wrap kb-svg-icon-fe_alertTriangle kt-svg-icon-list-single\"><svg viewBox=\"0 0 24 24\"  fill=\"none\" stroke=\"currentColor\" stroke-width=\"2\" stroke-linecap=\"round\" stroke-linejoin=\"round\" xmlns=\"http:\/\/www.w3.org\/2000\/svg\"  aria-hidden=\"true\"><path d=\"M10.29 3.86L1.82 18a2 2 0 0 0 1.71 3h16.94a2 2 0 0 0 1.71-3L13.71 3.86a2 2 0 0 0-3.42 0z\"\/><line x1=\"12\" y1=\"9\" x2=\"12\" y2=\"13\"\/><line x1=\"12\" y1=\"17\" x2=\"12\" y2=\"17\"\/><\/svg><\/span><span class=\"kt-svg-icon-list-text\">Menores de 17 anos e maiores de 45 anos ficam dispensados de apresentar&nbsp;documento que comprove estar em dia com as obriga\u00e7\u00f5es militares.<\/span><\/li>\n<\/ul><\/div>\n<\/div><\/div>\n","protected":false},"excerpt":{"rendered":"<p>AC &#8211; Ampla Concorr\u00eancia<\/p>\n","protected":false},"author":743,"featured_media":0,"parent":30,"menu_order":0,"comment_status":"closed","ping_status":"closed","template":"","meta":{"advanced_seo_description":"","jetpack_seo_html_title":"","jetpack_seo_noindex":false,"jetpack_post_was_ever_published":false,"footnotes":""},"class_list":["post-33","page","type-page","status-publish","hentry"],"jetpack_sharing_enabled":true,"jetpack_shortlink":"https:\/\/wp.me\/P8Nz4H-x","jetpack-related-posts":[{"id":30,"url":"https:\/\/wp.ufpel.edu.br\/sisu\/documentos\/","url_meta":{"origin":33,"position":0},"title":"Documentos","author":"sisu","date":"01\/06\/2017","format":false,"excerpt":"A documenta\u00e7\u00e3o completa para realizar a matr\u00edcula pode ser consultada, conforme a modalidade de ingresso: AC - Ampla concorr\u00eancia LB_EP - Ensino m\u00e9dio em escola p\u00fablica ou comunit\u00e1ria + renda LB_PPI - Ensino m\u00e9dio em escola p\u00fablica ou comunit\u00e1ria + renda + preto, pardo ou ind\u00edgena LB_PCD - Ensino m\u00e9dio\u2026","rel":"","context":"Post similar","block_context":{"text":"Post similar","link":""},"img":{"alt_text":"","src":"","width":0,"height":0},"classes":[]},{"id":856,"url":"https:\/\/wp.ufpel.edu.br\/sisu\/editais\/sisu-2017-2\/","url_meta":{"origin":33,"position":1},"title":"SISU 2017\/2","author":"sisu","date":"06\/12\/2017","format":false,"excerpt":"Editais e convoca\u00e7\u00f5es \u2013 SISU 2017\/2 Termo de ades\u00e3o 2017\/2 Edital_011_2017_Chamada_Regular Aprovados chamada regular Edital_013_2017_Lista_de_Espera Lista_espera da UFPel_Ampla Concorrencia Lista_espera da UFPel_Cotas Primeira Convoca\u00e7\u00e3o Segunda Convoca\u00e7\u00e3o Terceira_Convoca\u00e7\u00e3o Quarta Convoca\u00e7\u00e3o Quinta Convoca\u00e7\u00e3o Sexta Convoca\u00e7\u00e3o S\u00e9tima Convoca\u00e7\u00e3o Oitava Convoca\u00e7\u00e3o Nona_Convoca\u00e7\u00e3o Resultados para ingresso nas cotas Resultados da avalia\u00e7\u00e3o de defici\u00eancia Resultados da\u2026","rel":"","context":"Post similar","block_context":{"text":"Post similar","link":""},"img":{"alt_text":"","src":"","width":0,"height":0},"classes":[]},{"id":59,"url":"https:\/\/wp.ufpel.edu.br\/sisu\/duvidas-frequentes\/","url_meta":{"origin":33,"position":2},"title":"D\u00favidas Frequentes","author":"sisu","date":"01\/06\/2017","format":false,"excerpt":"Sobre o SiSU O que \u00e9 o SiSU? O Sistema de Sele\u00e7\u00e3o Unificada (SiSU) \u00e9 o sistema informatizado, gerenciado pelo Minist\u00e9rio da Educa\u00e7\u00e3o (MEC), pelo qual institui\u00e7\u00f5es p\u00fablicas de educa\u00e7\u00e3o superior oferecem vagas a candidatos participantes do Exame Nacional do Ensino M\u00e9dio (Enem). Como funciona o SiSU? Os estudantes que\u2026","rel":"","context":"Post similar","block_context":{"text":"Post similar","link":""},"img":{"alt_text":"","src":"","width":0,"height":0},"classes":[]}],"publishpress_future_action":{"enabled":false,"date":"2026-05-04 10:28:14","action":"change-status","newStatus":"draft","terms":[],"taxonomy":"","extraData":[]},"publishpress_future_workflow_manual_trigger":{"enabledWorkflows":[]},"_links":{"self":[{"href":"https:\/\/wp.ufpel.edu.br\/sisu\/wp-json\/wp\/v2\/pages\/33","targetHints":{"allow":["GET"]}}],"collection":[{"href":"https:\/\/wp.ufpel.edu.br\/sisu\/wp-json\/wp\/v2\/pages"}],"about":[{"href":"https:\/\/wp.ufpel.edu.br\/sisu\/wp-json\/wp\/v2\/types\/page"}],"author":[{"embeddable":true,"href":"https:\/\/wp.ufpel.edu.br\/sisu\/wp-json\/wp\/v2\/users\/743"}],"replies":[{"embeddable":true,"href":"https:\/\/wp.ufpel.edu.br\/sisu\/wp-json\/wp\/v2\/comments?post=33"}],"version-history":[{"count":3,"href":"https:\/\/wp.ufpel.edu.br\/sisu\/wp-json\/wp\/v2\/pages\/33\/revisions"}],"predecessor-version":[{"id":6522,"href":"https:\/\/wp.ufpel.edu.br\/sisu\/wp-json\/wp\/v2\/pages\/33\/revisions\/6522"}],"up":[{"embeddable":true,"href":"https:\/\/wp.ufpel.edu.br\/sisu\/wp-json\/wp\/v2\/pages\/30"}],"wp:attachment":[{"href":"https:\/\/wp.ufpel.edu.br\/sisu\/wp-json\/wp\/v2\/media?parent=33"}],"curies":[{"name":"wp","href":"https:\/\/api.w.org\/{rel}","templated":true}]}}