{"id":30,"date":"2017-06-01T11:28:44","date_gmt":"2017-06-01T14:28:44","guid":{"rendered":"https:\/\/wp.ufpel.edu.br\/sisu\/?page_id=30"},"modified":"2024-12-13T09:01:48","modified_gmt":"2024-12-13T12:01:48","slug":"documentos","status":"publish","type":"page","link":"https:\/\/wp.ufpel.edu.br\/sisu\/documentos\/","title":{"rendered":"Documentos"},"content":{"rendered":"\n<p>A documenta\u00e7\u00e3o completa para realizar a matr\u00edcula pode ser consultada, conforme a modalidade de ingresso:<\/p>\n\n\n<style>.wp-block-kadence-iconlist.kt-svg-icon-list-items30_4453c2-c6:not(.this-stops-third-party-issues){margin-top:0px;margin-bottom:0px;}.wp-block-kadence-iconlist.kt-svg-icon-list-items30_4453c2-c6 ul.kt-svg-icon-list:not(.this-prevents-issues):not(.this-stops-third-party-issues):not(.tijsloc){margin-top:0px;margin-right:0px;margin-bottom:var(--global-kb-spacing-sm, 1.5rem);margin-left:0px;column-gap:10px;}.wp-block-kadence-iconlist.kt-svg-icon-list-items30_4453c2-c6 ul.kt-svg-icon-list{grid-row-gap:10px;}.wp-block-kadence-iconlist.kt-svg-icon-list-items30_4453c2-c6 ul.kt-svg-icon-list .kt-svg-icon-list-item-wrap .kt-svg-icon-list-single{margin-right:10px;}.kt-svg-icon-list-items30_4453c2-c6 ul.kt-svg-icon-list .kt-svg-icon-list-level-0 .kt-svg-icon-list-single svg{font-size:20px;}.wp-block-kadence-iconlist.kt-svg-icon-list-items30_4453c2-c6 ul.kt-svg-icon-list .wp-block-kadence-listitem a{color:#5b619e;}.wp-block-kadence-iconlist.kt-svg-icon-list-items30_4453c2-c6 ul.kt-svg-icon-list .wp-block-kadence-listitem a:hover{color:#849ada;}<\/style>\n<div class=\"wp-block-kadence-iconlist kt-svg-icon-list-items kt-svg-icon-list-items30_4453c2-c6 kt-svg-icon-list-columns-1 alignnone\"><ul class=\"kt-svg-icon-list\"><style>.kt-svg-icon-list-item-30_2aeb9a-a9 .kt-svg-icon-list-text mark.kt-highlight{background-color:unset;font-style:normal;color:#f76a0c;-webkit-box-decoration-break:clone;box-decoration-break:clone;padding-top:0px;padding-right:0px;padding-bottom:0px;padding-left:0px;}<\/style>\n<li class=\"wp-block-kadence-listitem kt-svg-icon-list-item-wrap kt-svg-icon-list-item-30_2aeb9a-a9\"><div class=\"kt-svg-icon-list-single\" style=\"display: inline-flex; justify-content: center; align-items: center;\"><svg viewBox=\"0 0 24 24\" height=\"1em\" width=\"1em\" fill=\"none\" stroke=\"currentColor\" xmlns=\"http:\/\/www.w3.org\/2000\/svg\" style=\"display: inline-block; vertical-align: middle;\"><\/svg><\/div><span class=\"kt-svg-icon-list-text\"><a href=\"https:\/\/wp.ufpel.edu.br\/sisu\/documentos\/a0\/\" data-type=\"link\" data-id=\"https:\/\/wp.ufpel.edu.br\/sisu\/documentos\/a0\/\">AC &#8211; Ampla concorr\u00eancia<\/a><\/span><\/li>\n\n\n<style>.kt-svg-icon-list-item-30_08bfbd-2a .kt-svg-icon-list-text mark.kt-highlight{background-color:unset;font-style:normal;color:#f76a0c;-webkit-box-decoration-break:clone;box-decoration-break:clone;padding-top:0px;padding-right:0px;padding-bottom:0px;padding-left:0px;}<\/style>\n<li class=\"wp-block-kadence-listitem kt-svg-icon-list-item-wrap kt-svg-icon-list-item-30_08bfbd-2a\"><div class=\"kt-svg-icon-list-single\" style=\"display: inline-flex; justify-content: center; align-items: center;\"><svg viewBox=\"0 0 24 24\" height=\"1em\" width=\"1em\" fill=\"none\" stroke=\"currentColor\" xmlns=\"http:\/\/www.w3.org\/2000\/svg\" style=\"display: inline-block; vertical-align: middle;\"><\/svg><\/div><span class=\"kt-svg-icon-list-text\"><a href=\"https:\/\/wp.ufpel.edu.br\/sisu\/documentos\/l1\/\" data-type=\"link\" data-id=\"https:\/\/wp.ufpel.edu.br\/sisu\/documentos\/l1\/\">LB_EP &#8211; Ensino m\u00e9dio em escola p\u00fablica ou comunit\u00e1ria + renda<\/a><\/span><\/li>\n\n\n<style>.kt-svg-icon-list-item-30_238e63-20 .kt-svg-icon-list-text mark.kt-highlight{background-color:unset;font-style:normal;color:#f76a0c;-webkit-box-decoration-break:clone;box-decoration-break:clone;padding-top:0px;padding-right:0px;padding-bottom:0px;padding-left:0px;}<\/style>\n<li class=\"wp-block-kadence-listitem kt-svg-icon-list-item-wrap kt-svg-icon-list-item-30_238e63-20\"><div class=\"kt-svg-icon-list-single\" style=\"display: inline-flex; justify-content: center; align-items: center;\"><svg viewBox=\"0 0 24 24\" height=\"1em\" width=\"1em\" fill=\"none\" stroke=\"currentColor\" xmlns=\"http:\/\/www.w3.org\/2000\/svg\" style=\"display: inline-block; vertical-align: middle;\"><\/svg><\/div><span class=\"kt-svg-icon-list-text\"><a href=\"https:\/\/wp.ufpel.edu.br\/sisu\/documentos\/l2\/\" data-type=\"link\" data-id=\"https:\/\/wp.ufpel.edu.br\/sisu\/documentos\/l2\/\">LB_PPI &#8211; Ensino m\u00e9dio em escola p\u00fablica ou comunit\u00e1ria + renda + preto, pardo ou ind\u00edgena<\/a><\/span><\/li>\n\n\n<style>.kt-svg-icon-list-item-30_4e89df-82 .kt-svg-icon-list-text mark.kt-highlight{background-color:unset;font-style:normal;color:#f76a0c;-webkit-box-decoration-break:clone;box-decoration-break:clone;padding-top:0px;padding-right:0px;padding-bottom:0px;padding-left:0px;}<\/style>\n<li class=\"wp-block-kadence-listitem kt-svg-icon-list-item-wrap kt-svg-icon-list-item-30_4e89df-82\"><div class=\"kt-svg-icon-list-single\" style=\"display: inline-flex; justify-content: center; align-items: center;\"><svg viewBox=\"0 0 24 24\" height=\"1em\" width=\"1em\" fill=\"none\" stroke=\"currentColor\" xmlns=\"http:\/\/www.w3.org\/2000\/svg\" style=\"display: inline-block; vertical-align: middle;\"><\/svg><\/div><span class=\"kt-svg-icon-list-text\"><a href=\"https:\/\/wp.ufpel.edu.br\/sisu\/documentos\/l9\/\" data-type=\"link\" data-id=\"https:\/\/wp.ufpel.edu.br\/sisu\/documentos\/l9\/\">LB_PCD &#8211; Ensino m\u00e9dio em escola p\u00fablica ou comunit\u00e1ria + renda + defici\u00eancia<\/a><\/span><\/li>\n\n\n<style>.kt-svg-icon-list-item-30_7537a8-da .kt-svg-icon-list-text mark.kt-highlight{background-color:unset;font-style:normal;color:#f76a0c;-webkit-box-decoration-break:clone;box-decoration-break:clone;padding-top:0px;padding-right:0px;padding-bottom:0px;padding-left:0px;}<\/style>\n<li class=\"wp-block-kadence-listitem kt-svg-icon-list-item-wrap kt-svg-icon-list-item-30_7537a8-da\"><div class=\"kt-svg-icon-list-single\" style=\"display: inline-flex; justify-content: center; align-items: center;\"><svg viewBox=\"0 0 24 24\" height=\"1em\" width=\"1em\" fill=\"none\" stroke=\"currentColor\" xmlns=\"http:\/\/www.w3.org\/2000\/svg\" style=\"display: inline-block; vertical-align: middle;\"><\/svg><\/div><span class=\"kt-svg-icon-list-text\"><a href=\"https:\/\/wp.ufpel.edu.br\/sisu\/documentos\/l10\/\" data-type=\"link\" data-id=\"https:\/\/wp.ufpel.edu.br\/sisu\/documentos\/l10\/\">LB_Q &#8211; Ensino m\u00e9dio em escola p\u00fablica ou comunit\u00e1ria + renda + quilombola<\/a><\/span><\/li>\n\n\n<style>.kt-svg-icon-list-item-30_b08f05-65 .kt-svg-icon-list-text mark.kt-highlight{background-color:unset;font-style:normal;color:#f76a0c;-webkit-box-decoration-break:clone;box-decoration-break:clone;padding-top:0px;padding-right:0px;padding-bottom:0px;padding-left:0px;}<\/style>\n<li class=\"wp-block-kadence-listitem kt-svg-icon-list-item-wrap kt-svg-icon-list-item-30_b08f05-65\"><div class=\"kt-svg-icon-list-single\" style=\"display: inline-flex; justify-content: center; align-items: center;\"><svg viewBox=\"0 0 24 24\" height=\"1em\" width=\"1em\" fill=\"none\" stroke=\"currentColor\" xmlns=\"http:\/\/www.w3.org\/2000\/svg\" style=\"display: inline-block; vertical-align: middle;\"><\/svg><\/div><span class=\"kt-svg-icon-list-text\"><a href=\"https:\/\/wp.ufpel.edu.br\/sisu\/documentos\/l5\/\" data-type=\"link\" data-id=\"https:\/\/wp.ufpel.edu.br\/sisu\/documentos\/l5\/\">LI_EP &#8211; Ensino m\u00e9dio em escola p\u00fablica ou comunit\u00e1ria<\/a> <\/span><\/li>\n\n\n<style>.kt-svg-icon-list-item-30_24358c-49 .kt-svg-icon-list-text mark.kt-highlight{background-color:unset;font-style:normal;color:#f76a0c;-webkit-box-decoration-break:clone;box-decoration-break:clone;padding-top:0px;padding-right:0px;padding-bottom:0px;padding-left:0px;}<\/style>\n<li class=\"wp-block-kadence-listitem kt-svg-icon-list-item-wrap kt-svg-icon-list-item-30_24358c-49\"><div class=\"kt-svg-icon-list-single\" style=\"display: inline-flex; justify-content: center; align-items: center;\"><svg viewBox=\"0 0 24 24\" height=\"1em\" width=\"1em\" fill=\"none\" stroke=\"currentColor\" xmlns=\"http:\/\/www.w3.org\/2000\/svg\" style=\"display: inline-block; vertical-align: middle;\"><\/svg><\/div><span class=\"kt-svg-icon-list-text\"><a href=\"https:\/\/wp.ufpel.edu.br\/sisu\/documentos\/l6\/\" data-type=\"link\" data-id=\"https:\/\/wp.ufpel.edu.br\/sisu\/documentos\/l6\/\">LI_PPI &#8211; Ensino m\u00e9dio em escola p\u00fablica ou comunit\u00e1ria + preto, pardo ou ind\u00edgena<\/a><\/span><\/li>\n\n\n<style>.kt-svg-icon-list-item-30_65c9df-53 .kt-svg-icon-list-text mark.kt-highlight{background-color:unset;font-style:normal;color:#f76a0c;-webkit-box-decoration-break:clone;box-decoration-break:clone;padding-top:0px;padding-right:0px;padding-bottom:0px;padding-left:0px;}<\/style>\n<li class=\"wp-block-kadence-listitem kt-svg-icon-list-item-wrap kt-svg-icon-list-item-30_65c9df-53\"><div class=\"kt-svg-icon-list-single\" style=\"display: inline-flex; justify-content: center; align-items: center;\"><svg viewBox=\"0 0 24 24\" height=\"1em\" width=\"1em\" fill=\"none\" stroke=\"currentColor\" xmlns=\"http:\/\/www.w3.org\/2000\/svg\" style=\"display: inline-block; vertical-align: middle;\"><\/svg><\/div><span class=\"kt-svg-icon-list-text\"><a href=\"https:\/\/wp.ufpel.edu.br\/sisu\/documentos\/l13\/\" data-type=\"link\" data-id=\"https:\/\/wp.ufpel.edu.br\/sisu\/documentos\/l13\/\">LI_PCD &#8211; Ensino m\u00e9dio em escola p\u00fablica ou comunit\u00e1ria + defici\u00eancia<\/a><\/span><\/li>\n\n\n<style>.kt-svg-icon-list-item-30_1043fd-96 .kt-svg-icon-list-text mark.kt-highlight{background-color:unset;font-style:normal;color:#f76a0c;-webkit-box-decoration-break:clone;box-decoration-break:clone;padding-top:0px;padding-right:0px;padding-bottom:0px;padding-left:0px;}<\/style>\n<li class=\"wp-block-kadence-listitem kt-svg-icon-list-item-wrap kt-svg-icon-list-item-30_1043fd-96\"><div class=\"kt-svg-icon-list-single\" style=\"display: inline-flex; justify-content: center; align-items: center;\"><svg viewBox=\"0 0 24 24\" height=\"1em\" width=\"1em\" fill=\"none\" stroke=\"currentColor\" xmlns=\"http:\/\/www.w3.org\/2000\/svg\" style=\"display: inline-block; vertical-align: middle;\"><\/svg><\/div><span class=\"kt-svg-icon-list-text\"><a href=\"https:\/\/wp.ufpel.edu.br\/sisu\/documentos\/l14\/\" data-type=\"link\" data-id=\"https:\/\/wp.ufpel.edu.br\/sisu\/documentos\/l14\/\">LI_Q &#8211; Ensino m\u00e9dio em escola p\u00fablica ou comunit\u00e1ria + quilombola<\/a><\/span><\/li>\n<\/ul><\/div>\n","protected":false},"excerpt":{"rendered":"<p>A documenta\u00e7\u00e3o completa para realizar a matr\u00edcula pode ser consultada, conforme a modalidade de ingresso:<\/p>\n","protected":false},"author":743,"featured_media":0,"parent":0,"menu_order":0,"comment_status":"closed","ping_status":"closed","template":"","meta":{"advanced_seo_description":"","jetpack_seo_html_title":"","jetpack_seo_noindex":false,"jetpack_post_was_ever_published":false,"footnotes":""},"class_list":["post-30","page","type-page","status-publish","hentry"],"jetpack_sharing_enabled":true,"jetpack_shortlink":"https:\/\/wp.me\/P8Nz4H-u","jetpack-related-posts":[{"id":59,"url":"https:\/\/wp.ufpel.edu.br\/sisu\/duvidas-frequentes\/","url_meta":{"origin":30,"position":0},"title":"D\u00favidas Frequentes","author":"sisu","date":"01\/06\/2017","format":false,"excerpt":"Sobre o SiSU O que \u00e9 o SiSU? O Sistema de Sele\u00e7\u00e3o Unificada (SiSU) \u00e9 o sistema informatizado, gerenciado pelo Minist\u00e9rio da Educa\u00e7\u00e3o (MEC), pelo qual institui\u00e7\u00f5es p\u00fablicas de educa\u00e7\u00e3o superior oferecem vagas a candidatos participantes do Exame Nacional do Ensino M\u00e9dio (Enem). Como funciona o SiSU? Os estudantes que\u2026","rel":"","context":"Post similar","block_context":{"text":"Post similar","link":""},"img":{"alt_text":"","src":"","width":0,"height":0},"classes":[]},{"id":91,"url":"https:\/\/wp.ufpel.edu.br\/sisu\/documentos\/l9\/","url_meta":{"origin":30,"position":1},"title":"LB_PCD","author":"sisu","date":"01\/06\/2017","format":false,"excerpt":"LB_PCD - Candidatos com defici\u00eancia, que tenham renda familiar bruta per capita igual ou inferior a 1 sal\u00e1rio m\u00ednimo e que tenham cursado integralmente o ensino m\u00e9dio em escolas p\u00fablicas ou em escolas comunit\u00e1rias que atuam no \u00e2mbito da educa\u00e7\u00e3o do campo conveniadas com o poder p\u00fablico (Lei n\u00ba 12.711\/2012)","rel":"","context":"Post similar","block_context":{"text":"Post similar","link":""},"img":{"alt_text":"","src":"","width":0,"height":0},"classes":[]},{"id":97,"url":"https:\/\/wp.ufpel.edu.br\/sisu\/documentos\/l13\/","url_meta":{"origin":30,"position":2},"title":"LI_PCD","author":"sisu","date":"01\/06\/2017","format":false,"excerpt":"LI_PCD - Candidatos com defici\u00eancia, independentemente da renda, que tenham cursado integralmente o ensino m\u00e9dio em escolas p\u00fablicas ou em escolas comunit\u00e1rias que atuam no \u00e2mbito da educa\u00e7\u00e3o do campo conveniadas com o poder p\u00fablico (Lei n\u00ba 12.711\/2012).","rel":"","context":"Post similar","block_context":{"text":"Post similar","link":""},"img":{"alt_text":"","src":"","width":0,"height":0},"classes":[]},{"id":82,"url":"https:\/\/wp.ufpel.edu.br\/sisu\/documentos\/l2\/","url_meta":{"origin":30,"position":3},"title":"LB_PPI","author":"sisu","date":"01\/06\/2017","format":false,"excerpt":"LB_PPI - Candidatos autodeclarados pretos, pardos ou ind\u00edgenas, com renda familiar bruta per capita igual ou inferior a 1 sal\u00e1rio m\u00ednimo e que tenham cursado integralmente o ensino m\u00e9dio em escolas p\u00fablicas ou em escolas comunit\u00e1rias que atuam no \u00e2mbito da educa\u00e7\u00e3o do campo conveniadas com o poder p\u00fablico (Lei\u2026","rel":"","context":"Post similar","block_context":{"text":"Post similar","link":""},"img":{"alt_text":"","src":"","width":0,"height":0},"classes":[]},{"id":88,"url":"https:\/\/wp.ufpel.edu.br\/sisu\/documentos\/l6\/","url_meta":{"origin":30,"position":4},"title":"LI_PPI","author":"sisu","date":"01\/06\/2017","format":false,"excerpt":"LI_PPI\u00a0- Candidatos autodeclarados pretos, pardos ou ind\u00edgenas, independentemente da renda, que tenham cursado integralmente o ensino m\u00e9dio em escolas p\u00fablicas ou em escolas comunit\u00e1rias que atuam no \u00e2mbito da educa\u00e7\u00e3o do campo conveniadas com o poder p\u00fablico (Lei n\u00ba 12.711\/2012).","rel":"","context":"Post similar","block_context":{"text":"Post similar","link":""},"img":{"alt_text":"","src":"","width":0,"height":0},"classes":[]},{"id":79,"url":"https:\/\/wp.ufpel.edu.br\/sisu\/documentos\/l1\/","url_meta":{"origin":30,"position":5},"title":"LB_EP","author":"sisu","date":"01\/06\/2017","format":false,"excerpt":"LB_EP- Candidatos com renda familiar bruta per capita igual ou inferior a 1 sal\u00e1rio m\u00ednimo que tenham cursado integralmente o ensino m\u00e9dio em escolas p\u00fablicas ou em escolas comunit\u00e1rias que atuam no \u00e2mbito da educa\u00e7\u00e3o do campo conveniadas com o poder p\u00fablico (Lei n\u00ba 12.711\/2012). \u00a0","rel":"","context":"Post similar","block_context":{"text":"Post similar","link":""},"img":{"alt_text":"","src":"","width":0,"height":0},"classes":[]}],"publishpress_future_action":{"enabled":false,"date":"2026-04-17 10:31:12","action":"change-status","newStatus":"draft","terms":[],"taxonomy":"","extraData":[]},"publishpress_future_workflow_manual_trigger":{"enabledWorkflows":[]},"_links":{"self":[{"href":"https:\/\/wp.ufpel.edu.br\/sisu\/wp-json\/wp\/v2\/pages\/30","targetHints":{"allow":["GET"]}}],"collection":[{"href":"https:\/\/wp.ufpel.edu.br\/sisu\/wp-json\/wp\/v2\/pages"}],"about":[{"href":"https:\/\/wp.ufpel.edu.br\/sisu\/wp-json\/wp\/v2\/types\/page"}],"author":[{"embeddable":true,"href":"https:\/\/wp.ufpel.edu.br\/sisu\/wp-json\/wp\/v2\/users\/743"}],"replies":[{"embeddable":true,"href":"https:\/\/wp.ufpel.edu.br\/sisu\/wp-json\/wp\/v2\/comments?post=30"}],"version-history":[{"count":100,"href":"https:\/\/wp.ufpel.edu.br\/sisu\/wp-json\/wp\/v2\/pages\/30\/revisions"}],"predecessor-version":[{"id":6070,"href":"https:\/\/wp.ufpel.edu.br\/sisu\/wp-json\/wp\/v2\/pages\/30\/revisions\/6070"}],"wp:attachment":[{"href":"https:\/\/wp.ufpel.edu.br\/sisu\/wp-json\/wp\/v2\/media?parent=30"}],"curies":[{"name":"wp","href":"https:\/\/api.w.org\/{rel}","templated":true}]}}