{"id":2985,"date":"2020-02-11T11:54:02","date_gmt":"2020-02-11T14:54:02","guid":{"rendered":"https:\/\/wp.ufpel.edu.br\/sisu\/?page_id=2985"},"modified":"2023-01-05T13:48:31","modified_gmt":"2023-01-05T16:48:31","slug":"resultados-da-avaliacao-etnico-racial-sisu-2020-1","status":"publish","type":"page","link":"https:\/\/wp.ufpel.edu.br\/sisu\/resultado-da-avaliacao-etnico-racial\/resultados-da-avaliacao-etnico-racial-sisu-2020-1\/","title":{"rendered":"Resultados da avalia\u00e7\u00e3o \u00e9tnico-racial SISU 2020\/1"},"content":{"rendered":"<p><a href=\"https:\/\/wp.ufpel.edu.br\/sisu\/files\/2020\/02\/Relat\u00f3rio-Preliminar-SISU-2020_1-CHAMADA-REGULAR.pdf\">Relat\u00f3rio Preliminar SISU 2020\/1 &#8211; Chamada Regular<\/a><\/p>\n<p><a href=\"https:\/\/wp.ufpel.edu.br\/sisu\/files\/2020\/03\/Relat\u00f3rio_Definitivo_SISU_2020-1_Chamada-Regular.pdf\">Relat\u00f3rio_Definitivo_SISU_2020-1_Chamada Regular<\/a><\/p>\n<p><a href=\"https:\/\/wp.ufpel.edu.br\/sisu\/files\/2020\/02\/Relat\u00f3rio-Preliminar_SISU-2020-1_Lista-de-Espera-1\u00aa-Convoca\u00e7\u00e3o.pdf\">Relat\u00f3rio Preliminar SISU 2020\/1 &#8211; Lista de Espera 1\u00aa Convoca\u00e7\u00e3o<\/a><\/p>\n<p><a href=\"https:\/\/wp.ufpel.edu.br\/sisu\/files\/2020\/03\/relat\u00f3rio_parecer_cotas_Definitivo.pdf\">Relat\u00f3rio Definitivo SISU 2020\/1 &#8211; Lista de Espera 1\u00aa Convoca\u00e7\u00e3o<\/a><\/p>\n<p><a href=\"https:\/\/wp.ufpel.edu.br\/sisu\/files\/2020\/03\/Relat\u00f3rio-Preliminar-SISU-2\u00aa-CONVOCA\u00c7\u00c3O.pdf\">Relat\u00f3rio Preliminar SISU 2020\/1 &#8211; Lista de Espera 2\u00aa Convoca\u00e7\u00e3o<\/a><\/p>\n<p><a href=\"https:\/\/wp.ufpel.edu.br\/naaf\/files\/2020\/08\/relato%CC%81rio_parecer_cotas_Definitivo.pdf\" target=\"_blank\" rel=\"noopener noreferrer\">Relat\u00f3rio Definitivo SISU 2020\/1 \u2013 Lista de Espera 2\u00aa Convoca\u00e7\u00e3o<\/a><\/p>\n<p><a href=\"https:\/\/wp.ufpel.edu.br\/sisu\/files\/2020\/03\/Relat\u00f3rio-Preliminar-SISU-2020_1-Terceira-Convoca\u00e7\u00e3o.pdf\">Relat\u00f3rio Preliminar SISU 2020\/1 \u2013 Lista de Espera 3\u00aa Convoca\u00e7\u00e3o<\/a><\/p>\n<p><a href=\"https:\/\/wp.ufpel.edu.br\/naaf\/files\/2020\/08\/relat%C3%B3rio_parecer_cotas_Definitivo-SISU-3.pdf\" target=\"_blank\" rel=\"noopener noreferrer\">elat\u00f3rio Definitivo SISU 2020\/1 \u2013 Lista de Espera 3\u00aa Convoca\u00e7\u00e3o<\/a><\/p>\n<p>&nbsp;<\/p>\n","protected":false},"excerpt":{"rendered":"<p>Relat\u00f3rio Preliminar SISU 2020\/1 &#8211; Chamada Regular Relat\u00f3rio_Definitivo_SISU_2020-1_Chamada Regular Relat\u00f3rio Preliminar SISU 2020\/1 &#8211; Lista de Espera 1\u00aa Convoca\u00e7\u00e3o Relat\u00f3rio Definitivo SISU 2020\/1 &#8211; Lista de Espera 1\u00aa Convoca\u00e7\u00e3o Relat\u00f3rio Preliminar SISU 2020\/1 &#8211; Lista de Espera 2\u00aa Convoca\u00e7\u00e3o Relat\u00f3rio Definitivo SISU 2020\/1 \u2013 Lista de Espera 2\u00aa Convoca\u00e7\u00e3o Relat\u00f3rio Preliminar SISU 2020\/1 \u2013 Lista [&hellip;]<\/p>\n","protected":false},"author":781,"featured_media":0,"parent":48,"menu_order":0,"comment_status":"closed","ping_status":"closed","template":"","meta":{"advanced_seo_description":"","jetpack_seo_html_title":"","jetpack_seo_noindex":false,"jetpack_post_was_ever_published":false,"footnotes":""},"class_list":["post-2985","page","type-page","status-publish","hentry"],"jetpack_sharing_enabled":true,"jetpack_shortlink":"https:\/\/wp.me\/P8Nz4H-M9","jetpack-related-posts":[{"id":2394,"url":"https:\/\/wp.ufpel.edu.br\/sisu\/resultado-da-avaliacao-etnico-racial\/resultados-da-avaliacao-etnico-racial-sisu-2019-2\/","url_meta":{"origin":2985,"position":0},"title":"Resultados da avalia\u00e7\u00e3o \u00e9tnico-racial SISU 2019\/2","author":"naaf","date":"18\/06\/2019","format":false,"excerpt":"IMPORTANTE: Se o seu nome consta no\u00a0Relat\u00f3rio Preliminar acima\u00a0como INDEFERIDO e voc\u00ea pretende entrar com Recurso, siga as diretrizes indicadas abaixo: Em caso de indeferimento o(a) candidato(a) poder\u00e1 encaminhar Recurso \u00e0 Comiss\u00e3o de Controle na Identifica\u00e7\u00e3o do Componente \u00c9tnico-racial (CCICE), no prazo de 72 horas contadas a partir da divulga\u00e7\u00e3o\u2026","rel":"","context":"Post similar","block_context":{"text":"Post similar","link":""},"img":{"alt_text":"","src":"","width":0,"height":0},"classes":[]},{"id":2037,"url":"https:\/\/wp.ufpel.edu.br\/sisu\/resultado-da-avaliacao-etnico-racial\/resultados-da-avaliacao-etnico-racial-sisu-2019-1\/","url_meta":{"origin":2985,"position":1},"title":"Resultados da avalia\u00e7\u00e3o \u00e9tnico-racial SISU 2019\/1","author":"naaf","date":"18\/12\/2018","format":false,"excerpt":"IMPORTANTE: Se o seu nome consta no\u00a0Relat\u00f3rio Preliminar do SISU 2019\/1\u00a0como INDEFERIDO e voc\u00ea pretende interpor Recurso, siga as diretrizes indicadas abaixo: Em caso de indeferimento o candidato(a) poder\u00e1 apresentar recurso por escrito e encaminh\u00e1-lo \u00e0 Comiss\u00e3o de Controle na Identifica\u00e7\u00e3o do Componente \u00c9tnico-racial \u2013 CCICE \u2013 no prazo de\u2026","rel":"","context":"Post similar","block_context":{"text":"Post similar","link":""},"img":{"alt_text":"","src":"","width":0,"height":0},"classes":[]},{"id":1492,"url":"https:\/\/wp.ufpel.edu.br\/sisu\/resultado-da-avaliacao-etnico-racial\/resultados-da-avaliacao-etnico-racial-sisu-2018-2\/","url_meta":{"origin":2985,"position":2},"title":"Resultados da avalia\u00e7\u00e3o \u00e9tnico-racial SISU 2018\/2","author":"naaf","date":"18\/06\/2018","format":false,"excerpt":"IMPORTANTE: Se o seu nome consta no\u00a0Relat\u00f3rio Preliminar do SISU 2018\/2\u00a0como INDEFERIDO e voc\u00ea pretende interpor Recurso, siga as diretrizes indicadas abaixo: Em caso de indeferimento o candidato(a) poder\u00e1 apresentar recurso por escrito e encaminh\u00e1-lo \u00e0 Comiss\u00e3o de Controle na Identifica\u00e7\u00e3o do Componente \u00c9tnico-racial \u2013 CCICE \u2013 no prazo de\u2026","rel":"","context":"Post similar","block_context":{"text":"Post similar","link":""},"img":{"alt_text":"","src":"","width":0,"height":0},"classes":[]},{"id":381,"url":"https:\/\/wp.ufpel.edu.br\/sisu\/resultado-da-avaliacao-etnico-racial\/resultados-da-avaliacao-etnico-racial-sisu-20172\/","url_meta":{"origin":2985,"position":3},"title":"Resultados da avalia\u00e7\u00e3o \u00e9tnico-racial SISU 2017\/2","author":"cid","date":"14\/06\/2017","format":false,"excerpt":"Acesse aqui os relat\u00f3rios referentes a matr\u00edcula na Chamada Regular do SISU 2017\/2: Relat\u00f3rio Preliminar SISU\/Inverno 2017\/2 - Chamada Regular Relat\u00f3rio Final Cotas Etnico Raciais - Chamada Regular - 2017-2 \u00a0 Acesse aqui os relat\u00f3rios referentes a matr\u00edcula na Primeira Convoca\u00e7\u00e3o da Lista de Espera da UFPel - SISU 2017\/2:\u2026","rel":"","context":"Post similar","block_context":{"text":"Post similar","link":""},"img":{"alt_text":"","src":"","width":0,"height":0},"classes":[]},{"id":977,"url":"https:\/\/wp.ufpel.edu.br\/sisu\/resultado-da-avaliacao-etnico-racial\/resultados-da-avaliacao-etnico-racial-sisu-2018-1\/","url_meta":{"origin":2985,"position":4},"title":"Resultados da avalia\u00e7\u00e3o \u00e9tnico-racial SISU 2018\/1","author":"sisu","date":"15\/01\/2018","format":false,"excerpt":"IMPORTANTE: Se o seu nome consta no\u00a0Relat\u00f3rio Preliminar do SISU 2018\/1\u00a0como INDEFERIDO e voc\u00ea pretende entrar com Recurso, siga as diretrizes indicadas abaixo: Em caso de indeferimento o candidato(a) poder\u00e1 apresentar recurso por escrito e encaminh\u00e1-lo \u00e0 Comiss\u00e3o de Controle na Identifica\u00e7\u00e3o do Componente \u00c9tnico-racial \u2013 CCICE \u2013 no prazo\u2026","rel":"","context":"Post similar","block_context":{"text":"Post similar","link":""},"img":{"alt_text":"","src":"","width":0,"height":0},"classes":[]},{"id":45,"url":"https:\/\/wp.ufpel.edu.br\/sisu\/editais-selecao-socioeconomica\/","url_meta":{"origin":2985,"position":5},"title":"Resultados Sele\u00e7\u00e3o Socioecon\u00f4mica","author":"prae","date":"01\/06\/2017","format":false,"excerpt":"SISU 2022 2022\/2 Chamada Regular: Banca Socioecon\u00f4mica - Inscri\u00e7\u00f5es Completas\/Incompletas Banca Socioecon\u00f4mica - Resultado Preliminar Banca Socioecon\u00f4mica - Resultado Final 1a Convoca\u00e7\u00e3o: Banca Socioecon\u00f4mica - Inscri\u00e7\u00f5es Completas\/Incompletas Banca Socioecon\u00f4mica - Resultado Preliminar Banca Socioecon\u00f4mica - Resultado Final 2a Convoca\u00e7\u00e3o: Banca Socioecon\u00f4mica - Resultado Preliminar Banca Socioecon\u00f4mica - Resultado Final 3a\u2026","rel":"","context":"Post similar","block_context":{"text":"Post similar","link":""},"img":{"alt_text":"","src":"","width":0,"height":0},"classes":[]}],"publishpress_future_action":{"enabled":false,"date":"2026-05-12 12:19:05","action":"change-status","newStatus":"draft","terms":[],"taxonomy":"","extraData":[]},"publishpress_future_workflow_manual_trigger":{"enabledWorkflows":[]},"_links":{"self":[{"href":"https:\/\/wp.ufpel.edu.br\/sisu\/wp-json\/wp\/v2\/pages\/2985","targetHints":{"allow":["GET"]}}],"collection":[{"href":"https:\/\/wp.ufpel.edu.br\/sisu\/wp-json\/wp\/v2\/pages"}],"about":[{"href":"https:\/\/wp.ufpel.edu.br\/sisu\/wp-json\/wp\/v2\/types\/page"}],"author":[{"embeddable":true,"href":"https:\/\/wp.ufpel.edu.br\/sisu\/wp-json\/wp\/v2\/users\/781"}],"replies":[{"embeddable":true,"href":"https:\/\/wp.ufpel.edu.br\/sisu\/wp-json\/wp\/v2\/comments?post=2985"}],"version-history":[{"count":10,"href":"https:\/\/wp.ufpel.edu.br\/sisu\/wp-json\/wp\/v2\/pages\/2985\/revisions"}],"predecessor-version":[{"id":3307,"href":"https:\/\/wp.ufpel.edu.br\/sisu\/wp-json\/wp\/v2\/pages\/2985\/revisions\/3307"}],"up":[{"embeddable":true,"href":"https:\/\/wp.ufpel.edu.br\/sisu\/wp-json\/wp\/v2\/pages\/48"}],"wp:attachment":[{"href":"https:\/\/wp.ufpel.edu.br\/sisu\/wp-json\/wp\/v2\/media?parent=2985"}],"curies":[{"name":"wp","href":"https:\/\/api.w.org\/{rel}","templated":true}]}}