{"id":2394,"date":"2019-06-18T10:26:30","date_gmt":"2019-06-18T13:26:30","guid":{"rendered":"https:\/\/wp.ufpel.edu.br\/sisu\/?page_id=2394"},"modified":"2019-09-23T15:45:03","modified_gmt":"2019-09-23T18:45:03","slug":"resultados-da-avaliacao-etnico-racial-sisu-2019-2","status":"publish","type":"page","link":"https:\/\/wp.ufpel.edu.br\/sisu\/resultado-da-avaliacao-etnico-racial\/resultados-da-avaliacao-etnico-racial-sisu-2019-2\/","title":{"rendered":"Resultados da avalia\u00e7\u00e3o \u00e9tnico-racial SISU 2019\/2"},"content":{"rendered":"<p><strong>IMPORTANTE:<\/strong><\/p>\n<p>Se o seu nome consta no<strong style=\"font-style: inherit\">\u00a0<\/strong>Relat\u00f3rio Preliminar acima<strong style=\"font-style: inherit\">\u00a0<\/strong>como INDEFERIDO e voc\u00ea pretende entrar com Recurso, siga as diretrizes indicadas abaixo:<\/p>\n<p>Em caso de indeferimento o(a) candidato(a) poder\u00e1 encaminhar Recurso \u00e0 Comiss\u00e3o de Controle na Identifica\u00e7\u00e3o do Componente \u00c9tnico-racial (CCICE), no prazo de 72 horas contadas a partir da divulga\u00e7\u00e3o do Relat\u00f3rio Preliminar de sua chamada (considerando-se apenas os dias \u00fateis de acordo com o calend\u00e1rio acad\u00eamico da UFPel\u00a0 \u2013 dispon\u00edvel em: <a style=\"font-style: inherit;font-weight: inherit\" href=\"https:\/\/ccs2.ufpel.edu.br\/wp\/wp-content\/uploads\/2018\/11\/SEI_Res.-36.2018-Calendario-Academico.pdf\">https:\/\/ccs2.ufpel.edu.br\/wp\/wp-content\/uploads\/2018\/11\/SEI_Res.-36.2018-Calendario-Academico.pdf<\/a>).<\/p>\n<p>O Recurso poder\u00e1 ser entregue pessoalmente no N\u00facleo de A\u00e7\u00f5es Afirmativas e Diversidade (NUAAD) da UFPel, ou enviado por SEDEX, com postagem at\u00e9 a data limite. Ao final da an\u00e1lise dos Recursos ser\u00e1 publicado o Relat\u00f3rio Definitivo, nas p\u00e1ginas do SISU e NUAAD.<\/p>\n<p><strong style=\"font-style: inherit\">ATEN\u00c7\u00c3O: O NUAAD N\u00c3O RECEBER\u00c1 RECURSOS VIA E-MAIL<\/strong><\/p>\n<p>O NUAAD localiza-se \u00e0 Rua Almirante Barroso 1.734, sala 1,\u00a0\u00a0CEP: 96010-280 Pelotas \u2013 Fone: (53)3284-4306<\/p>\n<p>Outras informa\u00e7\u00f5es:\u00a0\u00a0 e-mail \u2013\u00a0<a style=\"font-style: inherit;font-weight: inherit\" href=\"mailto:naaf.cid.ufpel@gmail.com\">naaf.cid.ufpel@gmail.com<\/a><\/p>\n<p><strong>Chamada Regular<\/strong><\/p>\n<p><a href=\"https:\/\/wp.ufpel.edu.br\/sisu\/files\/2019\/06\/NUAAD-CCICE-Relat\u00f3rio-Preliminar-SISU-2019-2.pdf\">Relat\u00f3rio Preliminar &#8211; An\u00e1lise \u00c9tnico Racial &#8211; SISU 2019\/2 &#8211; Chamada Regular<\/a><\/p>\n<p><a href=\"https:\/\/wp.ufpel.edu.br\/sisu\/files\/2019\/07\/RELATORIO-DEFINITIVO-SISU.pdf\">Relat\u00f3rio Definitivo &#8211; An\u00e1lise \u00c9tnico Racial &#8211; SISU 2019\/2 &#8211; Chamada Regular<\/a><\/p>\n<p><strong>Lista de Espera \u2013 1\u00aa Convoca\u00e7\u00e3o<\/strong><\/p>\n<p><a href=\"https:\/\/wp.ufpel.edu.br\/sisu\/files\/2019\/07\/Resultado-Preliminar_Cotas-\u00c9tnico-raciais_Lista-de-Espera-1\u00aa-Convoca\u00e7\u00e3o.pdf\">Relat\u00f3rio Preliminar &#8211; An\u00e1lise \u00c9tnico Racial &#8211; SISU 2019\/2 Lista de Espera &#8211; 1\u00aa Convoca\u00e7\u00e3o<\/a><\/p>\n<p><a href=\"https:\/\/wp.ufpel.edu.br\/sisu\/files\/2019\/08\/relat\u00f3rio_parecer_cotas_Definitivo.pdf\">Relat\u00f3rio Definitivo &#8211; An\u00e1lise \u00c9tnico Racial &#8211; SISU 2019\/2 Lista de Espera &#8211; 1\u00aa Convoca\u00e7\u00e3o<\/a><\/p>\n<p><strong>Lista de Espera \u2013 2\u00aa Convoca\u00e7\u00e3o<\/strong><\/p>\n<p><a href=\"https:\/\/wp.ufpel.edu.br\/sisu\/files\/2019\/07\/relat\u00f3rio_parecer_cotas_Preliminar-10.pdf\">Relat\u00f3rio Preliminar &#8211; An\u00e1lise \u00c9tnico Racial &#8211; SISU 2019\/2 Lista de Espera &#8211; 2\u00aa Convoca\u00e7\u00e3o<\/a><\/p>\n<p><a href=\"https:\/\/wp.ufpel.edu.br\/sisu\/files\/2019\/07\/Relat\u00f3rio-Definitivo-SISU-2\u00aa-CONVOCA\u00c7\u00c3O.pdf\">Relat\u00f3rio Definitivo &#8211; An\u00e1lise \u00c9tnico Racial &#8211; SISU 2019\/2 Lista de Espera &#8211; 2\u00aa Convoca\u00e7\u00e3o<\/a><\/p>\n<p><strong>Lista de Espera \u2013 3\u00aa Convoca\u00e7\u00e3o<\/strong><\/p>\n<p><a href=\"https:\/\/wp.ufpel.edu.br\/sisu\/files\/2019\/07\/RELATORIO-PRELIMINAR-SISU-2019-2-TERCEIRA-CONVOCA\u00c7\u00c3O.pdf\">Relat\u00f3rio Preliminar &#8211; An\u00e1lise \u00c9tnico Racial &#8211; SISU 2019\/2 Lista de Espera &#8211; 3\u00aa Convoca\u00e7\u00e3o<\/a><\/p>\n<p><a href=\"https:\/\/wp.ufpel.edu.br\/sisu\/files\/2019\/08\/Relat\u00f3rio-Definitivo-SISU-2019-2-TERCEIRA-CONVOCA\u00c7\u00c3O.pdf\">Relat\u00f3rio Definitivo &#8211; An\u00e1lise \u00c9tnico Racial &#8211; SISU 2019\/2 Lista de Espera &#8211; 3\u00aa Convoca\u00e7\u00e3o<\/a><\/p>\n<p><strong>Lista de Espera \u2013 4\u00aa Convoca\u00e7\u00e3o<\/strong><\/p>\n<p><a href=\"https:\/\/wp.ufpel.edu.br\/sisu\/files\/2019\/08\/SISU-relat%C3%B3rio_parecer_cotas_Preliminar-13.pdf\">Relat\u00f3rio Preliminar &#8211; An\u00e1lise \u00c9tnico-racial &#8211; SISU 2019\/2 &#8211; Lista de Espera &#8211; 4\u00aa Convoca\u00e7\u00e3o<\/a><\/p>\n<p><a href=\"https:\/\/wp.ufpel.edu.br\/sisu\/files\/2019\/08\/Relat\u00f3rio-Definitivo-SISU-4\u00aa-Convoca\u00e7\u00e3o.pdf\">Relat\u00f3rio Definitivo \u2013 An\u00e1lise \u00c9tnico-racial \u2013 SISU 2019\/2 \u2013 Lista de Espera \u2013 4\u00aa Convoca\u00e7\u00e3o<\/a><\/p>\n<p><strong>Lista de Espera 5\u00aa Convoca\u00e7\u00e3o<\/strong><\/p>\n<p><a href=\"https:\/\/wp.ufpel.edu.br\/sisu\/files\/2019\/08\/SISU-relat\u00f3rio_parecer_cotas_Preliminar-15.pdf\">Relat\u00f3rio Preliminar &#8211; An\u00e1lise \u00c9tnico Racial &#8211; SISU 2019\/2 &#8211; Lista de Espera &#8211; 5\u00aa Convoca\u00e7\u00e3o<\/a><\/p>\n<p><a href=\"https:\/\/wp.ufpel.edu.br\/sisu\/files\/2019\/08\/relat\u00f3rio_parecer_cotas_Definitivo-2.pdf\">Relat\u00f3rio Definitivo \u2013 An\u00e1lise \u00c9tnico-Racial \u2013 SISU 2019\/2 \u2013 Lista de Espera \u2013 5\u00aa Convoca\u00e7\u00e3o<\/a><\/p>\n<p><strong>Lista de Espera 6\u00aa Convoca\u00e7\u00e3o<\/strong><\/p>\n<p><a href=\"https:\/\/wp.ufpel.edu.br\/sisu\/files\/2019\/08\/Relat\u00f3rio-Preliminar-SISU-2019-2-SEXTA-CONVOCA\u00c7\u00c3O-CERTO.pdf\">Relat\u00f3rio Preliminar \u2013 An\u00e1lise \u00c9tnico Racial \u2013 SISU 2019\/2 Lista de Espera \u2013 6\u00aa Convoca\u00e7\u00e3o<\/a><\/p>\n<p><a href=\"https:\/\/wp.ufpel.edu.br\/sisu\/files\/2019\/09\/Relat\u00f3rio-Definitivo-6\u00aa-Convoca\u00e7\u00e3o.pdf\">Relat\u00f3rio Definitivo \u2013 An\u00e1lise \u00c9tnico Racial \u2013 SISU 2019\/2 Lista de Espera \u2013 6\u00aa Convoca\u00e7\u00e3o<\/a><\/p>\n<p><strong>Lista de Espera 7\u00aa Convoca\u00e7\u00e3o<\/strong><\/p>\n<p><a href=\"https:\/\/wp.ufpel.edu.br\/sisu\/files\/2019\/09\/Relat\u00f3rio-Preliminar-7\u00aa-Convoca\u00e7\u00e3o.pdf\">Relat\u00f3rio Preliminar \u2013 An\u00e1lise \u00c9tnico Racial \u2013 SISU 2019\/2 Lista de Espera \u2013 7\u00aa Convoca\u00e7\u00e3o<\/a><\/p>\n<p><a href=\"https:\/\/wp.ufpel.edu.br\/sisu\/files\/2019\/09\/Relat\u00f3rio-Definitivo-SISU-7\u00aa-Convoca\u00e7\u00e3o.pdf\">Relat\u00f3rio Definitivo \u2013 An\u00e1lise \u00c9tnico Racial \u2013 SISU 2019\/2 Lista de Espera \u2013 7\u00aa Convoca\u00e7\u00e3o<\/a><\/p>\n<p>&nbsp;<\/p>\n","protected":false},"excerpt":{"rendered":"<p>IMPORTANTE: Se o seu nome consta no\u00a0Relat\u00f3rio Preliminar acima\u00a0como INDEFERIDO e voc\u00ea pretende entrar com Recurso, siga as diretrizes indicadas abaixo: Em caso de indeferimento o(a) candidato(a) poder\u00e1 encaminhar Recurso \u00e0 Comiss\u00e3o de Controle na Identifica\u00e7\u00e3o do Componente \u00c9tnico-racial (CCICE), no prazo de 72 horas contadas a partir da divulga\u00e7\u00e3o do Relat\u00f3rio Preliminar de sua [&hellip;]<\/p>\n","protected":false},"author":781,"featured_media":0,"parent":48,"menu_order":0,"comment_status":"closed","ping_status":"closed","template":"","meta":{"advanced_seo_description":"","jetpack_seo_html_title":"","jetpack_seo_noindex":false,"jetpack_post_was_ever_published":false,"footnotes":""},"class_list":["post-2394","page","type-page","status-publish","hentry"],"jetpack_sharing_enabled":true,"jetpack_shortlink":"https:\/\/wp.me\/P8Nz4H-CC","jetpack-related-posts":[{"id":977,"url":"https:\/\/wp.ufpel.edu.br\/sisu\/resultado-da-avaliacao-etnico-racial\/resultados-da-avaliacao-etnico-racial-sisu-2018-1\/","url_meta":{"origin":2394,"position":0},"title":"Resultados da avalia\u00e7\u00e3o \u00e9tnico-racial SISU 2018\/1","author":"sisu","date":"15\/01\/2018","format":false,"excerpt":"IMPORTANTE: Se o seu nome consta no\u00a0Relat\u00f3rio Preliminar do SISU 2018\/1\u00a0como INDEFERIDO e voc\u00ea pretende entrar com Recurso, siga as diretrizes indicadas abaixo: Em caso de indeferimento o candidato(a) poder\u00e1 apresentar recurso por escrito e encaminh\u00e1-lo \u00e0 Comiss\u00e3o de Controle na Identifica\u00e7\u00e3o do Componente \u00c9tnico-racial \u2013 CCICE \u2013 no prazo\u2026","rel":"","context":"Post similar","block_context":{"text":"Post similar","link":""},"img":{"alt_text":"","src":"","width":0,"height":0},"classes":[]},{"id":2037,"url":"https:\/\/wp.ufpel.edu.br\/sisu\/resultado-da-avaliacao-etnico-racial\/resultados-da-avaliacao-etnico-racial-sisu-2019-1\/","url_meta":{"origin":2394,"position":1},"title":"Resultados da avalia\u00e7\u00e3o \u00e9tnico-racial SISU 2019\/1","author":"naaf","date":"18\/12\/2018","format":false,"excerpt":"IMPORTANTE: Se o seu nome consta no\u00a0Relat\u00f3rio Preliminar do SISU 2019\/1\u00a0como INDEFERIDO e voc\u00ea pretende interpor Recurso, siga as diretrizes indicadas abaixo: Em caso de indeferimento o candidato(a) poder\u00e1 apresentar recurso por escrito e encaminh\u00e1-lo \u00e0 Comiss\u00e3o de Controle na Identifica\u00e7\u00e3o do Componente \u00c9tnico-racial \u2013 CCICE \u2013 no prazo de\u2026","rel":"","context":"Post similar","block_context":{"text":"Post similar","link":""},"img":{"alt_text":"","src":"","width":0,"height":0},"classes":[]},{"id":1492,"url":"https:\/\/wp.ufpel.edu.br\/sisu\/resultado-da-avaliacao-etnico-racial\/resultados-da-avaliacao-etnico-racial-sisu-2018-2\/","url_meta":{"origin":2394,"position":2},"title":"Resultados da avalia\u00e7\u00e3o \u00e9tnico-racial SISU 2018\/2","author":"naaf","date":"18\/06\/2018","format":false,"excerpt":"IMPORTANTE: Se o seu nome consta no\u00a0Relat\u00f3rio Preliminar do SISU 2018\/2\u00a0como INDEFERIDO e voc\u00ea pretende interpor Recurso, siga as diretrizes indicadas abaixo: Em caso de indeferimento o candidato(a) poder\u00e1 apresentar recurso por escrito e encaminh\u00e1-lo \u00e0 Comiss\u00e3o de Controle na Identifica\u00e7\u00e3o do Componente \u00c9tnico-racial \u2013 CCICE \u2013 no prazo de\u2026","rel":"","context":"Post similar","block_context":{"text":"Post similar","link":""},"img":{"alt_text":"","src":"","width":0,"height":0},"classes":[]},{"id":381,"url":"https:\/\/wp.ufpel.edu.br\/sisu\/resultado-da-avaliacao-etnico-racial\/resultados-da-avaliacao-etnico-racial-sisu-20172\/","url_meta":{"origin":2394,"position":3},"title":"Resultados da avalia\u00e7\u00e3o \u00e9tnico-racial SISU 2017\/2","author":"cid","date":"14\/06\/2017","format":false,"excerpt":"Acesse aqui os relat\u00f3rios referentes a matr\u00edcula na Chamada Regular do SISU 2017\/2: Relat\u00f3rio Preliminar SISU\/Inverno 2017\/2 - Chamada Regular Relat\u00f3rio Final Cotas Etnico Raciais - Chamada Regular - 2017-2 \u00a0 Acesse aqui os relat\u00f3rios referentes a matr\u00edcula na Primeira Convoca\u00e7\u00e3o da Lista de Espera da UFPel - SISU 2017\/2:\u2026","rel":"","context":"Post similar","block_context":{"text":"Post similar","link":""},"img":{"alt_text":"","src":"","width":0,"height":0},"classes":[]},{"id":2985,"url":"https:\/\/wp.ufpel.edu.br\/sisu\/resultado-da-avaliacao-etnico-racial\/resultados-da-avaliacao-etnico-racial-sisu-2020-1\/","url_meta":{"origin":2394,"position":4},"title":"Resultados da avalia\u00e7\u00e3o \u00e9tnico-racial SISU 2020\/1","author":"naaf","date":"11\/02\/2020","format":false,"excerpt":"Relat\u00f3rio Preliminar SISU 2020\/1 - Chamada Regular Relat\u00f3rio_Definitivo_SISU_2020-1_Chamada Regular Relat\u00f3rio Preliminar SISU 2020\/1 - Lista de Espera 1\u00aa Convoca\u00e7\u00e3o Relat\u00f3rio Definitivo SISU 2020\/1 - Lista de Espera 1\u00aa Convoca\u00e7\u00e3o Relat\u00f3rio Preliminar SISU 2020\/1 - Lista de Espera 2\u00aa Convoca\u00e7\u00e3o Relat\u00f3rio Definitivo SISU 2020\/1 \u2013 Lista de Espera 2\u00aa Convoca\u00e7\u00e3o Relat\u00f3rio\u2026","rel":"","context":"Post similar","block_context":{"text":"Post similar","link":""},"img":{"alt_text":"","src":"","width":0,"height":0},"classes":[]},{"id":348,"url":"https:\/\/wp.ufpel.edu.br\/sisu\/resultado-da-avaliacao-etnico-racial\/resultados-da-avaliacao-etnico-racial-sisu-20171\/","url_meta":{"origin":2394,"position":5},"title":"Resultados da avalia\u00e7\u00e3o \u00e9tnico-racial SISU 2017\/1","author":"cid","date":"06\/06\/2017","format":false,"excerpt":"SISU - Avalia\u00e7\u00e3o do Componente \u00c9tnico-Racial (CCICE) Resultado FINAL comunicado n\u00ba 16 2017, lista de espera da UFPEL - SISU Ver\u00e3o 2017 SISU - Avalia\u00e7\u00e3o do Componente \u00c9tnico-Racial (CCICE) Resultado FINAL comunicado n\u00ba 12 2017, lista de espera da UFPEL - SISU Ver\u00e3o 2017 SISU \u2013 Avalia\u00e7\u00e3o do Componente \u00c9tnico-Racial\u2026","rel":"","context":"Post similar","block_context":{"text":"Post similar","link":""},"img":{"alt_text":"","src":"","width":0,"height":0},"classes":[]}],"publishpress_future_action":{"enabled":false,"date":"2026-04-17 07:05:40","action":"change-status","newStatus":"draft","terms":[],"taxonomy":"","extraData":[]},"publishpress_future_workflow_manual_trigger":{"enabledWorkflows":[]},"_links":{"self":[{"href":"https:\/\/wp.ufpel.edu.br\/sisu\/wp-json\/wp\/v2\/pages\/2394","targetHints":{"allow":["GET"]}}],"collection":[{"href":"https:\/\/wp.ufpel.edu.br\/sisu\/wp-json\/wp\/v2\/pages"}],"about":[{"href":"https:\/\/wp.ufpel.edu.br\/sisu\/wp-json\/wp\/v2\/types\/page"}],"author":[{"embeddable":true,"href":"https:\/\/wp.ufpel.edu.br\/sisu\/wp-json\/wp\/v2\/users\/781"}],"replies":[{"embeddable":true,"href":"https:\/\/wp.ufpel.edu.br\/sisu\/wp-json\/wp\/v2\/comments?post=2394"}],"version-history":[{"count":31,"href":"https:\/\/wp.ufpel.edu.br\/sisu\/wp-json\/wp\/v2\/pages\/2394\/revisions"}],"predecessor-version":[{"id":2823,"href":"https:\/\/wp.ufpel.edu.br\/sisu\/wp-json\/wp\/v2\/pages\/2394\/revisions\/2823"}],"up":[{"embeddable":true,"href":"https:\/\/wp.ufpel.edu.br\/sisu\/wp-json\/wp\/v2\/pages\/48"}],"wp:attachment":[{"href":"https:\/\/wp.ufpel.edu.br\/sisu\/wp-json\/wp\/v2\/media?parent=2394"}],"curies":[{"name":"wp","href":"https:\/\/api.w.org\/{rel}","templated":true}]}}