{"id":1981,"date":"2018-11-16T13:33:47","date_gmt":"2018-11-16T15:33:47","guid":{"rendered":"https:\/\/wp.ufpel.edu.br\/sisu\/?page_id=1981"},"modified":"2023-01-05T16:59:46","modified_gmt":"2023-01-05T19:59:46","slug":"sisu-2018-2","status":"publish","type":"page","link":"https:\/\/wp.ufpel.edu.br\/sisu\/editais\/sisu-2018-2\/","title":{"rendered":"SISU 2018\/2"},"content":{"rendered":"<p><strong>Editais e convoca\u00e7\u00f5es \u2013&nbsp;SISU 2018\/2<\/strong><\/p>\n<ul>\n<li><a href=\"https:\/\/wp.ufpel.edu.br\/sisu\/files\/2018\/06\/Termo-de-Ades%C3%A3o-Sisu-2018-2-24-maio-2018.pdf\">Termo de Ades\u00e3o 2018\/2<\/a><\/li>\n<li><a href=\"https:\/\/wp.ufpel.edu.br\/sisu\/files\/2018\/06\/SEI_23110.021433_2018_94.pdf\">Edital 013\/2018 \u2013 Chamada Regular<\/a>\n<ul>\n<li><a href=\"https:\/\/wp.ufpel.edu.br\/sisu\/files\/2018\/06\/SISU-2018-2-Chamada-Regular.pdf\">Aprovados \u2013 Chamada Regular<\/a><\/li>\n<\/ul>\n<\/li>\n<li><a href=\"https:\/\/wp.ufpel.edu.br\/sisu\/files\/2018\/06\/SEI_23110.021433_2018_94-1.pdf\">Edital 014\/2018 \u2013 Lista de Espera<\/a>\n<ul>\n<li><a href=\"https:\/\/wp.ufpel.edu.br\/sisu\/files\/2018\/07\/SISU-20182-Lista-de-Espera-UFPel-Geral.pdf\">SISU 20182 \u2013 Lista de Espera UFPel \u2013 Geral<\/a><\/li>\n<li><a href=\"https:\/\/wp.ufpel.edu.br\/sisu\/files\/2018\/07\/SISU-20182-Lista-de-Espera-UFPel-Cotas.pdf\">SISU 20182 \u2013 Lista de Espera UFPel \u2013 Cotas<\/a><\/li>\n<\/ul>\n<\/li>\n<li><a href=\"https:\/\/wp.ufpel.edu.br\/sisu\/files\/2018\/07\/Convoca%C3%A7%C3%A3o_SISU-2018_2-Primeira-convoca%C3%A7%C3%A3o.pdf\">Primeira convoca\u00e7\u00e3o<\/a><\/li>\n<li><a href=\"https:\/\/wp.ufpel.edu.br\/sisu\/files\/2018\/07\/Convoca%C3%A7%C3%A3o_SISU-2018_2-Lista-de-Espera-Segunda-convoca%C3%A7%C3%A3o.pdf\">Segunda convoca\u00e7\u00e3o<\/a><\/li>\n<li><a href=\"https:\/\/wp.ufpel.edu.br\/sisu\/files\/2018\/07\/Convoca%C3%A7%C3%A3o_SISU-2018_2-Lista-de-Espera-Terceira-convoca%C3%A7%C3%A3o.pdf\">Terceira convoca\u00e7\u00e3o<\/a><\/li>\n<li><a href=\"https:\/\/wp.ufpel.edu.br\/sisu\/files\/2018\/07\/Convoca%C3%A7%C3%A3o_SISU-2018_2-Lista-de-Espera-Quarta-convoca%C3%A7%C3%A3o.pdf\">Quarta Convoca\u00e7\u00e3o<\/a><\/li>\n<li><a href=\"https:\/\/wp.ufpel.edu.br\/sisu\/files\/2018\/08\/Convoca%C3%A7%C3%A3o_SISU-2018_2-Lista-de-Espera-Quinta-convoca%C3%A7%C3%A3o.pdf\">Quinta Convoca\u00e7\u00e3o<\/a><\/li>\n<li><a href=\"https:\/\/wp.ufpel.edu.br\/sisu\/files\/2018\/08\/Convoca%C3%A7%C3%A3o-SISU-2018_2-Lista-de-Espera-Sexta-convoca%C3%A7%C3%A3o.pdf\">Sexta convoca\u00e7\u00e3o<\/a><\/li>\n<li><a href=\"https:\/\/wp.ufpel.edu.br\/sisu\/files\/2018\/08\/Convoca%C3%A7%C3%A3o_SISU-2018_2-Lista-de-Espera-S%C3%A9tima-convoca%C3%A7%C3%A3o.pdf\">S\u00e9tima convoca\u00e7\u00e3o<\/a><\/li>\n<li><a href=\"https:\/\/wp.ufpel.edu.br\/sisu\/files\/2018\/08\/Convoca%C3%A7%C3%A3o-SISU-2018_2-Lista-de-Espera-Oitava-convoca%C3%A7%C3%A3o.pdf\">Oitava Convoca\u00e7\u00e3o<\/a><\/li>\n<li><a href=\"https:\/\/wp.ufpel.edu.br\/sisu\/files\/2018\/09\/Convoca%C3%A7%C3%A3o_SISU-2018_2-Lista-de-Espera-Nona-convoca%C3%A7%C3%A3o.pdf\">Nona convoca\u00e7\u00e3o<\/a><\/li>\n<li><a href=\"https:\/\/wp.ufpel.edu.br\/sisu\/files\/2018\/10\/Convoca%C3%A7%C3%A3o_SISU-2018_2-Lista-de-Espera-D%C3%A9cima-convoca%C3%A7%C3%A3o.pdf\">D\u00e9cima convoca\u00e7\u00e3o<\/a><\/li>\n<li><a href=\"https:\/\/wp.ufpel.edu.br\/sisu\/files\/2018\/11\/Convoca%C3%A7%C3%A3o_SISU-2018_2-Lista-de-Espera-D%C3%A9cima-Primeira-Convoca%C3%A7%C3%A3o.pdf\">D\u00e9cima Primeira Convoca\u00e7\u00e3o<\/a><\/li>\n<\/ul>\n\n\n<ul class=\"wp-block-list\">\n<li><strong>Resultados para ingresso nas cotas<\/strong>\n<ul class=\"wp-block-list\">\n<li><a href=\"https:\/\/wp.ufpel.edu.br\/sisu\/resultado-da-avaliacao-de-deficiencia\/\">Resultados da avalia\u00e7\u00e3o de defici\u00eancia<\/a><\/li>\n\n\n\n<li><a href=\"https:\/\/wp.ufpel.edu.br\/sisu\/resultado-da-avaliacao-etnico-racial\/\">Resultados da avalia\u00e7\u00e3o \u00e9tnico-racial<\/a><\/li>\n\n\n\n<li><a href=\"https:\/\/wp.ufpel.edu.br\/sisu\/editais-selecao-socioeconomica\/\">Resultados da avalia\u00e7\u00e3o socioecon\u00f4mica<\/a><\/li>\n<\/ul>\n<\/li>\n<\/ul>\n","protected":false},"excerpt":{"rendered":"<p>Editais e convoca\u00e7\u00f5es \u2013&nbsp;SISU 2018\/2 Termo de Ades\u00e3o 2018\/2 Edital 013\/2018 \u2013 Chamada Regular Aprovados \u2013 Chamada Regular Edital 014\/2018 \u2013 Lista de Espera SISU 20182 \u2013 Lista de Espera UFPel \u2013 Geral SISU 20182 \u2013 Lista de Espera UFPel \u2013 Cotas Primeira convoca\u00e7\u00e3o Segunda convoca\u00e7\u00e3o Terceira convoca\u00e7\u00e3o Quarta Convoca\u00e7\u00e3o Quinta Convoca\u00e7\u00e3o Sexta convoca\u00e7\u00e3o S\u00e9tima [&hellip;]<\/p>\n","protected":false},"author":743,"featured_media":0,"parent":18,"menu_order":0,"comment_status":"closed","ping_status":"closed","template":"","meta":{"advanced_seo_description":"","jetpack_seo_html_title":"","jetpack_seo_noindex":false,"jetpack_post_was_ever_published":false,"footnotes":""},"class_list":["post-1981","page","type-page","status-publish","hentry"],"jetpack_sharing_enabled":true,"jetpack_shortlink":"https:\/\/wp.me\/P8Nz4H-vX","jetpack-related-posts":[{"id":381,"url":"https:\/\/wp.ufpel.edu.br\/sisu\/resultado-da-avaliacao-etnico-racial\/resultados-da-avaliacao-etnico-racial-sisu-20172\/","url_meta":{"origin":1981,"position":0},"title":"Resultados da avalia\u00e7\u00e3o \u00e9tnico-racial SISU 2017\/2","author":"cid","date":"14\/06\/2017","format":false,"excerpt":"Acesse aqui os relat\u00f3rios referentes a matr\u00edcula na Chamada Regular do SISU 2017\/2: Relat\u00f3rio Preliminar SISU\/Inverno 2017\/2 - Chamada Regular Relat\u00f3rio Final Cotas Etnico Raciais - Chamada Regular - 2017-2 \u00a0 Acesse aqui os relat\u00f3rios referentes a matr\u00edcula na Primeira Convoca\u00e7\u00e3o da Lista de Espera da UFPel - SISU 2017\/2:\u2026","rel":"","context":"Post similar","block_context":{"text":"Post similar","link":""},"img":{"alt_text":"","src":"","width":0,"height":0},"classes":[]},{"id":4412,"url":"https:\/\/wp.ufpel.edu.br\/sisu\/editais\/sisu-2022-1\/","url_meta":{"origin":1981,"position":1},"title":"SISU 2022\/1","author":"sisu","date":"29\/08\/2022","format":false,"excerpt":"Editais e convoca\u00e7\u00f5es \u2013\u00a0SISU 2022\/1 Edital n\u00ba 73, de 26 de outubro de 2021 Edital n\u00ba 2, de 18 de janeiro de 2022 Retifica\u00e7\u00e3o: Edital n\u00ba 8, de 27 de janeiro de 2022 Termo de Ades\u00e3o SISU 2022\/1 Edital CRA N\u00ba 03\/2022 - Chamada Regular Aprovados - Chamada Regular Edital\u2026","rel":"","context":"Post similar","block_context":{"text":"Post similar","link":""},"img":{"alt_text":"","src":"","width":0,"height":0},"classes":[]},{"id":4010,"url":"https:\/\/wp.ufpel.edu.br\/sisu\/editais\/sisu-2021-2\/","url_meta":{"origin":1981,"position":2},"title":"SISU 2021\/2","author":"sisu","date":"23\/03\/2022","format":false,"excerpt":"Editais e convoca\u00e7\u00f5es \u2013\u00a0SISU 2021\/2 Edital n\u00ba 30, de 17 de maio de 2021 Edital n\u00ba 39, de 23 de junho de 2021 Termo de Ades\u00e3o SISU 2021\/2 Edital n\u00ba 16\/2021 - Chamada Regular Aprovados - Chamada Regular Edital n\u00ba 17\/2021 - Lista de Espera Lista de Espera - Geral\u2026","rel":"","context":"Post similar","block_context":{"text":"Post similar","link":""},"img":{"alt_text":"","src":"","width":0,"height":0},"classes":[]},{"id":3772,"url":"https:\/\/wp.ufpel.edu.br\/sisu\/editais\/sisu-2021-1\/","url_meta":{"origin":1981,"position":3},"title":"SISU 2021\/1","author":"sisu","date":"25\/08\/2021","format":false,"excerpt":"Editais e convoca\u00e7\u00f5es \u2013\u00a0SISU 2021\/1 Edital n\u00ba 10, de 10 de fevereiro de 2021 Edital n\u00ba 25, de 09 de abril de 2021 - Retifica\u00e7\u00e3o Termo de Ades\u00e3o SISU 2021\/1 Edital n\u00ba 04\/2021 - Chamada Regular Edital n\u00ba 04\/2021 - Retifica\u00e7\u00e3o Aprovados \u2013 Chamada Regular Edital n\u00ba 06\/2021 - Lista\u2026","rel":"","context":"Post similar","block_context":{"text":"Post similar","link":""},"img":{"alt_text":"","src":"","width":0,"height":0},"classes":[]},{"id":3195,"url":"https:\/\/wp.ufpel.edu.br\/sisu\/editais\/sisu-2020-1\/","url_meta":{"origin":1981,"position":4},"title":"SISU 2020\/1","author":"sisu","date":"13\/07\/2020","format":false,"excerpt":"Editais e convoca\u00e7\u00f5es \u2013\u00a0SISU 2020\/1 Edital N\u00b0 70, de 28 de novembro de 2019 Termo de ades\u00e3o SISU 2020\/1 Edital N\u00b0 2\/2020 \u2013 Chamada Regular Edital N\u00b0 02\/2020 \u2013 Retifica\u00e7\u00e3o Aprovados \u2013 Chamada Regular Edital N\u00b0 3\/2020 \u2013 Lista de Espera Edital N\u00b0 03\/2020 \u2013 Retifica\u00e7\u00e3o Lista de Espera \u2013\u2026","rel":"","context":"Post similar","block_context":{"text":"Post similar","link":""},"img":{"alt_text":"","src":"","width":0,"height":0},"classes":[]},{"id":2842,"url":"https:\/\/wp.ufpel.edu.br\/sisu\/editais\/sisu-2019-2\/","url_meta":{"origin":1981,"position":5},"title":"SISU 2019\/2","author":"sisu","date":"05\/11\/2019","format":false,"excerpt":"Editais e convoca\u00e7\u00f5es \u2013\u00a0SISU 2019\/2 Edital N\u00b0 35, de 13 de maio de 2019 Termo de Ades\u00e3o SISU 2019\/2 Edital N\u00b0 07\/2019 - Chamada Regular Aprovados - Chamada Regular Edital N\u00b0 09\/2019 - Lista de Espera Lista de Espera - Geral Lista de Espera - Cotas 1\u00aa Convoca\u00e7\u00e3o 2\u00aa Convoca\u00e7\u00e3o\u2026","rel":"","context":"Post similar","block_context":{"text":"Post similar","link":""},"img":{"alt_text":"","src":"","width":0,"height":0},"classes":[]}],"publishpress_future_action":{"enabled":false,"date":"2026-04-13 20:21:42","action":"change-status","newStatus":"draft","terms":[],"taxonomy":"","extraData":[]},"publishpress_future_workflow_manual_trigger":{"enabledWorkflows":[]},"_links":{"self":[{"href":"https:\/\/wp.ufpel.edu.br\/sisu\/wp-json\/wp\/v2\/pages\/1981","targetHints":{"allow":["GET"]}}],"collection":[{"href":"https:\/\/wp.ufpel.edu.br\/sisu\/wp-json\/wp\/v2\/pages"}],"about":[{"href":"https:\/\/wp.ufpel.edu.br\/sisu\/wp-json\/wp\/v2\/types\/page"}],"author":[{"embeddable":true,"href":"https:\/\/wp.ufpel.edu.br\/sisu\/wp-json\/wp\/v2\/users\/743"}],"replies":[{"embeddable":true,"href":"https:\/\/wp.ufpel.edu.br\/sisu\/wp-json\/wp\/v2\/comments?post=1981"}],"version-history":[{"count":5,"href":"https:\/\/wp.ufpel.edu.br\/sisu\/wp-json\/wp\/v2\/pages\/1981\/revisions"}],"predecessor-version":[{"id":4751,"href":"https:\/\/wp.ufpel.edu.br\/sisu\/wp-json\/wp\/v2\/pages\/1981\/revisions\/4751"}],"up":[{"embeddable":true,"href":"https:\/\/wp.ufpel.edu.br\/sisu\/wp-json\/wp\/v2\/pages\/18"}],"wp:attachment":[{"href":"https:\/\/wp.ufpel.edu.br\/sisu\/wp-json\/wp\/v2\/media?parent=1981"}],"curies":[{"name":"wp","href":"https:\/\/api.w.org\/{rel}","templated":true}]}}