{"id":1642,"date":"2018-07-30T09:40:04","date_gmt":"2018-07-30T12:40:04","guid":{"rendered":"https:\/\/wp.ufpel.edu.br\/sisu\/?page_id=1642"},"modified":"2023-01-05T13:51:22","modified_gmt":"2023-01-05T16:51:22","slug":"resultados-da-avaliacao-de-deficiencia-2018-2","status":"publish","type":"page","link":"https:\/\/wp.ufpel.edu.br\/sisu\/resultado-da-avaliacao-de-deficiencia\/resultados-da-avaliacao-de-deficiencia-2018-2\/","title":{"rendered":"Resultados da avalia\u00e7\u00e3o de defici\u00eancia 2018\/2"},"content":{"rendered":"<p><a href=\"https:\/\/wp.ufpel.edu.br\/sisu\/files\/2018\/07\/relat%C3%B3rio_parecer_cotas_Definitivo-4.pdf\">Resultado Final \u2013 An\u00e1lise de Defici\u00eancia \u2013 Primeira Convoca\u00e7\u00e3o<\/a><\/p>\n<p><a href=\"https:\/\/wp.ufpel.edu.br\/sisu\/files\/2018\/07\/relat%C3%B3rio_parecer_cotas_Preliminar-8.pdf\">Resultado Preliminar \u2013 An\u00e1lise de Defici\u00eancia \u2013 Segunda Convoca\u00e7\u00e3o<\/a><\/p>\n","protected":false},"excerpt":{"rendered":"<p>Resultado Final \u2013 An\u00e1lise de Defici\u00eancia \u2013 Primeira Convoca\u00e7\u00e3o Resultado Preliminar \u2013 An\u00e1lise de Defici\u00eancia \u2013 Segunda Convoca\u00e7\u00e3o<\/p>\n","protected":false},"author":743,"featured_media":0,"parent":51,"menu_order":0,"comment_status":"closed","ping_status":"closed","template":"","meta":{"advanced_seo_description":"","jetpack_seo_html_title":"","jetpack_seo_noindex":false,"jetpack_post_was_ever_published":false,"footnotes":""},"class_list":["post-1642","page","type-page","status-publish","hentry"],"jetpack_sharing_enabled":true,"jetpack_shortlink":"https:\/\/wp.me\/P8Nz4H-qu","jetpack-related-posts":[{"id":971,"url":"https:\/\/wp.ufpel.edu.br\/sisu\/resultado-da-avaliacao-de-deficiencia\/resultados-da-avaliacao-de-deficiencia-2018-1\/","url_meta":{"origin":1642,"position":0},"title":"Resultados da avalia\u00e7\u00e3o de defici\u00eancia 2018\/1","author":"sisu","date":"15\/01\/2018","format":false,"excerpt":"Resultado Final - An\u00e1lise de Defici\u00eancia - Primeira Convoca\u00e7\u00e3o Resultado Final - An\u00e1lise de Defici\u00eancia - Chamada Regular relat\u00f3rio_parecer_cotas_Preliminar","rel":"","context":"Post similar","block_context":{"text":"Post similar","link":""},"img":{"alt_text":"","src":"","width":0,"height":0},"classes":[]},{"id":331,"url":"https:\/\/wp.ufpel.edu.br\/sisu\/editais-selecao-socioeconomica\/resultados-da-avaliacao-socioeconomica-sisu-20171\/","url_meta":{"origin":1642,"position":1},"title":"Resultados da avalia\u00e7\u00e3o socioecon\u00f4mica SISU 2017\/1","author":"prae","date":"06\/06\/2017","format":false,"excerpt":"SISU RESULTADO PARCIAL DO EDITAL 03\/2017-CRA \u2013 COMUNICADO 16 SISU RESULTADO PARCIAL DO EDITAL 03\/2017-CRA \u2013 COMUNICADO 12 SISU Ver\u00e3o 2017 e PAVE \u2013 Resultado FINAL da an\u00e1lise socioecon\u00f4mica \u2013 Comunicados 10 e 11 RESULTADO FINAL DOS EDITAIS 003 e 004\/2017-CRA SISU\/ENEM VER\u00c3O 2017 e PAVE COMUNICADOS 10 E 11\u2026","rel":"","context":"Post similar","block_context":{"text":"Post similar","link":""},"img":{"alt_text":"","src":"","width":0,"height":0},"classes":[]},{"id":2394,"url":"https:\/\/wp.ufpel.edu.br\/sisu\/resultado-da-avaliacao-etnico-racial\/resultados-da-avaliacao-etnico-racial-sisu-2019-2\/","url_meta":{"origin":1642,"position":2},"title":"Resultados da avalia\u00e7\u00e3o \u00e9tnico-racial SISU 2019\/2","author":"naaf","date":"18\/06\/2019","format":false,"excerpt":"IMPORTANTE: Se o seu nome consta no\u00a0Relat\u00f3rio Preliminar acima\u00a0como INDEFERIDO e voc\u00ea pretende entrar com Recurso, siga as diretrizes indicadas abaixo: Em caso de indeferimento o(a) candidato(a) poder\u00e1 encaminhar Recurso \u00e0 Comiss\u00e3o de Controle na Identifica\u00e7\u00e3o do Componente \u00c9tnico-racial (CCICE), no prazo de 72 horas contadas a partir da divulga\u00e7\u00e3o\u2026","rel":"","context":"Post similar","block_context":{"text":"Post similar","link":""},"img":{"alt_text":"","src":"","width":0,"height":0},"classes":[]},{"id":1463,"url":"https:\/\/wp.ufpel.edu.br\/sisu\/editais\/sisu-2018-1\/","url_meta":{"origin":1642,"position":3},"title":"SISU 2018\/1","author":"sisu","date":"05\/06\/2018","format":false,"excerpt":"Editais e convoca\u00e7\u00f5es \u2013\u00a0SISU 2018\/1 Termo de ades\u00e3o 2018\/1 Edital 002\/2018 - Chamada Regular Aprovados_chamada_regular Edital 004\/2018 - Lista de espera Lista_Espera_Geral Lista_Espera_Cotas Primeira Convoca\u00e7\u00e3o Segunda Convoca\u00e7\u00e3o Terceira Convoca\u00e7\u00e3o Quarta Convoca\u00e7\u00e3o Quinta Convoca\u00e7\u00e3o Sexta Convoca\u00e7\u00e3o S\u00e9tima Convoca\u00e7\u00e3o Oitava Convoca\u00e7\u00e3o Nona Convoca\u00e7\u00e3o D\u00e9cima Convoca\u00e7\u00e3o D\u00e9cima Primeira Convoca\u00e7\u00e3o Resultados para ingresso nas\u2026","rel":"","context":"Post similar","block_context":{"text":"Post similar","link":""},"img":{"alt_text":"","src":"","width":0,"height":0},"classes":[]},{"id":856,"url":"https:\/\/wp.ufpel.edu.br\/sisu\/editais\/sisu-2017-2\/","url_meta":{"origin":1642,"position":4},"title":"SISU 2017\/2","author":"sisu","date":"06\/12\/2017","format":false,"excerpt":"Editais e convoca\u00e7\u00f5es \u2013 SISU 2017\/2 Termo de ades\u00e3o 2017\/2 Edital_011_2017_Chamada_Regular Aprovados chamada regular Edital_013_2017_Lista_de_Espera Lista_espera da UFPel_Ampla Concorrencia Lista_espera da UFPel_Cotas Primeira Convoca\u00e7\u00e3o Segunda Convoca\u00e7\u00e3o Terceira_Convoca\u00e7\u00e3o Quarta Convoca\u00e7\u00e3o Quinta Convoca\u00e7\u00e3o Sexta Convoca\u00e7\u00e3o S\u00e9tima Convoca\u00e7\u00e3o Oitava Convoca\u00e7\u00e3o Nona_Convoca\u00e7\u00e3o Resultados para ingresso nas cotas Resultados da avalia\u00e7\u00e3o de defici\u00eancia Resultados da\u2026","rel":"","context":"Post similar","block_context":{"text":"Post similar","link":""},"img":{"alt_text":"","src":"","width":0,"height":0},"classes":[]},{"id":1981,"url":"https:\/\/wp.ufpel.edu.br\/sisu\/editais\/sisu-2018-2\/","url_meta":{"origin":1642,"position":5},"title":"SISU 2018\/2","author":"sisu","date":"16\/11\/2018","format":false,"excerpt":"Editais e convoca\u00e7\u00f5es \u2013\u00a0SISU 2018\/2 Termo de Ades\u00e3o 2018\/2 Edital 013\/2018 \u2013 Chamada Regular Aprovados \u2013 Chamada Regular Edital 014\/2018 \u2013 Lista de Espera SISU 20182 \u2013 Lista de Espera UFPel \u2013 Geral SISU 20182 \u2013 Lista de Espera UFPel \u2013 Cotas Primeira convoca\u00e7\u00e3o Segunda convoca\u00e7\u00e3o Terceira convoca\u00e7\u00e3o Quarta Convoca\u00e7\u00e3o\u2026","rel":"","context":"Post similar","block_context":{"text":"Post similar","link":""},"img":{"alt_text":"","src":"","width":0,"height":0},"classes":[]}],"publishpress_future_action":{"enabled":false,"date":"2026-05-19 05:02:48","action":"change-status","newStatus":"draft","terms":[],"taxonomy":"","extraData":[]},"publishpress_future_workflow_manual_trigger":{"enabledWorkflows":[]},"_links":{"self":[{"href":"https:\/\/wp.ufpel.edu.br\/sisu\/wp-json\/wp\/v2\/pages\/1642","targetHints":{"allow":["GET"]}}],"collection":[{"href":"https:\/\/wp.ufpel.edu.br\/sisu\/wp-json\/wp\/v2\/pages"}],"about":[{"href":"https:\/\/wp.ufpel.edu.br\/sisu\/wp-json\/wp\/v2\/types\/page"}],"author":[{"embeddable":true,"href":"https:\/\/wp.ufpel.edu.br\/sisu\/wp-json\/wp\/v2\/users\/743"}],"replies":[{"embeddable":true,"href":"https:\/\/wp.ufpel.edu.br\/sisu\/wp-json\/wp\/v2\/comments?post=1642"}],"version-history":[{"count":4,"href":"https:\/\/wp.ufpel.edu.br\/sisu\/wp-json\/wp\/v2\/pages\/1642\/revisions"}],"predecessor-version":[{"id":4676,"href":"https:\/\/wp.ufpel.edu.br\/sisu\/wp-json\/wp\/v2\/pages\/1642\/revisions\/4676"}],"up":[{"embeddable":true,"href":"https:\/\/wp.ufpel.edu.br\/sisu\/wp-json\/wp\/v2\/pages\/51"}],"wp:attachment":[{"href":"https:\/\/wp.ufpel.edu.br\/sisu\/wp-json\/wp\/v2\/media?parent=1642"}],"curies":[{"name":"wp","href":"https:\/\/api.w.org\/{rel}","templated":true}]}}