{"id":97,"date":"2013-12-18T19:47:08","date_gmt":"2013-12-18T21:47:08","guid":{"rendered":"https:\/\/wp.ufpel.edu.br\/bibesef\/?page_id=97"},"modified":"2020-01-24T10:19:49","modified_gmt":"2020-01-24T13:19:49","slug":"periodicos-eletronicos-ufpel","status":"publish","type":"page","link":"https:\/\/wp.ufpel.edu.br\/sisbi\/coordenacao-3\/equipe\/periodicos-eletronicos-ufpel\/","title":{"rendered":"Peri\u00f3dicos Eletr\u00f4nicos UFPel"},"content":{"rendered":"<p>O Portal de Peri\u00f3dicos da Universidade Federal de Pelotas (UFPel) tem o prop\u00f3sito de criar um ambiente comum, que re\u00fana todos os peri\u00f3dicos da Universidade. Busca ainda ir ao encontro do alinhamento e \u00e0s iniciativas nacionais, coordenadas pelo Instituto Brasileiro de Ci\u00eancia e Tecnologia (IBICT), e internacionais lideradas pelo Directory of Open Access Journals (DOAJ) e o Public Knowledge Project (PKP). Vale-se do Sistema Eletr\u00f4nico de Editora\u00e7\u00e3o de Revistas (SEER) visando ado\u00e7\u00e3o de padr\u00f5es de interoperabilidade e de acesso aberto que proporcionem maior visibilidade \u00e0 produ\u00e7\u00e3o cient\u00edfica da Universidade, adequando-se aos paradigmas atuais da comunica\u00e7\u00e3o cient\u00edfica.<\/p>\n<p>Patr\u00edcia de Borba Pereira &#8211; Bibliotec\u00e1ria &#8211; Documentalista &#8211; Coordenadora<br \/>\nTel.: +55 (53) 3284-4036<\/p>\n<p><strong>Peri\u00f3dicos Eletr\u00f4nicos UFPel<\/strong><\/p>\n<p>&#8211; Patr\u00edcia de Borba Pereira &#8211; Bibliotec\u00e1ria &#8211; Documentalista &#8211; Coordenadora<\/p>\n<p>e-mail: seer@ufpel.edu.br<\/p>\n<p>Tel.: +55 (53) 9134-2943<\/p>\n<p>Tel.: +55 (53) 3284-4035<\/p>\n<p>&nbsp;<\/p>\n<p>&nbsp;<\/p>\n","protected":false},"excerpt":{"rendered":"<p>O Portal de Peri\u00f3dicos da Universidade Federal de Pelotas (UFPel) tem o prop\u00f3sito de criar um ambiente comum, que re\u00fana todos os peri\u00f3dicos da Universidade. Busca ainda ir ao encontro do alinhamento e \u00e0s iniciativas nacionais, coordenadas pelo Instituto Brasileiro de Ci\u00eancia e Tecnologia (IBICT), e internacionais lideradas pelo Directory of Open Access Journals (DOAJ) [&hellip;]<\/p>\n","protected":false},"author":168,"featured_media":0,"parent":81,"menu_order":5,"comment_status":"closed","ping_status":"closed","template":"","meta":{"footnotes":""},"class_list":["post-97","page","type-page","status-publish","hentry"],"_links":{"self":[{"href":"https:\/\/wp.ufpel.edu.br\/sisbi\/wp-json\/wp\/v2\/pages\/97","targetHints":{"allow":["GET"]}}],"collection":[{"href":"https:\/\/wp.ufpel.edu.br\/sisbi\/wp-json\/wp\/v2\/pages"}],"about":[{"href":"https:\/\/wp.ufpel.edu.br\/sisbi\/wp-json\/wp\/v2\/types\/page"}],"author":[{"embeddable":true,"href":"https:\/\/wp.ufpel.edu.br\/sisbi\/wp-json\/wp\/v2\/users\/168"}],"replies":[{"embeddable":true,"href":"https:\/\/wp.ufpel.edu.br\/sisbi\/wp-json\/wp\/v2\/comments?post=97"}],"version-history":[{"count":22,"href":"https:\/\/wp.ufpel.edu.br\/sisbi\/wp-json\/wp\/v2\/pages\/97\/revisions"}],"predecessor-version":[{"id":4176,"href":"https:\/\/wp.ufpel.edu.br\/sisbi\/wp-json\/wp\/v2\/pages\/97\/revisions\/4176"}],"up":[{"embeddable":true,"href":"https:\/\/wp.ufpel.edu.br\/sisbi\/wp-json\/wp\/v2\/pages\/81"}],"wp:attachment":[{"href":"https:\/\/wp.ufpel.edu.br\/sisbi\/wp-json\/wp\/v2\/media?parent=97"}],"curies":[{"name":"wp","href":"https:\/\/api.w.org\/{rel}","templated":true}]}}