{"id":95,"date":"2013-12-18T19:46:15","date_gmt":"2013-12-18T21:46:15","guid":{"rendered":"https:\/\/wp.ufpel.edu.br\/bibesef\/?page_id=95"},"modified":"2017-06-07T14:10:23","modified_gmt":"2017-06-07T17:10:23","slug":"helpdesk-capes","status":"publish","type":"page","link":"https:\/\/wp.ufpel.edu.br\/sisbi\/coordenacao-3\/equipe\/helpdesk-capes\/","title":{"rendered":"HelpDesk CAPES"},"content":{"rendered":"<p>O Portal de Peri\u00f3dicos Capes \u00e9 uma das maiores bibliotecas virtuais do mundo, reunindo conte\u00fado cient\u00edfico de alto n\u00edvel dispon\u00edvel \u00e0 comunidade acad\u00eamico-cient\u00edfica brasileira. S\u00e3o atribui\u00e7\u00f5es do Bibliotec\u00e1rio Respons\u00e1vel pelo Portal de Peri\u00f3dicos da CAPES: estar devidamente cadastrado junto ao CAPES atrav\u00e9s de portaria emitida pelo Reitor para administrar o Portal, o que representa manter atualizado IP\u2019s, cadastro do pessoal, conhecimento das bases dispon\u00edveis para a Universidade.<\/p>\n<p>Patr\u00edcia de Borba Pereira &#8211; Bibliotec\u00e1ria &#8211; Documentalista &#8211; Coordenadora<br \/>\nTel.: +55 (53) 3284-4036<\/p>\n<p><strong>Help Desk Portal de Peri\u00f3dicos CAPES<\/strong><\/p>\n<p>&#8211; Patr\u00edcia de Borba Pereira &#8211; Bibliotec\u00e1ria &#8211; Documentalista<br \/>\ne-mail: ppborba@ufpel.edu.br<br \/>\nTel.: +55 (53) 9134-2943<\/p>\n","protected":false},"excerpt":{"rendered":"<p>O Portal de Peri\u00f3dicos Capes \u00e9 uma das maiores bibliotecas virtuais do mundo, reunindo conte\u00fado cient\u00edfico de alto n\u00edvel dispon\u00edvel \u00e0 comunidade acad\u00eamico-cient\u00edfica brasileira. S\u00e3o atribui\u00e7\u00f5es do Bibliotec\u00e1rio Respons\u00e1vel pelo Portal de Peri\u00f3dicos da CAPES: estar devidamente cadastrado junto ao CAPES atrav\u00e9s de portaria emitida pelo Reitor para administrar o Portal, o que representa manter [&hellip;]<\/p>\n","protected":false},"author":168,"featured_media":0,"parent":81,"menu_order":4,"comment_status":"closed","ping_status":"closed","template":"","meta":{"footnotes":""},"class_list":["post-95","page","type-page","status-publish","hentry"],"_links":{"self":[{"href":"https:\/\/wp.ufpel.edu.br\/sisbi\/wp-json\/wp\/v2\/pages\/95","targetHints":{"allow":["GET"]}}],"collection":[{"href":"https:\/\/wp.ufpel.edu.br\/sisbi\/wp-json\/wp\/v2\/pages"}],"about":[{"href":"https:\/\/wp.ufpel.edu.br\/sisbi\/wp-json\/wp\/v2\/types\/page"}],"author":[{"embeddable":true,"href":"https:\/\/wp.ufpel.edu.br\/sisbi\/wp-json\/wp\/v2\/users\/168"}],"replies":[{"embeddable":true,"href":"https:\/\/wp.ufpel.edu.br\/sisbi\/wp-json\/wp\/v2\/comments?post=95"}],"version-history":[{"count":14,"href":"https:\/\/wp.ufpel.edu.br\/sisbi\/wp-json\/wp\/v2\/pages\/95\/revisions"}],"predecessor-version":[{"id":2439,"href":"https:\/\/wp.ufpel.edu.br\/sisbi\/wp-json\/wp\/v2\/pages\/95\/revisions\/2439"}],"up":[{"embeddable":true,"href":"https:\/\/wp.ufpel.edu.br\/sisbi\/wp-json\/wp\/v2\/pages\/81"}],"wp:attachment":[{"href":"https:\/\/wp.ufpel.edu.br\/sisbi\/wp-json\/wp\/v2\/media?parent=95"}],"curies":[{"name":"wp","href":"https:\/\/api.w.org\/{rel}","templated":true}]}}