{"id":91,"date":"2013-12-18T19:44:46","date_gmt":"2013-12-18T21:44:46","guid":{"rendered":"https:\/\/wp.ufpel.edu.br\/bibesef\/?page_id=91"},"modified":"2017-08-07T09:58:23","modified_gmt":"2017-08-07T12:58:23","slug":"comite-de-automacao-do-pergamum","status":"publish","type":"page","link":"https:\/\/wp.ufpel.edu.br\/sisbi\/coordenacao-3\/equipe\/comite-de-automacao-do-pergamum\/","title":{"rendered":"Comit\u00ea de Automa\u00e7\u00e3o"},"content":{"rendered":"<p>Atua no planejamento, coordena\u00e7\u00e3o, execu\u00e7\u00e3o e implanta\u00e7\u00e3o do novo software adquirido pelo Sistema de Bibliotecas. Respons\u00e1vel pela resolu\u00e7\u00e3o de problemas e demais assuntos pertinentes ao processo de automa\u00e7\u00e3o, bem como a execu\u00e7\u00e3o de estudos peri\u00f3dicos com vistas a modernizar os equipamentos a fim de agilizar os processos efetuados pelo sistema.<\/p>\n<p>\u2013 Patr\u00edcia de Borba Pereira\u00a0\u2013 Bibliotec\u00e1ria \u2013 Documentalista &#8211; Coordenadora<br \/>\nTel.: +55 (53) 3284-4036<\/p>\n<p><strong>Comit\u00ea de Automa\u00e7\u00e3o do Pergamum<\/strong><\/p>\n<p>&#8211; Aline Herbstrith Batista \u2013 Bibliotec\u00e1ria \u2013 Documentalista<br \/>\ne-mail: <a href=\"mailto:aline.batista@ufpel.edu.br\">aline.batista@ufpel.edu.br<\/a><br \/>\n&#8211; Catarina de Quevedo Prestes de Carvalho \u2013 Bibliotec\u00e1ria \u2013 Documentalista<br \/>\ne-mail: <a href=\"mailto:catarinaprestes@yahoo.com.br\">catarinaprestes@yahoo.com.br<\/a><br \/>\n&#8211; Elionara Giovana Rech \u2013 Bibliotec\u00e1ria \u2013 Documentalista<br \/>\ne-mail: <a href=\"mailto:elionara_rech@ufpel.edu.br\">elionara_rech@ufpel.edu.br<\/a><br \/>\n&#8211; Fabiano Domingues Malheiro \u2013 Bibliotec\u00e1rio \u2013 Documentalista<br \/>\ne-mail: <a href=\"mailto:fabiano.malheiro@ufpel.edu.br\">fabiano.malheiro@ufpel.edu.br<\/a><br \/>\n&#8211; Simone Godinho Maisonave \u2013 Bibliotec\u00e1ria \u2013 Documentalista<br \/>\ne-mail:\u00a0<a href=\"mailto:simonemaisonave@hotmail.com\">simonemaisonave@hotmail.com<\/a><\/p>\n<p>Tel.: +55 (53) 3284-4035<\/p>\n<p>&nbsp;<\/p>\n","protected":false},"excerpt":{"rendered":"<p>Atua no planejamento, coordena\u00e7\u00e3o, execu\u00e7\u00e3o e implanta\u00e7\u00e3o do novo software adquirido pelo Sistema de Bibliotecas. Respons\u00e1vel pela resolu\u00e7\u00e3o de problemas e demais assuntos pertinentes ao processo de automa\u00e7\u00e3o, bem como a execu\u00e7\u00e3o de estudos peri\u00f3dicos com vistas a modernizar os equipamentos a fim de agilizar os processos efetuados pelo sistema. \u2013 Patr\u00edcia de Borba Pereira\u00a0\u2013 [&hellip;]<\/p>\n","protected":false},"author":168,"featured_media":0,"parent":81,"menu_order":2,"comment_status":"closed","ping_status":"closed","template":"","meta":{"footnotes":""},"class_list":["post-91","page","type-page","status-publish","hentry"],"_links":{"self":[{"href":"https:\/\/wp.ufpel.edu.br\/sisbi\/wp-json\/wp\/v2\/pages\/91","targetHints":{"allow":["GET"]}}],"collection":[{"href":"https:\/\/wp.ufpel.edu.br\/sisbi\/wp-json\/wp\/v2\/pages"}],"about":[{"href":"https:\/\/wp.ufpel.edu.br\/sisbi\/wp-json\/wp\/v2\/types\/page"}],"author":[{"embeddable":true,"href":"https:\/\/wp.ufpel.edu.br\/sisbi\/wp-json\/wp\/v2\/users\/168"}],"replies":[{"embeddable":true,"href":"https:\/\/wp.ufpel.edu.br\/sisbi\/wp-json\/wp\/v2\/comments?post=91"}],"version-history":[{"count":19,"href":"https:\/\/wp.ufpel.edu.br\/sisbi\/wp-json\/wp\/v2\/pages\/91\/revisions"}],"predecessor-version":[{"id":2896,"href":"https:\/\/wp.ufpel.edu.br\/sisbi\/wp-json\/wp\/v2\/pages\/91\/revisions\/2896"}],"up":[{"embeddable":true,"href":"https:\/\/wp.ufpel.edu.br\/sisbi\/wp-json\/wp\/v2\/pages\/81"}],"wp:attachment":[{"href":"https:\/\/wp.ufpel.edu.br\/sisbi\/wp-json\/wp\/v2\/media?parent=91"}],"curies":[{"name":"wp","href":"https:\/\/api.w.org\/{rel}","templated":true}]}}