{"id":87,"date":"2013-12-18T19:40:36","date_gmt":"2013-12-18T21:40:36","guid":{"rendered":"https:\/\/wp.ufpel.edu.br\/bibesef\/?page_id=87"},"modified":"2025-04-16T15:37:45","modified_gmt":"2025-04-16T18:37:45","slug":"sobre-as-multas","status":"publish","type":"page","link":"https:\/\/wp.ufpel.edu.br\/sisbi\/coordenacao-3\/sobre-as-multas\/","title":{"rendered":"Sobre as Multas"},"content":{"rendered":"<p><strong><span style=\"font-size: 14pt;background-color: #ffffff\">Acesse aqui o tutorial de atualiza\u00e7\u00e3o de d\u00e9bitos:<\/span><\/strong><\/p>\n<h1><span style=\"font-size: 14pt\"><a href=\"https:\/\/wp.ufpel.edu.br\/sisbi\/files\/2024\/11\/2024-Regularizacao-de-Debitos-com-as-Bibliotecas-UFPel.pdf\">2024 Regulariza\u00e7\u00e3o de D\u00e9bitos com as Bibliotecas UFPel<\/a><\/span><\/h1>\n<section id=\"main\">\n<div align=\"justify\"><\/div>\n<\/section>\n","protected":false},"excerpt":{"rendered":"<p>Acesse aqui o tutorial de atualiza\u00e7\u00e3o de d\u00e9bitos: 2024 Regulariza\u00e7\u00e3o de D\u00e9bitos com as Bibliotecas UFPel<\/p>\n","protected":false},"author":168,"featured_media":0,"parent":76,"menu_order":5,"comment_status":"closed","ping_status":"closed","template":"","meta":{"footnotes":""},"class_list":["post-87","page","type-page","status-publish","hentry"],"_links":{"self":[{"href":"https:\/\/wp.ufpel.edu.br\/sisbi\/wp-json\/wp\/v2\/pages\/87","targetHints":{"allow":["GET"]}}],"collection":[{"href":"https:\/\/wp.ufpel.edu.br\/sisbi\/wp-json\/wp\/v2\/pages"}],"about":[{"href":"https:\/\/wp.ufpel.edu.br\/sisbi\/wp-json\/wp\/v2\/types\/page"}],"author":[{"embeddable":true,"href":"https:\/\/wp.ufpel.edu.br\/sisbi\/wp-json\/wp\/v2\/users\/168"}],"replies":[{"embeddable":true,"href":"https:\/\/wp.ufpel.edu.br\/sisbi\/wp-json\/wp\/v2\/comments?post=87"}],"version-history":[{"count":19,"href":"https:\/\/wp.ufpel.edu.br\/sisbi\/wp-json\/wp\/v2\/pages\/87\/revisions"}],"predecessor-version":[{"id":6380,"href":"https:\/\/wp.ufpel.edu.br\/sisbi\/wp-json\/wp\/v2\/pages\/87\/revisions\/6380"}],"up":[{"embeddable":true,"href":"https:\/\/wp.ufpel.edu.br\/sisbi\/wp-json\/wp\/v2\/pages\/76"}],"wp:attachment":[{"href":"https:\/\/wp.ufpel.edu.br\/sisbi\/wp-json\/wp\/v2\/media?parent=87"}],"curies":[{"name":"wp","href":"https:\/\/api.w.org\/{rel}","templated":true}]}}