{"id":6512,"date":"2025-07-10T10:16:52","date_gmt":"2025-07-10T13:16:52","guid":{"rendered":"https:\/\/wp.ufpel.edu.br\/sisbi\/?page_id=6512"},"modified":"2025-08-01T15:15:55","modified_gmt":"2025-08-01T18:15:55","slug":"termo-de-autorizacao","status":"publish","type":"page","link":"https:\/\/wp.ufpel.edu.br\/sisbi\/documentos\/termo-de-autorizacao\/","title":{"rendered":"Termo de autoriza\u00e7\u00e3o para  teses, disserta\u00e7\u00f5es, Trabalhos de Conclus\u00e3o de Curso (TCC) e Trabalhos de Conclus\u00e3o de Curso Profissional (TCCP)"},"content":{"rendered":"<p>Abaixo seguem os termos de autoriza\u00e7\u00e3o dos trabalhos (atualizados em 2025):<\/p>\n<p><a href=\"https:\/\/wp.ufpel.edu.br\/sisbi\/files\/2025\/08\/Termo-TCC-e-TCCP.pdf\">Termo de autoriza\u00e7\u00e3o para TCC e TCCP<\/a><\/p>\n<p><a href=\"https:\/\/wp.ufpel.edu.br\/sisbi\/files\/2025\/01\/Termo-Dissertacoes-e-Teses-07-2025-1-1.pdf\">Termo de autoriza\u00e7\u00e3o para Disserta\u00e7\u00f5es e Teses<\/a><\/p>\n","protected":false},"excerpt":{"rendered":"<p>Abaixo seguem os termos de autoriza\u00e7\u00e3o dos trabalhos (atualizados em 2025): Termo de autoriza\u00e7\u00e3o para TCC e TCCP Termo de autoriza\u00e7\u00e3o para Disserta\u00e7\u00f5es e Teses<\/p>\n","protected":false},"author":37,"featured_media":0,"parent":458,"menu_order":0,"comment_status":"closed","ping_status":"closed","template":"","meta":{"footnotes":""},"class_list":["post-6512","page","type-page","status-publish","hentry"],"_links":{"self":[{"href":"https:\/\/wp.ufpel.edu.br\/sisbi\/wp-json\/wp\/v2\/pages\/6512","targetHints":{"allow":["GET"]}}],"collection":[{"href":"https:\/\/wp.ufpel.edu.br\/sisbi\/wp-json\/wp\/v2\/pages"}],"about":[{"href":"https:\/\/wp.ufpel.edu.br\/sisbi\/wp-json\/wp\/v2\/types\/page"}],"author":[{"embeddable":true,"href":"https:\/\/wp.ufpel.edu.br\/sisbi\/wp-json\/wp\/v2\/users\/37"}],"replies":[{"embeddable":true,"href":"https:\/\/wp.ufpel.edu.br\/sisbi\/wp-json\/wp\/v2\/comments?post=6512"}],"version-history":[{"count":6,"href":"https:\/\/wp.ufpel.edu.br\/sisbi\/wp-json\/wp\/v2\/pages\/6512\/revisions"}],"predecessor-version":[{"id":6638,"href":"https:\/\/wp.ufpel.edu.br\/sisbi\/wp-json\/wp\/v2\/pages\/6512\/revisions\/6638"}],"up":[{"embeddable":true,"href":"https:\/\/wp.ufpel.edu.br\/sisbi\/wp-json\/wp\/v2\/pages\/458"}],"wp:attachment":[{"href":"https:\/\/wp.ufpel.edu.br\/sisbi\/wp-json\/wp\/v2\/media?parent=6512"}],"curies":[{"name":"wp","href":"https:\/\/api.w.org\/{rel}","templated":true}]}}