{"id":6056,"date":"2024-12-26T18:03:46","date_gmt":"2024-12-26T21:03:46","guid":{"rendered":"https:\/\/wp.ufpel.edu.br\/sisbi\/?page_id=6056"},"modified":"2024-12-26T18:03:46","modified_gmt":"2024-12-26T21:03:46","slug":"biblioteca-campus-anglo-cursos-atendidos","status":"publish","type":"page","link":"https:\/\/wp.ufpel.edu.br\/sisbi\/biblioteca-campus-anglo-cursos-atendidos\/","title":{"rendered":"Biblioteca Campus Anglo &#8211; cursos atendidos"},"content":{"rendered":"<p><strong>CURSOS ATENDIDOS:\u00a0<\/strong><\/p>\n<p>CURSOS DE GRADUA\u00c7\u00c3O<\/p>\n<p>\u2013 BACHARELADOS: Administra\u00e7\u00e3o, Ci\u00eancia da Computa\u00e7\u00e3o, Ci\u00eancias Econ\u00f4micas, Com\u00e9rcio Exterior,\u00a0 Enfermagem, Engenharia Ambiental e Sanit\u00e1ria, Engenharia Agr\u00edcola, Engenharia Civil, Engenharia da Computa\u00e7\u00e3o, Engenharia de Controle e Automa\u00e7\u00e3o, Engenharia de Materiais, Engenharia de Petr\u00f3leo, Engenharia de Produ\u00e7\u00e3o, Engenharia Eletr\u00f4nica, Engenharia Geol\u00f3gica, Engenharia H\u00eddrica, Engenharia Industrial Madeireira, Jornalismo, Letras \u2013 Reda\u00e7\u00e3o e Revis\u00e3o de Texto, Letras \u2013 Tradu\u00e7\u00e3o Espanhol Portugu\u00eas, Letras \u2013 Tradu\u00e7\u00e3o Ingl\u00eas Portugu\u00eas, Nutri\u00e7\u00e3o, Turismo.<\/p>\n<p>&nbsp;<\/p>\n<p>LICENCIATURAS: Letras \u2013 Libras e literatura surda, Letras \u2013 Portugu\u00eas, Letras \u2013 Portugu\u00eas e Alem\u00e3o, Letras \u2013 Portugu\u00eas e Espanhol, Letras \u2013 Portugu\u00eas e Franc\u00eas, Letras \u2013 Portugu\u00eas e Ingl\u00eas, Matem\u00e1tica Noturno.<\/p>\n<p>TECN\u00d3LOGOS: Gastronomia, Geoprocessamento, Gest\u00e3o p\u00fablica, Processos gerenciais.<\/p>\n<p>&nbsp;<\/p>\n<p>CURSOS DE P\u00d3S-GRADUA\u00c7\u00c3O<\/p>\n<p>CURSOS DE ESPECIALIZA\u00c7\u00c3O \u2013 Engenharia de Biossistemas, Gestores regionais de recursos h\u00eddricos, Gest\u00e3o estrat\u00e9gica de neg\u00f3cios, Gest\u00e3o p\u00fablica e desenvolvimento regional, Letras.<\/p>\n<p>CURSOS DE MESTRADO E DOUTORADO \u2013 Administra\u00e7\u00e3o p\u00fablica em rede nacional (PROFIAP), Ci\u00eancia e engenharia de materiais, Ci\u00eancias ambientais, Computa\u00e7\u00e3o, Educa\u00e7\u00e3o Matem\u00e1tica, Enfermagem, Letras, Nutri\u00e7\u00e3o e alimentos, Organiza\u00e7\u00f5es e mercados, Recursos h\u00eddricos.<\/p>\n","protected":false},"excerpt":{"rendered":"<p>CURSOS ATENDIDOS:\u00a0 CURSOS DE GRADUA\u00c7\u00c3O \u2013 BACHARELADOS: Administra\u00e7\u00e3o, Ci\u00eancia da Computa\u00e7\u00e3o, Ci\u00eancias Econ\u00f4micas, Com\u00e9rcio Exterior,\u00a0 Enfermagem, Engenharia Ambiental e Sanit\u00e1ria, Engenharia Agr\u00edcola, Engenharia Civil, Engenharia da Computa\u00e7\u00e3o, Engenharia de Controle e Automa\u00e7\u00e3o, Engenharia de Materiais, Engenharia de Petr\u00f3leo, Engenharia de Produ\u00e7\u00e3o, Engenharia Eletr\u00f4nica, Engenharia Geol\u00f3gica, Engenharia H\u00eddrica, Engenharia Industrial Madeireira, Jornalismo, Letras \u2013 Reda\u00e7\u00e3o e [&hellip;]<\/p>\n","protected":false},"author":37,"featured_media":0,"parent":0,"menu_order":0,"comment_status":"closed","ping_status":"closed","template":"","meta":{"footnotes":""},"class_list":["post-6056","page","type-page","status-publish","hentry"],"_links":{"self":[{"href":"https:\/\/wp.ufpel.edu.br\/sisbi\/wp-json\/wp\/v2\/pages\/6056","targetHints":{"allow":["GET"]}}],"collection":[{"href":"https:\/\/wp.ufpel.edu.br\/sisbi\/wp-json\/wp\/v2\/pages"}],"about":[{"href":"https:\/\/wp.ufpel.edu.br\/sisbi\/wp-json\/wp\/v2\/types\/page"}],"author":[{"embeddable":true,"href":"https:\/\/wp.ufpel.edu.br\/sisbi\/wp-json\/wp\/v2\/users\/37"}],"replies":[{"embeddable":true,"href":"https:\/\/wp.ufpel.edu.br\/sisbi\/wp-json\/wp\/v2\/comments?post=6056"}],"version-history":[{"count":1,"href":"https:\/\/wp.ufpel.edu.br\/sisbi\/wp-json\/wp\/v2\/pages\/6056\/revisions"}],"predecessor-version":[{"id":6058,"href":"https:\/\/wp.ufpel.edu.br\/sisbi\/wp-json\/wp\/v2\/pages\/6056\/revisions\/6058"}],"wp:attachment":[{"href":"https:\/\/wp.ufpel.edu.br\/sisbi\/wp-json\/wp\/v2\/media?parent=6056"}],"curies":[{"name":"wp","href":"https:\/\/api.w.org\/{rel}","templated":true}]}}