{"id":6042,"date":"2024-12-26T08:30:25","date_gmt":"2024-12-26T11:30:25","guid":{"rendered":"https:\/\/wp.ufpel.edu.br\/sisbi\/?page_id=6042"},"modified":"2025-10-15T12:50:00","modified_gmt":"2025-10-15T15:50:00","slug":"biblioteca-de-educacao-fisica-bibef","status":"publish","type":"page","link":"https:\/\/wp.ufpel.edu.br\/sisbi\/equipe-de-bibliotecarios\/biblioteca-de-educacao-fisica-bibef\/","title":{"rendered":"Biblioteca de Educa\u00e7\u00e3o F\u00edsica &#8211; BIBEF"},"content":{"rendered":"<p><a href=\"https:\/\/wp.ufpel.edu.br\/sisbi\/files\/2024\/12\/BIBEF.jpg\"><img class=\"aligncenter size-medium wp-image-6044\" src=\"https:\/\/wp.ufpel.edu.br\/sisbi\/files\/2024\/12\/BIBEF-400x201.jpg\" alt=\"\" width=\"400\" height=\"201\" srcset=\"https:\/\/wp.ufpel.edu.br\/sisbi\/files\/2024\/12\/BIBEF-400x201.jpg 400w, https:\/\/wp.ufpel.edu.br\/sisbi\/files\/2024\/12\/BIBEF-1024x515.jpg 1024w, https:\/\/wp.ufpel.edu.br\/sisbi\/files\/2024\/12\/BIBEF-768x386.jpg 768w, https:\/\/wp.ufpel.edu.br\/sisbi\/files\/2024\/12\/BIBEF.jpg 1266w\" sizes=\"(max-width: 400px) 100vw, 400px\" \/><\/a><\/p>\n<p>&nbsp;<\/p>\n<p><strong>CURSOS ATENDIDOS:\u00a0<\/strong><\/p>\n<p>CURSOS DE GRADUA\u00c7\u00c3O<\/p>\n<p>BACHARELADOS \u2013 Educa\u00e7\u00e3o f\u00edsica e Fisioterapia.<\/p>\n<p>LICENCIATURAS \u2013 Educa\u00e7\u00e3o f\u00edsica.<\/p>\n<p>&nbsp;<\/p>\n<p>CURSOS DE P\u00d3S-GRADUA\u00c7\u00c3O<\/p>\n<p>CURSO DE ESPECIALIZA\u00c7\u00c3O \u2013 Educa\u00e7\u00e3o f\u00edsica escolar.<\/p>\n<p>CURSO DE MESTRADO E DOUTORADO \u2013 Educa\u00e7\u00e3o f\u00edsica.<\/p>\n<p>&nbsp;<\/p>\n<p>EQUIPE:<\/p>\n<p><b>Bibliotec\u00e1ria:<\/b><\/p>\n<p>Daiane de Almeida Schramm \u2013 CRB 10\/1881<\/p>\n<p><b>Auxiliar de biblioteca<\/b>:<\/p>\n<p>Anelise Milech Domingues<\/p>\n<p><b>Assistente em administra\u00e7\u00e3o<\/b>:<\/p>\n<p>Claudio Omar Vit\u00f3ria Alves<\/p>\n<p>&nbsp;<\/p>\n<p>CONTATO:<\/p>\n<p><i class=\"dashicons dashicons-phone\"><\/i>\u00a0+55 (53) 3284-4330<i class=\"dashicons dashicons-phone\"><\/i><\/p>\n<p>&nbsp;<\/p>\n<p>E-MAIL:<\/p>\n<ul>\n<li><a href=\"mailto:bibli_direito@ufpel.edu.br\">bibesef@ufpel.edu.br<\/a><\/li>\n<\/ul>\n<p>&nbsp;<\/p>\n<p>ENDERE\u00c7O:<\/p>\n<p>Rua Luiz de Cam\u00f5es, 625 \u2013 Tr\u00eas Vendas<\/p>\n<p>Pelotas \u2013 RS, Brasil \u2013 96055-630<\/p>\n","protected":false},"excerpt":{"rendered":"<p>&nbsp; CURSOS ATENDIDOS:\u00a0 CURSOS DE GRADUA\u00c7\u00c3O BACHARELADOS \u2013 Educa\u00e7\u00e3o f\u00edsica e Fisioterapia. LICENCIATURAS \u2013 Educa\u00e7\u00e3o f\u00edsica. &nbsp; CURSOS DE P\u00d3S-GRADUA\u00c7\u00c3O CURSO DE ESPECIALIZA\u00c7\u00c3O \u2013 Educa\u00e7\u00e3o f\u00edsica escolar. CURSO DE MESTRADO E DOUTORADO \u2013 Educa\u00e7\u00e3o f\u00edsica. &nbsp; EQUIPE: Bibliotec\u00e1ria: Daiane de Almeida Schramm \u2013 CRB 10\/1881 Auxiliar de biblioteca: Anelise Milech Domingues Assistente em administra\u00e7\u00e3o: Claudio [&hellip;]<\/p>\n","protected":false},"author":37,"featured_media":0,"parent":2885,"menu_order":0,"comment_status":"closed","ping_status":"closed","template":"","meta":{"footnotes":""},"class_list":["post-6042","page","type-page","status-publish","hentry"],"_links":{"self":[{"href":"https:\/\/wp.ufpel.edu.br\/sisbi\/wp-json\/wp\/v2\/pages\/6042","targetHints":{"allow":["GET"]}}],"collection":[{"href":"https:\/\/wp.ufpel.edu.br\/sisbi\/wp-json\/wp\/v2\/pages"}],"about":[{"href":"https:\/\/wp.ufpel.edu.br\/sisbi\/wp-json\/wp\/v2\/types\/page"}],"author":[{"embeddable":true,"href":"https:\/\/wp.ufpel.edu.br\/sisbi\/wp-json\/wp\/v2\/users\/37"}],"replies":[{"embeddable":true,"href":"https:\/\/wp.ufpel.edu.br\/sisbi\/wp-json\/wp\/v2\/comments?post=6042"}],"version-history":[{"count":2,"href":"https:\/\/wp.ufpel.edu.br\/sisbi\/wp-json\/wp\/v2\/pages\/6042\/revisions"}],"predecessor-version":[{"id":6813,"href":"https:\/\/wp.ufpel.edu.br\/sisbi\/wp-json\/wp\/v2\/pages\/6042\/revisions\/6813"}],"up":[{"embeddable":true,"href":"https:\/\/wp.ufpel.edu.br\/sisbi\/wp-json\/wp\/v2\/pages\/2885"}],"wp:attachment":[{"href":"https:\/\/wp.ufpel.edu.br\/sisbi\/wp-json\/wp\/v2\/media?parent=6042"}],"curies":[{"name":"wp","href":"https:\/\/api.w.org\/{rel}","templated":true}]}}