{"id":6039,"date":"2024-12-26T08:23:55","date_gmt":"2024-12-26T11:23:55","guid":{"rendered":"https:\/\/wp.ufpel.edu.br\/sisbi\/?page_id=6039"},"modified":"2024-12-26T08:23:55","modified_gmt":"2024-12-26T11:23:55","slug":"biblioteca-campus-capao-do-leao-bibccl","status":"publish","type":"page","link":"https:\/\/wp.ufpel.edu.br\/sisbi\/biblioteca-campus-capao-do-leao-bibccl\/","title":{"rendered":"Biblioteca Campus Cap\u00e3o do Le\u00e3o &#8211; BIBCCL"},"content":{"rendered":"<p><a href=\"https:\/\/wp.ufpel.edu.br\/sisbi\/files\/2024\/12\/BIBCCL.jpg\"><img class=\"aligncenter size-medium wp-image-6007\" src=\"https:\/\/wp.ufpel.edu.br\/sisbi\/files\/2024\/12\/BIBCCL-400x173.jpg\" alt=\"\" width=\"400\" height=\"173\" srcset=\"https:\/\/wp.ufpel.edu.br\/sisbi\/files\/2024\/12\/BIBCCL-400x173.jpg 400w, https:\/\/wp.ufpel.edu.br\/sisbi\/files\/2024\/12\/BIBCCL-1024x443.jpg 1024w, https:\/\/wp.ufpel.edu.br\/sisbi\/files\/2024\/12\/BIBCCL-768x332.jpg 768w, https:\/\/wp.ufpel.edu.br\/sisbi\/files\/2024\/12\/BIBCCL.jpg 1485w\" sizes=\"(max-width: 400px) 100vw, 400px\" \/><\/a><\/p>\n<p>&nbsp;<\/p>\n<p><strong>HOR\u00c1RIO DE ATENDIMENTO<\/strong>: de segunda a sexta, das 7h \u00e0s 19h.<\/p>\n<p>&nbsp;<\/p>\n<p><strong>CURSOS ATENDIDOS:\u00a0<\/strong><\/p>\n<p>CURSOS DE GRADUA\u00c7\u00c3O<\/p>\n<p>BACHARELADOS, LICENCIATURAS, TECN\u00d3LOGOS \u2013 Biologia, Biotecnologia, Farm\u00e1cia, F\u00edsica, Matem\u00e1tica, Meteorologia, Qu\u00edmica de Alimentos, Qu\u00edmica Forense, Tecnologia de Alimentos, Agronomia, Medicina Veterin\u00e1ria, Qu\u00edmica, Qu\u00edmica Industrial, Zootecnia.<\/p>\n<p>&nbsp;<\/p>\n<p>CURSOS DE ESPECIALIZA\u00c7\u00c3O \u2013 Ci\u00eancia dos Alimentos EaD, Ci\u00eancia e Tecnologia de Sementes.<\/p>\n<p>&nbsp;<\/p>\n<p>CURSOS DE MESTRADO E DOUTORADO \u2013 Agronomia, Biodiversidade Animal, Biologia Animal, Bioqu\u00edmica e Bioprospec\u00e7\u00e3o, Biotecnologia, Ci\u00eancia e Tecnologia de Alimentos, Ci\u00eancia e Tecnologia de Sementes, Ci\u00eancias Fisiol\u00f3gicas, Desenvolvimento Territorial e Sistemas Agroindustriais, Entomologia, F\u00edsica, Fisiologia Vegetal, Fitossanidade, Manejo e Conserva\u00e7\u00e3o do Solo e da \u00c1gua, Matem\u00e1tica, Meteorologia, Microbiologia e Parasitologia, Modelagem Matem\u00e1tica, Qu\u00edmica, Veterin\u00e1ria e Zootecnia.<\/p>\n<p>&nbsp;<\/p>\n<p>EQUIPE:<\/p>\n<p><b>Bibliotec\u00e1rias(os):<\/b><\/p>\n<p>Gabriela Machado Lopes \u2013 CRB 10\/ 1842<\/p>\n<p>Maria Beatriz Vaghetti Vieira \u2013 CRB 10\/1032<\/p>\n<p>Ubirajara Buddin Cruz \u2013 CRB 10\/901<\/p>\n<p><b>Auxiliares de biblioteca<\/b>:<\/p>\n<p>Natasha Castelli<\/p>\n<p><b>Assistentes em administra\u00e7\u00e3o<\/b>:<\/p>\n<p>M\u00edrian de Farias Ribeiro<\/p>\n<p>Beatriz Dias Islab\u00e3o<\/p>\n<p>&nbsp;<\/p>\n<p>CONTATO:<\/p>\n<p><i class=\"dashicons dashicons-phone\"><\/i>\u00a0+55 (53) 3275-7334<\/p>\n<p><i class=\"dashicons dashicons-phone\"><\/i>\u00a0+55 (53) 3275-7151<\/p>\n<p>&nbsp;<\/p>\n<p>E-MAIL:<\/p>\n<ul>\n<li>\u00a0<a href=\"https:\/\/wp.ufpel.edu.br\/sisbi\/equipe-de-bibliotecarios\/bccl@ufpel.edu.br\">bccl@ufpel.edu.br<\/a>,\u00a0<a href=\"mailto:mbvieira@ufpel.edu.br\">mbvieira@ufpel.edu.br<\/a>,\u00a0<a href=\"mailto:bira@ufpel.edu.br\">bira@ufpel.edu.br,\u00a0<\/a><a href=\"mailto:bca.ufpel@gmail.com\">bca.ufpel@gmail.com<\/a>\n<p>&nbsp;<\/li>\n<\/ul>\n<p>ENDERE\u00c7O:<\/p>\n<p>Campus Universit\u00e1rio, s\/n<\/p>\n<p>Cap\u00e3o do Le\u00e3o, RS, \u00a0&#8211; 96010-610<\/p>\n","protected":false},"excerpt":{"rendered":"<p>&nbsp; HOR\u00c1RIO DE ATENDIMENTO: de segunda a sexta, das 7h \u00e0s 19h. &nbsp; CURSOS ATENDIDOS:\u00a0 CURSOS DE GRADUA\u00c7\u00c3O BACHARELADOS, LICENCIATURAS, TECN\u00d3LOGOS \u2013 Biologia, Biotecnologia, Farm\u00e1cia, F\u00edsica, Matem\u00e1tica, Meteorologia, Qu\u00edmica de Alimentos, Qu\u00edmica Forense, Tecnologia de Alimentos, Agronomia, Medicina Veterin\u00e1ria, Qu\u00edmica, Qu\u00edmica Industrial, Zootecnia. &nbsp; CURSOS DE ESPECIALIZA\u00c7\u00c3O \u2013 Ci\u00eancia dos Alimentos EaD, Ci\u00eancia e Tecnologia [&hellip;]<\/p>\n","protected":false},"author":37,"featured_media":0,"parent":0,"menu_order":0,"comment_status":"closed","ping_status":"closed","template":"","meta":{"footnotes":""},"class_list":["post-6039","page","type-page","status-publish","hentry"],"_links":{"self":[{"href":"https:\/\/wp.ufpel.edu.br\/sisbi\/wp-json\/wp\/v2\/pages\/6039","targetHints":{"allow":["GET"]}}],"collection":[{"href":"https:\/\/wp.ufpel.edu.br\/sisbi\/wp-json\/wp\/v2\/pages"}],"about":[{"href":"https:\/\/wp.ufpel.edu.br\/sisbi\/wp-json\/wp\/v2\/types\/page"}],"author":[{"embeddable":true,"href":"https:\/\/wp.ufpel.edu.br\/sisbi\/wp-json\/wp\/v2\/users\/37"}],"replies":[{"embeddable":true,"href":"https:\/\/wp.ufpel.edu.br\/sisbi\/wp-json\/wp\/v2\/comments?post=6039"}],"version-history":[{"count":1,"href":"https:\/\/wp.ufpel.edu.br\/sisbi\/wp-json\/wp\/v2\/pages\/6039\/revisions"}],"predecessor-version":[{"id":6041,"href":"https:\/\/wp.ufpel.edu.br\/sisbi\/wp-json\/wp\/v2\/pages\/6039\/revisions\/6041"}],"wp:attachment":[{"href":"https:\/\/wp.ufpel.edu.br\/sisbi\/wp-json\/wp\/v2\/media?parent=6039"}],"curies":[{"name":"wp","href":"https:\/\/api.w.org\/{rel}","templated":true}]}}