{"id":6026,"date":"2024-12-26T08:02:14","date_gmt":"2024-12-26T11:02:14","guid":{"rendered":"https:\/\/wp.ufpel.edu.br\/sisbi\/?page_id=6026"},"modified":"2025-02-14T10:27:02","modified_gmt":"2025-02-14T13:27:02","slug":"biblioteca-de-medicina-bibmed","status":"publish","type":"page","link":"https:\/\/wp.ufpel.edu.br\/sisbi\/equipe-de-bibliotecarios\/biblioteca-de-medicina-bibmed\/","title":{"rendered":"Biblioteca de Medicina &#8211; BIBMED"},"content":{"rendered":"<p><a href=\"https:\/\/wp.ufpel.edu.br\/sisbi\/files\/2024\/12\/BIBMED.jpg\"><img class=\"aligncenter size-medium wp-image-6028\" src=\"https:\/\/wp.ufpel.edu.br\/sisbi\/files\/2024\/12\/BIBMED-400x216.jpg\" alt=\"\" width=\"400\" height=\"216\" srcset=\"https:\/\/wp.ufpel.edu.br\/sisbi\/files\/2024\/12\/BIBMED-400x216.jpg 400w, https:\/\/wp.ufpel.edu.br\/sisbi\/files\/2024\/12\/BIBMED-1024x553.jpg 1024w, https:\/\/wp.ufpel.edu.br\/sisbi\/files\/2024\/12\/BIBMED-768x414.jpg 768w, https:\/\/wp.ufpel.edu.br\/sisbi\/files\/2024\/12\/BIBMED.jpg 1175w\" sizes=\"(max-width: 400px) 100vw, 400px\" \/><\/a><\/p>\n<p>&nbsp;<\/p>\n<p><strong>HOR\u00c1RIO DE ATENDIMENTO<\/strong>: de segunda a sexta, das 8h \u00e0s 20h.<\/p>\n<p>&nbsp;<\/p>\n<p><strong>CURSOS ATENDIDOS:\u00a0<\/strong><\/p>\n<p>CURSOS DE GRADUA\u00c7\u00c3O<\/p>\n<p>BACHARELADOS \u2013 Medicina, Psicologia e Terapia ocupacional.<\/p>\n<p>&nbsp;<\/p>\n<p>CURSOS DE P\u00d3S-GRADUA\u00c7\u00c3O<\/p>\n<p>CURSOS DE ESPECIALIZA\u00c7\u00c3O \u2013 Sa\u00fade da fam\u00edlia.<\/p>\n<p>CURSOS DE MESTRADO E DOUTORADO \u2013 Epidemiologia e Sa\u00fade da fam\u00edlia.<\/p>\n<p>CURSOS DE RESID\u00caNCIA \u2013 Anestesiologia, Cancerologia cir\u00fargica, Endocrinologia e metabologia, Medicina da fam\u00edlia e comunidade, Cirurgia geral, Cl\u00ednica m\u00e9dica, Gastroenterologia, Medicina preventiva e social, Obstetr\u00edcia e ginecologia, Pediatria e Psiquiatria.<\/p>\n<p>&nbsp;<\/p>\n<p>EQUIPE:<\/p>\n<p><b>Bibliotec\u00e1rias:<\/b><\/p>\n<p>Aline Herbstrith Batista &#8211; CRB 10\/1737<\/p>\n<p>Elionara Giovana Rech &#8211; CRB 10\/1693<\/p>\n<p><b>Assistentes em administra\u00e7\u00e3o<\/b>:<\/p>\n<p>Gabriel Moreira Pimenta<\/p>\n<p>H\u00eandrio Lima da Silva<\/p>\n<p><b>Auxiliar em administra\u00e7\u00e3o<\/b>:<\/p>\n<p>Sandra Mari Pinto de Oliveira<\/p>\n<p>&nbsp;<\/p>\n<p>CONTATO:<\/p>\n<p><i class=\"dashicons dashicons-phone\"><\/i>\u00a0+55 (53) 3284-8114<\/p>\n<p><i class=\"dashicons dashicons-phone\"><\/i>\u00a0+55 (53) 3284-8115<\/p>\n<p>&nbsp;<\/p>\n<p>E-MAIL:<\/p>\n<ul>\n<li><a href=\"mailto:bibmed@ufpel.edu.br\">bibmed@ufpel.edu.br<\/a><\/li>\n<\/ul>\n<p>&nbsp;<\/p>\n<p>ENDERE\u00c7O:<\/p>\n<p>Av. Duque de Caxias, 250 \u2013 Fragata<br \/>\nPelotas \u2013 RS, Brasil \u2013 96030-001<\/p>\n","protected":false},"excerpt":{"rendered":"<p>&nbsp; HOR\u00c1RIO DE ATENDIMENTO: de segunda a sexta, das 8h \u00e0s 20h. &nbsp; CURSOS ATENDIDOS:\u00a0 CURSOS DE GRADUA\u00c7\u00c3O BACHARELADOS \u2013 Medicina, Psicologia e Terapia ocupacional. &nbsp; CURSOS DE P\u00d3S-GRADUA\u00c7\u00c3O CURSOS DE ESPECIALIZA\u00c7\u00c3O \u2013 Sa\u00fade da fam\u00edlia. CURSOS DE MESTRADO E DOUTORADO \u2013 Epidemiologia e Sa\u00fade da fam\u00edlia. CURSOS DE RESID\u00caNCIA \u2013 Anestesiologia, Cancerologia cir\u00fargica, Endocrinologia [&hellip;]<\/p>\n","protected":false},"author":37,"featured_media":0,"parent":2885,"menu_order":0,"comment_status":"closed","ping_status":"closed","template":"","meta":{"footnotes":""},"class_list":["post-6026","page","type-page","status-publish","hentry"],"_links":{"self":[{"href":"https:\/\/wp.ufpel.edu.br\/sisbi\/wp-json\/wp\/v2\/pages\/6026","targetHints":{"allow":["GET"]}}],"collection":[{"href":"https:\/\/wp.ufpel.edu.br\/sisbi\/wp-json\/wp\/v2\/pages"}],"about":[{"href":"https:\/\/wp.ufpel.edu.br\/sisbi\/wp-json\/wp\/v2\/types\/page"}],"author":[{"embeddable":true,"href":"https:\/\/wp.ufpel.edu.br\/sisbi\/wp-json\/wp\/v2\/users\/37"}],"replies":[{"embeddable":true,"href":"https:\/\/wp.ufpel.edu.br\/sisbi\/wp-json\/wp\/v2\/comments?post=6026"}],"version-history":[{"count":3,"href":"https:\/\/wp.ufpel.edu.br\/sisbi\/wp-json\/wp\/v2\/pages\/6026\/revisions"}],"predecessor-version":[{"id":6238,"href":"https:\/\/wp.ufpel.edu.br\/sisbi\/wp-json\/wp\/v2\/pages\/6026\/revisions\/6238"}],"up":[{"embeddable":true,"href":"https:\/\/wp.ufpel.edu.br\/sisbi\/wp-json\/wp\/v2\/pages\/2885"}],"wp:attachment":[{"href":"https:\/\/wp.ufpel.edu.br\/sisbi\/wp-json\/wp\/v2\/media?parent=6026"}],"curies":[{"name":"wp","href":"https:\/\/api.w.org\/{rel}","templated":true}]}}