{"id":5964,"date":"2024-10-23T08:43:33","date_gmt":"2024-10-23T11:43:33","guid":{"rendered":"https:\/\/wp.ufpel.edu.br\/sisbi\/?page_id=5964"},"modified":"2024-10-23T08:44:55","modified_gmt":"2024-10-23T11:44:55","slug":"tutorial-solicitacao-de-fichas-catalograficas","status":"publish","type":"page","link":"https:\/\/wp.ufpel.edu.br\/sisbi\/tutorial-solicitacao-de-fichas-catalograficas\/","title":{"rendered":"Tutorial Solicita\u00e7\u00e3o de Fichas Catalogr\u00e1ficas"},"content":{"rendered":"<p><a href=\"https:\/\/wp.ufpel.edu.br\/sisbi\/files\/2024\/10\/SOLICITACAO-DE-FICHA.pdf\">SOLICITA\u00c7\u00c3O DE FICHA<\/a><\/p>\n","protected":false},"excerpt":{"rendered":"<p>SOLICITA\u00c7\u00c3O DE FICHA<\/p>\n","protected":false},"author":37,"featured_media":0,"parent":0,"menu_order":0,"comment_status":"closed","ping_status":"closed","template":"","meta":{"footnotes":""},"class_list":["post-5964","page","type-page","status-publish","hentry"],"_links":{"self":[{"href":"https:\/\/wp.ufpel.edu.br\/sisbi\/wp-json\/wp\/v2\/pages\/5964","targetHints":{"allow":["GET"]}}],"collection":[{"href":"https:\/\/wp.ufpel.edu.br\/sisbi\/wp-json\/wp\/v2\/pages"}],"about":[{"href":"https:\/\/wp.ufpel.edu.br\/sisbi\/wp-json\/wp\/v2\/types\/page"}],"author":[{"embeddable":true,"href":"https:\/\/wp.ufpel.edu.br\/sisbi\/wp-json\/wp\/v2\/users\/37"}],"replies":[{"embeddable":true,"href":"https:\/\/wp.ufpel.edu.br\/sisbi\/wp-json\/wp\/v2\/comments?post=5964"}],"version-history":[{"count":2,"href":"https:\/\/wp.ufpel.edu.br\/sisbi\/wp-json\/wp\/v2\/pages\/5964\/revisions"}],"predecessor-version":[{"id":5968,"href":"https:\/\/wp.ufpel.edu.br\/sisbi\/wp-json\/wp\/v2\/pages\/5964\/revisions\/5968"}],"wp:attachment":[{"href":"https:\/\/wp.ufpel.edu.br\/sisbi\/wp-json\/wp\/v2\/media?parent=5964"}],"curies":[{"name":"wp","href":"https:\/\/api.w.org\/{rel}","templated":true}]}}