{"id":5588,"date":"2023-11-21T20:22:33","date_gmt":"2023-11-21T23:22:33","guid":{"rendered":"https:\/\/wp.ufpel.edu.br\/sisbi\/?page_id=5588"},"modified":"2025-08-01T15:03:01","modified_gmt":"2025-08-01T18:03:01","slug":"manual-de-normas-ufpel-para-trabalhos-academicos-atualizada-2023","status":"publish","type":"page","link":"https:\/\/wp.ufpel.edu.br\/sisbi\/manual-de-normas-ufpel-para-trabalhos-academicos-atualizada-2023\/","title":{"rendered":"Manual de normas &#8211; atualiza\u00e7\u00e3o 2023"},"content":{"rendered":"<p class=\"Texto_Centralizado_Maiusculas\">\u00a0<strong>RESOLU\u00c7\u00c3O N\u00ba 61 DO COCEPE, DE 16 DE NOVEMBRO DE 2023 &#8211; aprova o Manual de normas UFPel para trabalhos acad\u00eamicos.<\/strong><\/p>\n<p>As novas normas devem ser aplicadas, obrigatoriamente, nos trabalhos defendidos a partir de 01 de mar\u00e7o de 2024.<\/p>\n<p><a href=\"https:\/\/wp.ufpel.edu.br\/sisbi\/files\/2023\/11\/Manual-versao-final-novembro-1.pdf\">Manual de normas UFPel para trabalhos acad\u00eamicos<\/a><\/p>\n<p>&nbsp;<\/p>\n<p>Templates &#8211; P\u00e1ginas pr\u00e9 e p\u00f3s-textuais:<\/p>\n<p><a href=\"https:\/\/wp.ufpel.edu.br\/sisbi\/files\/2024\/04\/Capa_Paginas_pre_e_pos-textuais_atualizado.docx\">Capa_Paginas_pre_e_pos-textuais_atualizado<\/a><\/p>\n<p>&nbsp;<\/p>\n<p>Abaixo seguem os termos de autoriza\u00e7\u00e3o dos trabalhos (atualizados em 2025):<\/p>\n<p><a href=\"https:\/\/wp.ufpel.edu.br\/sisbi\/files\/2025\/08\/Termo-TCC-e-TCCP.pdf\">Termo de autoriza\u00e7\u00e3o para TCC e TCCP<\/a><\/p>\n<p><a href=\"https:\/\/wp.ufpel.edu.br\/sisbi\/files\/2025\/01\/Termo-Dissertacoes-e-Teses-07-2025-1-1.pdf\">Termo de autoriza\u00e7\u00e3o para Disserta\u00e7\u00f5es e Teses<\/a><\/p>\n<p>&nbsp;<\/p>\n","protected":false},"excerpt":{"rendered":"<p>\u00a0RESOLU\u00c7\u00c3O N\u00ba 61 DO COCEPE, DE 16 DE NOVEMBRO DE 2023 &#8211; aprova o Manual de normas UFPel para trabalhos acad\u00eamicos. As novas normas devem ser aplicadas, obrigatoriamente, nos trabalhos defendidos a partir de 01 de mar\u00e7o de 2024. Manual de normas UFPel para trabalhos acad\u00eamicos &nbsp; Templates &#8211; P\u00e1ginas pr\u00e9 e p\u00f3s-textuais: Capa_Paginas_pre_e_pos-textuais_atualizado &nbsp; [&hellip;]<\/p>\n","protected":false},"author":37,"featured_media":0,"parent":0,"menu_order":0,"comment_status":"closed","ping_status":"closed","template":"","meta":{"footnotes":""},"class_list":["post-5588","page","type-page","status-publish","hentry"],"_links":{"self":[{"href":"https:\/\/wp.ufpel.edu.br\/sisbi\/wp-json\/wp\/v2\/pages\/5588","targetHints":{"allow":["GET"]}}],"collection":[{"href":"https:\/\/wp.ufpel.edu.br\/sisbi\/wp-json\/wp\/v2\/pages"}],"about":[{"href":"https:\/\/wp.ufpel.edu.br\/sisbi\/wp-json\/wp\/v2\/types\/page"}],"author":[{"embeddable":true,"href":"https:\/\/wp.ufpel.edu.br\/sisbi\/wp-json\/wp\/v2\/users\/37"}],"replies":[{"embeddable":true,"href":"https:\/\/wp.ufpel.edu.br\/sisbi\/wp-json\/wp\/v2\/comments?post=5588"}],"version-history":[{"count":14,"href":"https:\/\/wp.ufpel.edu.br\/sisbi\/wp-json\/wp\/v2\/pages\/5588\/revisions"}],"predecessor-version":[{"id":6637,"href":"https:\/\/wp.ufpel.edu.br\/sisbi\/wp-json\/wp\/v2\/pages\/5588\/revisions\/6637"}],"wp:attachment":[{"href":"https:\/\/wp.ufpel.edu.br\/sisbi\/wp-json\/wp\/v2\/media?parent=5588"}],"curies":[{"name":"wp","href":"https:\/\/api.w.org\/{rel}","templated":true}]}}