{"id":4635,"date":"2021-05-03T21:33:39","date_gmt":"2021-05-04T00:33:39","guid":{"rendered":"https:\/\/wp.ufpel.edu.br\/sisbi\/?page_id=4635"},"modified":"2021-05-03T21:33:39","modified_gmt":"2021-05-04T00:33:39","slug":"biblioteca-de-medicina-bm","status":"publish","type":"page","link":"https:\/\/wp.ufpel.edu.br\/sisbi\/biblioteca-de-medicina-bm\/","title":{"rendered":"Biblioteca de Medicina &#8211; BM"},"content":{"rendered":"<p>CURSOS DE GRADUA\u00c7\u00c3O<\/p>\n<p>BACHARELADOS &#8211; Medicina, Psicologia e Terapia ocupacional.<\/p>\n<p>&nbsp;<\/p>\n<p>CURSOS DE P\u00d3S-GRADUA\u00c7\u00c3O<\/p>\n<p>CURSOS DE ESPECIALIZA\u00c7\u00c3O &#8211; Sa\u00fade da fam\u00edlia.<\/p>\n<p>CURSOS DE MESTRADO E DOUTORADO &#8211; Epidemiologia e Sa\u00fade da fam\u00edlia.<\/p>\n<p>CURSOS DE RESID\u00caNCIA &#8211; Anestesiologia, Cancerologia cir\u00fargica, Endocrinologia e metabologia, Medicina da fam\u00edlia e comunidade, Cirurgia geral, Cl\u00ednica m\u00e9dica, Gastroenterologia, Medicina preventiva e social, Obstetr\u00edcia e ginecologia, Pediatria e Psiquiatria.<\/p>\n<p>&nbsp;<\/p>\n","protected":false},"excerpt":{"rendered":"<p>CURSOS DE GRADUA\u00c7\u00c3O BACHARELADOS &#8211; Medicina, Psicologia e Terapia ocupacional. &nbsp; CURSOS DE P\u00d3S-GRADUA\u00c7\u00c3O CURSOS DE ESPECIALIZA\u00c7\u00c3O &#8211; Sa\u00fade da fam\u00edlia. CURSOS DE MESTRADO E DOUTORADO &#8211; Epidemiologia e Sa\u00fade da fam\u00edlia. CURSOS DE RESID\u00caNCIA &#8211; Anestesiologia, Cancerologia cir\u00fargica, Endocrinologia e metabologia, Medicina da fam\u00edlia e comunidade, Cirurgia geral, Cl\u00ednica m\u00e9dica, Gastroenterologia, Medicina preventiva e [&hellip;]<\/p>\n","protected":false},"author":37,"featured_media":0,"parent":0,"menu_order":0,"comment_status":"closed","ping_status":"closed","template":"","meta":{"footnotes":""},"class_list":["post-4635","page","type-page","status-publish","hentry"],"_links":{"self":[{"href":"https:\/\/wp.ufpel.edu.br\/sisbi\/wp-json\/wp\/v2\/pages\/4635","targetHints":{"allow":["GET"]}}],"collection":[{"href":"https:\/\/wp.ufpel.edu.br\/sisbi\/wp-json\/wp\/v2\/pages"}],"about":[{"href":"https:\/\/wp.ufpel.edu.br\/sisbi\/wp-json\/wp\/v2\/types\/page"}],"author":[{"embeddable":true,"href":"https:\/\/wp.ufpel.edu.br\/sisbi\/wp-json\/wp\/v2\/users\/37"}],"replies":[{"embeddable":true,"href":"https:\/\/wp.ufpel.edu.br\/sisbi\/wp-json\/wp\/v2\/comments?post=4635"}],"version-history":[{"count":1,"href":"https:\/\/wp.ufpel.edu.br\/sisbi\/wp-json\/wp\/v2\/pages\/4635\/revisions"}],"predecessor-version":[{"id":4637,"href":"https:\/\/wp.ufpel.edu.br\/sisbi\/wp-json\/wp\/v2\/pages\/4635\/revisions\/4637"}],"wp:attachment":[{"href":"https:\/\/wp.ufpel.edu.br\/sisbi\/wp-json\/wp\/v2\/media?parent=4635"}],"curies":[{"name":"wp","href":"https:\/\/api.w.org\/{rel}","templated":true}]}}