{"id":4632,"date":"2021-05-03T21:27:37","date_gmt":"2021-05-04T00:27:37","guid":{"rendered":"https:\/\/wp.ufpel.edu.br\/sisbi\/?page_id=4632"},"modified":"2023-02-15T07:26:31","modified_gmt":"2023-02-15T10:26:31","slug":"biblioteca-de-educacao-fisica-bef","status":"publish","type":"page","link":"https:\/\/wp.ufpel.edu.br\/sisbi\/biblioteca-de-educacao-fisica-bef\/","title":{"rendered":"Biblioteca de Educa\u00e7\u00e3o F\u00edsica &#8211; BEF"},"content":{"rendered":"<p>CURSOS DE GRADUA\u00c7\u00c3O<\/p>\n<p>BACHARELADOS &#8211; Educa\u00e7\u00e3o f\u00edsica e Fisioterapia.<\/p>\n<p>LICENCIATURAS &#8211; Educa\u00e7\u00e3o f\u00edsica.<\/p>\n<p>&nbsp;<\/p>\n<p>CURSOS DE P\u00d3S-GRADUA\u00c7\u00c3O<\/p>\n<p>CURSO DE ESPECIALIZA\u00c7\u00c3O &#8211; Educa\u00e7\u00e3o f\u00edsica escolar.<\/p>\n<p>CURSO DE MESTRADO E DOUTORADO &#8211; Educa\u00e7\u00e3o f\u00edsica.<\/p>\n<p>&nbsp;<\/p>\n","protected":false},"excerpt":{"rendered":"<p>CURSOS DE GRADUA\u00c7\u00c3O BACHARELADOS &#8211; Educa\u00e7\u00e3o f\u00edsica e Fisioterapia. LICENCIATURAS &#8211; Educa\u00e7\u00e3o f\u00edsica. &nbsp; CURSOS DE P\u00d3S-GRADUA\u00c7\u00c3O CURSO DE ESPECIALIZA\u00c7\u00c3O &#8211; Educa\u00e7\u00e3o f\u00edsica escolar. CURSO DE MESTRADO E DOUTORADO &#8211; Educa\u00e7\u00e3o f\u00edsica. &nbsp;<\/p>\n","protected":false},"author":37,"featured_media":0,"parent":0,"menu_order":0,"comment_status":"closed","ping_status":"closed","template":"","meta":{"footnotes":""},"class_list":["post-4632","page","type-page","status-publish","hentry"],"_links":{"self":[{"href":"https:\/\/wp.ufpel.edu.br\/sisbi\/wp-json\/wp\/v2\/pages\/4632","targetHints":{"allow":["GET"]}}],"collection":[{"href":"https:\/\/wp.ufpel.edu.br\/sisbi\/wp-json\/wp\/v2\/pages"}],"about":[{"href":"https:\/\/wp.ufpel.edu.br\/sisbi\/wp-json\/wp\/v2\/types\/page"}],"author":[{"embeddable":true,"href":"https:\/\/wp.ufpel.edu.br\/sisbi\/wp-json\/wp\/v2\/users\/37"}],"replies":[{"embeddable":true,"href":"https:\/\/wp.ufpel.edu.br\/sisbi\/wp-json\/wp\/v2\/comments?post=4632"}],"version-history":[{"count":1,"href":"https:\/\/wp.ufpel.edu.br\/sisbi\/wp-json\/wp\/v2\/pages\/4632\/revisions"}],"predecessor-version":[{"id":4634,"href":"https:\/\/wp.ufpel.edu.br\/sisbi\/wp-json\/wp\/v2\/pages\/4632\/revisions\/4634"}],"wp:attachment":[{"href":"https:\/\/wp.ufpel.edu.br\/sisbi\/wp-json\/wp\/v2\/media?parent=4632"}],"curies":[{"name":"wp","href":"https:\/\/api.w.org\/{rel}","templated":true}]}}