{"id":4629,"date":"2021-05-03T21:24:28","date_gmt":"2021-05-04T00:24:28","guid":{"rendered":"https:\/\/wp.ufpel.edu.br\/sisbi\/?page_id=4629"},"modified":"2023-02-22T10:15:53","modified_gmt":"2023-02-22T13:15:53","slug":"biblioteca-de-ciencias-sociais-bcs","status":"publish","type":"page","link":"https:\/\/wp.ufpel.edu.br\/sisbi\/biblioteca-de-ciencias-sociais-bcs\/","title":{"rendered":"Biblioteca de Ci\u00eancias Sociais &#8211; BCS"},"content":{"rendered":"<p>CURSOS DE GRADUA\u00c7\u00c3O<\/p>\n<p>BACHARELADOS &#8211; Antropologia, Arqueologia, Arquitetura e urbanismo, Artes visuais, Cinema de anima\u00e7\u00e3o, Cinema e audiovisual, Ci\u00eancias Sociais, Conserva\u00e7\u00e3o e restauro de bens culturais m\u00f3veis, Design de Jogos, Design digital, Design gr\u00e1fico, Filosofia, Geografia, Gest\u00e3o ambiental, Hist\u00f3ria, Hotelaria, Odontologia, Museologia, M\u00fasica (Canto, Ci\u00eancias musicais, Composi\u00e7\u00e3o, Flauta transversal, M\u00fasica popular, Piano, Violino, Viol\u00e3o) e Rela\u00e7\u00f5es internacionais.<\/p>\n<p>LICENCIATURAS &#8211; Artes visuais, Ci\u00eancias Sociais, Dan\u00e7a, Filosofia, Geografia, Hist\u00f3ria, M\u00fasica, Pedagogia e Teatro.<\/p>\n<p>&nbsp;<\/p>\n<p>CURSOS ENSINO A DIST\u00c2NCIA (EaD) &#8211; Filosofia e Hist\u00f3ria.<\/p>\n<p>&nbsp;<\/p>\n<p>CURSOS DE P\u00d3S-GRADUA\u00c7\u00c3O<\/p>\n<p>CURSOS DE ESPECIALIZA\u00c7\u00c3O &#8211; Artes, Educa\u00e7\u00e3o, Ensino de filosofia, Artes EaD, Filosofia, Gr\u00e1fica digital e M\u00eddias na Educa\u00e7\u00e3o.<\/p>\n<p>CURSOS DE MESTRADO E DOUTORADO &#8211; Antropologia, Arquitetura e urbanismo, Artes visuais, Ci\u00eancia pol\u00edtica, Educa\u00e7\u00e3o, Ensino de Ci\u00eancias e Matem\u00e1tica, Filosofia, Geografia, Hist\u00f3ria, Mem\u00f3ria social e patrim\u00f4nio cultural, Odontologia e Sociologia.<\/p>\n<p>&nbsp;<\/p>\n","protected":false},"excerpt":{"rendered":"<p>CURSOS DE GRADUA\u00c7\u00c3O BACHARELADOS &#8211; Antropologia, Arqueologia, Arquitetura e urbanismo, Artes visuais, Cinema de anima\u00e7\u00e3o, Cinema e audiovisual, Ci\u00eancias Sociais, Conserva\u00e7\u00e3o e restauro de bens culturais m\u00f3veis, Design de Jogos, Design digital, Design gr\u00e1fico, Filosofia, Geografia, Gest\u00e3o ambiental, Hist\u00f3ria, Hotelaria, Odontologia, Museologia, M\u00fasica (Canto, Ci\u00eancias musicais, Composi\u00e7\u00e3o, Flauta transversal, M\u00fasica popular, Piano, Violino, Viol\u00e3o) e [&hellip;]<\/p>\n","protected":false},"author":37,"featured_media":0,"parent":0,"menu_order":0,"comment_status":"closed","ping_status":"closed","template":"","meta":{"footnotes":""},"class_list":["post-4629","page","type-page","status-publish","hentry"],"_links":{"self":[{"href":"https:\/\/wp.ufpel.edu.br\/sisbi\/wp-json\/wp\/v2\/pages\/4629","targetHints":{"allow":["GET"]}}],"collection":[{"href":"https:\/\/wp.ufpel.edu.br\/sisbi\/wp-json\/wp\/v2\/pages"}],"about":[{"href":"https:\/\/wp.ufpel.edu.br\/sisbi\/wp-json\/wp\/v2\/types\/page"}],"author":[{"embeddable":true,"href":"https:\/\/wp.ufpel.edu.br\/sisbi\/wp-json\/wp\/v2\/users\/37"}],"replies":[{"embeddable":true,"href":"https:\/\/wp.ufpel.edu.br\/sisbi\/wp-json\/wp\/v2\/comments?post=4629"}],"version-history":[{"count":4,"href":"https:\/\/wp.ufpel.edu.br\/sisbi\/wp-json\/wp\/v2\/pages\/4629\/revisions"}],"predecessor-version":[{"id":5291,"href":"https:\/\/wp.ufpel.edu.br\/sisbi\/wp-json\/wp\/v2\/pages\/4629\/revisions\/5291"}],"wp:attachment":[{"href":"https:\/\/wp.ufpel.edu.br\/sisbi\/wp-json\/wp\/v2\/media?parent=4629"}],"curies":[{"name":"wp","href":"https:\/\/api.w.org\/{rel}","templated":true}]}}