{"id":4626,"date":"2021-05-03T21:12:12","date_gmt":"2021-05-04T00:12:12","guid":{"rendered":"https:\/\/wp.ufpel.edu.br\/sisbi\/?page_id=4626"},"modified":"2021-05-03T21:12:12","modified_gmt":"2021-05-04T00:12:12","slug":"biblioteca-de-direito-bd","status":"publish","type":"page","link":"https:\/\/wp.ufpel.edu.br\/sisbi\/biblioteca-de-direito-bd\/","title":{"rendered":"Biblioteca de Direito &#8211; BD"},"content":{"rendered":"<p>CURSOS DE GRADUA\u00c7\u00c3O<\/p>\n<p>BACHARELADO &#8211; Direito.<\/p>\n<p>&nbsp;<\/p>\n<p>CURSOS DE ESPECIALIZA\u00c7\u00c3O &#8211; Direito ambiental.<\/p>\n<p>&nbsp;<\/p>\n<p>CURSO DE MESTRADO &#8211; Direito.<\/p>\n","protected":false},"excerpt":{"rendered":"<p>CURSOS DE GRADUA\u00c7\u00c3O BACHARELADO &#8211; Direito. &nbsp; CURSOS DE ESPECIALIZA\u00c7\u00c3O &#8211; Direito ambiental. &nbsp; CURSO DE MESTRADO &#8211; Direito.<\/p>\n","protected":false},"author":37,"featured_media":0,"parent":0,"menu_order":0,"comment_status":"closed","ping_status":"closed","template":"","meta":{"footnotes":""},"class_list":["post-4626","page","type-page","status-publish","hentry"],"_links":{"self":[{"href":"https:\/\/wp.ufpel.edu.br\/sisbi\/wp-json\/wp\/v2\/pages\/4626","targetHints":{"allow":["GET"]}}],"collection":[{"href":"https:\/\/wp.ufpel.edu.br\/sisbi\/wp-json\/wp\/v2\/pages"}],"about":[{"href":"https:\/\/wp.ufpel.edu.br\/sisbi\/wp-json\/wp\/v2\/types\/page"}],"author":[{"embeddable":true,"href":"https:\/\/wp.ufpel.edu.br\/sisbi\/wp-json\/wp\/v2\/users\/37"}],"replies":[{"embeddable":true,"href":"https:\/\/wp.ufpel.edu.br\/sisbi\/wp-json\/wp\/v2\/comments?post=4626"}],"version-history":[{"count":1,"href":"https:\/\/wp.ufpel.edu.br\/sisbi\/wp-json\/wp\/v2\/pages\/4626\/revisions"}],"predecessor-version":[{"id":4628,"href":"https:\/\/wp.ufpel.edu.br\/sisbi\/wp-json\/wp\/v2\/pages\/4626\/revisions\/4628"}],"wp:attachment":[{"href":"https:\/\/wp.ufpel.edu.br\/sisbi\/wp-json\/wp\/v2\/media?parent=4626"}],"curies":[{"name":"wp","href":"https:\/\/api.w.org\/{rel}","templated":true}]}}