{"id":4442,"date":"2021-03-02T17:25:43","date_gmt":"2021-03-02T20:25:43","guid":{"rendered":"https:\/\/wp.ufpel.edu.br\/sisbi\/?page_id=4442"},"modified":"2025-04-04T07:36:00","modified_gmt":"2025-04-04T10:36:00","slug":"contato-2","status":"publish","type":"page","link":"https:\/\/wp.ufpel.edu.br\/sisbi\/contato-2\/","title":{"rendered":"Contato"},"content":{"rendered":"<p><strong>CONTATOS<\/strong><\/p>\n<p><strong>Coordena\u00e7\u00e3o de Bibliotecas<\/strong><\/p>\n<p><strong>Assessoria<\/strong><\/p>\n<p>Tel.: +55 (53) 3284-4035<\/p>\n<p>E-mail: nucleodebibliotecas@gmail.com<\/p>\n<p>&nbsp;<\/p>\n<p><strong>Dire\u00e7\u00e3o<\/strong><\/p>\n<p>Tel.: +55 (53) 3284-4036<\/p>\n<p>E-mail: daiane.schramm@ufpel.edu.br<\/p>\n<p>&nbsp;<\/p>\n<p><strong>Setor de Aquisi\u00e7\u00e3o<\/strong><\/p>\n<p>Tel.: +55 (53) 3284-4035<\/p>\n<p>E-mail: aquisicaoufpel@gmail.com<\/p>\n<p>&nbsp;<\/p>\n<p><strong>Bibliotecas<\/strong><\/p>\n<p>&nbsp;<\/p>\n<p><strong>Biblioteca Campus Cap\u00e3o do Le\u00e3o<\/strong><\/p>\n<p>Tel.: (+53) 3275-7334<br \/>\nE-mail: bccl@ufpel.edu.br<\/p>\n<p><a href=\"mailto:mbvieira@ufpel.edu.br\">mbvieira@ufpel.edu.br<\/a><\/p>\n<p><a href=\"mailto:bira@ufpel.edu.br\">bira@ufpel.edu.br<\/a><\/p>\n<p><a href=\"mailto:bira@ufpel.edu.br\">bibct@ufpel.edu.br<\/a><\/p>\n<p>Tel.: +55 (53) 3275-7151<\/p>\n<p><span style=\"font-style: inherit;font-weight: inherit\">E-mail:\u00a0<a style=\"font-style: inherit;font-weight: inherit\" href=\"mailto:bca.ufpel@gmail.com\">bibca@ufpel.edu.br<\/a><\/span><\/p>\n<p>&nbsp;<\/p>\n<p><strong>Biblioteca Campus Anglo<\/strong><\/p>\n<p>Telefone: (53)32844039 (Processamento t\u00e9cnico) \/32844037 (Balc\u00e3o de empr\u00e9stimo)<\/p>\n<p>E-mail: <u>atendimento.bcp@ufpel.edu.br ,<\/u>\u00a0<a href=\"mailto:bibcp@ufpel.edu.br\">bibcp@ufpel.edu.br<\/a><\/p>\n<p>&nbsp;<\/p>\n<p><strong>Biblioteca de Ci\u00eancias Sociais\u00a0<\/strong><\/p>\n<p>Tel.: (53) 3284-3171 (Balc\u00e3o de empr\u00e9stimo)<\/p>\n<p>E-mail: atendimento.bcs@ufpel.edu.br<\/p>\n<p>Tel.: (53) 3284-3170 (Processamento T\u00e9cnico)<\/p>\n<p>E-mail:\u00a0<a style=\"font-style: inherit;font-weight: inherit\" href=\"mailto:bcsufpel@ufpel.edu.br\">bcsufpel@ufpel.edu.br<\/a>\u00a0\u2013\u00a0<a style=\"font-style: inherit;font-weight: inherit\" href=\"mailto:bcsufpel@gmail.com\">bcsufpel@gmail.com\u00a0<\/a><\/p>\n<p>&nbsp;<\/p>\n<p><strong>Biblioteca de Direito<\/strong><\/p>\n<p>Tel.: +55 (53) 3284-3255<\/p>\n<p>E-mail:\u00a0<a style=\"font-style: inherit;font-weight: inherit\" href=\"mailto:bibli_direito@ufpel.edu.br\">bibli_direito@ufpel.edu.br<\/a><\/p>\n<p>&nbsp;<\/p>\n<p><strong>Biblioteca de Educa\u00e7\u00e3o F\u00edsica<\/strong><\/p>\n<p>Tel.: (53)3273-2752<\/p>\n<p>E-mail: <a href=\"mailto:bibesef@ufpel.edu.br\">bibesef@ufpel.edu.br<\/a><\/p>\n<p>&nbsp;<\/p>\n<p><strong>Biblioteca de Medicina<\/strong><\/p>\n<p>Tel.: (53) 3284-8114 \/ 3284-8115<\/p>\n<p>E-mail:\u00a0<a style=\"font-style: inherit;font-weight: inherit\" href=\"mailto:bibmed@ufpel.edu.br\">bibmed@ufpel.edu.br<\/a><\/p>\n<p>&nbsp;<\/p>\n<p>&nbsp;<\/p>\n","protected":false},"excerpt":{"rendered":"<p>CONTATOS Coordena\u00e7\u00e3o de Bibliotecas Assessoria Tel.: +55 (53) 3284-4035 E-mail: nucleodebibliotecas@gmail.com &nbsp; Dire\u00e7\u00e3o Tel.: +55 (53) 3284-4036 E-mail: daiane.schramm@ufpel.edu.br &nbsp; Setor de Aquisi\u00e7\u00e3o Tel.: +55 (53) 3284-4035 E-mail: aquisicaoufpel@gmail.com &nbsp; Bibliotecas &nbsp; Biblioteca Campus Cap\u00e3o do Le\u00e3o Tel.: (+53) 3275-7334 E-mail: bccl@ufpel.edu.br mbvieira@ufpel.edu.br bira@ufpel.edu.br bibct@ufpel.edu.br Tel.: +55 (53) 3275-7151 E-mail:\u00a0bibca@ufpel.edu.br &nbsp; Biblioteca Campus Anglo Telefone: [&hellip;]<\/p>\n","protected":false},"author":37,"featured_media":0,"parent":0,"menu_order":0,"comment_status":"closed","ping_status":"closed","template":"","meta":{"footnotes":""},"class_list":["post-4442","page","type-page","status-publish","hentry"],"_links":{"self":[{"href":"https:\/\/wp.ufpel.edu.br\/sisbi\/wp-json\/wp\/v2\/pages\/4442","targetHints":{"allow":["GET"]}}],"collection":[{"href":"https:\/\/wp.ufpel.edu.br\/sisbi\/wp-json\/wp\/v2\/pages"}],"about":[{"href":"https:\/\/wp.ufpel.edu.br\/sisbi\/wp-json\/wp\/v2\/types\/page"}],"author":[{"embeddable":true,"href":"https:\/\/wp.ufpel.edu.br\/sisbi\/wp-json\/wp\/v2\/users\/37"}],"replies":[{"embeddable":true,"href":"https:\/\/wp.ufpel.edu.br\/sisbi\/wp-json\/wp\/v2\/comments?post=4442"}],"version-history":[{"count":21,"href":"https:\/\/wp.ufpel.edu.br\/sisbi\/wp-json\/wp\/v2\/pages\/4442\/revisions"}],"predecessor-version":[{"id":6327,"href":"https:\/\/wp.ufpel.edu.br\/sisbi\/wp-json\/wp\/v2\/pages\/4442\/revisions\/6327"}],"wp:attachment":[{"href":"https:\/\/wp.ufpel.edu.br\/sisbi\/wp-json\/wp\/v2\/media?parent=4442"}],"curies":[{"name":"wp","href":"https:\/\/api.w.org\/{rel}","templated":true}]}}