{"id":3266,"date":"2018-02-28T13:49:45","date_gmt":"2018-02-28T16:49:45","guid":{"rendered":"https:\/\/wp.ufpel.edu.br\/sisbi\/?page_id=3266"},"modified":"2025-08-18T15:11:14","modified_gmt":"2025-08-18T18:11:14","slug":"manual-de-doacao","status":"publish","type":"page","link":"https:\/\/wp.ufpel.edu.br\/sisbi\/manual-de-doacao\/","title":{"rendered":"Manual de Doa\u00e7\u00f5es"},"content":{"rendered":"<p><a href=\"https:\/\/wp.ufpel.edu.br\/sisbi\/files\/2023\/09\/MANUAL-DOACOES-VERSAO-2023.pdf\">MANUAL DE DOA\u00c7\u00d5ES<\/a><\/p>\n<p><a href=\"https:\/\/wp.ufpel.edu.br\/sisbi\/files\/2023\/09\/BASE-DE-CONHECIMENTO.pdf\">BASE DE CONHECIMENTO DOA\u00c7\u00d5ES<\/a><\/p>\n<p>&nbsp;<\/p>\n","protected":false},"excerpt":{"rendered":"<p>MANUAL DE DOA\u00c7\u00d5ES BASE DE CONHECIMENTO DOA\u00c7\u00d5ES &nbsp;<\/p>\n","protected":false},"author":37,"featured_media":0,"parent":0,"menu_order":0,"comment_status":"closed","ping_status":"closed","template":"","meta":{"footnotes":""},"class_list":["post-3266","page","type-page","status-publish","hentry"],"_links":{"self":[{"href":"https:\/\/wp.ufpel.edu.br\/sisbi\/wp-json\/wp\/v2\/pages\/3266","targetHints":{"allow":["GET"]}}],"collection":[{"href":"https:\/\/wp.ufpel.edu.br\/sisbi\/wp-json\/wp\/v2\/pages"}],"about":[{"href":"https:\/\/wp.ufpel.edu.br\/sisbi\/wp-json\/wp\/v2\/types\/page"}],"author":[{"embeddable":true,"href":"https:\/\/wp.ufpel.edu.br\/sisbi\/wp-json\/wp\/v2\/users\/37"}],"replies":[{"embeddable":true,"href":"https:\/\/wp.ufpel.edu.br\/sisbi\/wp-json\/wp\/v2\/comments?post=3266"}],"version-history":[{"count":11,"href":"https:\/\/wp.ufpel.edu.br\/sisbi\/wp-json\/wp\/v2\/pages\/3266\/revisions"}],"predecessor-version":[{"id":5503,"href":"https:\/\/wp.ufpel.edu.br\/sisbi\/wp-json\/wp\/v2\/pages\/3266\/revisions\/5503"}],"wp:attachment":[{"href":"https:\/\/wp.ufpel.edu.br\/sisbi\/wp-json\/wp\/v2\/media?parent=3266"}],"curies":[{"name":"wp","href":"https:\/\/api.w.org\/{rel}","templated":true}]}}