{"id":2885,"date":"2017-08-04T14:21:45","date_gmt":"2017-08-04T17:21:45","guid":{"rendered":"https:\/\/wp.ufpel.edu.br\/sisbi\/?page_id=2885"},"modified":"2025-04-09T15:05:23","modified_gmt":"2025-04-09T18:05:23","slug":"equipe-de-bibliotecarios","status":"publish","type":"page","link":"https:\/\/wp.ufpel.edu.br\/sisbi\/equipe-de-bibliotecarios\/","title":{"rendered":"Bibliotecas"},"content":{"rendered":"<p style=\"margin: 0cm;margin-bottom: .0001pt\"><strong>BIBLIOTECA\u00a0 CAMPUS CAP\u00c3O DO LE\u00c3O (BIBCCL):<\/strong><\/p>\n<p style=\"margin: 0cm;margin-bottom: .0001pt\"><b>Bibliotec\u00e1rios:<\/b><\/p>\n<p style=\"margin: 0cm;margin-bottom: .0001pt\">Gabriela Machado Lopes &#8211; CRB 10\/ 1842<\/p>\n<p style=\"margin: 0cm;margin-bottom: .0001pt\">Maria Beatriz Vaghetti Vieira \u2013 CRB 10\/1032<\/p>\n<p style=\"margin: 0cm;margin-bottom: .0001pt\">Ubirajara Buddin Cruz \u2013 CRB 10\/901<\/p>\n<p style=\"margin: 0cm;margin-bottom: .0001pt\"><b>Auxiliar de biblioteca<\/b>:<\/p>\n<p style=\"margin: 0cm;margin-bottom: .0001pt\">Natasha Castelli<\/p>\n<p style=\"margin: 0cm;margin-bottom: .0001pt\"><b>Assistentes em Administra\u00e7\u00e3o<\/b>:<\/p>\n<p style=\"margin: 0cm;margin-bottom: .0001pt\">M\u00edrian de Farias Ribeiro<\/p>\n<p style=\"margin: 0cm;margin-bottom: .0001pt\">Beatriz Dias Islab\u00e3o<\/p>\n<p style=\"margin: 0cm;margin-bottom: .0001pt\">Contato:<\/p>\n<p style=\"margin: 0cm;margin-bottom: .0001pt\">Tel.: (+53) 3275-7334 \/ <span style=\"font-family: 'Georgia',serif\">Tel.: (53)\u00a0 3275-7151<\/span><br \/>\nE-mail: <a href=\"bccl@ufpel.edu.br\">bccl@ufpel.edu.br<\/a>, <a href=\"mailto:mbvieira@ufpel.edu.br\">mbvieira@ufpel.edu.br<\/a>, <a href=\"mailto:bira@ufpel.edu.br\">bira@ufpel.edu.br, <\/a><a href=\"mailto:bca.ufpel@gmail.com\"><span style=\"color: windowtext\">bca.ufpel@gmail.com<\/span><\/a><\/p>\n<p>&nbsp;<\/p>\n<p style=\"margin: 0cm;margin-bottom: .0001pt;line-height: 150%\"><strong>BIBLIOTECA CAMPUS ANGLO (BIBCA):<\/strong><\/p>\n<p style=\"margin: 0cm;margin-bottom: .0001pt;line-height: 150%\"><b>Bibliotec\u00e1rias:<\/b><\/p>\n<p style=\"margin: 0cm;margin-bottom: .0001pt;line-height: 150%\">Maria Inez Figueiredo Figas Machado \u2013\u00a0CRB 10\/1612<\/p>\n<p style=\"margin: 0cm;margin-bottom: .0001pt;line-height: 150%\">Simone Godinho Maisonave \u2013 CRB10\/1733<\/p>\n<p style=\"margin: 0cm;margin-bottom: .0001pt;line-height: 150%\"><b>Auxiliares de biblioteca<\/b>:<\/p>\n<p style=\"margin: 0cm;margin-bottom: .0001pt;line-height: 150%\">Filipi Gon\u00e7alves Gotuzzo<\/p>\n<p style=\"margin: 0cm;margin-bottom: .0001pt;line-height: 150%\">Marciele Agosta Vasconcellos<\/p>\n<p style=\"margin: 0cm;margin-bottom: .0001pt;line-height: 150%\"><b>Assistente em administra\u00e7\u00e3o<\/b>:<\/p>\n<p style=\"margin: 0cm;margin-bottom: .0001pt;line-height: 150%\">M\u00e1rcia Sturbelle Oleiro<\/p>\n<p style=\"margin: 0cm;margin-bottom: .0001pt;line-height: 150%\">Michel Roberto Lange<\/p>\n<p style=\"margin: 0cm;margin-bottom: .0001pt;line-height: 150%\">Contato:<\/p>\n<p style=\"margin: 0cm;margin-bottom: .0001pt;line-height: 150%\">Telefone: (53) 32844039 (Sala de processamento t\u00e9cnico) \/ 32844037 (Balc\u00e3o de empr\u00e9stimo)<\/p>\n<p style=\"margin: 0cm;margin-bottom: .0001pt;line-height: 150%\">E-mail para solicita\u00e7\u00e3o de senhas, envio de comprovantes de multa e outros atendimentos referentes \u00e0 circula\u00e7\u00e3o de materiais: <a href=\"mailto:atendimento.bcp@ufpel.edu.br\">atendimento.bcp@ufpel.edu.br<\/a>.<\/p>\n<p style=\"margin: 0cm;margin-bottom: .0001pt;line-height: 150%\">Outras demandas: <a href=\"mailto:bibcp@ufpel.edu.br\">bibcp@ufpel.edu.br<\/a><\/p>\n<p>&nbsp;<\/p>\n<p style=\"margin: 0cm;margin-bottom: .0001pt\"><strong>BIBLIOTECA DE CI\u00caNCIAS SOCIAIS (BIBCS):<\/strong><\/p>\n<p style=\"margin: 0cm;margin-bottom: .0001pt\"><strong>Bibliotec\u00e1rios:<\/strong><\/p>\n<p style=\"margin: 0cm;margin-bottom: .0001pt\">Alex Serrano de Almeida &#8211; CRB 10\/2156<\/p>\n<p style=\"margin: 0cm;margin-bottom: .0001pt\">Fabiano Domingues Malheiro &#8211; CRB 10\/1955<\/p>\n<p style=\"margin: 0cm;margin-bottom: .0001pt\">Leda Cristina Peres Lopes \u2013 CRB10\/2464<\/p>\n<p style=\"margin: 0cm;margin-bottom: .0001pt\">Michele Lavadouro da Silva \u2013 CRB10\/2502<\/p>\n<p style=\"margin: 0cm;margin-bottom: .0001pt\">Maria Fernanda Monte Borges &#8211; CRB10\/1011<\/p>\n<p style=\"margin: 0cm;margin-bottom: .0001pt\"><strong>Auxiliar de Biblioteca:<\/strong><\/p>\n<p style=\"margin: 0cm;margin-bottom: .0001pt\">Daniel de Alvarenga Berbare<\/p>\n<p style=\"margin: 0cm;margin-bottom: .0001pt\">Renato da Rocha Rodrigues<\/p>\n<p style=\"margin: 0cm;margin-bottom: .0001pt\"><strong>Assistente em Administra\u00e7\u00e3o:<\/strong><\/p>\n<p style=\"margin: 0cm;margin-bottom: .0001pt\">Alice Liane Brahm Xavier<\/p>\n<p style=\"margin: 0cm;margin-bottom: .0001pt\">Joice Kaufmann<\/p>\n<p style=\"margin: 0cm;margin-bottom: .0001pt\">N\u00e1dia Cristiane Coelho da Silva<\/p>\n<p style=\"margin: 0cm;margin-bottom: .0001pt\">Contato:<\/p>\n<p style=\"margin: 0cm;margin-bottom: .0001pt;text-align: justify;background: white;vertical-align: baseline\">Tel.: (53) 3284-3171 (Balc\u00e3o de empr\u00e9stimo)<\/p>\n<p style=\"margin: 0cm;margin-bottom: .0001pt;text-align: justify;background: white;vertical-align: baseline\">E-mail: atendimento.bcs@ufpel.edu.br<\/p>\n<p style=\"margin: 0cm;margin-bottom: .0001pt;text-align: justify;background: white;vertical-align: baseline\">Tel.: (53) 3284-3170 (Processamento T\u00e9cnico)<\/p>\n<p style=\"margin: 0cm;margin-bottom: .0001pt;text-align: justify;background: white;vertical-align: baseline\">E-mail: <a href=\"mailto:bcsufpel@ufpel.edu.br\">bcsufpel@ufpel.edu.br<\/a> \u2013 <a href=\"mailto:bcsufpel@gmail.com\">bcsufpel@gmail.com\u00a0<\/a><\/p>\n<p>&nbsp;<\/p>\n<p style=\"margin: 0cm;margin-bottom: .0001pt\"><strong>BIBLIOTECA DE DIREITO (BIBDIR):<\/strong><\/p>\n<p style=\"margin: 0cm;margin-bottom: .0001pt\"><b>Bibliotec\u00e1ria:<\/b><\/p>\n<p style=\"margin: 0cm;margin-bottom: .0001pt\">Catarina de Quevedo Prestes de Carvalho \u2013 CRB 10\/2046<\/p>\n<p style=\"margin: 0cm;margin-bottom: .0001pt\"><b>Assistentes em Administra\u00e7\u00e3o<\/b>:<\/p>\n<p style=\"margin: 0cm;margin-bottom: .0001pt\">Marcio Aur\u00e9lio Alves Insaurriaga<\/p>\n<p style=\"margin: 0cm;margin-bottom: .0001pt\">Michele da Silva Kruger<\/p>\n<p style=\"margin: 0cm;margin-bottom: .0001pt\"><b>Auxiliar de Biblioteca<\/b>:<\/p>\n<p style=\"margin: 0cm;margin-bottom: .0001pt\">Cristiano Oliveira Lopes<\/p>\n<p style=\"margin: 0cm;margin-bottom: .0001pt\">Contato:<\/p>\n<p style=\"margin: 0cm;margin-bottom: .0001pt\">Tel.: +55 (53) 3284-3255<\/p>\n<p style=\"margin: 0cm;margin-bottom: .0001pt\">E-mail: <a href=\"mailto:bibli_direito@ufpel.edu.br\">bibli_direito@ufpel.edu.br<\/a><\/p>\n<p>&nbsp;<\/p>\n<p style=\"margin: 0cm;margin-bottom: .0001pt\"><strong>BIBLIOTECA DE EDUCA\u00c7\u00c3O F\u00cdSICA (BIBEF):<\/strong><\/p>\n<p style=\"margin: 0cm;margin-bottom: .0001pt\"><b>Bibliotec\u00e1ria:<\/b><\/p>\n<p style=\"margin: 0cm;margin-bottom: .0001pt\">Daiane de Almeida Schramm \u2013 CRB 10\/1881<\/p>\n<p style=\"margin: 0cm;margin-bottom: .0001pt\"><b>Assistentes em Administra\u00e7\u00e3o<\/b>:<\/p>\n<p style=\"margin: 0cm;margin-bottom: .0001pt\">Claudio Omar Vit\u00f3ria Alves<\/p>\n<p style=\"margin: 0cm;margin-bottom: .0001pt\"><b>Auxiliar de Biblioteca<\/b>:<\/p>\n<p style=\"margin: 0cm;margin-bottom: .0001pt\">Anelise Milech Domingues<\/p>\n<p style=\"margin: 0cm;margin-bottom: .0001pt\">Contato: (53)3284-4330<\/p>\n<p style=\"margin: 0cm;margin-bottom: .0001pt\">E-mail: <a href=\"mailto:bibli_direito@ufpel.edu.br\">bibesef@ufpel.edu.br<\/a><\/p>\n<p>&nbsp;<\/p>\n<p style=\"margin: 0cm;margin-bottom: .0001pt\"><strong>BIBLIOTECA DE MEDICINA (BIBMED):<\/strong><\/p>\n<p style=\"margin: 0cm;margin-bottom: .0001pt\"><strong>Bibliotec\u00e1rias:<\/strong><\/p>\n<p style=\"margin: 0cm;margin-bottom: .0001pt\">Aline Herbstrith Batista &#8211; CRB 10\/1737<\/p>\n<p style=\"margin: 0cm;margin-bottom: .0001pt\">Elionara Giovana Rech\u2013 CRB10\/1693<\/p>\n<p style=\"margin: 0cm;margin-bottom: .0001pt\"><strong>Assistente em Administra\u00e7\u00e3o:<\/strong><\/p>\n<p style=\"margin: 0cm;margin-bottom: .0001pt\">Gabriel Moreira Pimenta<\/p>\n<p style=\"margin: 0cm;margin-bottom: .0001pt\">Hendrio Lima da Silva<\/p>\n<p style=\"margin: 0cm;margin-bottom: .0001pt\"><strong>Auxiliar em Administra\u00e7\u00e3o:<\/strong><\/p>\n<p style=\"margin: 0cm;margin-bottom: .0001pt\">Sandra Mari Pinto de Oliveira<\/p>\n<p style=\"margin: 0cm;margin-bottom: .0001pt\">Contato:<\/p>\n<p style=\"margin: 0cm;margin-bottom: .0001pt;text-align: justify;background: white;vertical-align: baseline\">Tel.: (53) 3284-8114 \/ 3284-8115<\/p>\n<p style=\"margin: 0cm;margin-bottom: .0001pt;text-align: justify;background: white;vertical-align: baseline\">E-mail: <a href=\"mailto:bibmed@ufpel.edu.br\">bibmed@ufpel.edu.br<\/a><\/p>\n<p style=\"margin: 0cm;margin-bottom: .0001pt\">\n","protected":false},"excerpt":{"rendered":"<p>BIBLIOTECA\u00a0 CAMPUS CAP\u00c3O DO LE\u00c3O (BIBCCL): Bibliotec\u00e1rios: Gabriela Machado Lopes &#8211; CRB 10\/ 1842 Maria Beatriz Vaghetti Vieira \u2013 CRB 10\/1032 Ubirajara Buddin Cruz \u2013 CRB 10\/901 Auxiliar de biblioteca: Natasha Castelli Assistentes em Administra\u00e7\u00e3o: M\u00edrian de Farias Ribeiro Beatriz Dias Islab\u00e3o Contato: Tel.: (+53) 3275-7334 \/ Tel.: (53)\u00a0 3275-7151 E-mail: bccl@ufpel.edu.br, mbvieira@ufpel.edu.br, bira@ufpel.edu.br, bca.ufpel@gmail.com [&hellip;]<\/p>\n","protected":false},"author":37,"featured_media":0,"parent":0,"menu_order":0,"comment_status":"closed","ping_status":"closed","template":"","meta":{"footnotes":""},"class_list":["post-2885","page","type-page","status-publish","hentry"],"_links":{"self":[{"href":"https:\/\/wp.ufpel.edu.br\/sisbi\/wp-json\/wp\/v2\/pages\/2885","targetHints":{"allow":["GET"]}}],"collection":[{"href":"https:\/\/wp.ufpel.edu.br\/sisbi\/wp-json\/wp\/v2\/pages"}],"about":[{"href":"https:\/\/wp.ufpel.edu.br\/sisbi\/wp-json\/wp\/v2\/types\/page"}],"author":[{"embeddable":true,"href":"https:\/\/wp.ufpel.edu.br\/sisbi\/wp-json\/wp\/v2\/users\/37"}],"replies":[{"embeddable":true,"href":"https:\/\/wp.ufpel.edu.br\/sisbi\/wp-json\/wp\/v2\/comments?post=2885"}],"version-history":[{"count":34,"href":"https:\/\/wp.ufpel.edu.br\/sisbi\/wp-json\/wp\/v2\/pages\/2885\/revisions"}],"predecessor-version":[{"id":6361,"href":"https:\/\/wp.ufpel.edu.br\/sisbi\/wp-json\/wp\/v2\/pages\/2885\/revisions\/6361"}],"wp:attachment":[{"href":"https:\/\/wp.ufpel.edu.br\/sisbi\/wp-json\/wp\/v2\/media?parent=2885"}],"curies":[{"name":"wp","href":"https:\/\/api.w.org\/{rel}","templated":true}]}}