{"id":101,"date":"2013-12-18T19:48:42","date_gmt":"2013-12-18T21:48:42","guid":{"rendered":"https:\/\/wp.ufpel.edu.br\/bibesef\/?page_id=101"},"modified":"2024-06-04T19:56:50","modified_gmt":"2024-06-04T22:56:50","slug":"setor-de-aquisicao","status":"publish","type":"page","link":"https:\/\/wp.ufpel.edu.br\/sisbi\/coordenacao-3\/equipe\/setor-de-aquisicao\/","title":{"rendered":"Setor de Aquisi\u00e7\u00e3o"},"content":{"rendered":"<p>O Setor de Aquisi\u00e7\u00e3o de Material Bibliogr\u00e1fico \u00e9 o \u00f3rg\u00e3o respons\u00e1vel pela composi\u00e7\u00e3o do acervo, realizada em conformidade com a Pol\u00edtica de Desenvolvimento de Cole\u00e7\u00f5es e a Pol\u00edtica de Aquisi\u00e7\u00e3o Institucional.<\/p>\n<p>\u2013 Fabiano Domingues Malheiro \u2013 Bibliotec\u00e1rio \u2013 Documentalista<br \/>\nTel.: +55 (53) 3284-4036<\/p>\n<p><strong>Setor de Aquisi\u00e7\u00e3o<\/strong><\/p>\n<p>&#8211; Raquel Padilha \u00a0Silveira &#8211; \u00a0Assistente em Administra\u00e7\u00e3o<\/p>\n<p>&#8211;Dafne Silva de Freitas \u00a0\u2013 Bibliotec\u00e1ria \u2013 Documentalista<\/p>\n<p>e-mail: aquisicaoufpel@gmail.com<br \/>\nTel.: +55 (53) 3284-4035<\/p>\n","protected":false},"excerpt":{"rendered":"<p>O Setor de Aquisi\u00e7\u00e3o de Material Bibliogr\u00e1fico \u00e9 o \u00f3rg\u00e3o respons\u00e1vel pela composi\u00e7\u00e3o do acervo, realizada em conformidade com a Pol\u00edtica de Desenvolvimento de Cole\u00e7\u00f5es e a Pol\u00edtica de Aquisi\u00e7\u00e3o Institucional. \u2013 Fabiano Domingues Malheiro \u2013 Bibliotec\u00e1rio \u2013 Documentalista Tel.: +55 (53) 3284-4036 Setor de Aquisi\u00e7\u00e3o &#8211; Raquel Padilha \u00a0Silveira &#8211; \u00a0Assistente em Administra\u00e7\u00e3o &#8211;Dafne [&hellip;]<\/p>\n","protected":false},"author":168,"featured_media":0,"parent":81,"menu_order":7,"comment_status":"closed","ping_status":"closed","template":"","meta":{"footnotes":""},"class_list":["post-101","page","type-page","status-publish","hentry"],"_links":{"self":[{"href":"https:\/\/wp.ufpel.edu.br\/sisbi\/wp-json\/wp\/v2\/pages\/101","targetHints":{"allow":["GET"]}}],"collection":[{"href":"https:\/\/wp.ufpel.edu.br\/sisbi\/wp-json\/wp\/v2\/pages"}],"about":[{"href":"https:\/\/wp.ufpel.edu.br\/sisbi\/wp-json\/wp\/v2\/types\/page"}],"author":[{"embeddable":true,"href":"https:\/\/wp.ufpel.edu.br\/sisbi\/wp-json\/wp\/v2\/users\/168"}],"replies":[{"embeddable":true,"href":"https:\/\/wp.ufpel.edu.br\/sisbi\/wp-json\/wp\/v2\/comments?post=101"}],"version-history":[{"count":16,"href":"https:\/\/wp.ufpel.edu.br\/sisbi\/wp-json\/wp\/v2\/pages\/101\/revisions"}],"predecessor-version":[{"id":5839,"href":"https:\/\/wp.ufpel.edu.br\/sisbi\/wp-json\/wp\/v2\/pages\/101\/revisions\/5839"}],"up":[{"embeddable":true,"href":"https:\/\/wp.ufpel.edu.br\/sisbi\/wp-json\/wp\/v2\/pages\/81"}],"wp:attachment":[{"href":"https:\/\/wp.ufpel.edu.br\/sisbi\/wp-json\/wp\/v2\/media?parent=101"}],"curies":[{"name":"wp","href":"https:\/\/api.w.org\/{rel}","templated":true}]}}