{"id":43,"date":"2025-10-26T14:47:16","date_gmt":"2025-10-26T17:47:16","guid":{"rendered":"https:\/\/wp.ufpel.edu.br\/sipa\/?page_id=43"},"modified":"2025-11-14T13:38:27","modified_gmt":"2025-11-14T16:38:27","slug":"convidados","status":"publish","type":"page","link":"https:\/\/wp.ufpel.edu.br\/sipa\/convidados\/","title":{"rendered":"Convidados"},"content":{"rendered":"<p style=\"text-align: justify;\"><strong>Andr\u00e9a Hygino <\/strong>(Brasil)<\/p>\n<p><img loading=\"lazy\" decoding=\"async\" class=\"alignnone wp-image-68\" src=\"https:\/\/wp.ufpel.edu.br\/sipa\/files\/2025\/10\/Thiele-Elissa-267x400.jpg\" alt=\"\" width=\"200\" height=\"300\" srcset=\"https:\/\/wp.ufpel.edu.br\/sipa\/files\/2025\/10\/Thiele-Elissa-267x400.jpg 267w, https:\/\/wp.ufpel.edu.br\/sipa\/files\/2025\/10\/Thiele-Elissa.jpg 640w\" sizes=\"auto, (max-width: 200px) 100vw, 200px\" \/><\/p>\n<p style=\"text-align: justify;\">Artista e arte-educadora. Mestra em Linguagens Visuais pelo Programa de P\u00f3s-Gradua\u00e7\u00e3o em Artes Visuais da UFRJ (PPGAV-EBA) (2017). Bacharela em Artes Visuais pela Universidade do Estado do Rio de Janeiro (UERJ) (2014). Professora substituta de desenho na Escola de Belas Artes da UFRJ (2019 &#8211; 2020).<\/p>\n<p style=\"text-align: justify;\">Participou de diversas exposi\u00e7\u00f5es coletivas, entre elas: Abre Alas 16 (2020), na Galeria A Gentil Carioca (2020); Esqueleto, no Pa\u00e7o Imperial (2019) e 24\u00ba Sal\u00e3o Anapolino de Arte (2019). integrou exposi\u00e7\u00f5es em espa\u00e7os nacionais e internacionais de refer\u00eancia, como o Museu de Arte Contempor\u00e2nea de Niter\u00f3i, Galeria Ant\u00f4nio Sibassoly (An\u00e1polis), Galeria Nara Roesler (Nova Iorque, EUA), Galeria Belmacz (Londres, Reino Unido), Wits Art Museum (Joanesburgo,\u00c1frica do Sul) e Kunstverein Bielefeld (Alemanha); Foi vencedora do 3\u00ba Pr\u00eamio SeLecT de Arte e Educa\u00e7\u00e3o (categoria Camisa Educa\u00e7\u00e3o, realizada em coautoria com Luiza Coimbra ) e do Pr\u00eamio FOCO ARTRio (2022).<br \/>\nParticipou de resid\u00eancia art\u00edstica na Bag Factory Artists\u2019 Studios em Joanesburgo, \u00c1frica do Sul (2022). Tamb\u00e9m foi residente no JA.CA \u2013 Centro de Arte e Tecnologia (Nova Lima \u2013 MG) (2023). A artista integrou a equipe curatorial da 14\u00ba Bienal do Mercosul (2025) como curadora educativa. Al\u00e9m disso, foi vencedora do Pr\u00eamio Pipa, um dos mais importantes das artes visuais do Brasil, no ano de 2025. Tem experi\u00eancia na \u00e1rea de Artes, com \u00eanfase em processos gr\u00e1ficos.<br \/>\nAndr\u00e9a Hygino se debru\u00e7a sobre o ambiente escolar, os processos de aprendizado, adestramentos, disciplina, repeti\u00e7\u00e3o e encontra na desobedi\u00eancia de estudante o lugar necess\u00e1rio de contesta\u00e7\u00e3o e cria\u00e7\u00e3o.<\/p>\n<p>&nbsp;<\/p>\n<p style=\"text-align: justify;\"><strong>Mariana dos Santos Vel\u00e1zquez<\/strong> (Uruguai)<\/p>\n<p><img loading=\"lazy\" decoding=\"async\" class=\"alignnone wp-image-66\" src=\"https:\/\/wp.ufpel.edu.br\/sipa\/files\/2025\/10\/Marina-267x400.jpg\" alt=\"\" width=\"200\" height=\"300\" srcset=\"https:\/\/wp.ufpel.edu.br\/sipa\/files\/2025\/10\/Marina-267x400.jpg 267w, https:\/\/wp.ufpel.edu.br\/sipa\/files\/2025\/10\/Marina.jpg 640w\" sizes=\"auto, (max-width: 200px) 100vw, 200px\" \/><\/p>\n<p style=\"text-align: justify;\">Artista visual, docente e pesquisadora. Sua pr\u00e1tica entrela\u00e7a arte, pedagogia e escrita, abordando as rela\u00e7\u00f5es entre mem\u00f3ria, afeto e territ\u00f3rio. \u00c9 coordenadora e professora da Tecnicatura em Artes do CENUR Noreste \u2013 Sede Rivera \u2013 Faculdade de Artes \u2013 Universidad de la Rep\u00fablica. Licenciada em Artes Pl\u00e1sticas e Visuais e Mestre em Arte e Cultura Visual pela Faculdade de Artes \u2013 Universidad de la Rep\u00fablica.<\/p>\n<p>&nbsp;<\/p>\n<p style=\"text-align: justify;\"><strong>Monica Dantas<\/strong> (Brasil)<\/p>\n<p><img loading=\"lazy\" decoding=\"async\" class=\"alignnone wp-image-65\" src=\"https:\/\/wp.ufpel.edu.br\/sipa\/files\/2025\/10\/Monica-267x400.jpg\" alt=\"\" width=\"200\" height=\"300\" srcset=\"https:\/\/wp.ufpel.edu.br\/sipa\/files\/2025\/10\/Monica-267x400.jpg 267w, https:\/\/wp.ufpel.edu.br\/sipa\/files\/2025\/10\/Monica.jpg 640w\" sizes=\"auto, (max-width: 200px) 100vw, 200px\" \/><\/p>\n<p style=\"text-align: justify;\">Professora Titular na Universidade Federal do Rio Grande do Sul. Atua no Programa de P\u00f3s-Gradua\u00e7\u00e3o em Artes C\u00eanicas da UFRGS, no qual \u00e9 docente orientadora de Mestrado e Doutorado. Bolsista Capes\/PRINT\/Ufrgs para realiza\u00e7\u00e3o de Est\u00e1gio de Professor Visitante na Coventry University\/Centre for Dance Research (C-DaRE\/Reino Unido); Bolsista Capes para realiza\u00e7\u00e3o de P\u00f3s-Doutorado na Coventry University\/C-DaRE, Doutora em Estudos e Pr\u00e1ticas Art\u00edsticas pela Universit\u00e9 du Qu\u00e9bec \u00e0 Montr\u00e9al (Canad\u00e1), Mestre em Ci\u00eancias do Movimento Humano pela UFRGS e Licenciada em Educa\u00e7\u00e3o F\u00edsica pela UFRGS. Realizou Miss\u00e3o de Curta Dura\u00e7\u00e3o no Exterior junto \u00e0 Coventry University\/C-DaRE. Professora nos Cursos de Gradua\u00e7\u00e3o em Dan\u00e7a e Educa\u00e7\u00e3o F\u00edsica da UFRGS. Foi Coordenadora do Programa de P\u00f3s-Gradua\u00e7\u00e3o em Artes C\u00eanicas, Coordenadora do Curso de Gradua\u00e7\u00e3o em Dan\u00e7a e do Curso de Gradua\u00e7\u00e3o em Educa\u00e7\u00e3o F\u00edsica e Vice-Coordenadora da Comiss\u00e3o de Pesquisa da Escola de Educa\u00e7\u00e3o F\u00edsica, Fisioterapia e Dan\u00e7a. Foi Editora-Chefe da Revista Cena e atualmente \u00e9 Editora de se\u00e7\u00e3o da Movimento, Revista de Educa\u00e7\u00e3o F\u00edsica da UFRGS. Coordena o projeto Carne Digital: Arquivo Eva Schul (<a href=\"http:\/\/www.ufrgs.br\/carnedigital\">www.ufrgs.br\/carnedigital<\/a>), que recebeu o Pr\u00eamio A\u00e7orianos de Dan\u00e7a 2021 na categoria Mem\u00f3ria. Coordenou a equipe de artistas e pesquisadores brasileiros que participou da Resid\u00eancia Art\u00edstica Building an international network for virtual dance collaboration (Reino Unido\/EUA\/\u00cdndia\/Tail\u00e2ndia\/Brasil), em parceria com o Afro-Sul Grupo de Dan\u00e7a e M\u00fasica e \u00c2nima Cia. de Dan\u00e7a. Coordenou a cria\u00e7\u00e3o da Biblioteca Digital de Movimentos Iara Deodoro\/Afor-Sul, financiada pelo Pr\u00eamio Funarte Retomada Dan\u00e7a 2023 e agraciada com Trof\u00e9u Destaque do Pr\u00eamio A\u00e7orianos de Dan\u00e7a 2024. Pesquisadora na \u00e1rea da Dan\u00e7a, com \u00eanfase nos seguintes temas: processos de cria\u00e7\u00e3o em dan\u00e7as contempor\u00e2neas e populares, hist\u00f3ria da dan\u00e7a, arquivos digitais em artes c\u00eanicas. Coordenou o Projeto Dar Carne \u00e0 Mem\u00f3ria, pelo qual recebeu o Pr\u00eamio Funarte Klauss Vianna de Dan\u00e7a 2009 e os Pr\u00eamios A\u00e7orianos de Dan\u00e7a 2010 de Melhor Espet\u00e1culo, Coreografia e Produ\u00e7\u00e3o. Integra o Coletivo Novos Velhos Corpos e atua como bailarina convidada da \u00c2nima Cia. de Dan\u00e7a e da Eduardo Severino Cia. de Dan\u00e7a.<\/p>\n<p>&nbsp;<\/p>\n<p style=\"text-align: justify;\"><strong>Sergio Trabucco Zer\u00e1n<\/strong> (Chile)<\/p>\n<p style=\"text-align: justify;\"><img loading=\"lazy\" decoding=\"async\" class=\"alignnone wp-image-67\" src=\"https:\/\/wp.ufpel.edu.br\/sipa\/files\/2025\/10\/Sergio-267x400.jpg\" alt=\"\" width=\"200\" height=\"300\" srcset=\"https:\/\/wp.ufpel.edu.br\/sipa\/files\/2025\/10\/Sergio-267x400.jpg 267w, https:\/\/wp.ufpel.edu.br\/sipa\/files\/2025\/10\/Sergio.jpg 640w\" sizes=\"auto, (max-width: 200px) 100vw, 200px\" \/><\/p>\n<p style=\"text-align: justify;\">Jornalista pela Universidade do Chile, Mestre em Est\u00e9tica e Teoria da Arte Contempor\u00e2nea e Mestre em Gram\u00e1ticas da Arte Contempor\u00e2nea pela Universidade Aut\u00f4noma de Barcelona, Espanha (Bolsas Chile-CONICYT). Atualmente est\u00e1 matriculado no Doutorado em Artes e Educa\u00e7\u00e3o da Universidade de Granada, Espanha.<br \/>\nPublicou suas experi\u00eancias em revistas e cap\u00edtulos de livros de circula\u00e7\u00e3o nacional e internacional. \u00c9 cocriador da Rede Patag\u00f4nia Cultural (UFRO, ULagos, UdeAys\u00e9n e UMAG), diretor acad\u00eamico de cursos de especializa\u00e7\u00e3o em comunica\u00e7\u00e3o, territ\u00f3rio e gest\u00e3o cultural e em educa\u00e7\u00e3o art\u00edstica, al\u00e9m de avaliador e jurado em concursos liter\u00e1rios do Minist\u00e9rio das Culturas, das Artes e do Patrim\u00f4nio.<br \/>\nAtualmente \u00e9 docente nos departamentos de Arquitetura e de Humanidades e Artes da Universidade de Los Lagos, atuando nas \u00e1reas de comunica\u00e7\u00e3o e gest\u00e3o cultural, e tamb\u00e9m exerce a fun\u00e7\u00e3o de subdiretor de Arte, Cultura e Patrim\u00f4nio da mesma institui\u00e7\u00e3o de ensino superior.<br \/>\nAl\u00e9m disso, integra o conselho da Funda\u00e7\u00e3o de Orquestras Juvenis e Infantis e da Corpora\u00e7\u00e3o Cultural Estaci\u00f3n Mapocho, o comit\u00ea acad\u00eamico do Observat\u00f3rio do Livro e da Leitura coordenado pela Universidade do Chile, e a Rede de Artes e Humanidades do Cons\u00f3rcio de Universidades do Estado do Chile.<\/p>\n","protected":false},"excerpt":{"rendered":"<p>Andr\u00e9a Hygino (Brasil) Artista e arte-educadora. Mestra em Linguagens Visuais pelo Programa de P\u00f3s-Gradua\u00e7\u00e3o em Artes Visuais da UFRJ (PPGAV-EBA) (2017). Bacharela em Artes Visuais pela Universidade do Estado do Rio de Janeiro (UERJ) (2014). Professora substituta de desenho na Escola de Belas Artes da UFRJ (2019 &#8211; 2020). Participou de diversas exposi\u00e7\u00f5es coletivas, entre &hellip; <\/p>\n<p class=\"link-more\"><a href=\"https:\/\/wp.ufpel.edu.br\/sipa\/convidados\/\" class=\"more-link\">Continue lendo<span class=\"screen-reader-text\"> &#8220;Convidados&#8221;<\/span><\/a><\/p>\n","protected":false},"author":713,"featured_media":0,"parent":0,"menu_order":0,"comment_status":"closed","ping_status":"closed","template":"","meta":{"footnotes":""},"class_list":["post-43","page","type-page","status-publish","hentry"],"_links":{"self":[{"href":"https:\/\/wp.ufpel.edu.br\/sipa\/wp-json\/wp\/v2\/pages\/43","targetHints":{"allow":["GET"]}}],"collection":[{"href":"https:\/\/wp.ufpel.edu.br\/sipa\/wp-json\/wp\/v2\/pages"}],"about":[{"href":"https:\/\/wp.ufpel.edu.br\/sipa\/wp-json\/wp\/v2\/types\/page"}],"author":[{"embeddable":true,"href":"https:\/\/wp.ufpel.edu.br\/sipa\/wp-json\/wp\/v2\/users\/713"}],"replies":[{"embeddable":true,"href":"https:\/\/wp.ufpel.edu.br\/sipa\/wp-json\/wp\/v2\/comments?post=43"}],"version-history":[{"count":4,"href":"https:\/\/wp.ufpel.edu.br\/sipa\/wp-json\/wp\/v2\/pages\/43\/revisions"}],"predecessor-version":[{"id":160,"href":"https:\/\/wp.ufpel.edu.br\/sipa\/wp-json\/wp\/v2\/pages\/43\/revisions\/160"}],"wp:attachment":[{"href":"https:\/\/wp.ufpel.edu.br\/sipa\/wp-json\/wp\/v2\/media?parent=43"}],"curies":[{"name":"wp","href":"https:\/\/api.w.org\/{rel}","templated":true}]}}