{"id":41,"date":"2025-10-26T14:45:40","date_gmt":"2025-10-26T17:45:40","guid":{"rendered":"https:\/\/wp.ufpel.edu.br\/sipa\/?page_id=41"},"modified":"2026-03-21T14:37:55","modified_gmt":"2026-03-21T17:37:55","slug":"anais","status":"publish","type":"page","link":"https:\/\/wp.ufpel.edu.br\/sipa\/anais\/","title":{"rendered":"Anais"},"content":{"rendered":"<p><strong>EDI\u00c7\u00c3O ATUAL\u00a0<\/strong><\/p>\n<table class=\"alignright\" style=\"width: 32.5862%; border-collapse: collapse; border-style: none;\" border=\"0\">\n<tbody>\n<tr>\n<td style=\"width: 100%; text-align: right;\"><a href=\"https:\/\/wp.ufpel.edu.br\/sipa\/anais\/\">Anais SIPA\/SPMAV<\/a><\/td>\n<\/tr>\n<tr>\n<td style=\"width: 100%; text-align: right;\"><a href=\"https:\/\/wp.ufpel.edu.br\/sipa\/apresentacao\/\">Apresenta\u00e7\u00e3o<\/a><\/td>\n<\/tr>\n<tr>\n<td style=\"width: 100%; text-align: right;\"><a href=\"https:\/\/wp.ufpel.edu.br\/sipa\/normas-de-publicacao\/\">Normas de Publica\u00e7\u00e3o<\/a><\/td>\n<\/tr>\n<tr>\n<td style=\"width: 100%; text-align: right;\"><a href=\"https:\/\/wp.ufpel.edu.br\/sipa\/expediente\/\">Expediente<\/a><\/td>\n<\/tr>\n<tr>\n<td style=\"width: 100%; text-align: right;\"><a href=\"https:\/\/wp.ufpel.edu.br\/sipa\/contato\/\">Contato<\/a><\/td>\n<\/tr>\n<tr>\n<td style=\"width: 100%; text-align: right;\"><a href=\"https:\/\/wp.ufpel.edu.br\/sipa\/edicoes-anteriores\/\">Edi\u00e7\u00f5es Anteriores<\/a><\/td>\n<\/tr>\n<\/tbody>\n<\/table>\n<p style=\"text-align: left;\">Em breve<\/p>\n","protected":false},"excerpt":{"rendered":"<p>EDI\u00c7\u00c3O ATUAL\u00a0 Anais SIPA\/SPMAV Apresenta\u00e7\u00e3o Normas de Publica\u00e7\u00e3o Expediente Contato Edi\u00e7\u00f5es Anteriores Em breve<\/p>\n","protected":false},"author":713,"featured_media":0,"parent":0,"menu_order":0,"comment_status":"closed","ping_status":"closed","template":"","meta":{"footnotes":""},"class_list":["post-41","page","type-page","status-publish","hentry"],"_links":{"self":[{"href":"https:\/\/wp.ufpel.edu.br\/sipa\/wp-json\/wp\/v2\/pages\/41","targetHints":{"allow":["GET"]}}],"collection":[{"href":"https:\/\/wp.ufpel.edu.br\/sipa\/wp-json\/wp\/v2\/pages"}],"about":[{"href":"https:\/\/wp.ufpel.edu.br\/sipa\/wp-json\/wp\/v2\/types\/page"}],"author":[{"embeddable":true,"href":"https:\/\/wp.ufpel.edu.br\/sipa\/wp-json\/wp\/v2\/users\/713"}],"replies":[{"embeddable":true,"href":"https:\/\/wp.ufpel.edu.br\/sipa\/wp-json\/wp\/v2\/comments?post=41"}],"version-history":[{"count":3,"href":"https:\/\/wp.ufpel.edu.br\/sipa\/wp-json\/wp\/v2\/pages\/41\/revisions"}],"predecessor-version":[{"id":241,"href":"https:\/\/wp.ufpel.edu.br\/sipa\/wp-json\/wp\/v2\/pages\/41\/revisions\/241"}],"wp:attachment":[{"href":"https:\/\/wp.ufpel.edu.br\/sipa\/wp-json\/wp\/v2\/media?parent=41"}],"curies":[{"name":"wp","href":"https:\/\/api.w.org\/{rel}","templated":true}]}}