{"id":223,"date":"2026-03-20T14:11:17","date_gmt":"2026-03-20T17:11:17","guid":{"rendered":"https:\/\/wp.ufpel.edu.br\/sipa\/?page_id=223"},"modified":"2026-03-20T14:11:17","modified_gmt":"2026-03-20T17:11:17","slug":"expediente","status":"publish","type":"page","link":"https:\/\/wp.ufpel.edu.br\/sipa\/expediente\/","title":{"rendered":"Expediente"},"content":{"rendered":"<p style=\"text-align: justify;\"><strong>UNIVERSIDADE FEDERAL DE PELOTAS<\/strong><br \/>\nReitora: \u00darsula Rosa da Silva<\/p>\n<p style=\"text-align: justify;\"><strong>CENTRO DE ARTES (CA-UFPel)<\/strong><br \/>\nDire\u00e7\u00e3o: Roberta Coelho Barros<\/p>\n<p style=\"text-align: justify;\"><strong>PROGRAMA DE P\u00d3S-GRADUA\u00c7\u00c3O EM ARTES<\/strong><br \/>\nCoordena\u00e7\u00e3o: Lauer Alves Nunes dos Santos<\/p>\n<p style=\"text-align: justify;\">Anais do Semin\u00e1rio Internacional de Pesquisa em Artes (SIPA) e do Semin\u00e1rio de Pesquisa do Mestrado em Artes Visuais (SPMAV) Entidade Promotora: Universidade Federal de Pelotas (UFPel) Unidade Acad\u00eamica: Centro de Artes \/ Programa de P\u00f3s-Gradua\u00e7\u00e3o em Artes (PPGARTES).<\/p>\n<p style=\"text-align: justify;\"><strong>Periodicidade<\/strong>: Anual<br \/>\nLocal de Publica\u00e7\u00e3o: Pelotas, RS<\/p>\n<p style=\"text-align: justify;\"><strong>ISSN<\/strong> (Online): [Aguardando registro]<\/p>\n<p style=\"text-align: justify;\"><strong>COMISS\u00c3O ORGANIZADORA<\/strong><br \/>\nCoordena\u00e7\u00e3o Geral: Helene Gomes Sacco e Kelly Wendty<br \/>\nOrganiza\u00e7\u00e3o: Discentes do Mestrado do PPGArtes &#8211; Turma 13 (2024-2026)<br \/>\nDiscentes do Doutorado do PPGartes \u2013 Turma 01 (2024 \u2013 2028)<\/p>\n<p style=\"text-align: justify;\"><strong>EQUIPE EDITORIAL<\/strong><br \/>\nEditora \u2013 Chefe: Helene Gomes Sacco<\/p>\n<p style=\"text-align: justify;\"><em>O conte\u00fado e revis\u00e3o dos textos, \u00e9 de responsabilidade de suas respectivas autorias.<\/em><\/p>\n<p style=\"text-align: justify;\">Projeto Gr\u00e1fico e diagrama\u00e7\u00e3o: Emerson Ferreira, Patrick Tedesco e Pedro Elias Parente da Silveira.<\/p>\n<p style=\"text-align: justify;\">Revis\u00e3o: Emerson Ferreira, Patrick Tedesco, Pedro Elias Parente.<\/p>\n<p style=\"text-align: justify;\">Capa: Jessica Porci\u00fancula e Emerson Ferreira<\/p>\n<p style=\"text-align: justify;\"><strong>COMISS\u00c3O CIENT\u00cdFICA<\/strong><br \/>\nProf. Dr. Ana Cristina Ribeiro Silva (PPGArtes \u2013 CA \u2013 UFPel)<br \/>\nProf. Dr. Claudia Mariza Mattos Brand\u00e3o (PPGArtes \u2013 CA \u2013 UFPel)<br \/>\nProf. Dr. Eduarda Gon\u00e7alves Azevedo (PPGArtes \u2013 CA \u2013 UFPel)<br \/>\nProf. Dr. Eduardo Rocha (PROGRAU \u2013 FAUrb \u2013 UFPel)<br \/>\nProf. Dr. \u00c9dio Ranieri da Silva (PPGArtes \u2013 CA \u2013 UFPel)<br \/>\nProf. Dr. Felipe Caldas (FURG)<br \/>\nProf. Dr. Kelly Wendt (PPGArtes \u2013 CA \u2013 UFPel)<br \/>\nProf. Dr. Larissa Patron (PPGArtes \u2013 CA \u2013 UFPel)<br \/>\nProf. Dr. Lauer Alves Nunes dos Santos (PPGArtes \u2013 CA \u2013 UFPel)<br \/>\nProf. Dr. Marco Aur\u00e9lio da Cruz Souza (PPGArtes \u2013 CA \u2013 UFPel)<br \/>\nProf. Dr. Martha Gomes de Freitas (PPGArtes \u2013 CA \u2013 UFPel)<br \/>\nProf. Dr. Neiva Bohns (PPGArtes \u2013 CA \u2013 UFPel)<br \/>\nProf. Dr. N\u00e1dia da Cruz Senna (PPGArtes \u2013 CA \u2013 UFPel)<br \/>\nProf. Dr. Renata Azevedo Requi\u00e3o (PPGArtes \u2013 CA \u2013 UFPel)<br \/>\nProf. Dr. Ricardo Henrique Ayres Alves (PPGArtes \u2013 CA \u2013 UFPel)<br \/>\nProf. Dr. Rog\u00e9rio Vanderlei de Lima Trindade (PPGArtes \u2013 CA \u2013 UFPel)<br \/>\nProf. Dr. Roseli Aparecida da Silva Nery (PPGArtes \u2013 CA \u2013 UFPel)<br \/>\nProf\u00aa. Dr\u00aa. Thays Tonin (PPGART \u2013 UFSM)<\/p>\n<p style=\"text-align: justify;\"><strong>Doutorandos PPGARTES (UFPEL)<\/strong><br \/>\nDoutoranda Barbara Larruscahim (UFPel)<br \/>\nDoutorando Jailson Valentim dos Santos (UFPel)<br \/>\nDoutorando Jarbas Macedo (UFPel)<br \/>\nDoutoranda Jessica Fernandes Porciuncula (UFPel)<br \/>\nDoutoranda Kathleen Oliveira (UFPel)<br \/>\nDoutoranda Kelly de Oliveira Xavier (UFPel)<br \/>\nDoutoranda Larissa Schip (UFPel)<br \/>\nDoutorando Patrick Tedesco (UFPel)<br \/>\nDoutorando Pedro Elias Parente da Silveira (UFPel)<br \/>\nDoutorando Renan Silva do Espirito Santo (UFPel)<\/p>\n<p style=\"text-align: justify;\"><strong>Doutorandos (Turma 01)<\/strong><br \/>\nAna Beatriz Magalh\u00e3es Mattar<br \/>\nBarbara Larruschim da Costa<br \/>\nEmerson Ferreira da Silva<br \/>\nHamilton Oliveira Bittencourt Junior<br \/>\nJailson Valentim dos Santos<br \/>\nJarbas Gama Macedo<br \/>\nJessica Fernandes Porciuncula<br \/>\nKathleen Oliveira de Avila<br \/>\nKelly Xavier<br \/>\nLarissa Schip Ferreira de Deus<br \/>\nPatrick Tedesco<br \/>\nPedro Elias Parente da Silveira<br \/>\nRenan Silva do Espirito Santo<br \/>\nRogger da Silva Bandeira<br \/>\nTais Chaves Prestes<\/p>\n<p style=\"text-align: justify;\"><strong>Mestrandos (Turma 14)<\/strong><br \/>\nAmanda de Abreu<br \/>\nAna Beatriz Rosse<br \/>\nBarbara Calixto<br \/>\nBrenda Santos<br \/>\nHumberto Levy de Souza<br \/>\nJamila Macedo<br \/>\nLauren Mattiazzi Dilli<br \/>\nLucas Furtado<br \/>\nMariela Cardoso Corr\u00eaa<br \/>\nMatheus Braun<br \/>\nRafaela Barbosa Ribeiro<br \/>\nThairone Dorneles<\/p>\n","protected":false},"excerpt":{"rendered":"<p>UNIVERSIDADE FEDERAL DE PELOTAS Reitora: \u00darsula Rosa da Silva CENTRO DE ARTES (CA-UFPel) Dire\u00e7\u00e3o: Roberta Coelho Barros PROGRAMA DE P\u00d3S-GRADUA\u00c7\u00c3O EM ARTES Coordena\u00e7\u00e3o: Lauer Alves Nunes dos Santos Anais do Semin\u00e1rio Internacional de Pesquisa em Artes (SIPA) e do Semin\u00e1rio de Pesquisa do Mestrado em Artes Visuais (SPMAV) Entidade Promotora: Universidade Federal de Pelotas (UFPel) &hellip; <\/p>\n<p class=\"link-more\"><a href=\"https:\/\/wp.ufpel.edu.br\/sipa\/expediente\/\" class=\"more-link\">Continue lendo<span class=\"screen-reader-text\"> &#8220;Expediente&#8221;<\/span><\/a><\/p>\n","protected":false},"author":713,"featured_media":0,"parent":0,"menu_order":0,"comment_status":"closed","ping_status":"closed","template":"","meta":{"footnotes":""},"class_list":["post-223","page","type-page","status-publish","hentry"],"_links":{"self":[{"href":"https:\/\/wp.ufpel.edu.br\/sipa\/wp-json\/wp\/v2\/pages\/223","targetHints":{"allow":["GET"]}}],"collection":[{"href":"https:\/\/wp.ufpel.edu.br\/sipa\/wp-json\/wp\/v2\/pages"}],"about":[{"href":"https:\/\/wp.ufpel.edu.br\/sipa\/wp-json\/wp\/v2\/types\/page"}],"author":[{"embeddable":true,"href":"https:\/\/wp.ufpel.edu.br\/sipa\/wp-json\/wp\/v2\/users\/713"}],"replies":[{"embeddable":true,"href":"https:\/\/wp.ufpel.edu.br\/sipa\/wp-json\/wp\/v2\/comments?post=223"}],"version-history":[{"count":2,"href":"https:\/\/wp.ufpel.edu.br\/sipa\/wp-json\/wp\/v2\/pages\/223\/revisions"}],"predecessor-version":[{"id":225,"href":"https:\/\/wp.ufpel.edu.br\/sipa\/wp-json\/wp\/v2\/pages\/223\/revisions\/225"}],"wp:attachment":[{"href":"https:\/\/wp.ufpel.edu.br\/sipa\/wp-json\/wp\/v2\/media?parent=223"}],"curies":[{"name":"wp","href":"https:\/\/api.w.org\/{rel}","templated":true}]}}