{"id":219,"date":"2026-03-21T14:28:10","date_gmt":"2026-03-21T17:28:10","guid":{"rendered":"https:\/\/wp.ufpel.edu.br\/sipa\/?page_id=219"},"modified":"2026-03-21T14:28:10","modified_gmt":"2026-03-21T17:28:10","slug":"apresentacao","status":"publish","type":"page","link":"https:\/\/wp.ufpel.edu.br\/sipa\/apresentacao\/","title":{"rendered":"Apresenta\u00e7\u00e3o"},"content":{"rendered":"<p style=\"text-align: justify;\"><strong>ANAIS DO SEMIN\u00c1RIO INTERNACIONAL DE PESQUISA EM ARTES (SIPA) E SEMIN\u00c1RIO DE PESQUISA DO MESTRADO EM ARTES VISUAIS (SPMAV) &#8211; UFPEL<\/strong><\/p>\n<p style=\"text-align: justify;\">O Semin\u00e1rio Internacional de Pesquisa em Artes (SIPA) e o Semin\u00e1rio de Pesquisa do Mestrado em Artes Visuais (SPMAV) s\u00e3o eventos promovidos anualmente por discentes e docentes do Programa de P\u00f3s-gradua\u00e7\u00e3o em Artes da Universidade Federal de Pelotas (UFPel), Rio Grande do Sul, Brasil. O evento \u00e9 voltado a pesquisadores das po\u00e9ticas, educa\u00e7\u00e3o e teoria das artes (visuais, c\u00eanicas e musicais), vinculados ou n\u00e3o a institui\u00e7\u00f5es, assim como a discentes e egressos de Institui\u00e7\u00f5es de Ensino Superior (IES), nacionais e estrangeiras.<\/p>\n<p style=\"text-align: justify;\">O evento engloba as tr\u00eas linhas de pesquisa do PPGArtes\/UFPel: Educa\u00e7\u00e3o em Artes e Processos de Forma\u00e7\u00e3o Est\u00e9tica, Processos de Cria\u00e7\u00e3o e Po\u00e9ticas do Cotidiano, e Hist\u00f3rias e Teorias das Artes e Transversalidades. Assim, partindo das linhas de pesquisa, se abre espa\u00e7o para uma diversidade de investiga\u00e7\u00f5es que contribuem tamb\u00e9m para a constru\u00e7\u00e3o de m\u00faltiplos saberes.<\/p>\n<p style=\"text-align: justify;\">O evento prop\u00f5e diferentes <strong>formatos de participa\u00e7\u00e3o<\/strong>;<br \/>\nApresenta\u00e7\u00e3o de <strong>artigos<\/strong>, <strong>resumos<\/strong> e <strong>ensaios visuais<\/strong> para posterior publica\u00e7\u00e3o nos <strong>anais de nosso evento<\/strong>.<\/p>\n<p style=\"text-align: justify;\">As diretrizes do evento s\u00e3o padr\u00f5es para todos os anos, mas \u00e9 preciso observar a tem\u00e1tica e outras especificidades do evento de cada ano.<\/p>\n<p style=\"text-align: justify;\">Para mais informa\u00e7\u00f5es, consulte a aba: normas de publica\u00e7\u00e3o.<\/p>\n","protected":false},"excerpt":{"rendered":"<p>ANAIS DO SEMIN\u00c1RIO INTERNACIONAL DE PESQUISA EM ARTES (SIPA) E SEMIN\u00c1RIO DE PESQUISA DO MESTRADO EM ARTES VISUAIS (SPMAV) &#8211; UFPEL O Semin\u00e1rio Internacional de Pesquisa em Artes (SIPA) e o Semin\u00e1rio de Pesquisa do Mestrado em Artes Visuais (SPMAV) s\u00e3o eventos promovidos anualmente por discentes e docentes do Programa de P\u00f3s-gradua\u00e7\u00e3o em Artes da &hellip; <\/p>\n<p class=\"link-more\"><a href=\"https:\/\/wp.ufpel.edu.br\/sipa\/apresentacao\/\" class=\"more-link\">Continue lendo<span class=\"screen-reader-text\"> &#8220;Apresenta\u00e7\u00e3o&#8221;<\/span><\/a><\/p>\n","protected":false},"author":713,"featured_media":0,"parent":0,"menu_order":0,"comment_status":"closed","ping_status":"closed","template":"","meta":{"footnotes":""},"class_list":["post-219","page","type-page","status-publish","hentry"],"_links":{"self":[{"href":"https:\/\/wp.ufpel.edu.br\/sipa\/wp-json\/wp\/v2\/pages\/219","targetHints":{"allow":["GET"]}}],"collection":[{"href":"https:\/\/wp.ufpel.edu.br\/sipa\/wp-json\/wp\/v2\/pages"}],"about":[{"href":"https:\/\/wp.ufpel.edu.br\/sipa\/wp-json\/wp\/v2\/types\/page"}],"author":[{"embeddable":true,"href":"https:\/\/wp.ufpel.edu.br\/sipa\/wp-json\/wp\/v2\/users\/713"}],"replies":[{"embeddable":true,"href":"https:\/\/wp.ufpel.edu.br\/sipa\/wp-json\/wp\/v2\/comments?post=219"}],"version-history":[{"count":1,"href":"https:\/\/wp.ufpel.edu.br\/sipa\/wp-json\/wp\/v2\/pages\/219\/revisions"}],"predecessor-version":[{"id":220,"href":"https:\/\/wp.ufpel.edu.br\/sipa\/wp-json\/wp\/v2\/pages\/219\/revisions\/220"}],"wp:attachment":[{"href":"https:\/\/wp.ufpel.edu.br\/sipa\/wp-json\/wp\/v2\/media?parent=219"}],"curies":[{"name":"wp","href":"https:\/\/api.w.org\/{rel}","templated":true}]}}