{"id":216,"date":"2026-03-20T14:15:03","date_gmt":"2026-03-20T17:15:03","guid":{"rendered":"https:\/\/wp.ufpel.edu.br\/sipa\/?page_id=216"},"modified":"2026-03-20T14:15:03","modified_gmt":"2026-03-20T17:15:03","slug":"normas-de-publicacao","status":"publish","type":"page","link":"https:\/\/wp.ufpel.edu.br\/sipa\/normas-de-publicacao\/","title":{"rendered":"Normas de publica\u00e7\u00e3o"},"content":{"rendered":"<p style=\"text-align: justify;\"><strong>1. MODALIDADES DE PUBLICA\u00c7\u00c3O<\/strong><\/p>\n<p style=\"text-align: justify;\"><strong>ARTIGOS, RESUMOS E ENSAIOS VISUAIS<\/strong><\/p>\n<p style=\"text-align: justify;\">a) Poder\u00e3o submeter propostas de participa\u00e7\u00e3o \u2014 artigo ou ensaio visual \u2014 pessoas com t\u00edtulo de mestrado ou doutorado, bem como discentes de gradua\u00e7\u00e3o e p\u00f3s-gradua\u00e7\u00e3o, desde que em orienta\u00e7\u00e3o e\/ou coautoria com docentes vinculados a uma institui\u00e7\u00e3o de ensino superior.<\/p>\n<p style=\"text-align: justify;\">b) Cada participante poder\u00e1 inscrever at\u00e9 1 (um) trabalho individual e at\u00e9 2 (dois) trabalhos em coautoria.<\/p>\n<p style=\"text-align: justify;\">c) Cada trabalho poder\u00e1 ter, no m\u00e1ximo, 3 (tr\u00eas) autores.<\/p>\n<p style=\"text-align: justify;\">d) O conte\u00fado e a revis\u00e3o ortogr\u00e1fica e gramatical dos textos s\u00e3o de inteira responsabilidade dos proponentes.<\/p>\n<p style=\"text-align: justify;\">e) A escolha da modalidade de apresenta\u00e7\u00e3o (Grupo de Trabalho \u2013 GT ou Campo Propositivo) dever\u00e1 ser feita no momento da inscri\u00e7\u00e3o. Ap\u00f3s as submiss\u00f5es, os trabalhos ser\u00e3o distribu\u00eddos em eixos tem\u00e1ticos a partir da avalia\u00e7\u00e3o dos pareceristas (docentes e doutorandos).<\/p>\n<p style=\"text-align: justify;\">f) A participa\u00e7\u00e3o no evento requer o envio pr\u00e9vio do artigo ou ensaio visual at\u00e9 o dia 9 de novembro de 2025, data anterior \u00e0 realiza\u00e7\u00e3o do semin\u00e1rio.<\/p>\n<p style=\"text-align: justify;\">g) O artigo completo dever\u00e1 ter M\u00cdNIMO de 8 (oito) e M\u00c1XIMO de 15 (quinze) p\u00e1ginas.<\/p>\n<p style=\"text-align: justify;\">h) O resumo expandido dever\u00e1 ter no m\u00ednimo 3 (tr\u00eas) e no M\u00c1XIMO 4 (quatro) p\u00e1ginas.<\/p>\n<p style=\"text-align: justify;\">i) O ensaio visual dever\u00e1 ter M\u00cdNIMO DE 8 (OITO) e m\u00e1ximo de 15 (QUINZE) P\u00c1GINAS, sem restri\u00e7\u00e3o quanto ao n\u00famero e tamanho de imagens, desde que respeitado o LIMITE TOTAL DE P\u00c1GINAS E AS NORMAS AQUI PUBLICADAS.<\/p>\n<p style=\"text-align: justify;\">j) No momento da inscri\u00e7\u00e3o, a pessoa proponente dever\u00e1 enviar o artigo, resumo expandido ou ensaio visual em duas vers\u00f5es: uma COM IDENTIFICA\u00c7\u00c3O dos autores; e outra SEM IDENTIFICA\u00c7\u00c3O, para fins de avalia\u00e7\u00e3o cega pelos pares.<\/p>\n<p style=\"text-align: justify;\">k) Necessidades de acessibilidade devem ser informadas no ato da inscri\u00e7\u00e3o, para que a organiza\u00e7\u00e3o possa providenciar as adequa\u00e7\u00f5es necess\u00e1rias.<\/p>\n<p style=\"text-align: justify;\"><strong>2. PRAZOS IMPORTANTES<\/strong><\/p>\n<p style=\"text-align: justify;\">a) Os artigos, resumos expandidos e ensaios visuais poder\u00e3o ser submetidos at\u00e9 o dia 9 de novembro de 2025, \u00e0s 23h59.<\/p>\n<p style=\"text-align: justify;\">b) Ap\u00f3s o envio, os trabalhos ser\u00e3o avaliados por uma comiss\u00e3o de sele\u00e7\u00e3o. Caso aprovados, poder\u00e3o ser solicitadas corre\u00e7\u00f5es, ajustes ou adequa\u00e7\u00f5es ao formato do evento, conforme as orienta\u00e7\u00f5es da comiss\u00e3o. Caso seja solicitado ajuste, o reenvio do trabalho ser\u00e1 feito at\u00e9 dia 9 de dezembro de 2025, \u00e0s 23h59, posterior ao evento, de acordo com orienta\u00e7\u00f5es que ser\u00e3o enviadas junto ao parecer avaliativo.<\/p>\n<p style=\"text-align: justify;\">c) Ouvintes: poder\u00e3o se inscrever como ouvintes todas as pessoas interessadas da comunidade em geral, com participa\u00e7\u00e3o permitida especificamente nos Grupos de Trabalho (GTs).<\/p>\n<p style=\"text-align: justify;\">d) Nos Campos Propositivos, a presen\u00e7a ser\u00e1 restrita aos participantes inscritos, devido \u00e0 log\u00edstica e \u00e0 din\u00e2mica espec\u00edfica dessas atividades.<\/p>\n<p style=\"text-align: justify;\"><strong>3. DA SUBMISS\u00c3O<\/strong><\/p>\n<p style=\"text-align: justify;\">a) A pessoa participante dever\u00e1 preencher o formul\u00e1rio de submiss\u00e3o de trabalho e anexar os arquivos em formato Word (.doc ou .docx) do artigo e\/ou ensaio visual, nomeando o arquivo da seguinte forma:<br \/>\nMODALIDADE_EM_CAPSLOCK + Nome do Trabalho.doc<\/p>\n<p style=\"text-align: justify;\">b) Os artigos ser\u00e3o submetidos a partir do formul\u00e1rio abaixo: <a href=\"https:\/\/forms.gle\/xLgoDBkDVHopkAHP7\">https:\/\/forms.gle\/xLgoDBkDVHopkAHP7<\/a><\/p>\n<p style=\"text-align: justify;\">c) Resumos ser\u00e3o submetidos a partir do formul\u00e1rio abaixo:<br \/>\n<a href=\"https:\/\/docs.google.com\/forms\/d\/e\/1FAIpQLSeJi3L6awfvXyK0fld0WaoqrldWF4ftMRc8pSafjDk319pX6g\/closedform\">https:\/\/docs.google.com\/forms\/d\/e\/1FAIpQLSeJi3L6awfvXyK0fld0WaoqrldWF4ftMRc8pSafjDk319pX6g\/closedform<\/a><\/p>\n<p style=\"text-align: justify;\">d) Os ensaios visuais ser\u00e3o submetidos a partir do formul\u00e1rio abaixo: <a href=\"https:\/\/forms.gle\/85x2RjUzppSyZpg98\">https:\/\/forms.gle\/85x2RjUzppSyZpg98<\/a><\/p>\n<p style=\"text-align: justify;\">e) Para garantir a avalia\u00e7\u00e3o imparcial (cega), a segunda via dos trabalhos submetidos n\u00e3o deve conter qualquer identifica\u00e7\u00e3o de autoria, seja no corpo do texto, em notas, legendas de imagem, refer\u00eancias ou metadados do arquivo.<\/p>\n<p style=\"text-align: justify;\">f) Os artigos, resumos e ensaios visuais dever\u00e3o ser elaborados a partir do template oficial do evento, dispon\u00edvel no link abaixo:<br \/>\n<strong>TEMPLATES<\/strong> (artigo, resumo expandi e ensaio visual): <a href=\"https:\/\/drive.google.com\/drive\/folders\/1UYptpFJVLSTxhsYxpDL6BQP2Tl4d-FuS?usp=sharing\">https:\/\/drive.google.com\/drive\/folders\/1UYptpFJVLSTxhsYxpDL6BQP2Tl4d-FuS?usp=sharing<\/a><\/p>\n<p style=\"text-align: justify;\"><strong>4 NORMAS DE PUBLICA\u00c7\u00c3O<\/strong><\/p>\n<p style=\"text-align: justify;\"><strong>4.1. Ensaio Visual<\/strong><br \/>\na) A estrutura do Ensaio Visual dever\u00e1 conter, obrigatoriamente, os seguintes itens, nesta ordem:<br \/>\nT\u00edtulo, autoria, afilia\u00e7\u00e3o institucional, resumos e palavras-chave (em portugu\u00eas e em l\u00edngua estrangeira), imagens do ensaio, texto de apresenta\u00e7\u00e3o do ensaio e refer\u00eancias se houver.<\/p>\n<p style=\"text-align: justify;\">b) T\u00edtulo\/Subt\u00edtulo:<br \/>\nO t\u00edtulo deve aparecer no topo da primeira p\u00e1gina, centralizado, em caixa alta, negrito, fonte Arial, corpo 14.<\/p>\n<p style=\"text-align: justify;\">c) Autoria:<br \/>\nDuas linhas abaixo do t\u00edtulo, alinhado \u00e0 direita, devem constar os nomes dos autores e coautores, em fonte Arial, corpo 12, espa\u00e7amento simples. Na linha seguinte, deve ser indicada a afilia\u00e7\u00e3o institucional e o e-mail de cada autor, em fonte Arial, corpo 10, it\u00e1lico. O nome do(a) autor(a) principal deve aparecer sublinhado.<\/p>\n<p style=\"text-align: justify;\">d) Figuras:<br \/>\nAs imagens devem estar em formato .JPG, com resolu\u00e7\u00e3o m\u00ednima de 300 dpi, e alinhamento centralizado. As legendas devem vir centralizadas, com fonte Arial, corpo 10, espa\u00e7amento simples, contendo todas as informa\u00e7\u00f5es dispon\u00edveis sobre a imagem (ver modelo no template).<\/p>\n<p style=\"text-align: justify;\">e) Corpo do texto:<br \/>\nO ensaio visual deve incluir um texto de apresenta\u00e7\u00e3o, posicionado ap\u00f3s as imagens, com extens\u00e3o de uma p\u00e1gina, ou entre 1.000 e 5.000 caracteres.<br \/>\nA formata\u00e7\u00e3o deve seguir os seguintes par\u00e2metros:<br \/>\n\u25cf Fonte: Arial, corpo 12<br \/>\n\u25cf Espa\u00e7amento entre linhas: 1,5<br \/>\n\u25cf Alinhamento: justificado<br \/>\n\u25cf Espa\u00e7amento entre par\u00e1grafos: 0 pt antes e 12 pt depois<\/p>\n<p style=\"text-align: justify;\">f) Refer\u00eancias:<br \/>\nAs cita\u00e7\u00f5es no texto devem seguir o sistema autor-data, conforme o modelo:<br \/>\n\u25cf No corpo do texto: Miller; Junger (2010) ou Lee et al. (2000)<br \/>\n\u25cf Entre par\u00eanteses: (Miller; Junger, 2010) ou (Martins et al., 2011)<br \/>\n\u25cfAs refer\u00eancias completas devem ser apresentadas ao final, conforme as normas vigentes da ABNT (ver modelo no template).<\/p>\n<p style=\"text-align: justify;\">g) Obras:<br \/>\nOs ensaios visuais podem incluir obras j\u00e1 apresentadas anteriormente ao p\u00fablico, desde que devidamente identificadas.<\/p>\n<p style=\"text-align: justify;\">h) Tamanho Do Arquivo:<br \/>\nO arquivo final do ensaio visual deve ter tamanho m\u00e1ximo de 10 MB (megabytes).<\/p>\n<p style=\"text-align: justify;\">i) Envio De Imagens:<br \/>\nAl\u00e9m do arquivo principal, as imagens do ensaio visual devem ser enviadas separadamente, em uma pasta digital (Google Drive ou outro servi\u00e7o de armazenamento), para fins de editora\u00e7\u00e3o dos anais do evento. O link da pasta deve estar com acesso liberado para download pela equipe organizadora. Caso o download das imagens n\u00e3o possa ser realizado em at\u00e9 24 horas ap\u00f3s a solicita\u00e7\u00e3o, a inscri\u00e7\u00e3o ser\u00e1 desconsiderada.<\/p>\n<p style=\"text-align: justify;\">j) Direitos Autorais:<br \/>\nA organiza\u00e7\u00e3o do evento e dos anais n\u00e3o se responsabiliza pela obten\u00e7\u00e3o de direitos autorais (copyright) das imagens utilizadas nos ensaios visuais. Essa responsabilidade \u00e9 inteiramente do autor.<\/p>\n<p style=\"text-align: justify;\"><strong>4.2. Artigo Completo<\/strong><br \/>\na) Extens\u00e3o:<br \/>\nO artigo dever\u00e1 ter m\u00ednimo de 8 (oito) e m\u00e1ximo de 15 (quinze) p\u00e1ginas, incluindo todos os elementos do texto: t\u00edtulo, resumos, palavras-chave (em portugu\u00eas e em l\u00edngua estrangeira), notas de rodap\u00e9, legendas e refer\u00eancias.<\/p>\n<p style=\"text-align: justify;\">b) Formata\u00e7\u00e3o:<br \/>\nO texto deve ser elaborado em formato A4 (21 x 29,7 cm), com as seguintes margens:<br \/>\n\u25cf Superior e esquerda: 3,0 cm<br \/>\n\u25cf Inferior e direita: 2,0 cm<\/p>\n<p style=\"text-align: justify;\">c) Estrutura do texto:<br \/>\nO artigo dever\u00e1 conter, obrigatoriamente, os seguintes itens, nesta ordem: T\u00edtulo, t\u00edtulo em l\u00edngua estrangeira, autoria, afilia\u00e7\u00e3o institucional, e-mail, resumo, palavras-chave, resumo em l\u00edngua estrangeira, palavras-chave em l\u00edngua estrangeira, introdu\u00e7\u00e3o, discuss\u00e3o, considera\u00e7\u00f5es finais\/parciais e refer\u00eancias.<\/p>\n<p style=\"text-align: justify;\">d) T\u00edtulo\/Subt\u00edtulo:<br \/>\nO t\u00edtulo e o subt\u00edtulo devem aparecer no topo da primeira p\u00e1gina, centralizados, em caixa alta, negrito, fonte Arial, corpo 14.<\/p>\n<p style=\"text-align: justify;\">e) Autoria:<br \/>\nDuas linhas abaixo do t\u00edtulo, alinhados \u00e0 direita, devem constar os nomes dos autores e coautores, em fonte Arial, corpo 12, espa\u00e7amento simples. Na linha seguinte, indicar o nome da institui\u00e7\u00e3o em fonte Arial, corpo 10, it\u00e1lico.<br \/>\nO nome do(a) autor(a) principal deve ser sublinhado.<\/p>\n<p style=\"text-align: justify;\">f) Resumo:<br \/>\nO resumo deve conter entre 100 e 150 palavras, em par\u00e1grafo \u00fanico, alinhamento justificado, espa\u00e7amento simples, fonte Arial, corpo 12. Deve iniciar com a palavra RESUMO, em caixa alta e negrito, seguida de dois pontos.<\/p>\n<p style=\"text-align: justify;\">g) Palavras-Chave:<br \/>\nInserir de 3 (tr\u00eas) a 5 (cinco) palavras-chave, logo abaixo do resumo (com uma linha de espa\u00e7o).<br \/>\nDevem estar alinhadas \u00e0 esquerda, em fonte Arial, corpo 12, espa\u00e7amento simples, separadas por ponto, e precedidas do termo PALAVRAS-CHAVE, em caixa alta e negrito, seguida de dois pontos.<\/p>\n<p style=\"text-align: justify;\">h) Corpo do Texto:<br \/>\nO texto deve ser redigido em espa\u00e7amento 1,5, alinhamento justificado, com espa\u00e7o de 8 pt entre par\u00e1grafos, e fonte Arial, corpo 12. Os subt\u00edtulos devem ser alinhados \u00e0 esquerda, em negrito e caixa alta.<\/p>\n<p style=\"text-align: justify;\">i) Figuras e Tabelas:<br \/>\nO artigo poder\u00e1 conter at\u00e9 10 (dez) figuras e\/ou tabelas. As palavras \u201cFigura\u201d e \u201cTabela\u201d, quando citadas no texto ou nas legendas, devem ter inicial mai\u00fascula, em fonte Arial, corpo 12.<br \/>\nAs legendas devem ser centralizadas, com fonte Arial, corpo 10 e espa\u00e7amento simples.<br \/>\nAs imagens devem estar em formato .JPG, com resolu\u00e7\u00e3o m\u00ednima de 72 dpi e m\u00e1xima de 150 dpi, medindo entre 7 x 5 cm (m\u00ednimo) e 15 x 10 cm (m\u00e1ximo), com alinhamento centralizado.<\/p>\n<p style=\"text-align: justify;\">j) Refer\u00eancias:<br \/>\nAs cita\u00e7\u00f5es no texto devem seguir o sistema autor-data, conforme o modelo:<br \/>\n\u25cf No corpo do texto: Miller; Junger (2010) ou Lee et al. (2000)<br \/>\n\u25cf Entre par\u00eanteses: (Miller; Junger, 2010) ou (Martins et al., 2011)<br \/>\nAs refer\u00eancias completas devem ser apresentadas ao final do artigo, seguindo as normas vigentes da ABNT (ver modelo no template).<\/p>\n<p style=\"text-align: justify;\"><strong>4.3 Resumos Expandidos<\/strong><br \/>\na) Extens\u00e3o:<br \/>\nO resumo expandido dever\u00e1 ter M\u00cdNIMO DE 3 (TR\u00caS) e M\u00c1XIMO DE 4 (QUATRO) P\u00c1GINAS, incluindo todos os elementos do texto: t\u00edtulo, resumo, palavras-chave, notas de rodap\u00e9, legendas e refer\u00eancias.<\/p>\n<p style=\"text-align: justify;\">b) Formata\u00e7\u00e3o:<br \/>\nO texto deve ser elaborado em formato A4 (21 x 29,7 cm), com as seguintes margens:<br \/>\n\u25cf Superior e esquerda: 3,0 cm<br \/>\n\u25cf Inferior e direita: 2,0 cm<\/p>\n<p style=\"text-align: justify;\">c) Estrutura do texto:<br \/>\nO resumo dever\u00e1 conter, obrigatoriamente, os seguintes itens, nesta ordem:<br \/>\nT\u00edtulo, autoria, afilia\u00e7\u00e3o institucional, e-mail, resumo, palavras-chave, introdu\u00e7\u00e3o, discuss\u00e3o, considera\u00e7\u00f5es finais\/parciais e refer\u00eancias.<\/p>\n<p style=\"text-align: justify;\">d) T\u00edtulo\/Subt\u00edtulo:<br \/>\nO t\u00edtulo e o subt\u00edtulo devem aparecer no topo da primeira p\u00e1gina, centralizados, em caixa alta, negrito, fonte Arial, corpo 14.<\/p>\n<p style=\"text-align: justify;\">e) Autoria:<br \/>\nDuas linhas abaixo do t\u00edtulo, alinhados \u00e0 direita, devem constar os nomes dos autores e coautores, em fonte Arial, corpo 12, espa\u00e7amento simples. Na linha seguinte, indicar o nome da institui\u00e7\u00e3o em fonte Arial, corpo 10, it\u00e1lico.<br \/>\nO nome do(a) autor(a) principal deve ser sublinhado.<\/p>\n<p style=\"text-align: justify;\">f) Resumo:<br \/>\nO resumo deve conter entre 100 e 150 palavras, em par\u00e1grafo \u00fanico, alinhamento justificado, espa\u00e7amento simples, fonte Arial, corpo 12. Deve iniciar com a palavra RESUMO, em caixa alta e negrito, seguida de dois pontos.<\/p>\n<p style=\"text-align: justify;\">g) Palavras-Chave:<br \/>\nInserir de 3 (tr\u00eas) a 5 (cinco) palavras-chave, logo abaixo do resumo (com uma linha de espa\u00e7o).<br \/>\nDevem estar alinhadas \u00e0 esquerda, em fonte Arial, corpo 12, espa\u00e7amento simples, separadas por ponto, e precedidas do termo PALAVRAS-CHAVE, em caixa alta e negrito, seguida de dois pontos.<\/p>\n<p style=\"text-align: justify;\">h) Corpo Do Texto:<br \/>\nO texto do RESUMO EXPANDIDO deve ser redigido em espa\u00e7amento SIMPLES, alinhamento justificado, com espa\u00e7o de 8 pt entre par\u00e1grafos, e fonte Arial, corpo 12. Os subt\u00edtulos devem ser alinhados \u00e0 esquerda, em negrito e caixa alta.<\/p>\n<p style=\"text-align: justify;\">i) Figuras e Tabelas:<br \/>\nO resumo expandido poder\u00e1 conter at\u00e9 5 (cinco) figuras e\/ou tabelas. As palavras \u201cFigura\u201d e \u201cTabela\u201d, quando citadas no texto ou nas legendas, devem ter inicial mai\u00fascula, em fonte Arial, corpo 12.<br \/>\nAs legendas devem ser centralizadas, com fonte Arial, corpo 10 e espa\u00e7amento simples.<br \/>\nAs imagens devem estar em formato .JPG, com resolu\u00e7\u00e3o m\u00ednima de 72 dpi e m\u00e1xima de 150 dpi, medindo entre 7 x 5 cm (m\u00ednimo) e 15 x 10 cm (m\u00e1ximo), com alinhamento centralizado.<\/p>\n<p style=\"text-align: justify;\">j) Refer\u00eancias:<br \/>\nAs cita\u00e7\u00f5es no texto devem seguir o sistema autor-data, conforme o modelo:<br \/>\n\u25cf No corpo do texto: Miller; Junger (2010) ou Lee et al. (2000)<br \/>\n\u25cf Entre par\u00eanteses: (Miller; Junger, 2010) ou (Martins et al., 2011)<br \/>\nAs refer\u00eancias completas devem ser apresentadas ao final do artigo, seguindo as normas vigentes da ABNT (ver modelo no template).<\/p>\n<p style=\"text-align: justify;\"><strong>5. DA SELE\u00c7\u00c3O DOS TRABALHOS<\/strong><\/p>\n<p style=\"text-align: justify;\">A sele\u00e7\u00e3o dos trabalhos ser\u00e1 realizada pela Comiss\u00e3o Cient\u00edfica do evento, composta por professores do PPGArtes\/UFPel e convidados externos de outras institui\u00e7\u00f5es.<br \/>\nOs trabalhos selecionados poder\u00e3o ser devolvidos aos autores para a realiza\u00e7\u00e3o de corre\u00e7\u00f5es, ajustes ou complementa\u00e7\u00f5es, conforme as recomenda\u00e7\u00f5es da comiss\u00e3o de avalia\u00e7\u00e3o.<br \/>\nOs trabalhos selecionados dever\u00e3o ser apresentados ou discutidos durante o evento, de acordo com a modalidade de participa\u00e7\u00e3o escolhida no ato da inscri\u00e7\u00e3o.<br \/>\nCumpridos as normas aqui estabelecidas, os trabalhos ser\u00e3o publicados nos Anais do II SIPA \/ XIV SPMAV \u2013 Campo de Conflu\u00eancias, com lan\u00e7amento previsto para fevereiro de 2026.<br \/>\nA Comiss\u00e3o Organizadora reserva-se o direito de recusar propostas de comunica\u00e7\u00e3o consideradas lesivas aos Direitos Humanos ou prejudiciais aos espa\u00e7os expositivos do evento.<br \/>\nAs decis\u00f5es das comiss\u00f5es s\u00e3o soberanas.<br \/>\nO envio do aceite das propostas de participa\u00e7\u00e3o, ser\u00e1 realizado por e-mail. As datas, hor\u00e1rios e locais dos Grupos de Trabalho (GTs) ou Campos propositivos estar\u00e3o dispon\u00edveis nas m\u00eddias sociais, site e enviadas por e-mail.<\/p>\n<p style=\"text-align: justify;\"><strong>6. DAS CERTIFICA\u00c7\u00d5ES E PUBLICA\u00c7\u00d5ES<\/strong><\/p>\n<p style=\"text-align: justify;\">a) Ao submeter o trabalho, o(a) autor(a) autoriza o Programa de P\u00f3s-Gradua\u00e7\u00e3o em Artes (PPGArtes\/UFPel) e o Semin\u00e1rio Internacional de Pesquisa em Artes (SIPA\u2013PPGArtes\/UFPel) a divulgar, veicular e publicar o conte\u00fado submetido.<\/p>\n<p style=\"text-align: justify;\">b) Ser\u00e1 conferido certificado digital de participa\u00e7\u00e3o via e-mail somente para os trabalhos devidamente submetidos e com comparecimento efetivo nos Grupos de Trabalho e\/ou Campos propositivos, conforme as normas deste edital.<\/p>\n<p style=\"text-align: justify;\">c) A publica\u00e7\u00e3o nos Anais do evento ocorrer\u00e1 apenas para os trabalhos:<br \/>\n\u25cf devidamente apresentados;<br \/>\n\u25cfque atenderem aos pedidos de corre\u00e7\u00e3o ou revis\u00e3o solicitados pela comiss\u00e3o.<br \/>\n\u25cf Os anais ser\u00e3o publicados no site do evento, na aba \u201canais\u201d e do PPGArtes da UFPel e ser\u00e1 enviado e-mail com link para publica\u00e7\u00e3o ap\u00f3s o t\u00e9rmino dos processos editoriais.<\/p>\n<p style=\"text-align: justify;\">d) Os conte\u00fados expressos nos textos publicados nos Anais do II SIPA s\u00e3o de responsabilidade exclusiva das pessoas que os propuseram e assinam.<\/p>\n<p style=\"text-align: justify;\"><strong>7. NORMAS GERAIS DO EVENTO<\/strong><\/p>\n<p style=\"text-align: justify;\">a) O ato da inscri\u00e7\u00e3o autoriza automaticamente o uso de imagens e a grava\u00e7\u00e3o das intera\u00e7\u00f5es realizadas nos Grupos de Trabalho (GTs) e Campos Propositivos, para divulga\u00e7\u00e3o em redes sociais do evento, plataformas institucionais e relat\u00f3rios de pesquisa.<\/p>\n<p style=\"text-align: justify;\">b) O gerenciamento das salas de trabalho ser\u00e1 realizado por membros da organiza\u00e7\u00e3o, alunos e professores do PPGArtes da UFPel.<\/p>\n<p style=\"text-align: justify;\">c) Recomenda-se que os participantes adotem cuidados necess\u00e1rios para uma comunica\u00e7\u00e3o adequada ao contexto acad\u00eamico e profissional durante as discuss\u00f5es.<\/p>\n<p style=\"text-align: justify;\">d) A conduta indevida de pessoas que venha a ferir a integridade ou a seguran\u00e7a de participantes n\u00e3o \u00e9 de responsabilidade da Comiss\u00e3o Organizadora ou da institui\u00e7\u00e3o promotora do evento. Entretanto, medidas legais poder\u00e3o ser tomadas contra pessoas que descumpram as normas previstas neste edital.<\/p>\n<p style=\"text-align: justify;\">e) A mostra de trabalhos de discentes e o Festival Internacional de Videoarte (FIVA), assim como outras programa\u00e7\u00f5es do evento, respeitam a liberdade de express\u00e3o, podendo incluir conte\u00fados visuais e sonoros que causem desconforto ou que n\u00e3o sejam indicados para pessoas menores de 18 anos. Nesses casos, o conte\u00fado exibido ter\u00e1 indica\u00e7\u00e3o do p\u00fablico permitido.<\/p>\n<p style=\"text-align: justify;\">f) O envio de trabalhos autoriza o Programa de P\u00f3s-Gradua\u00e7\u00e3o em Artes Visuais (PPGArtes\/UFPel) II SIPA \u2013 Semin\u00e1rio Internacional de pesquisa em artes e o XIV SPMAV \u2013 Semin\u00e1rio de Pesquisa do Mestrado em Artes Visuais \u00e0 publica\u00e7\u00e3o do material.<\/p>\n<p style=\"text-align: justify;\">g) D\u00favidas ou informa\u00e7\u00f5es adicionais sobre o edital devem ser encaminhadas para o e-mail: <a href=\"mailto:sipa.ppgartes.ufpel@gmail.com\">sipa.ppgartes.ufpel@gmail.com<\/a><\/p>\n","protected":false},"excerpt":{"rendered":"<p>1. MODALIDADES DE PUBLICA\u00c7\u00c3O ARTIGOS, RESUMOS E ENSAIOS VISUAIS a) Poder\u00e3o submeter propostas de participa\u00e7\u00e3o \u2014 artigo ou ensaio visual \u2014 pessoas com t\u00edtulo de mestrado ou doutorado, bem como discentes de gradua\u00e7\u00e3o e p\u00f3s-gradua\u00e7\u00e3o, desde que em orienta\u00e7\u00e3o e\/ou coautoria com docentes vinculados a uma institui\u00e7\u00e3o de ensino superior. b) Cada participante poder\u00e1 inscrever &hellip; <\/p>\n<p class=\"link-more\"><a href=\"https:\/\/wp.ufpel.edu.br\/sipa\/normas-de-publicacao\/\" class=\"more-link\">Continue lendo<span class=\"screen-reader-text\"> &#8220;Normas de publica\u00e7\u00e3o&#8221;<\/span><\/a><\/p>\n","protected":false},"author":713,"featured_media":0,"parent":0,"menu_order":0,"comment_status":"closed","ping_status":"closed","template":"","meta":{"footnotes":""},"class_list":["post-216","page","type-page","status-publish","hentry"],"_links":{"self":[{"href":"https:\/\/wp.ufpel.edu.br\/sipa\/wp-json\/wp\/v2\/pages\/216","targetHints":{"allow":["GET"]}}],"collection":[{"href":"https:\/\/wp.ufpel.edu.br\/sipa\/wp-json\/wp\/v2\/pages"}],"about":[{"href":"https:\/\/wp.ufpel.edu.br\/sipa\/wp-json\/wp\/v2\/types\/page"}],"author":[{"embeddable":true,"href":"https:\/\/wp.ufpel.edu.br\/sipa\/wp-json\/wp\/v2\/users\/713"}],"replies":[{"embeddable":true,"href":"https:\/\/wp.ufpel.edu.br\/sipa\/wp-json\/wp\/v2\/comments?post=216"}],"version-history":[{"count":4,"href":"https:\/\/wp.ufpel.edu.br\/sipa\/wp-json\/wp\/v2\/pages\/216\/revisions"}],"predecessor-version":[{"id":242,"href":"https:\/\/wp.ufpel.edu.br\/sipa\/wp-json\/wp\/v2\/pages\/216\/revisions\/242"}],"wp:attachment":[{"href":"https:\/\/wp.ufpel.edu.br\/sipa\/wp-json\/wp\/v2\/media?parent=216"}],"curies":[{"name":"wp","href":"https:\/\/api.w.org\/{rel}","templated":true}]}}