{"id":2,"date":"2025-10-13T14:26:44","date_gmt":"2025-10-13T17:26:44","guid":{"rendered":"https:\/\/wp.ufpel.edu.br\/sipa\/?page_id=2"},"modified":"2025-11-20T19:22:00","modified_gmt":"2025-11-20T22:22:00","slug":"pagina-exemplo","status":"publish","type":"page","link":"https:\/\/wp.ufpel.edu.br\/sipa\/","title":{"rendered":"In\u00edcio"},"content":{"rendered":"\r\n<p style=\"text-align: justify;\"><span style=\"font-weight: 400;\">O 2\u00ba Semin\u00e1rio Internacional de Pesquisa em Artes (SIPA) e o 14\u00ba Semin\u00e1rio de Pesquisa do Mestrado em Artes Visuais s\u00e3o promovidos por discentes e docentes do Programa de P\u00f3s-gradua\u00e7\u00e3o em Artes da Universidade Federal de Pelotas (UFPel), Rio Grande do Sul, Brasil. O evento \u00e9 voltado a pesquisadores das po\u00e9ticas, educa\u00e7\u00e3o e teoria das artes (visuais, c\u00eanicas e musicais), vinculados ou n\u00e3o a institui\u00e7\u00f5es, assim como a discentes e egressos de Institui\u00e7\u00f5es de Ensino Superior (IES), nacionais e estrangeiras.<\/span><\/p>\r\n<p style=\"text-align: justify;\"><span style=\"font-weight: 400;\">O evento engloba as tr\u00eas linhas de pesquisa do PPGArtes\/UFPel: Educa\u00e7\u00e3o em Artes e Processos de Forma\u00e7\u00e3o Est\u00e9tica, Processos de Cria\u00e7\u00e3o e Po\u00e9ticas do Cotidiano, e Hist\u00f3rias e Teorias das Artes e Transversalidades. Assim, partindo das linhas de pesquisa, se abre espa\u00e7o para uma diversidade de investiga\u00e7\u00f5es que contribuem tamb\u00e9m para a constru\u00e7\u00e3o de m\u00faltiplos saberes.<\/span><\/p>\r\n<p><span style=\"background-color: #ffcc00;\"><a style=\"background-color: #ffcc00;\" href=\"https:\/\/forms.gle\/7Y4SdSWpCphYKthJA\"><strong>\u00a0INSCRI\u00c7\u00d5ES OUVINTES (Formul\u00e1rio aqui)<\/strong><\/a><\/span><\/p>\r\n<p>2 a 4 de dezembro de 2025<br \/>Centro de Artes \/ UFPel<\/p>\r\n<p>Modalidades de apresenta\u00e7\u00e3o de GTs e Campos Propositivos, com artigos completos e\/ou ensaios visuais e\/ou resumos expandidos.<\/p>\r\n<p>Templates para submiss\u00e3o nos editais abaixo:<\/p>\r\n<p><strong><a href=\"https:\/\/drive.google.com\/file\/d\/1M-N5OWDkC1Nc6M5kH5qq7IDdCcKmTUCD\/view?usp=sharing\">EDITAL 2025 \/ PPGARTES UFPEL<\/a> | <a href=\"https:\/\/drive.google.com\/file\/d\/1CFVBVcP-JoGFHEQiWJncCZOcIRx-xMKJ\/view?usp=drive_link\">RETIFICA\u00c7\u00c3O EDITAL<\/a><\/strong><a href=\"https:\/\/drive.google.com\/file\/d\/1CFVBVcP-JoGFHEQiWJncCZOcIRx-xMKJ\/view?usp=drive_link\"> (NOVO)<\/a><\/p>\r\n<p><strong><a href=\"https:\/\/docs.google.com\/forms\/d\/e\/1FAIpQLScPGw4R73DEpfS3b4FdrbPDIqr1UmtZ_7SaBGnW1PwiU7-mdg\/viewform\">INSCRI\u00c7\u00d5ES DE ARTIGO COMPLETO<\/a><\/strong><\/p>\r\n<p><strong><a href=\"https:\/\/docs.google.com\/forms\/d\/e\/1FAIpQLSff_H8pk3u0_b82dvIOXZQYFD_itM9WIFp2TZgluVnHmC7wdw\/viewform\">INSCRI\u00c7\u00d5ES DE ENSAIO VISUAL<\/a><\/strong><\/p>\r\n<p><strong><a href=\"https:\/\/docs.google.com\/forms\/d\/e\/1FAIpQLSeJi3L6awfvXyK0fld0WaoqrldWF4ftMRc8pSafjDk319pX6g\/viewform?fbzx=610290974408616901\">INSCRI\u00c7\u00d5ES RESUMO EXPANDIDO<\/a><\/strong><a href=\"https:\/\/docs.google.com\/forms\/d\/e\/1FAIpQLSeJi3L6awfvXyK0fld0WaoqrldWF4ftMRc8pSafjDk319pX6g\/viewform?fbzx=610290974408616901\"> (NOVO)<\/a><\/p>\r\n<p>D\u00favidas pelo email:<br \/><a href=\"mailto:sipa.ppgartes.ufpel@gmail.com\">sipa.ppgartes.ufpel@gmail.com<\/a><\/p>\r\n<p>&nbsp;<\/p>\r\n<p style=\"text-align: justify;\"><b>Do tema<\/b><\/p>\r\n<p style=\"text-align: justify;\"><b>CAMPO DE CONFLU\u00caNCIAS<\/b><\/p>\r\n<p style=\"text-align: justify;\"><span style=\"font-weight: 400;\">No pampa, <\/span><b>campo <\/b><span style=\"font-weight: 400;\">\u00e9 um horizonte amplo que permite ao olhar de tantos artistas percorrer plan\u00edcies e prospectar novos horizontes existenciais e conceituais de cria\u00e7\u00e3o. Como cultivo, campo tamb\u00e9m se torna espa\u00e7o de jogos, integra\u00e7\u00f5es e din\u00e2micas entre corpos, tempos, territ\u00f3rios e objetos, onde da contempla\u00e7\u00e3o e da a\u00e7\u00e3o nascem novos sentidos. Trata-se de uma geometria sens\u00edvel que conecta corpo e mundo, inspirada no cuidado e na aten\u00e7\u00e3o ao tempo de espera como met\u00e1fora para a germina\u00e7\u00e3o da pesquisa em Arte no extremo sul do Brasil. <\/span><b>Conflui <\/b><span style=\"font-weight: 400;\">dessa experi\u00eancia com a terra o interesse pelo encontro e seus frutos, assim como o interesse pelo olhar cr\u00edtico ao espa\u00e7o que se perde diariamente \u00e0 m\u00e1quina neoliberal que come a natureza. Amparados na ideia de conflu\u00eancia de Ant\u00f4nio Bispo dos Santos, o Nego Bispo, que diz que quando um rio encontra outro rio n\u00e3o deixa de ser ele mesmo, mas passa a ser ele e outros rios, compreendemos o valor dos encontros gerados em eventos de pesquisa como este, que abarcam e confluenciam diferentes formas de produ\u00e7\u00e3o no grande campo das Artes.<\/span><\/p>\r\n<p style=\"text-align: justify;\"><span style=\"font-weight: 400;\">O tema <\/span><b>CAMPO DE CONFLU\u00caNCIAS<\/b><span style=\"font-weight: 400;\"> prop\u00f5e o encontro com um l\u00f3cus espec\u00edfico \u2014 um territ\u00f3rio de a\u00e7\u00e3o, vida e cria\u00e7\u00e3o \u2014 destinado \u00e0 produ\u00e7\u00e3o de pensamento nas pesquisas em Artes. O evento parte dessa ideia de \u201ccampo\u201d como espa\u00e7os de cultivo, jogo e troca para estabelecer a comunh\u00e3o entre corpo, contexto e estado de presen\u00e7a. Neste lugar, quest\u00f5es do mundo contempor\u00e2neo e da Arte, atravessando cada pesquisa, apontam formas de vincula\u00e7\u00e3o e de posicionamento. Por encontros que se tocam, trocam, se orientam e desorientam dentro de um campo coletivo de cultivo. Por pr\u00e1ticas, linguagens e experi\u00eancias se entrela\u00e7am, fazendo emergir saberes e modos de pensar e fazer arte que revelam diferentes maneiras de habitar, compreender e criar mundos.<\/span><\/p>\r\n<p>&nbsp;<\/p>\r\n<p style=\"text-align: justify;\"><b>Do formato<\/b><\/p>\r\n<p style=\"text-align: justify;\"><span style=\"font-weight: 400;\">Como pensar um evento de pesquisa em\/sobre artes? Onde come\u00e7a? Como acontece? Onde termina? Longe de buscar respostas, deixamo-nos mover pelas pr\u00f3prias perguntas. \u00c9 a partir delas que propomos reelaborar formatos e ampliar os campos de encontro a partir da conflu\u00eancia.<\/span><\/p>\r\n<p style=\"text-align: justify;\"><span style=\"font-weight: 400;\">A programa\u00e7\u00e3o inclui Roda de Conflu\u00eancias com convidados, exposi\u00e7\u00e3o, atividade cultural de rua e publica\u00e7\u00e3o de artigos e ensaios visuais. Junto ao formato <\/span><b>Grupos de Trabalho<\/b><span style=\"font-weight: 400;\"> convencionais com apresenta\u00e7\u00f5es de 15 minutos e debate, o SIPA prop\u00f5e os <\/span><b>Campos Propositivos<\/b><span style=\"font-weight: 400;\">, que ser\u00e3o lugares de conv\u00edvio, experimenta\u00e7\u00e3o e cria\u00e7\u00e3o colaborativa. Estes ser\u00e3o atravessados pela disponibilidade de escuta, pelo risco, pela abertura e pelo gesto propositivo. \u00c9 um convite a dar tempo ao tempo, ao acontecimento da participa\u00e7\u00e3o, e \u00e0 valoriza\u00e7\u00e3o do compartilhamento. No momento da inscri\u00e7\u00e3o, podem ser submetidos trabalhos conclu\u00eddos ou pesquisas em processo. Cada participante poder\u00e1 indicar a forma de participa\u00e7\u00e3o: GTs ou Campos Propositivos.<\/span><\/p>\r\n<p style=\"text-align: justify;\"><span style=\"font-weight: 400;\">O 2\u00ba SIPA, acreditando na pot\u00eancia do conv\u00edvio e da abertura metodol\u00f3gica, aposta na heterogeneidade e na fluidez das conflu\u00eancias entre diferentes frentes te\u00f3rico-pr\u00e1ticas da pesquisa. A proposta do 2\u00ba SIPA (e do 14\u00ba SPMAV) busca gerar aproxima\u00e7\u00f5es de temas, suas quest\u00f5es e seus resultados dos diferentes processos, no intuito de gerar contribui\u00e7\u00f5es na forma\u00e7\u00e3o de quem produz conhecimento neste campo.<\/span><\/p>\r\n","protected":false},"excerpt":{"rendered":"<p>O 2\u00ba Semin\u00e1rio Internacional de Pesquisa em Artes (SIPA) e o 14\u00ba Semin\u00e1rio de Pesquisa do Mestrado em Artes Visuais s\u00e3o promovidos por discentes e docentes do Programa de P\u00f3s-gradua\u00e7\u00e3o em Artes da Universidade Federal de Pelotas (UFPel), Rio Grande do Sul, Brasil. O evento \u00e9 voltado a pesquisadores das po\u00e9ticas, educa\u00e7\u00e3o e teoria das &hellip; <\/p>\n<p class=\"link-more\"><a href=\"https:\/\/wp.ufpel.edu.br\/sipa\/\" class=\"more-link\">Continue lendo<span class=\"screen-reader-text\"> &#8220;In\u00edcio&#8221;<\/span><\/a><\/p>\n","protected":false},"author":713,"featured_media":0,"parent":0,"menu_order":0,"comment_status":"closed","ping_status":"closed","template":"","meta":{"footnotes":""},"class_list":["post-2","page","type-page","status-publish","hentry"],"_links":{"self":[{"href":"https:\/\/wp.ufpel.edu.br\/sipa\/wp-json\/wp\/v2\/pages\/2","targetHints":{"allow":["GET"]}}],"collection":[{"href":"https:\/\/wp.ufpel.edu.br\/sipa\/wp-json\/wp\/v2\/pages"}],"about":[{"href":"https:\/\/wp.ufpel.edu.br\/sipa\/wp-json\/wp\/v2\/types\/page"}],"author":[{"embeddable":true,"href":"https:\/\/wp.ufpel.edu.br\/sipa\/wp-json\/wp\/v2\/users\/713"}],"replies":[{"embeddable":true,"href":"https:\/\/wp.ufpel.edu.br\/sipa\/wp-json\/wp\/v2\/comments?post=2"}],"version-history":[{"count":3,"href":"https:\/\/wp.ufpel.edu.br\/sipa\/wp-json\/wp\/v2\/pages\/2\/revisions"}],"predecessor-version":[{"id":166,"href":"https:\/\/wp.ufpel.edu.br\/sipa\/wp-json\/wp\/v2\/pages\/2\/revisions\/166"}],"wp:attachment":[{"href":"https:\/\/wp.ufpel.edu.br\/sipa\/wp-json\/wp\/v2\/media?parent=2"}],"curies":[{"name":"wp","href":"https:\/\/api.w.org\/{rel}","templated":true}]}}