{"id":39,"date":"2021-08-25T18:33:38","date_gmt":"2021-08-25T21:33:38","guid":{"rendered":"https:\/\/wp.ufpel.edu.br\/sinapse\/?page_id=39"},"modified":"2021-08-25T18:33:38","modified_gmt":"2021-08-25T21:33:38","slug":"colunas-semanais","status":"publish","type":"page","link":"https:\/\/wp.ufpel.edu.br\/sinapse\/colunas-semanais\/","title":{"rendered":"Colunas semanais"},"content":{"rendered":"<blockquote><p><strong>De olho na informa\u00e7\u00e3o<\/strong><\/p><\/blockquote>\n<p><!--nextpage--><\/p>\n<blockquote><p><strong>Indica\u00e7\u00f5es Sin\u00e1pticas<\/strong><\/p><\/blockquote>\n<p><!--nextpage--><\/p>\n<blockquote><p><strong>Giro de Not\u00edcias<\/strong><\/p><\/blockquote>\n<p><!--nextpage--><\/p>\n<blockquote><p><strong>Projetivando<\/strong><\/p><\/blockquote>\n","protected":false},"excerpt":{"rendered":"<p>De olho na informa\u00e7\u00e3o<\/p>\n","protected":false},"author":1178,"featured_media":0,"parent":0,"menu_order":0,"comment_status":"closed","ping_status":"closed","template":"","meta":{"footnotes":""},"class_list":["post-39","page","type-page","status-publish","hentry"],"_links":{"self":[{"href":"https:\/\/wp.ufpel.edu.br\/sinapse\/wp-json\/wp\/v2\/pages\/39","targetHints":{"allow":["GET"]}}],"collection":[{"href":"https:\/\/wp.ufpel.edu.br\/sinapse\/wp-json\/wp\/v2\/pages"}],"about":[{"href":"https:\/\/wp.ufpel.edu.br\/sinapse\/wp-json\/wp\/v2\/types\/page"}],"author":[{"embeddable":true,"href":"https:\/\/wp.ufpel.edu.br\/sinapse\/wp-json\/wp\/v2\/users\/1178"}],"replies":[{"embeddable":true,"href":"https:\/\/wp.ufpel.edu.br\/sinapse\/wp-json\/wp\/v2\/comments?post=39"}],"version-history":[{"count":1,"href":"https:\/\/wp.ufpel.edu.br\/sinapse\/wp-json\/wp\/v2\/pages\/39\/revisions"}],"predecessor-version":[{"id":41,"href":"https:\/\/wp.ufpel.edu.br\/sinapse\/wp-json\/wp\/v2\/pages\/39\/revisions\/41"}],"wp:attachment":[{"href":"https:\/\/wp.ufpel.edu.br\/sinapse\/wp-json\/wp\/v2\/media?parent=39"}],"curies":[{"name":"wp","href":"https:\/\/api.w.org\/{rel}","templated":true}]}}