{"id":89,"date":"2016-07-20T10:15:37","date_gmt":"2016-07-20T13:15:37","guid":{"rendered":"https:\/\/wp.ufpel.edu.br\/simposioppgecm\/?page_id=89"},"modified":"2019-09-18T11:38:22","modified_gmt":"2019-09-18T14:38:22","slug":"dados-bancarios","status":"publish","type":"page","link":"https:\/\/wp.ufpel.edu.br\/simposioppgecm\/inscricao\/dados-bancarios\/","title":{"rendered":"Dados Banc\u00e1rios"},"content":{"rendered":"<p>O pagamento da inscri\u00e7\u00e3o dever\u00e1 ser realizado por GRU, <strong>at\u00e9 o dia 20 de setembro<\/strong>, <strong><span style=\"color: #339966\"><a style=\"color: #339966\" href=\"http:\/\/consulta.tesouro.fazenda.gov.br\/gru_novosite\/gru_simples.asp\" target=\"_blank\" rel=\"noopener noreferrer\">CLICANDO AQUI<\/a><\/span><\/strong>, e utilizando os dados abaixo indicados:<\/p>\n<p>Unidade Gestora (UG): 154047<br \/>\nGest\u00e3o: 15264<br \/>\nC\u00f3digo de Recolhimento: 28911-6<\/p>\n<p><strong>OBSERVA\u00c7\u00d5ES IMPORTANTES:<\/strong><\/p>\n<ol>\n<li>EM CASO DE PAGAMENTO VIA GRU, \u00c9 OBRIGAT\u00d3RIO ENTREGAR O COMPROVANTE DA GRU ORIGINAL DURANTE O CREDENCIAMENTO PARA RECEBER O CERTIFICADO.<\/li>\n<li>N\u00c3O SER\u00c3O RECEBIDAS, PARA FINS DE PAGAMENTO DE INSCRI\u00c7\u00c3O, GRUS PAGAS AP\u00d3S O DIA 20 DE SETEMBRO DE 2019.<\/li>\n<li>OUVINTES, CASO REALIZEM A INSCRI\u00c7\u00c3O ONLINE, AP\u00d3S O DIA 20 DE SETEMBRO DE 2019, N\u00c3O DEVER\u00c3O REALIZAR O PAGAMENTO VIA GRU. O PAGAMENTO AP\u00d3S O DIA 20 DE SETEMBRO S\u00d3 PODER\u00c1 SER REALIZADO EM DINHEIRO NO ATO DO CREDENCIAMENTO.<\/li>\n<\/ol>\n","protected":false},"excerpt":{"rendered":"<p>O pagamento da inscri\u00e7\u00e3o dever\u00e1 ser realizado por GRU, at\u00e9 o dia 20 de setembro, CLICANDO AQUI, e utilizando os dados abaixo indicados: Unidade Gestora (UG): 154047 Gest\u00e3o: 15264 C\u00f3digo de Recolhimento: 28911-6 OBSERVA\u00c7\u00d5ES IMPORTANTES: EM CASO DE PAGAMENTO VIA GRU, \u00c9 OBRIGAT\u00d3RIO ENTREGAR O COMPROVANTE DA GRU ORIGINAL DURANTE O CREDENCIAMENTO PARA RECEBER O [&hellip;]<\/p>\n","protected":false},"author":112,"featured_media":0,"parent":53,"menu_order":4,"comment_status":"closed","ping_status":"closed","template":"","meta":{"footnotes":""},"class_list":["post-89","page","type-page","status-publish","hentry"],"_links":{"self":[{"href":"https:\/\/wp.ufpel.edu.br\/simposioppgecm\/wp-json\/wp\/v2\/pages\/89","targetHints":{"allow":["GET"]}}],"collection":[{"href":"https:\/\/wp.ufpel.edu.br\/simposioppgecm\/wp-json\/wp\/v2\/pages"}],"about":[{"href":"https:\/\/wp.ufpel.edu.br\/simposioppgecm\/wp-json\/wp\/v2\/types\/page"}],"author":[{"embeddable":true,"href":"https:\/\/wp.ufpel.edu.br\/simposioppgecm\/wp-json\/wp\/v2\/users\/112"}],"replies":[{"embeddable":true,"href":"https:\/\/wp.ufpel.edu.br\/simposioppgecm\/wp-json\/wp\/v2\/comments?post=89"}],"version-history":[{"count":10,"href":"https:\/\/wp.ufpel.edu.br\/simposioppgecm\/wp-json\/wp\/v2\/pages\/89\/revisions"}],"predecessor-version":[{"id":440,"href":"https:\/\/wp.ufpel.edu.br\/simposioppgecm\/wp-json\/wp\/v2\/pages\/89\/revisions\/440"}],"up":[{"embeddable":true,"href":"https:\/\/wp.ufpel.edu.br\/simposioppgecm\/wp-json\/wp\/v2\/pages\/53"}],"wp:attachment":[{"href":"https:\/\/wp.ufpel.edu.br\/simposioppgecm\/wp-json\/wp\/v2\/media?parent=89"}],"curies":[{"name":"wp","href":"https:\/\/api.w.org\/{rel}","templated":true}]}}