{"id":82,"date":"2016-07-18T13:28:07","date_gmt":"2016-07-18T16:28:07","guid":{"rendered":"https:\/\/wp.ufpel.edu.br\/simposioppgecm\/?page_id=82"},"modified":"2019-09-18T11:59:13","modified_gmt":"2019-09-18T14:59:13","slug":"formulario-inscricao","status":"publish","type":"page","link":"https:\/\/wp.ufpel.edu.br\/simposioppgecm\/inscricao\/formulario-inscricao\/","title":{"rendered":"Formul\u00e1rio de Inscri\u00e7\u00e3o"},"content":{"rendered":"<p>APRESENTADORES: ANTES DE REALIZAR A INSCRI\u00c7\u00c3O <span style=\"color: #339966\"><strong><a style=\"color: #339966\" href=\"https:\/\/wp.ufpel.edu.br\/simposioppgecm\/4-simposio\/normas\/\" target=\"_blank\" rel=\"noopener noreferrer\">CLIQUE\u00a0AQUI<\/a>\u00a0<\/strong><\/span>E LEIA AS NORMAS PARA SUBMISS\u00c3O DE TRABALHOS.<\/p>\n<p>\u00bb Per\u00edodo de inscri\u00e7\u00e3o (modalidade ouvinte):\u00a012 de agosto de 2019 at\u00e9 o dia do evento.<br \/>\n\u00bb Per\u00edodo de inscri\u00e7\u00e3o (modalidade apresentador):\u00a012 a 31 de agosto de 2019.<br \/>\n\u00bb Per\u00edodo de \u00a0submiss\u00e3o de trabalhos: 12 a 31 de agosto de 2019.<br \/>\n\u00bb Aviso de aceite\u00a0dos trabalhos: at\u00e9\u00a016 de outubro de 2019.<br \/>\n\u00bb Taxa de Inscri\u00e7\u00e3o para o evento: R$ 30,00.<\/p>\n<p>Ap\u00f3s preencher os dados necess\u00e1rios, clique no bot\u00e3o ENVIAR e aguarde a confirma\u00e7\u00e3o;<\/p>\n<p>O pagamento da inscri\u00e7\u00e3o dever\u00e1 ser realizado por GRU, <strong>at\u00e9 o dia 20 de setembro de 2019<\/strong>, <strong><span style=\"color: #339966\"><a style=\"color: #339966\" href=\"http:\/\/consulta.tesouro.fazenda.gov.br\/gru_novosite\/gru_simples.asp\" target=\"_blank\" rel=\"noopener noreferrer\">CLICANDO AQUI<\/a> <\/span><\/strong>e utilizando os dados abaixo indicados:<br \/>\nUnidade Gestora (UG): 154047<br \/>\nGest\u00e3o: 15264<br \/>\nC\u00f3digo de Recolhimento: 28911-6<\/p>\n<p><strong>OBSERVA\u00c7\u00d5ES IMPORTANTES:<\/strong><\/p>\n<ol>\n<li>EM CASO DE PAGAMENTO VIA GRU, \u00c9 OBRIGAT\u00d3RIO ENTREGAR O COMPROVANTE DA GRU ORIGINAL DURANTE O CREDENCIAMENTO PARA RECEBER O CERTIFICADO.<\/li>\n<li>N\u00c3O SER\u00c3O RECEBIDAS, PARA FINS DE PAGAMENTO DE INSCRI\u00c7\u00c3O, GRUS PAGAS AP\u00d3S O DIA 20 DE SETEMBRO DE 2019.<\/li>\n<li>OUVINTES, CASO REALIZEM A INSCRI\u00c7\u00c3O ONLINE, AP\u00d3S O DIA 20 DE SETEMBRO DE 2019, N\u00c3O DEVER\u00c3O REALIZAR O PAGAMENTO VIA GRU. O PAGAMENTO AP\u00d3S O DIA 20 DE SETEMBRO S\u00d3 PODER\u00c1 SER REALIZADO EM DINHEIRO NO ATO DO CREDENCIAMENTO.<\/li>\n<\/ol>\n<table class=\"aligncenter\" style=\"width: 60%;border-collapse: collapse;border-color: #c9c9c9;background-color: #a6bdb6\" border=\"1\">\n<tbody>\n<tr>\n<td style=\"width: 100%\"><strong><span style=\"color: #000000\">\n<div class=\"wpcf7 no-js\" id=\"wpcf7-f85-o1\" lang=\"pt-BR\" dir=\"ltr\" data-wpcf7-id=\"85\">\n<div class=\"screen-reader-response\"><p role=\"status\" aria-live=\"polite\" aria-atomic=\"true\"><\/p> <ul><\/ul><\/div>\n<form action=\"\/simposioppgecm\/wp-json\/wp\/v2\/pages\/82#wpcf7-f85-o1\" method=\"post\" class=\"wpcf7-form init\" aria-label=\"Formul\u00e1rios de contato\" enctype=\"multipart\/form-data\" novalidate=\"novalidate\" data-status=\"init\">\n<fieldset class=\"hidden-fields-container\"><input type=\"hidden\" name=\"_wpcf7\" value=\"85\" \/><input type=\"hidden\" name=\"_wpcf7_version\" value=\"6.1.4\" \/><input type=\"hidden\" name=\"_wpcf7_locale\" value=\"pt_BR\" \/><input type=\"hidden\" name=\"_wpcf7_unit_tag\" value=\"wpcf7-f85-o1\" \/><input type=\"hidden\" name=\"_wpcf7_container_post\" value=\"0\" \/><input type=\"hidden\" name=\"_wpcf7_posted_data_hash\" value=\"\" \/>\n<\/fieldset>\n<p>Nome Completo*\n<\/p>\n<p><span class=\"wpcf7-form-control-wrap\" data-name=\"Nome\"><input size=\"40\" maxlength=\"400\" class=\"wpcf7-form-control wpcf7-text wpcf7-validates-as-required\" aria-required=\"true\" aria-invalid=\"false\" value=\"\" type=\"text\" name=\"Nome\" \/><\/span>\n<\/p>\n<p>E-mail*\n<\/p>\n<p><span class=\"wpcf7-form-control-wrap\" data-name=\"email\"><input size=\"40\" maxlength=\"400\" class=\"wpcf7-form-control wpcf7-email wpcf7-validates-as-required wpcf7-text wpcf7-validates-as-email\" aria-required=\"true\" aria-invalid=\"false\" value=\"\" type=\"email\" name=\"email\" \/><\/span>\n<\/p>\n<p>Endere\u00e7o\n<\/p>\n<p><span class=\"wpcf7-form-control-wrap\" data-name=\"Endereco\"><input size=\"40\" maxlength=\"400\" class=\"wpcf7-form-control wpcf7-text\" aria-invalid=\"false\" value=\"\" type=\"text\" name=\"Endereco\" \/><\/span>\n<\/p>\n<p>CEP\n<\/p>\n<p><span class=\"wpcf7-form-control-wrap\" data-name=\"cep\"><input size=\"40\" maxlength=\"400\" class=\"wpcf7-form-control wpcf7-text\" aria-invalid=\"false\" value=\"\" type=\"text\" name=\"cep\" \/><\/span>\n<\/p>\n<p>Telefone Residencial\n<\/p>\n<p><span class=\"wpcf7-form-control-wrap\" data-name=\"telefone\"><input size=\"40\" maxlength=\"400\" class=\"wpcf7-form-control wpcf7-tel wpcf7-text wpcf7-validates-as-tel\" aria-invalid=\"false\" value=\"\" type=\"tel\" name=\"telefone\" \/><\/span>\n<\/p>\n<p>Celular*\n<\/p>\n<p><span class=\"wpcf7-form-control-wrap\" data-name=\"celular\"><input size=\"40\" maxlength=\"400\" class=\"wpcf7-form-control wpcf7-tel wpcf7-validates-as-required wpcf7-text wpcf7-validates-as-tel\" aria-required=\"true\" aria-invalid=\"false\" value=\"\" type=\"tel\" name=\"celular\" \/><\/span>\n<\/p>\n<p>Forma\u00e7\u00e3o Acad\u00eamica*\n<\/p>\n<p><span class=\"wpcf7-form-control-wrap\" data-name=\"Formacao\"><input size=\"40\" maxlength=\"400\" class=\"wpcf7-form-control wpcf7-text wpcf7-validates-as-required\" aria-required=\"true\" aria-invalid=\"false\" value=\"\" type=\"text\" name=\"Formacao\" \/><\/span>\n<\/p>\n<p>Institui\u00e7\u00e3o de Origem\n<\/p>\n<p><span class=\"wpcf7-form-control-wrap\" data-name=\"InstituiodeOrigem\"><select class=\"wpcf7-form-control wpcf7-select\" aria-invalid=\"false\" name=\"InstituiodeOrigem\"><option value=\"\"><\/option><option value=\"Municipal\">Municipal<\/option><option value=\"Estadual\">Estadual<\/option><option value=\"Federal\">Federal<\/option><\/select><\/span>\n<\/p>\n<p>Nome da Institui\u00e7\u00e3o\n<\/p>\n<p><span class=\"wpcf7-form-control-wrap\" data-name=\"nomeinst\"><input size=\"40\" maxlength=\"400\" class=\"wpcf7-form-control wpcf7-text\" aria-invalid=\"false\" value=\"\" type=\"text\" name=\"nomeinst\" \/><\/span>\n<\/p>\n<p>Tipo de Inscri\u00e7\u00e3o*\n<\/p>\n<p><span class=\"wpcf7-form-control-wrap\" data-name=\"Modalidade\"><select class=\"wpcf7-form-control wpcf7-select wpcf7-validates-as-required\" aria-required=\"true\" aria-invalid=\"false\" name=\"Modalidade\"><option value=\"Ouvinte\">Ouvinte<\/option><option value=\"Apresentador\">Apresentador<\/option><\/select><\/span>\n<\/p>\n<p>Linha Tem\u00e1tica do Trabalho**\n<\/p>\n<p><span class=\"wpcf7-form-control-wrap\" data-name=\"tematica\"><select class=\"wpcf7-form-control wpcf7-select\" aria-invalid=\"false\" name=\"tematica\"><option value=\"\"><\/option><option value=\"Forma\u00e7\u00e3o de Professores\">Forma\u00e7\u00e3o de Professores<\/option><option value=\"Estrat\u00e9gias Metodol\u00f3gicas e Recursos Educacionais\">Estrat\u00e9gias Metodol\u00f3gicas e Recursos Educacionais<\/option><option value=\"Ensino e Aprendizagem\">Ensino e Aprendizagem<\/option><\/select><\/span>\n<\/p>\n<p>Modalidade do Resumo**\n<\/p>\n<p><span class=\"wpcf7-form-control-wrap\" data-name=\"modresumo\"><select class=\"wpcf7-form-control wpcf7-select\" aria-invalid=\"false\" name=\"modresumo\"><option value=\"\"><\/option><option value=\"Relato de Experi\u00eancia\">Relato de Experi\u00eancia<\/option><option value=\"Pesquisa em Andamento com Resultados Parciais\">Pesquisa em Andamento com Resultados Parciais<\/option><option value=\"Pesquisa em Andamento com Estado do Conhecimento\">Pesquisa em Andamento com Estado do Conhecimento<\/option><option value=\"Pesquisa Conclu\u00edda\">Pesquisa Conclu\u00edda<\/option><\/select><\/span>\n<\/p>\n<p>T\u00edtulo do Trabalho**\n<\/p>\n<p><span class=\"wpcf7-form-control-wrap\" data-name=\"titulo\"><input size=\"40\" maxlength=\"400\" class=\"wpcf7-form-control wpcf7-text\" aria-invalid=\"false\" value=\"\" type=\"text\" name=\"titulo\" \/><\/span>\n<\/p>\n<p>Autor\n<\/p>\n<p><span class=\"wpcf7-form-control-wrap\" data-name=\"autor\"><input size=\"40\" maxlength=\"400\" class=\"wpcf7-form-control wpcf7-text\" aria-invalid=\"false\" value=\"\" type=\"text\" name=\"autor\" \/><\/span>\n<\/p>\n<p>Apresentador\n<\/p>\n<p><span class=\"wpcf7-form-control-wrap\" data-name=\"apresentador\"><input size=\"40\" maxlength=\"400\" class=\"wpcf7-form-control wpcf7-text\" aria-invalid=\"false\" value=\"\" type=\"text\" name=\"apresentador\" \/><\/span>\n<\/p>\n<p>Coautores\n<\/p>\n<p><span class=\"wpcf7-form-control-wrap\" data-name=\"coautores\"><input size=\"40\" maxlength=\"400\" class=\"wpcf7-form-control wpcf7-text\" aria-invalid=\"false\" value=\"\" type=\"text\" name=\"coautores\" \/><\/span>\n<\/p>\n<p>Coment\u00e1rio (opcional)\n<\/p>\n<p><span class=\"wpcf7-form-control-wrap\" data-name=\"comentario\"><textarea cols=\"40\" rows=\"10\" maxlength=\"2000\" class=\"wpcf7-form-control wpcf7-textarea\" aria-invalid=\"false\" name=\"comentario\"><\/textarea><\/span>\n<\/p>\n<p>Anexar o Trabalho** (formato .pdf)\n<\/p>\n<p><span class=\"wpcf7-form-control-wrap\" data-name=\"trabalho\"><input size=\"40\" class=\"wpcf7-form-control wpcf7-file\" accept=\".pdf\" aria-invalid=\"false\" type=\"file\" name=\"trabalho\" \/><\/span>\n<\/p>\n<p>Anexar o Comprovante da Taxa* (formato .pdf)\n<\/p>\n<p><span class=\"wpcf7-form-control-wrap\" data-name=\"GRU\"><input size=\"40\" class=\"wpcf7-form-control wpcf7-file\" accept=\".pdf\" aria-invalid=\"false\" type=\"file\" name=\"GRU\" \/><\/span>\n<\/p>\n<p>* Campos de preenchimento obrigat\u00f3rio para todos os inscritos.<br \/>\n** Campos de preenchimento obrigat\u00f3rio para os incritos com submiss\u00e3o e apresenta\u00e7\u00e3o de trabalho.\n<\/p>\n<p><input class=\"wpcf7-form-control wpcf7-submit has-spinner\" type=\"submit\" value=\"Enviar\" \/>\n<\/p><p style=\"display: none !important;\" class=\"akismet-fields-container\" data-prefix=\"_wpcf7_ak_\"><label>&#916;<textarea name=\"_wpcf7_ak_hp_textarea\" cols=\"45\" rows=\"8\" maxlength=\"100\"><\/textarea><\/label><input type=\"hidden\" id=\"ak_js_1\" name=\"_wpcf7_ak_js\" value=\"96\"\/><script>document.getElementById( \"ak_js_1\" ).setAttribute( \"value\", ( new Date() ).getTime() );<\/script><\/p><div class=\"wpcf7-response-output\" aria-hidden=\"true\"><\/div>\n<\/form>\n<\/div>\n<\/span><\/strong><\/td>\n<\/tr>\n<\/tbody>\n<\/table>\n<p>&nbsp;<\/p>\n","protected":false},"excerpt":{"rendered":"<p>APRESENTADORES: ANTES DE REALIZAR A INSCRI\u00c7\u00c3O CLIQUE\u00a0AQUI\u00a0E LEIA AS NORMAS PARA SUBMISS\u00c3O DE TRABALHOS. \u00bb Per\u00edodo de inscri\u00e7\u00e3o (modalidade ouvinte):\u00a012 de agosto de 2019 at\u00e9 o dia do evento. \u00bb Per\u00edodo de inscri\u00e7\u00e3o (modalidade apresentador):\u00a012 a 31 de agosto de 2019. \u00bb Per\u00edodo de \u00a0submiss\u00e3o de trabalhos: 12 a 31 de agosto de 2019. \u00bb [&hellip;]<\/p>\n","protected":false},"author":112,"featured_media":0,"parent":53,"menu_order":3,"comment_status":"closed","ping_status":"closed","template":"","meta":{"footnotes":""},"class_list":["post-82","page","type-page","status-publish","hentry"],"_links":{"self":[{"href":"https:\/\/wp.ufpel.edu.br\/simposioppgecm\/wp-json\/wp\/v2\/pages\/82","targetHints":{"allow":["GET"]}}],"collection":[{"href":"https:\/\/wp.ufpel.edu.br\/simposioppgecm\/wp-json\/wp\/v2\/pages"}],"about":[{"href":"https:\/\/wp.ufpel.edu.br\/simposioppgecm\/wp-json\/wp\/v2\/types\/page"}],"author":[{"embeddable":true,"href":"https:\/\/wp.ufpel.edu.br\/simposioppgecm\/wp-json\/wp\/v2\/users\/112"}],"replies":[{"embeddable":true,"href":"https:\/\/wp.ufpel.edu.br\/simposioppgecm\/wp-json\/wp\/v2\/comments?post=82"}],"version-history":[{"count":31,"href":"https:\/\/wp.ufpel.edu.br\/simposioppgecm\/wp-json\/wp\/v2\/pages\/82\/revisions"}],"predecessor-version":[{"id":446,"href":"https:\/\/wp.ufpel.edu.br\/simposioppgecm\/wp-json\/wp\/v2\/pages\/82\/revisions\/446"}],"up":[{"embeddable":true,"href":"https:\/\/wp.ufpel.edu.br\/simposioppgecm\/wp-json\/wp\/v2\/pages\/53"}],"wp:attachment":[{"href":"https:\/\/wp.ufpel.edu.br\/simposioppgecm\/wp-json\/wp\/v2\/media?parent=82"}],"curies":[{"name":"wp","href":"https:\/\/api.w.org\/{rel}","templated":true}]}}