{"id":57,"date":"2016-07-13T13:47:21","date_gmt":"2016-07-13T16:47:21","guid":{"rendered":"https:\/\/wp.ufpel.edu.br\/simposioppgecm\/?page_id=57"},"modified":"2019-11-04T12:33:52","modified_gmt":"2019-11-04T15:33:52","slug":"programacao","status":"publish","type":"page","link":"https:\/\/wp.ufpel.edu.br\/simposioppgecm\/programacao\/","title":{"rendered":"Programa\u00e7\u00e3o"},"content":{"rendered":"<p><strong><span style=\"font-size: 14pt;color: #339966\">07 de novembro &#8211; CEHUS &#8211; Audit\u00f3rio:<\/span><\/strong><\/p>\n<p><strong>Noite<\/strong><\/p>\n<p>18h \u00e0s 19h &#8211; Credenciamento dos participantes<\/p>\n<p>19h \u00e0s 19h15 &#8211; Abertura do Evento<\/p>\n<p>19h15 \u00e0s 21h &#8211; Palestra de abertura com Prof\u00aa. Dr\u00aa. Cleoni Maria Barboza Fernandes.<\/p>\n<p>&nbsp;<\/p>\n<p><strong><span style=\"font-size: 14pt;color: #339966\">08 de novembro:<\/span><\/strong><\/p>\n<p><strong>Manh\u00e3<\/strong><\/p>\n<p>08h30 \u00e0s 09h30 &#8211; Mesa Redonda com o Prof. Dr. Verno Kr\u00fcger e alunos da disciplina de S.A. Fundamentos de Ci\u00eancia, Tecnologia e Sociedade <span style=\"color: #339966\"><strong>(Miniaudit\u00f3rio da FaE &#8211; Sala 352)<\/strong><\/span>;<\/p>\n<p>09h30 \u00e0s 10h &#8211; Coffee Break e Lan\u00e7amento do Livro de Ester Vellar Krause (P\u00f3s-Graduada no PPGECM) &#8211;<span style=\"color: #339966\"><strong> (FaE &#8211; Sala 316)<\/strong><\/span>;<\/p>\n<p>10h \u00e0s 11h &#8211; \u00a0Palestra &#8220;Dialogando sobre o papel da pesquisa na P\u00f3s-Gradua\u00e7\u00e3o em Educa\u00e7\u00e3o&#8221; &#8211; Prof\u00aa. Me. Marylucia Cavalcante Silva, egressa do PPGECM e professora na Universidade Estadual do Maranh\u00e3o<span style=\"color: #339966\"> <strong>(Miniaudit\u00f3rio da FaE &#8211; Sala 352)<\/strong><\/span>.<\/p>\n<p>11h \u00e0s 11h30 &#8211; Momento Cultural Percuss\u00e3o Pepeu<span style=\"color: #339966\"><strong> (FaE &#8211; Sala 316)<\/strong><\/span>;<\/p>\n<p><strong>Tarde<\/strong><\/p>\n<p>13h30 \u00e0s 15h30 &#8211; Apresenta\u00e7\u00e3o dos trabalhos <span style=\"color: #339966\"><strong>(FaE &#8211; Salas 316, 323 e 352)<\/strong><\/span>;<\/p>\n<p>15h30 \u00e0s 15h45 &#8211; Coffee Break;<\/p>\n<p>15h45 \u00e0s 17h00 &#8211; Apresenta\u00e7\u00e3o dos trabalhos<span style=\"color: #339966\"><strong> (FaE &#8211; Salas 316, 323 e 352)<\/strong><\/span>;<\/p>\n<p>17h00 \u00e0s 18h00 \u00a0&#8211; Palestra &#8220;Tecnologias aliadas \u00e0s Aprendizagens do S\u00e9culo XXI&#8221; &#8211; Prof\u00aa. Dr\u00aa. Ros\u00e1ria Ilgenfritz Sperotto <span style=\"color: #339966\"><strong>(Miniaudit\u00f3rio da FaE &#8211; Sala 352)<\/strong><\/span>.<\/p>\n<p>18h00 &#8211; 18h30 &#8211; Atividade de encerramento: Avalia\u00e7\u00e3o e discuss\u00e3o do evento <span style=\"color: #339966\"><strong>(Miniaudit\u00f3rio da FaE &#8211; Sala 352)<\/strong><\/span>;<\/p>\n","protected":false},"excerpt":{"rendered":"<p>07 de novembro &#8211; CEHUS &#8211; Audit\u00f3rio: Noite 18h \u00e0s 19h &#8211; Credenciamento dos participantes 19h \u00e0s 19h15 &#8211; Abertura do Evento 19h15 \u00e0s 21h &#8211; Palestra de abertura com Prof\u00aa. Dr\u00aa. Cleoni Maria Barboza Fernandes. &nbsp; 08 de novembro: Manh\u00e3 08h30 \u00e0s 09h30 &#8211; Mesa Redonda com o Prof. Dr. Verno Kr\u00fcger e alunos [&hellip;]<\/p>\n","protected":false},"author":462,"featured_media":0,"parent":0,"menu_order":5,"comment_status":"closed","ping_status":"closed","template":"","meta":{"footnotes":""},"class_list":["post-57","page","type-page","status-publish","hentry"],"_links":{"self":[{"href":"https:\/\/wp.ufpel.edu.br\/simposioppgecm\/wp-json\/wp\/v2\/pages\/57","targetHints":{"allow":["GET"]}}],"collection":[{"href":"https:\/\/wp.ufpel.edu.br\/simposioppgecm\/wp-json\/wp\/v2\/pages"}],"about":[{"href":"https:\/\/wp.ufpel.edu.br\/simposioppgecm\/wp-json\/wp\/v2\/types\/page"}],"author":[{"embeddable":true,"href":"https:\/\/wp.ufpel.edu.br\/simposioppgecm\/wp-json\/wp\/v2\/users\/462"}],"replies":[{"embeddable":true,"href":"https:\/\/wp.ufpel.edu.br\/simposioppgecm\/wp-json\/wp\/v2\/comments?post=57"}],"version-history":[{"count":23,"href":"https:\/\/wp.ufpel.edu.br\/simposioppgecm\/wp-json\/wp\/v2\/pages\/57\/revisions"}],"predecessor-version":[{"id":460,"href":"https:\/\/wp.ufpel.edu.br\/simposioppgecm\/wp-json\/wp\/v2\/pages\/57\/revisions\/460"}],"wp:attachment":[{"href":"https:\/\/wp.ufpel.edu.br\/simposioppgecm\/wp-json\/wp\/v2\/media?parent=57"}],"curies":[{"name":"wp","href":"https:\/\/api.w.org\/{rel}","templated":true}]}}